{"id":2196,"date":"2024-12-06T16:37:24","date_gmt":"2024-12-06T08:37:24","guid":{"rendered":"https:\/\/ruiqigo.com\/?post_type=product&#038;p=2196"},"modified":"2024-12-06T16:39:38","modified_gmt":"2024-12-06T08:39:38","slug":"shea-moisture-conditioner","status":"publish","type":"product","link":"https:\/\/www.ruiqigo.com\/fi\/product\/shea-moisture-conditioner","title":{"rendered":"Shea Moisture Conditioner"},"content":{"rendered":"<h2 class=\"wp-block-heading\">Shea Moisture Conditioner Manufacturing Common Formulas<\/h2>\n\n\n\n<p>Korkealaatuisten shea-kosteushoitoaineiden valmistajana k\u00e4yt\u00e4mme t\u00e4ysin luonnollista koostumusta ilman haitallisia lis\u00e4aineita. Olemme my\u00f6s luoneet t\u00e4m\u00e4n syv\u00e4sti ravitsevan, monikorjaavan hoitoaineen tieteellisen sovituksen ja tarkan k\u00e4sittelyn avulla toivoen saavasi hiuksesi taas kiilt\u00e4m\u00e4\u00e4n.<\/p>\n\n\n\n<p>1. <strong>Shea kosteus<\/strong>: Shea-kosteudella on loistava kosteuttava vaikutus, joka muodostaa suojaavan kalvon hiuksiin pit\u00e4\u00e4kseen ne kosteutettuina ja silein\u00e4. Lis\u00e4ksi se sis\u00e4lt\u00e4\u00e4 runsaasti erilaisia ravintoaineita, jotka voivat syv\u00e4sti ravita hiuksia, korjata vaurioituneita hiuksia ja t\u00e4ydent\u00e4\u00e4 tarvittavia ravintoaineita tehden hiuksista vahvemmat ja kiilt\u00e4v\u00e4mm\u00e4t. Samalla se on samanlainen kuin ihon pinnalla oleva \u00f6ljy, joka imeytyy nopeasti tunkeutumaan ja pehment\u00e4\u00e4 keratiinia tehden hiuksistasi pehme\u00e4mpi\u00e4.<\/p>\n\n\n\n<p>2. <strong>Keratiini<\/strong>: Se voi korjata vaurioituneita hiushilseit\u00e4 ja vastustaa tehokkaasti ulkoisia vaurioita, kuten ultraviolettivaloa, silityst\u00e4 ja hiusten v\u00e4rj\u00e4yst\u00e4, suojellakseen hiusten terveytt\u00e4.<\/p>\n\n\n\n<p>3. <strong>Emulgointiaineet:<\/strong> Emulgointiaineilla on voiteleva vaikutus, joka voi auttaa hoitoainetta levitt\u00e4m\u00e4\u00e4n tasaisemmin hiuksiin ja parantaa sileytt\u00e4.<\/p>\n\n\n\n<p>4. <strong>Luonnollinen kasviesanssi:<\/strong> Luonnollinen kasviesanssi ei ainoastaan tasapainota \u00f6ljyn erityst\u00e4 ja rauhoittaa p\u00e4\u00e4nahkaa, vaan eri kasviesanssien tuoksu auttaa my\u00f6s rentouttamaan paremmin p\u00e4\u00e4nahkaa ja lievitt\u00e4m\u00e4\u00e4n stressi\u00e4. Sill\u00e4 on my\u00f6s antibakteerisia ja anti-inflammatorisia ominaisuuksia, jotka voivat parantaa tehokkaasti p\u00e4\u00e4nahan infektioita ja allergioita.<\/p>\n\n\n\n<p>5. <strong>Kosteuttava tekij\u00e4:<\/strong> Kosteuttava tekij\u00e4 tarjoaa syv\u00e4ravintoa hiuksille, se lukitsee kosteuden tiukasti ja est\u00e4\u00e4 kosteuden menetyst\u00e4. Paranna sitten kuivien, p\u00f6rr\u00f6isten hiusten laatua ja anna hiusten palauttaa kiiltoa ja sileytt\u00e4.<\/p>\n\n\n\n<h2 class=\"wp-block-heading\">Shea Moisture Conditionerin toiminnot<\/h2>\n\n\n\n<p>Shea-kosteushoitoaineen tuotantoprosessissa yhdist\u00e4mme nykyaikaisen teknologian shea-kosteuden poistamiseksi ja mittaamiseksi huolellisesti varmistaaksemme, ett\u00e4 sen hy\u00f6dyt maksimoituvat. Samalla varmistamme, ett\u00e4 raaka-aineemme ovat turvallisia ja luotettavia, luonnosta per\u00e4isin olevia, valitsemme huolellisesti laadukkaat raaka-ainetoimittajat ja tarkastamme s\u00e4\u00e4nn\u00f6llisesti paikan p\u00e4\u00e4ll\u00e4. Voit siis olla varma k\u00e4ytt\u00e4v\u00e4si tuotteitamme, sill\u00e4 seuraavat ovat sen t\u00e4rkeimm\u00e4t vaikutukset:<\/p>\n\n\n\n<p>1.<strong> Kosteuttava ja kosteuttava:<\/strong> Ydinainesosamme shea-kosteus voi tunkeutua syv\u00e4lle hiuksiin t\u00e4ydent\u00e4\u00e4kseen kosteutta ja est\u00e4\u00e4kseen tehokkaasti kosteuden haihtumista samalla kun se tarjoaa runsaasti ravinteita, jotka kosteuttavat hiuksiasi ja pit\u00e4v\u00e4t ne kosteutettuina pitk\u00e4\u00e4n.<\/p>\n\n\n\n<p>2.<strong> Eristyssuojaus: <\/strong>Shea-kosteushoitoaine voi tarjota tietyn UV-suojan, joka voi est\u00e4\u00e4 kuumenemisen, silityksen ja auringonvaurion.<\/p>\n\n\n\n<p>3. <strong>Pehme\u00e4 ja sile\u00e4: <\/strong>Hoitoaineemme voi pehment\u00e4\u00e4 hiusten keratiinia, est\u00e4\u00e4 hiusten halkeilua ja sotkeutumista sek\u00e4 tehd\u00e4 hiuksista joustavampia ja kiilt\u00e4v\u00e4mpi\u00e4 pitk\u00e4aikaisen k\u00e4yt\u00f6n j\u00e4lkeen.<\/p>\n\n\n\n<p>4. <strong>Intensiivinen korjaus: <\/strong>Shea-kosteushoitoaineen k\u00e4ytt\u00f6 on hy\u00f6dyllist\u00e4 korjata vaurioitunutta hiuskudosta, varsinkin silityksen ja v\u00e4rj\u00e4yksen j\u00e4lkeen voi k\u00e4ytt\u00e4\u00e4 hiustenhoitoainettamme suojaamaan hiuksia. Samalla se voi my\u00f6s vahvistaa hiusten rakennetta, ja vaatimalla sen k\u00e4ytt\u00f6\u00e4 voi parantaa kuivien ja halkeilevien hiusten ongelmaa, jotta hiukset ovat vahvempia ja elastisempia.<\/p>\n\n\n\n<p>5. <strong>Antibakteerinen ja anti-inflammatorinen:<\/strong> Voimakkaan kosteuttavan vaikutuksensa lis\u00e4ksi se voi parantaa my\u00f6s p\u00e4\u00e4nahan infektioita ja allergioita, mik\u00e4 edist\u00e4\u00e4 hiusten ja p\u00e4\u00e4nahan terveyden yll\u00e4pit\u00e4mist\u00e4 ja kasvua entisest\u00e4\u00e4n.<\/p>\n\n\n\n<h2 class=\"wp-block-heading\">Kuinka k\u00e4ytt\u00e4\u00e4 shea-kosteushoitoainetta?<\/h2>\n\n\n\n<p>Shea-kosteushoitoaineemme sopii useimmille hiustyypeille, ja muokkaamme koostumuksiamme eri hiustyypeille sopivaksi. Joten kun valitset hoitoainetta, sinun tulee valita tuote, joka sopii sinulle parhaiten hiusten laadun ja hiustenhoitotarpeiden mukaan. Merkitsemme sen k\u00e4yt\u00f6n my\u00f6s pakkaukseen, lue se huolellisesti.<\/p>\n\n\n\n<p>1. <strong>Shampoo: <\/strong>Huuhtele hiuksesi l\u00e4mpim\u00e4ll\u00e4 vedell\u00e4 ja shampoolla poistaaksesi \u00f6ljyn ja lian hiuksistasi varmistaen, ett\u00e4 p\u00e4\u00e4nahkasi ja hiuksesi ovat puhtaat ja edist\u00e4v\u00e4t hoitoaineen imeytymist\u00e4.<\/p>\n\n\n\n<p>2. <strong>K\u00e4yt\u00e4 hoitoainetta: <\/strong>Ota hiusten m\u00e4\u00e4r\u00e4n mukaan oikea m\u00e4\u00e4r\u00e4 hoitoainetta ja levit\u00e4 sit\u00e4 tasaisesti hiusten ja hiusten k\u00e4rkien asentoon, kuiviin ja haaroittuneisiin kohtiin voit levitt\u00e4\u00e4 enemm\u00e4n, huomioi, ettei p\u00e4\u00e4nahkaan tahriudu.<\/p>\n\n\n\n<p>3.<strong> Jalustan imeytyminen: <\/strong>Levityksen j\u00e4lkeen voit kammata hiukset pehme\u00e4sti hiuskammalla varmistaaksesi, ett\u00e4 hoitoaine jakautuu tasaisesti hiuksiin, ja odota sitten 3-5 minuuttia, jotta se imeytyy hiuksiin. Jos haluat syv\u00e4hoidon, voit pident\u00e4\u00e4 odotusaikaa (10-30 minuuttia).<\/p>\n\n\n\n<p>4. <strong>Pese l\u00e4mpim\u00e4ll\u00e4 vedell\u00e4:<\/strong> Anna sen seist\u00e4 ja huuhtele sitten vedell\u00e4. Varmista, ettei hiuksiin j\u00e4\u00e4 hoitoainetta, ja kuivaa ne varovasti pyyhkeell\u00e4.<\/p>\n\n\n\n<p>5. <strong>Sopiva hoito:<\/strong> Hiusten kuivaamiseen voit levitt\u00e4\u00e4 hiustenhoito\u00f6ljy\u00e4 samaan asentoon ja kuivata sitten hiustenkuivaajalla tai ilmakuivaamalla. Kaksoishoito auttaa tekem\u00e4\u00e4n hiuksistasi pehme\u00e4mpi\u00e4 ja sile\u00e4mpi\u00e4.<\/p>\n\n\n\n<h2 class=\"wp-block-heading\">Varoitus<\/h2>\n\n\n\n<p>1. Kun k\u00e4yt\u00e4t edistynytt\u00e4 allergiatesti\u00e4 ensimm\u00e4ist\u00e4 kertaa, lopeta sen k\u00e4ytt\u00f6 v\u00e4litt\u00f6m\u00e4sti, jos tunnet ep\u00e4mukavuutta.<\/p>\n\n\n\n<p>2. Shea-kosteushoitoaine on huoneenl\u00e4mp\u00f6inen tahna, joten hiero sit\u00e4 k\u00e4mmenelle ennen sen levitt\u00e4mist\u00e4 hiuksiin edist\u00e4\u00e4ksesi imeytymist\u00e4.<\/p>\n\n\n\n<p>3. Huomioi sopivan m\u00e4\u00e4r\u00e4n periaatetta k\u00e4ytt\u00e4ess\u00e4si, sill\u00e4 liiallinen hoitoaine voi johtaa hiusten rasvoittumiseen ja vaikuttaa hoitoaineen vaikutukseen.<\/p>\n\n\n\n<p>3. Shea-kosteushoitoaineen k\u00e4ytt\u00f6\u00e4 suositellaan 1-2 kertaa viikossa, ja liikak\u00e4ytt\u00f6 voi johtaa liialliseen hiusten kuormitukseen ja vaikuttaa hiusten rakenteeseen.<\/p>\n\n\n\n<p>4. V\u00e4lt\u00e4 levitt\u00e4mist\u00e4 p\u00e4\u00e4nahalle, muuten se voi tukkia p\u00e4\u00e4nahan huokoset ja aiheuttaa useita p\u00e4\u00e4nahan ongelmia.<\/p>\n\n\n\n<p>5. On suositeltavaa s\u00e4ilytt\u00e4\u00e4 viile\u00e4ss\u00e4 ja kuivassa paikassa, jotta v\u00e4ltyt\u00e4\u00e4n suoralta auringonpaisteelta ja korkeilta l\u00e4mp\u00f6tiloilta, jotka voivat heikent\u00e4\u00e4 hoitoaineen vaikutusta.<\/p>\n\n\n\n<h2 class=\"wp-block-heading\">Johtop\u00e4\u00e4t\u00f6s<\/h2>\n\n\n\n<p>Laadukkaat tuotteet ovat avain markkinoiden voittamiseen, valvomme tarkasti jokaista tuotantolinkki\u00e4 ja meill\u00e4 on erilaiset laaduntestausj\u00e4rjestelm\u00e4t tuotteiden turvallisuuden ja tehokkuuden varmistamiseksi. Samalla tarjoamme my\u00f6s t\u00e4yden valikoiman r\u00e4\u00e4t\u00e4l\u00f6ityj\u00e4 palveluita, jotka perustuvat tarpeisiisi kaavan ja pakkauksen suunnittelussa. T\u00e4n\u00e4 aikana muokkaamme jatkuvasti palautteesi mukaan ja pyrimme t\u00e4ydellisyyteen. Ota yhteytt\u00e4, jos haluat tiet\u00e4\u00e4 lis\u00e4\u00e4.<\/p>","protected":false},"excerpt":{"rendered":"Shea Moisture Conditioner Manufacturing Common Formulas As a manufacturer of high-quality shea moisture conditioners, we use an all-natural formula with no harmful additives. We have also created this deeply nourishing, multi-repair conditioner through scientific matching and precision processing, hoping to make your hair shine again. 1. Shea moisture: Shea moisture has a great moisturizing effect, [&hellip;]","protected":false},"featured_media":2197,"menu_order":0,"template":"","meta":[],"product-tag":[],"products":[52],"class_list":["post-2196","product","type-product","status-publish","has-post-thumbnail","hentry","products-conditioner"],"acf":[],"_links":{"self":[{"href":"https:\/\/www.ruiqigo.com\/fi\/wp-json\/wp\/v2\/product\/2196","targetHints":{"allow":["GET"]}}],"collection":[{"href":"https:\/\/www.ruiqigo.com\/fi\/wp-json\/wp\/v2\/product"}],"about":[{"href":"https:\/\/www.ruiqigo.com\/fi\/wp-json\/wp\/v2\/types\/product"}],"version-history":[{"count":0,"href":"https:\/\/www.ruiqigo.com\/fi\/wp-json\/wp\/v2\/product\/2196\/revisions"}],"wp:featuredmedia":[{"embeddable":true,"href":"https:\/\/www.ruiqigo.com\/fi\/wp-json\/wp\/v2\/media\/2197"}],"wp:attachment":[{"href":"https:\/\/www.ruiqigo.com\/fi\/wp-json\/wp\/v2\/media?parent=2196"}],"wp:term":[{"taxonomy":"product-tag","embeddable":true,"href":"https:\/\/www.ruiqigo.com\/fi\/wp-json\/wp\/v2\/product-tag?post=2196"},{"taxonomy":"products","embeddable":true,"href":"https:\/\/www.ruiqigo.com\/fi\/wp-json\/wp\/v2\/products?post=2196"}],"curies":[{"name":"wp","href":"https:\/\/api.w.org\/{rel}","templated":true}]}}