{"id":2246,"date":"2024-12-12T11:22:05","date_gmt":"2024-12-12T03:22:05","guid":{"rendered":"https:\/\/ruiqigo.com\/?post_type=product&#038;p=2246"},"modified":"2024-12-12T11:22:55","modified_gmt":"2024-12-12T03:22:55","slug":"rose-essential-oil","status":"publish","type":"product","link":"https:\/\/www.ruiqigo.com\/fi\/product\/rose-essential-oil","title":{"rendered":"Ruusun eteerinen \u00f6ljy"},"content":{"rendered":"<h2 class=\"wp-block-heading\">Ruusun eteeristen \u00f6ljyjen valmistuksen yleiset kaavat<\/h2>\n\n\n\n<p>Ruusun eteerisen \u00f6ljyn tuotantoprosessi on suhteellisen herkk\u00e4, ja parametreja, kuten l\u00e4mp\u00f6tilaa, painetta ja aikaa, on valvottava tiukasti eteerisen \u00f6ljyn optimaalisen laadun ja tehon varmistamiseksi. T\u00e4ss\u00e4 ovat sen t\u00e4rkeimm\u00e4t ainesosat:<\/p>\n\n\n\n<p>1. Ruusut: Ruusuilla on t\u00e4rke\u00e4 rooli p\u00e4\u00e4ainesosana. Sill\u00e4 on antibakteerisia ominaisuuksia, jotka poistavat bakteereja ja likaa, puhdistavat karvatupet ja poistavat edelleen hilsett\u00e4. Se my\u00f6s edist\u00e4\u00e4 verenkiertoa sek\u00e4 hyv\u00e4\u00e4 ruoansulatusta ja myrkkyjen poistumista, mik\u00e4 stimuloi tervett\u00e4 hiusten kasvua.<\/p>\n\n\n\n<p>2. Babajo\u00f6ljy: Perus\u00f6ljyn\u00e4 jojoba\u00f6ljy voi laimentaa ruusun eteerisen \u00f6ljyn pitoisuutta v\u00e4hent\u00e4\u00e4kseen \u00e4rsytyst\u00e4. Samalla sill\u00e4 on erinomaiset kosteuttavat ja tunkeutuvat vaikutukset, jotka voivat tunkeutua syv\u00e4lle ihoon ja lukittua veteen toimien synergistisen\u00e4 kosteuttavana roolina. Lis\u00e4ksi sill\u00e4 on korjaava vaikutus kuivan, karhean ja herk\u00e4n ihon ongelmiin ja se voi edist\u00e4\u00e4 ihon terveytt\u00e4.<\/p>\n\n\n\n<p>3. E-vitamiini: E-vitamiinilla on antioksidanttisia ominaisuuksia, jotka voivat vastustaa vapaiden radikaalien vaurioita, v\u00e4hent\u00e4\u00e4 soluvaurioita ja viivytt\u00e4\u00e4 ihon ik\u00e4\u00e4ntymist\u00e4. Se voi my\u00f6s edist\u00e4\u00e4 aineenvaihduntaa, nopeuttaa solujen uusiutumista ja tehd\u00e4 ihosta sile\u00e4mm\u00e4n ja herkemm\u00e4n.<\/p>\n\n\n\n<p>4. Citronellol: Sitronellolissa olevalla ruusun eteerisell\u00e4 \u00f6ljyll\u00e4 on vieh\u00e4tt\u00e4v\u00e4 tuoksu ja se voi rauhoittaa p\u00e4\u00e4nahkaa ja rentouttaa kehoa ja mielt\u00e4, mutta voi my\u00f6s lievitt\u00e4\u00e4 stressi\u00e4, ahdistusta ja muita tunteita. Lis\u00e4ksi t\u00e4m\u00e4 aromi voi parantaa hiusten tuoksua.<\/p>\n\n\n\n<h2 class=\"wp-block-heading\">Ruusun eteerisen \u00f6ljyn toiminnot<\/h2>\n\n\n\n<p>Ammattimaisena ruusun eteeristen \u00f6ljyjen valmistajina olemme tutkineet ruusujen vaikuttavia aineita ja luoneet useimpien ihmisten k\u00e4ytt\u00f6\u00f6n sopivan ruusun eteerisen \u00f6ljyn n\u00e4iden ainesosien tarjoamien monien toimintojen perusteella. Tutkitaanpa sen vaikutuksia.<\/p>\n\n\n\n<p>1. Kosteuta ja lukitse veteen: Ruusun eteerinen \u00f6ljy voi tarjota kosteutta ja ravintoa syv\u00e4lle ihoon ja lukita veteen pit\u00e4\u00e4kseen ihon kosteutettuna.<\/p>\n\n\n\n<p>2. Hilsenpoisto: Tuotteemme poistaa tehokkaasti bakteerit ja lian, kosteuttaa karvatupet, puhdistaa karvatupet, poistaa edelleen hilseen ja pit\u00e4\u00e4 p\u00e4\u00e4nahan raikkaana.<\/p>\n\n\n\n<p>3. Edist\u00e4\u00e4 hiusten kasvua: Kun k\u00e4yt\u00e4t eteerist\u00e4 \u00f6ljy\u00e4, se edist\u00e4\u00e4 verenkiertoa, tarjoaa riitt\u00e4v\u00e4\u00e4 ravintoa hiusrakkuloille ja edist\u00e4\u00e4 solujen uusiutumista. Samalla ruusun eteerinen \u00f6ljy voi my\u00f6s tasoittaa vaurioituneita hiuksia, vahvistaa karvatupeita, est\u00e4\u00e4 hiusten katkeilua ja edist\u00e4\u00e4 hiusten kasvua.<\/p>\n\n\n\n<p>4. P\u00e4\u00e4st\u00e4 eroon tummista silm\u00e4nalusista ja ryppyist\u00e4: Runsaat antioksidantit voivat auttaa poistamaan turvotusta ja parantamaan tummia silm\u00e4nalusia. Samalla ne vastustavat jatkuvasti vapaiden radikaalien aiheuttamia vaurioita, hidastavat solujen ik\u00e4\u00e4ntymist\u00e4, edist\u00e4v\u00e4t ihon aineenvaihduntaa, v\u00e4hent\u00e4v\u00e4t entisest\u00e4\u00e4n ryppyj\u00e4 ja tekev\u00e4t ihosta herkemm\u00e4n ja joustavamman.<\/p>\n\n\n\n<p>5. Lievitt\u00e4\u00e4 stressi\u00e4 ja kipua: Ruusujen tuoksu voi rentouttaa kehoa ja mielt\u00e4, lievitt\u00e4\u00e4 stressi\u00e4 ja huonoa mielialaa sek\u00e4 lievitt\u00e4\u00e4 kipua. Tuoksu parantaa my\u00f6s unen laatua.<\/p>\n\n\n\n<p>6. Antibakteerinen ja anti-inflammatorinen: Eteerisell\u00e4 \u00f6ljyll\u00e4mme on erinomaiset antibakteeriset ja anti-inflammatoriset ominaisuudet, se voi hoitaa ihotulehduksia, p\u00e4\u00e4nahan kutinaa ja muita ongelmia, mutta voi my\u00f6s s\u00e4\u00e4dell\u00e4 p\u00e4\u00e4nahan \u00f6ljy\u00e4, erityisesti \u00f6ljyisi\u00e4 hiuksia.<\/p>\n\n\n\n<h2 class=\"wp-block-heading\">Kuinka k\u00e4ytt\u00e4\u00e4 ruusun eteerist\u00e4 \u00f6ljy\u00e4?<\/h2>\n\n\n\n<p>K\u00e4yt\u00e4mme tuotannossa herkk\u00e4\u00e4 ja kannettavaa pakkaussuunnittelua, olipa se sitten lahja- tai perhek\u00e4ytt\u00f6\u00f6n sopiva. Ruusun eteerinen \u00f6ljy on rakenteeltaan virkist\u00e4v\u00e4\u00e4 ja helposti imeytyv\u00e4\u00e4, joten se on monipuolinen ja soveltuu k\u00e4ytett\u00e4v\u00e4ksi ihonhoidossa, kasvojen hoidossa, hiustenhoidossa jne. Siirryn hiustenhoitoosaan tarkemmin:<\/p>\n\n\n\n<p>1. Syv\u00e4hoito: Sekoita ruusun eteerinen \u00f6ljy ensin suhteessa perus\u00f6ljyyn, levit\u00e4 sitten tasaisesti hiuksiin ja hiero p\u00e4\u00e4nahkaa ja hiuksia varovasti sormin imeytymisen edist\u00e4miseksi. K\u00e4\u00e4ri hiuksesi kuumaan pyyhkeeseen ja pid\u00e4 niit\u00e4 l\u00e4mpimin\u00e4 15-20 minuuttia ennen kuin huuhtelet ne pois vedell\u00e4 tai shampoolla.<\/p>\n\n\n\n<p>1. P\u00e4ivitt\u00e4inen hiustenhoito: Hiusten pesun j\u00e4lkeen kuivaa ne varovasti pyyhkeell\u00e4, sekoita sitten sopiva m\u00e4\u00e4r\u00e4 ruusun eteerist\u00e4 \u00f6ljy\u00e4 perus\u00f6ljyyn ja levit\u00e4 sit\u00e4 tasaisesti hiusten keskelle latvaan, varsinkin kun ne ovat kuivia ja halkeilevia. Levityksen j\u00e4lkeen voit hieroa hiuksia hell\u00e4varaisesti imeytymisen edist\u00e4miseksi ja antaa sitten hiusten kuivua ilmassa tai f\u00f6\u00f6nata hiustenkuivaajalla.<\/p>\n\n\n\n<h2 class=\"wp-block-heading\">Varoitus<\/h2>\n\n\n\n<p>1. Ruusun eteerisess\u00e4 \u00f6ljyss\u00e4 on korkea pitoisuus ja se tulee laimentaa perus\u00f6ljyll\u00e4, kuten jojoba\u00f6ljyll\u00e4, kookos\u00f6ljyll\u00e4 jne.<\/p>\n\n\n\n<p>2. Kiinnit\u00e4 huomiota sopivan m\u00e4\u00e4r\u00e4n periaatetta k\u00e4ytt\u00e4ess\u00e4si v\u00e4ltt\u00e4\u00e4ksesi liiallisen eteerisen \u00f6ljyn aiheuttaman rasvaisuuden ja tukkeutumisen;<\/p>\n\n\n\n<p>3. Allergiatestit tulee tehd\u00e4 ensimm\u00e4ist\u00e4 kertaa. Jos ep\u00e4mukavuutta ilmenee, lopeta k\u00e4ytt\u00f6 v\u00e4litt\u00f6m\u00e4sti;<\/p>\n\n\n\n<p>4. On suositeltavaa k\u00e4ytt\u00e4\u00e4 sit\u00e4 1-2 kertaa viikossa, jotta v\u00e4ltet\u00e4\u00e4n toistuva k\u00e4ytt\u00f6 vaikuttamasta sen vaikutukseen;<\/p>\n\n\n\n<p>5. On suositeltavaa s\u00e4ilytt\u00e4\u00e4 viile\u00e4ss\u00e4 ja kuivassa paikassa ja v\u00e4ltt\u00e4\u00e4 suoraa auringonvaloa ja korkean l\u00e4mp\u00f6tilan ymp\u00e4rist\u00f6\u00e4;<\/p>\n\n\n\n<h2 class=\"wp-block-heading\">Johtop\u00e4\u00e4t\u00f6s<\/h2>\n\n\n\n<p>Huolellisesti valmistetussa ruusun eteerisess\u00e4 \u00f6ljyss\u00e4mme ei ole vain turvallisia ainesosia, hell\u00e4varaisia ja vaarattomia, vaan sill\u00e4 on my\u00f6s useita vaikutuksia terveytesi ja kauneutesi suojelemiseksi kaikin puolin. Tarjoamme erilaisia vaihtoehtoja, voit valita mieltymystesi ja tarpeidesi mukaan sopivan. Tietenkin tarjoamme my\u00f6s kattavan r\u00e4\u00e4t\u00e4l\u00f6intipalvelun, olipa kyseess\u00e4 kaavan s\u00e4\u00e4t\u00f6 tai pakkaussuunnittelu, pyrimme \u00e4\u00e4rimm\u00e4iseen, luomaan br\u00e4ndisi ja auttamaan sinua saamaan kilpailuetua ruusu\u00f6ljymarkkinoilla. Jos olet my\u00f6s kiinnostunut tuotteistamme, ota yhteytt\u00e4.<\/p>","protected":false},"excerpt":{"rendered":"Rose Essential Oil Manufacturing Common Formulas The production process of rose essential oil is relatively delicate, and parameters such as temperature, pressure, and time must be strictly controlled to ensure the optimal quality and efficacy of the essential oil. Here are its main ingredients: 1. Roses: As the core ingredient, roses play an important role. [&hellip;]","protected":false},"featured_media":2247,"menu_order":0,"template":"","meta":[],"product-tag":[],"products":[53],"class_list":["post-2246","product","type-product","status-publish","has-post-thumbnail","hentry","products-essential-oil"],"acf":[],"_links":{"self":[{"href":"https:\/\/www.ruiqigo.com\/fi\/wp-json\/wp\/v2\/product\/2246","targetHints":{"allow":["GET"]}}],"collection":[{"href":"https:\/\/www.ruiqigo.com\/fi\/wp-json\/wp\/v2\/product"}],"about":[{"href":"https:\/\/www.ruiqigo.com\/fi\/wp-json\/wp\/v2\/types\/product"}],"version-history":[{"count":0,"href":"https:\/\/www.ruiqigo.com\/fi\/wp-json\/wp\/v2\/product\/2246\/revisions"}],"wp:featuredmedia":[{"embeddable":true,"href":"https:\/\/www.ruiqigo.com\/fi\/wp-json\/wp\/v2\/media\/2247"}],"wp:attachment":[{"href":"https:\/\/www.ruiqigo.com\/fi\/wp-json\/wp\/v2\/media?parent=2246"}],"wp:term":[{"taxonomy":"product-tag","embeddable":true,"href":"https:\/\/www.ruiqigo.com\/fi\/wp-json\/wp\/v2\/product-tag?post=2246"},{"taxonomy":"products","embeddable":true,"href":"https:\/\/www.ruiqigo.com\/fi\/wp-json\/wp\/v2\/products?post=2246"}],"curies":[{"name":"wp","href":"https:\/\/api.w.org\/{rel}","templated":true}]}}