{"id":2252,"date":"2024-12-13T16:30:51","date_gmt":"2024-12-13T08:30:51","guid":{"rendered":"https:\/\/ruiqigo.com\/?post_type=product&#038;p=2252"},"modified":"2024-12-13T16:32:03","modified_gmt":"2024-12-13T08:32:03","slug":"deep-conditioner","status":"publish","type":"product","link":"https:\/\/www.ruiqigo.com\/fi\/product\/deep-conditioner","title":{"rendered":"Deep Conditioner"},"content":{"rendered":"<h2 class=\"wp-block-heading\">Syv\u00e4hoitoaineiden valmistuksen yleiset kaavat<\/h2>\n\n\n\n<p>Ammattimaisena syv\u00e4hoitoaineiden valmistajana k\u00e4yt\u00e4mme erilaisia luonnollisia ja tehokkaita ainesosia sek\u00e4 tieteellist\u00e4 yhteensovittamista, tavoitteenamme luoda sinulle syv\u00e4korjaava ja ravitseva hiustenhoitoaine.<\/p>\n\n\n\n<p>1. Proteiiniuute: Proteiini on t\u00e4rke\u00e4 osa hiuksia, ja proteiiniuute voi tunkeutua syv\u00e4lle hiuksiin ja imeyty\u00e4 tehokkaasti niihin, t\u00e4ydent\u00e4\u00e4 menetetty\u00e4 proteiinia ja korjata vaurioituneita hiuksia. Se my\u00f6s vahvistaa keratiinia, mik\u00e4 tekee hiuksista vahvemmat ja v\u00e4hent\u00e4\u00e4 hiusten katkeilua.<\/p>\n\n\n\n<p>2. Manteli\u00f6ljy: Manteli\u00f6ljy voi tarjota hiuksille riitt\u00e4v\u00e4sti kosteutta ja ravintoa samalla korjaten vaurioituneita hiuksia, tehden hiuksista sile\u00e4mm\u00e4t ja v\u00e4hemm\u00e4n katkeilevat. Samalla se stimuloi hiustuppia, mik\u00e4 edist\u00e4\u00e4 tervett\u00e4 hiusten kasvua.<\/p>\n\n\n\n<p>3. Sheavoi: Sheavoilla on antibakteerisia ja tulehdusta ehk\u00e4isevi\u00e4 ominaisuuksia, jotka voivat v\u00e4hent\u00e4\u00e4 p\u00e4\u00e4nahan tulehdusta ja ep\u00e4mukavuutta. Se my\u00f6s ravitsee ja kosteuttaa p\u00e4\u00e4nahkaa, antaen hiuksille kirkkaamman hehkun.<\/p>\n\n\n\n<p>4. Monivitamiinit: Monivitamiinit eiv\u00e4t ainoastaan s\u00e4\u00e4tele p\u00e4\u00e4nahan \u00f6ljyn erityst\u00e4 ja pid\u00e4 hiuksia raikkaina, vaan ne my\u00f6s tarjoavat kattavaa ravintoa, ravitsevat hiuksia syv\u00e4lt\u00e4 ja edist\u00e4v\u00e4t hiusten tervett\u00e4 kasvua. Samalla E-vitamiinilla on antioksidanttinen vaikutus, joka voi v\u00e4hent\u00e4\u00e4 vapaiden radikaalien aiheuttamia vaurioita ja parantaa hiusten kimmoisuutta ja sitkeytt\u00e4.<\/p>\n\n\n\n<p>5. Lev\u00e4uute: Lev\u00e4uutteen aktiiviset ainesosat voivat korjata vaurioituneita hiuss\u00e4ikeit\u00e4, stimuloida hiustuppien toimintaa ja parantaa hiusten ohenemista. Se my\u00f6s luo suojaavan kalvon hiusten pinnalle, mik\u00e4 v\u00e4hent\u00e4\u00e4 veden menetyst\u00e4 ja tekee hiuksista pehme\u00e4mm\u00e4t.<\/p>\n\n\n\n<h2 class=\"wp-block-heading\">Syv\u00e4hoitoaineen toiminnot<\/h2>\n\n\n\n<p>T\u00e4m\u00e4 syv\u00e4hoitoaine on suunniteltu vakaville hiusvaurioille, ja sill\u00e4 on useita toimintoja hiustesi terveyden suojelemiseksi. Valvomme tiukasti tuotantoprosessin laatua, joten voit olla varma tuotteen k\u00e4yt\u00f6st\u00e4. T\u00e4ss\u00e4 ovat sen t\u00e4rkeimm\u00e4t toiminnot:<\/p>\n\n\n\n<p>1. Vahvistaa keratiinia: Silitys- ja v\u00e4rj\u00e4ysprosessit sek\u00e4 ankarat ulkoiset olosuhteet johtavat hiusten suureen proteiinin menetykseen, mik\u00e4 johtaa kuiviin ja katkeileviin hiuksiin. Se sis\u00e4lt\u00e4\u00e4 paljon proteiiniesanssia, jonka hiukset voivat ime\u00e4 nopeasti, korjata vaurioita ja tehd\u00e4 hiuksista vahvemmat ja pehme\u00e4mm\u00e4t.<\/p>\n\n\n\n<p>2. Kosteuttava ja kosteuttava: Syv\u00e4hoitoaine tunkeutuu hiuksen ytimeen ja lis\u00e4\u00e4 kosteutta ja ravinteita, kosteuttaa tehokkaasti ja muodostaa suojaavan kalvon, joka est\u00e4\u00e4 kosteuden haihtumisen. Pitk\u00e4aikainen k\u00e4ytt\u00f6 j\u00e4tt\u00e4\u00e4 hiukset sileiksi ja kimmoisiksi.<\/p>\n\n\n\n<p>3. Hiusten korjaus: Tuotteitamme k\u00e4ytt\u00e4m\u00e4ll\u00e4 voit tehokkaasti korjata hiusten rakennetta ja parantaa hiusten kimmoisuutta, mik\u00e4 v\u00e4hent\u00e4\u00e4 kaksihaaraisia ja katkeilua sek\u00e4 lievitt\u00e4\u00e4 p\u00f6rr\u00f6isyytt\u00e4.<\/p>\n\n\n\n<p>4. Parantaa hiusten laatua: Se ravitsee hiuksia jatkuvasti pehment\u00e4m\u00e4ll\u00e4 niit\u00e4 ja vahvistamalla sarveiskerrosta. S\u00e4\u00e4nn\u00f6llisen k\u00e4yt\u00f6n ansiosta hiuksesi palautuvat elottomaksi ja hehkuvaksi. Samalla se voi v\u00e4hent\u00e4\u00e4 staattista s\u00e4hk\u00f6\u00e4 ja takkuja hiuksissa tehden niist\u00e4 sile\u00e4mm\u00e4t.<\/p>\n\n\n\n<p>5. Tasapainottava \u00f6ljy: Syv\u00e4hiustenhoitoaineella on my\u00f6s tietty teht\u00e4v\u00e4 s\u00e4\u00e4dell\u00e4 p\u00e4\u00e4nahan \u00f6ljyn erityst\u00e4, mik\u00e4 voi v\u00e4hent\u00e4\u00e4 p\u00e4\u00e4nahan rasvaista tunnetta, rauhoittaa p\u00e4\u00e4nahkaa ja tehd\u00e4 siit\u00e4 raikkaamman.<\/p>\n\n\n\n<p>6. Helppohoitoiset hiukset: S\u00e4\u00e4nn\u00f6llinen hoito voi auttaa v\u00e4hent\u00e4m\u00e4\u00e4n silitysprosessin aiheuttamaa katkeilua, mutta my\u00f6s p\u00f6rr\u00f6isyytt\u00e4, takkuuntumista, helpottamaan kampaamista ja muotoilua.<\/p>\n\n\n\n<h2 class=\"wp-block-heading\">Kuinka k\u00e4ytt\u00e4\u00e4 syv\u00e4hoitoainetta?<\/h2>\n\n\n\n<p>Koostumusta suunnitellessamme olemme ottaneet huomioon erilaisten hiustyyppien tarpeet, joten olemme kehitt\u00e4neet erilaisia syv\u00e4hoitoaineita, kuten virkist\u00e4vi\u00e4, \u00f6ljyntuotantoa s\u00e4\u00e4televi\u00e4, kosteuttavia ja runsaasti korjaavia ravinteita sis\u00e4lt\u00e4vi\u00e4 tuotteita. Syv\u00e4hoitoainetta k\u00e4ytett\u00e4ess\u00e4 voit valita juuri sinulle sopivan tuotteen ja hoidon hiustesi laadun ja tarpeiden mukaan. Merkitsemme pakkaukseen my\u00f6s ohjeet tiedoksi:<\/p>\n\n\n\n<p>1. Shampoopesun j\u00e4lkeen: Pese hiukset normaalisti ja kuivaa ne sitten pyyhkeell\u00e4 ylim\u00e4\u00e4r\u00e4isen veden imeytt\u00e4miseksi. Levit\u00e4 sitten sopiva m\u00e4\u00e4r\u00e4 syv\u00e4hoitoainetta tasaisesti hiusten keskelle ja latvoihin v\u00e4ltt\u00e4en kosketusta p\u00e4\u00e4nahkaan. Voit hieroa hoitoainetta hell\u00e4varaisesti imeytymisen edist\u00e4miseksi ja antaa sen vaikuttaa hiuksissa 3\u20135 minuuttia. Jos hiukset ovat vakavasti vaurioituneet, voit pident\u00e4\u00e4 vaikutusaikaa. Huuhtele vaikutusajan p\u00e4\u00e4tytty\u00e4 l\u00e4mpim\u00e4ll\u00e4 vedell\u00e4 varmistaaksesi, ettei hoitoainetta ole j\u00e4\u00e4nyt.<\/p>\n\n\n\n<p>2. Tehosta hoitoa: Erityisen kuiville ja vaurioituneille hiuksille voit tehostaa hoitoa pesun j\u00e4lkeen. Levit\u00e4 hoitoaine tasaisesti, k\u00e4\u00e4ri hiukset kuumaan pyyhkeeseen ja laita suihkumyssy p\u00e4\u00e4h\u00e4n. Odota 20\u201330 minuuttia ennen huuhtelua l\u00e4mpim\u00e4ll\u00e4 vedell\u00e4.<\/p>\n\n\n\n<p>3. K\u00e4ytt\u00f6 ennen nukkumaanmenoa: Jotta syv\u00e4hoitoaineen korjaava vaikutus olisi mahdollisimman tehokas, voit k\u00e4ytt\u00e4\u00e4 sit\u00e4 ennen nukkumaanmenoa. Pese ja k\u00e4\u00e4ri hiukset ensin normaalisti, laita sitten suihkumyssy p\u00e4\u00e4h\u00e4n, odota seuraavaan aamuun her\u00e4\u00e4misen j\u00e4lkeen ja huuhtele sitten l\u00e4mpim\u00e4ll\u00e4 vedell\u00e4.<\/p>\n\n\n\n<h2 class=\"wp-block-heading\">Varoitus<\/h2>\n\n\n\n<p>1. On suositeltavaa valita hiustesi laatuun ja tarpeisiin sopiva syv\u00e4hoitoaine;<\/p>\n\n\n\n<p>2. Allergiatestit tulee tehd\u00e4 ensimm\u00e4ist\u00e4 kertaa. Jos ep\u00e4mukavuutta ilmenee, lopeta k\u00e4ytt\u00f6 v\u00e4litt\u00f6m\u00e4sti;<\/p>\n\n\n\n<p>3. Kiinnit\u00e4 huomiota k\u00e4ytt\u00f6tiheyteen, on suositeltavaa k\u00e4ytt\u00e4\u00e4 1\u20132 kertaa viikossa liiallisen k\u00e4yt\u00f6n aiheuttaman rasvaisen hiuksen v\u00e4ltt\u00e4miseksi;<\/p>\n\n\n\n<p>4. Kiinnit\u00e4 huomiota oikean hoitoaineen periaatteeseen, sill\u00e4 liika hoitoaine rasvoittuu ja tukkii ihohuokosia.<\/p>\n\n\n\n<p>5. V\u00e4lt\u00e4 saman hoitoaineen k\u00e4ytt\u00f6\u00e4 pitk\u00e4\u00e4n, muuten siit\u00e4 tulee riippuvuutta;<\/p>\n\n\n\n<p>6. On suositeltavaa s\u00e4ilytt\u00e4\u00e4 viile\u00e4ss\u00e4 ja kuivassa paikassa, jotta v\u00e4ltet\u00e4\u00e4n suoran auringonvalon ja korkean l\u00e4mp\u00f6tilan aiheuttama heikkeneminen.<\/p>\n\n\n\n<h2 class=\"wp-block-heading\">Johtop\u00e4\u00e4t\u00f6s<\/h2>\n\n\n\n<p>Syv\u00e4hoitoaineiden valmistajana, joka keskittyy korkealaatuiseen tuotantoon, olemme sitoutuneet tuottamaan tuotteita luonnollisista ainesosista, tehokkaasta hoidosta ja ainutlaatuisista pakkauksista. Aktiivisten ainesosien maksimaalisen s\u00e4ilymisen varmistamiseksi tuotantoprosessissa k\u00e4yt\u00e4mme edistynytt\u00e4 emulgointiteknologiaa ja matalan l\u00e4mp\u00f6tilan k\u00e4sittelyprosesseja ja suoritamme valmiille tuotteille turvallisuustestej\u00e4 varmistaaksemme, ett\u00e4 jokainen pullo on turvallinen k\u00e4ytt\u00e4\u00e4. Syv\u00e4hoitoaineemme valitseminen ei ole vain hiustenhoitoa, vaan my\u00f6s el\u00e4m\u00e4nlaadun tavoittelua varten. Jos olet kiinnostunut lis\u00e4\u00e4, ota meihin yhteytt\u00e4.<\/p>","protected":false},"excerpt":{"rendered":"Deep Conditioner Manufacturing Common Formulas As a professional deep conditioner manufacturer, we use a variety of natural and effective ingredients and scientific matching, aiming to create a deep repair and nourishing hair conditioner for you. 1. Protein essence: Protein is an important part of the hair, and protein essence can penetrate deeply into the hair [&hellip;]","protected":false},"featured_media":2253,"menu_order":0,"template":"","meta":[],"product-tag":[],"products":[52],"class_list":["post-2252","product","type-product","status-publish","has-post-thumbnail","hentry","products-conditioner"],"acf":[],"_links":{"self":[{"href":"https:\/\/www.ruiqigo.com\/fi\/wp-json\/wp\/v2\/product\/2252","targetHints":{"allow":["GET"]}}],"collection":[{"href":"https:\/\/www.ruiqigo.com\/fi\/wp-json\/wp\/v2\/product"}],"about":[{"href":"https:\/\/www.ruiqigo.com\/fi\/wp-json\/wp\/v2\/types\/product"}],"version-history":[{"count":0,"href":"https:\/\/www.ruiqigo.com\/fi\/wp-json\/wp\/v2\/product\/2252\/revisions"}],"wp:featuredmedia":[{"embeddable":true,"href":"https:\/\/www.ruiqigo.com\/fi\/wp-json\/wp\/v2\/media\/2253"}],"wp:attachment":[{"href":"https:\/\/www.ruiqigo.com\/fi\/wp-json\/wp\/v2\/media?parent=2252"}],"wp:term":[{"taxonomy":"product-tag","embeddable":true,"href":"https:\/\/www.ruiqigo.com\/fi\/wp-json\/wp\/v2\/product-tag?post=2252"},{"taxonomy":"products","embeddable":true,"href":"https:\/\/www.ruiqigo.com\/fi\/wp-json\/wp\/v2\/products?post=2252"}],"curies":[{"name":"wp","href":"https:\/\/api.w.org\/{rel}","templated":true}]}}