{"id":226,"date":"2024-06-30T23:13:01","date_gmt":"2024-06-30T15:13:01","guid":{"rendered":"https:\/\/ruiqigo.com\/?post_type=product&#038;p=226"},"modified":"2024-09-25T15:10:51","modified_gmt":"2024-09-25T07:10:51","slug":"sulfate-free-shampoo","status":"publish","type":"product","link":"https:\/\/www.ruiqigo.com\/fi\/product\/sulfate-free-shampoo","title":{"rendered":"Sulfaattiton shampoo"},"content":{"rendered":"<h3 class=\"wp-block-heading\">Sulfaattiton shampoovalmistus yleiset kaavat<\/h3>\n\n\n\n<p>Tied\u00e4mme, ett\u00e4 ihmisill\u00e4, jotka valitsevat sulfaattittoman shampoon, on usein herkk\u00e4 p\u00e4\u00e4nahka. Siksi tuotteissamme k\u00e4ytet\u00e4\u00e4n erilaisia hell\u00e4varaisia mutta tehokkaita ainesosia. Olemme valinneet p\u00e4\u00e4puhdistusaineksemme natriumlauroyylisarkosinaatin. Se on aminohapoista johdettu pinta-aktiivinen aine, joka on mieto ja puhdistaa hyvin. Se poistaa lian p\u00e4\u00e4nahasta ja hiuksista h\u00e4iritsem\u00e4tt\u00e4 p\u00e4\u00e4nahan luonnollista tasapainoa. Olemme lis\u00e4nneet Cocamidopropyl Betaiinia ja Disodium Laureth Sulfosuccinatea puhdistamaan perusteellisesti p\u00e4\u00e4nahan ja karvatupet. N\u00e4m\u00e4 ainesosat luovat my\u00f6s t\u00e4ytel\u00e4isen vaahdon ja pit\u00e4v\u00e4t hiuksesi ja hiuspohjasi kosteutettuina syv\u00e4puhdistusprosessin aikana. Lis\u00e4ksi olemme k\u00e4ytt\u00e4neet Cocamide Methyl MEA:ta parantamaan muiden ainesosien tehokkuutta. Se toimii emulgaattorina ja stabilointiaineena, ja se my\u00f6s lis\u00e4\u00e4 hiuksiasi ylim\u00e4\u00e4r\u00e4isen suojakerroksen ymp\u00e4rist\u00f6haittoja vastaan.<\/p>\n\n\n\n<h3 class=\"wp-block-heading\">Sulfaattittoman shampoon valmistus Sovellettavat skenaariot<\/h3>\n\n\n\n<p>Sulfaatittomat shampoot toimivat hyvin kaikissa s\u00e4\u00e4olosuhteissa, mutta ne ovat erityisen hy\u00f6dyllisi\u00e4 kuivilla ja kylmill\u00e4 alueilla. Niill\u00e4 on hell\u00e4varainen koostumus, joka voi helpottaa t\u00e4llaisten tilojen aiheuttamaa p\u00e4\u00e4nahan \u00e4rsytyst\u00e4. Lis\u00e4ksi n\u00e4m\u00e4 shampoot on valmistettu ymp\u00e4rist\u00f6\u00e4 s\u00e4\u00e4st\u00e4v\u00e4ll\u00e4 tavalla ja ne voidaan valmistaa pidemp\u00e4\u00e4n kest\u00e4v\u00e4ll\u00e4 tavalla. Voit my\u00f6s yhdist\u00e4\u00e4 sen a <a href=\"https:\/\/www.ruiqigo.com\/fi\/product\/salt-free-water-conditioner\/\">sulfaattiton vedenhoitoaine<\/a> viel\u00e4 parempiin tuloksiin.<\/p>\n\n\n\n<h3 class=\"wp-block-heading\">Kenelle sulfaatittomat shampoot sopivat<\/h3>\n\n\n\n<p>Sulfaattittoman shampoon hell\u00e4varainen koostumus tekee siit\u00e4 erityisen sopivan niille, jotka haluavat v\u00e4ltt\u00e4\u00e4 kemiallista \u00e4rsytyst\u00e4. Niille, jotka v\u00e4rj\u00e4\u00e4v\u00e4t tai pysyv\u00e4t s\u00e4\u00e4nn\u00f6llisesti hiuksiaan, sulfaattiton shampoo auttaa suojaamaan ja pident\u00e4\u00e4 hiusten v\u00e4rin s\u00e4ilymist\u00e4. Lis\u00e4ksi ihmiset, joilla on herkk\u00e4 p\u00e4\u00e4nahka, voivat hy\u00f6ty\u00e4 sulfaatittomista shampoista. N\u00e4m\u00e4 shampoot voivat v\u00e4hent\u00e4\u00e4 allergisia reaktioita ja \u00e4rsytyst\u00e4 tarjoten hell\u00e4varaisen ja rauhoittavan hiusten pesu- ja hoitokokemuksen. Lis\u00e4\u00e4 <a href=\"https:\/\/www.ruiqigo.com\/fi\/products\/shampoo\/\">luonnollisia ainesosia sis\u00e4lt\u00e4v\u00e4t shampoot<\/a> voit valita 3TOPista.<\/p>\n\n\n\n<h3 class=\"wp-block-heading\">Sulfaattittoman shampoon valmistusprosessi<\/h3>\n\n\n\n<p>Sulfaatittomat shampoot ovat hell\u00e4varaisempia, koska ne eiv\u00e4t k\u00e4yt\u00e4 kovia sulfaatteja. Korvaamme ne aminohappopinta-aktiivisilla aineilla, jotka ovat halvempia ja miedompia. Ne huuhtoutuvat helposti pois, eiv\u00e4t j\u00e4t\u00e4 paljon j\u00e4\u00e4mi\u00e4 eiv\u00e4tk\u00e4 vahingoita hiusten ja p\u00e4\u00e4nahan proteiineja pit\u00e4en ne tervein\u00e4. N\u00e4iden shampooiden valmistaminen on my\u00f6s ymp\u00e4rist\u00f6yst\u00e4v\u00e4llisemp\u00e4\u00e4, koska niiss\u00e4 ei ole sulfaatteja, mik\u00e4 auttaa tekem\u00e4\u00e4n prosessista ymp\u00e4rist\u00f6yst\u00e4v\u00e4llisemm\u00e4n.<\/p>","protected":false},"excerpt":{"rendered":"Sulfate free shampoo manufacturing Common Formulas We know that people who choose sulfate free shampoo often have sensitive scalps. That&#8217;s why our products use a variety of gentle yet effective ingredients. We&#8217;ve chosen Sodium Lauroyl Sarcosinate as our main cleaning agent. It&#8217;s a surfactant derived from amino acids, which is mild and cleans well. It [&hellip;]","protected":false},"featured_media":222,"menu_order":0,"template":"","meta":[],"product-tag":[],"products":[51],"class_list":["post-226","product","type-product","status-publish","has-post-thumbnail","hentry","products-shampoo"],"acf":[],"_links":{"self":[{"href":"https:\/\/www.ruiqigo.com\/fi\/wp-json\/wp\/v2\/product\/226","targetHints":{"allow":["GET"]}}],"collection":[{"href":"https:\/\/www.ruiqigo.com\/fi\/wp-json\/wp\/v2\/product"}],"about":[{"href":"https:\/\/www.ruiqigo.com\/fi\/wp-json\/wp\/v2\/types\/product"}],"version-history":[{"count":0,"href":"https:\/\/www.ruiqigo.com\/fi\/wp-json\/wp\/v2\/product\/226\/revisions"}],"wp:featuredmedia":[{"embeddable":true,"href":"https:\/\/www.ruiqigo.com\/fi\/wp-json\/wp\/v2\/media\/222"}],"wp:attachment":[{"href":"https:\/\/www.ruiqigo.com\/fi\/wp-json\/wp\/v2\/media?parent=226"}],"wp:term":[{"taxonomy":"product-tag","embeddable":true,"href":"https:\/\/www.ruiqigo.com\/fi\/wp-json\/wp\/v2\/product-tag?post=226"},{"taxonomy":"products","embeddable":true,"href":"https:\/\/www.ruiqigo.com\/fi\/wp-json\/wp\/v2\/products?post=226"}],"curies":[{"name":"wp","href":"https:\/\/api.w.org\/{rel}","templated":true}]}}