{"id":227,"date":"2024-06-30T23:19:42","date_gmt":"2024-06-30T15:19:42","guid":{"rendered":"https:\/\/ruiqigo.com\/?post_type=product&#038;p=227"},"modified":"2024-09-25T15:09:48","modified_gmt":"2024-09-25T07:09:48","slug":"moroccanoil-shampoo","status":"publish","type":"product","link":"https:\/\/www.ruiqigo.com\/fi\/product\/moroccanoil-shampoo","title":{"rendered":"Moroccanoil shampoo"},"content":{"rendered":"<h3 class=\"wp-block-heading\">Moroccanoil-shampoon valmistuksen yleiset kaavat<\/h3>\n\n\n\n<p>Moroccanoil-shampoot sis\u00e4lt\u00e4v\u00e4t useita korjaavia ainesosia, alkaen argan\u00f6ljyst\u00e4. Argan\u00f6ljy on runsaasti E-vitamiinia ja antioksidantteja, jotka imeytyv\u00e4t hiuksiin suhteellisen nopeasti muodostaen suojaavan kalvon, joka v\u00e4hent\u00e4\u00e4 UV-s\u00e4teit\u00e4, korjaa hilsett\u00e4 ja parantaa hiusten rakennetta. Moroccanoil-shampoo on t\u00e4ynn\u00e4 hyvi\u00e4 aineita, kuten rasvahappoja, antioksidantteja ja E-vitamiinia. Se korjaa vaurioituneita hiuksia, tekee niist\u00e4 kimmoisammat ja t\u00e4ytel\u00e4isemm\u00e4t ja pit\u00e4\u00e4 ne turvassa ilmassa olevilta haitallisilta aineilta. Shampoon hydrolysoitu vehn\u00e4proteiini imeytyy syv\u00e4lle hiuksiin. Se antaa hiuksille aminohappoja, joita ne tarvitsevat vahvojen ja kest\u00e4vien hiusten saamiseksi. Lis\u00e4ksi shampoossa on hopeasieniuutetta, joka on t\u00e4ynn\u00e4 hyvi\u00e4 aineita, kuten polysakkarideja, proteiineja ja pieni\u00e4 m\u00e4\u00e4ri\u00e4 ravintoaineita. Se ravitsee p\u00e4\u00e4nahkaa ja hiuksia syv\u00e4lt\u00e4 ja tekee p\u00e4\u00e4nahasta terveemm\u00e4n.<\/p>\n\n\n\n<h3 class=\"wp-block-heading\">Moroccanoil-shampoon k\u00e4ytt\u00f6tarkoitukset<\/h3>\n\n\n\n<p>Runsasravinteisten ja ravitsevien ominaisuuksiensa ansiosta Moroccanoil-shampoo sopii kaikkiin ilmastoihin ja ymp\u00e4rist\u00f6ihin, erityisesti kuiviin ilmastoihin. Kuivissa ilmastoissa hiukset ovat alttiita kitkalle ja staattiselle s\u00e4hk\u00f6lle, ja kosteuden puute johtaa kuivuuteen. Moroccanoil-shampoon korjaavat ainesosat, kuten argan\u00f6ljy, kosteuttavat hiuksia ja auttavat v\u00e4hent\u00e4m\u00e4\u00e4n staattista s\u00e4hk\u00f6\u00e4 ja kuivien hiusten katkeilua. Voit my\u00f6s yhdist\u00e4\u00e4 sen\u2026 <a href=\"https:\/\/www.ruiqigo.com\/fi\/products\/conditioner\/\">luonnollinen hoitoaine<\/a> viel\u00e4 parempiin tuloksiin.<\/p>\n\n\n\n<h3 class=\"wp-block-heading\">Kenelle morokanoil-shampoo sopii<\/h3>\n\n\n\n<p>Moroccanoil-shampoot ovat erinomainen valinta henkil\u00f6ille, jotka kamppailevat vaurioituneiden, kuivien tai hauraiden hiusten kanssa. T\u00e4m\u00e4 shampoo on valmistettu rikkaista, ravitsevista ainesosista, jotka hoitavat ja elvytt\u00e4v\u00e4t hiuksia syv\u00e4lt\u00e4 j\u00e4tt\u00e4en ne pehmeiksi, sileiksi ja helposti k\u00e4sitelt\u00e4v\u00e4ksi. T\u00e4rkein ainesosa, marokkolainen \u00f6ljy, tunnetaan korkeasta ravintoainepitoisuudestaan, joka tunkeutuu hiusvarteen korjatakseen vaurioita ja palauttaakseen vahvuuden ja kimmoisuuden. Lis\u00e4\u00e4 n<a href=\"https:\/\/www.ruiqigo.com\/fi\/products\/shampoo\/\">luonnollisista ainesosista valmistetut shampoot<\/a> voit valita 3TOPista.<\/p>\n\n\n\n<h3 class=\"wp-block-heading\">Moroccanoil-shampoon tuotantoprosessi<\/h3>\n\n\n\n<p>Moroccanoil-shampoot on valmistettu luonnollisilla ravinteilla, jotka on huolellisesti valittu niiden kyvyn perusteella parantaa merkitt\u00e4v\u00e4sti hiustesi vahvuutta ja terveytt\u00e4. T\u00e4rkein ainesosa, joka on uutettu Marokosta kotoisin olevasta arganpuusta, on runsaasti v\u00e4ltt\u00e4m\u00e4tt\u00f6mi\u00e4 rasvahappoja, antioksidantteja ja E-vitamiinia. N\u00e4m\u00e4 komponentit toimivat yhdess\u00e4 vahvistaakseen jokaista hiussuortuvaa, suojaten katkeilulta ja edist\u00e4en kimmoisuutta.<\/p>","protected":false},"excerpt":{"rendered":"Moroccanoil shampoo manufacturing common formulas Moroccanoil shampoos contain a range of repairing ingredients, starting with argan oil. Argan oil is rich in vitamin E and antioxidants, which are absorbed relatively quickly by the hair to form a protective film that reduces UV rays, repairs the scales, and improves hair texture. Moroccanoil Shampoo is packed with [&hellip;]","protected":false},"featured_media":228,"menu_order":0,"template":"","meta":[],"product-tag":[],"products":[51],"class_list":["post-227","product","type-product","status-publish","has-post-thumbnail","hentry","products-shampoo"],"acf":[],"_links":{"self":[{"href":"https:\/\/www.ruiqigo.com\/fi\/wp-json\/wp\/v2\/product\/227","targetHints":{"allow":["GET"]}}],"collection":[{"href":"https:\/\/www.ruiqigo.com\/fi\/wp-json\/wp\/v2\/product"}],"about":[{"href":"https:\/\/www.ruiqigo.com\/fi\/wp-json\/wp\/v2\/types\/product"}],"version-history":[{"count":0,"href":"https:\/\/www.ruiqigo.com\/fi\/wp-json\/wp\/v2\/product\/227\/revisions"}],"wp:featuredmedia":[{"embeddable":true,"href":"https:\/\/www.ruiqigo.com\/fi\/wp-json\/wp\/v2\/media\/228"}],"wp:attachment":[{"href":"https:\/\/www.ruiqigo.com\/fi\/wp-json\/wp\/v2\/media?parent=227"}],"wp:term":[{"taxonomy":"product-tag","embeddable":true,"href":"https:\/\/www.ruiqigo.com\/fi\/wp-json\/wp\/v2\/product-tag?post=227"},{"taxonomy":"products","embeddable":true,"href":"https:\/\/www.ruiqigo.com\/fi\/wp-json\/wp\/v2\/products?post=227"}],"curies":[{"name":"wp","href":"https:\/\/api.w.org\/{rel}","templated":true}]}}