{"id":2291,"date":"2024-12-17T16:20:43","date_gmt":"2024-12-17T08:20:43","guid":{"rendered":"https:\/\/ruiqigo.com\/?post_type=product&#038;p=2291"},"modified":"2024-12-17T16:22:39","modified_gmt":"2024-12-17T08:22:39","slug":"frankincense-essential-oil","status":"publish","type":"product","link":"https:\/\/www.ruiqigo.com\/fi\/product\/frankincense-essential-oil","title":{"rendered":"Frankincense eteerinen \u00f6ljy"},"content":{"rendered":"<h2 class=\"wp-block-heading\">Frankincense eteeristen \u00f6ljyjen valmistuksen yleiset kaavat<\/h2>\n\n\n\n<p>Tuotantoprosessissa olemme suunnitelleet erilaisia formulaatioita erilaisten tarpeidesi mukaan varmistaaksemme, ett\u00e4 ne voivat toistaa omat vaikutuksensa. Jos suitsukkeen eteerisen \u00f6ljyn pitoisuus on korkeampi, sinun on yleens\u00e4 laimennettava perus\u00f6ljy\u00e4, jotta voit paremmin hoitaa terveytt\u00e4si.<\/p>\n\n\n\n<p>1. Frankincense eteerinen \u00f6ljy: Sill\u00e4 on t\u00e4rke\u00e4 rooli keskeisen\u00e4 ainesosana. Esimerkiksi suitsukkeen eteerisell\u00e4 \u00f6ljyll\u00e4 on antibakteerisia ja anti-inflammatorisia ominaisuuksia, jotka voivat est\u00e4\u00e4 bakteerien lis\u00e4\u00e4ntymist\u00e4, v\u00e4hent\u00e4\u00e4 tulehduksen esiintymist\u00e4 ja edist\u00e4\u00e4 haavan paranemista sek\u00e4 hoitaa suun sairauksia, ihotulehduksia, p\u00e4\u00e4nahan tulehdusta ja muita ongelmia. Se my\u00f6s stimuloi verenkiertoa, mik\u00e4 auttaa karvatupeita imem\u00e4\u00e4n enemm\u00e4n ravintoaineita, mik\u00e4 edist\u00e4\u00e4 hiusten kasvua. Samalla se voi tunkeutua hiuksiin kosteuttaen, v\u00e4hent\u00e4en p\u00f6rr\u00f6isyytt\u00e4, katkeilua ja haaroittuneita latvoja ja tekee hiuksistasi joustavammat. Lis\u00e4ksi se voi my\u00f6s edist\u00e4\u00e4 solujen uusiutumista, korjata vaurioitunutta p\u00e4\u00e4nahan kudosta ja edist\u00e4\u00e4 edelleen p\u00e4\u00e4nahan terveyden suojelua.<\/p>\n\n\n\n<p>2. Babajo\u00f6ljy: Babajo\u00f6ljyss\u00e4 on runsaasti E-vitamiinia ja rasvahappoja, jotka voivat ravita hiuksia voimakkaasti ja t\u00e4ydent\u00e4\u00e4 ravintoaineita. Se voi my\u00f6s korjata vaurioituneita hiuksia ja tasoittaa p\u00f6rr\u00f6isyytt\u00e4. Samalla kevyen\u00e4, helposti imeytyv\u00e4n\u00e4 perus\u00f6ljyn\u00e4 se ei rasita hiuksia.<\/p>\n\n\n\n<p>3. Kookos\u00f6ljy: Kookos\u00f6ljyll\u00e4 on erinomainen kosteuttava vaikutus, joka voi menn\u00e4 syv\u00e4lle hiusten ytimeen ja tuoda riitt\u00e4v\u00e4sti kosteutta ja ravinteita. Se my\u00f6s poistaa tehokkaasti staattista s\u00e4hk\u00f6\u00e4 ja p\u00f6rr\u00f6isyytt\u00e4 hiuksista.<\/p>\n\n\n\n<p>4. Kolofoni: Kolofoni on suitsukkeen eteerisen \u00f6ljyn olemuskomponentti, joka huokuu l\u00e4mmint\u00e4 puumaista aromia ja kevyen hedelm\u00e4n tuoksua. T\u00e4m\u00e4 ainutlaatuinen aromi my\u00f6s lievitt\u00e4\u00e4 ahdistusta, s\u00e4\u00e4telee mielialaa ja auttaa rentoutumaan.<\/p>\n\n\n\n<h2 class=\"wp-block-heading\">Frankincense eteerisen \u00f6ljyn toiminnot<\/h2>\n\n\n\n<p>Ammattimaisena suitsukkeen eteeristen \u00f6ljyjen valmistajana kiinnit\u00e4mme erityist\u00e4 huomiota tuotteidemme korkeaan laatuun ja erinomaiseen tehokkuuteen. Siksi valitsemme huolellisesti raaka-aineet ja valvomme tarkasti jokaista tuotantolinkki\u00e4 varmistaaksemme tuotteiden tehokkuuden ja turvallisuuden. T\u00e4ss\u00e4 ovat sen t\u00e4rkeimm\u00e4t edut:<\/p>\n\n\n\n<p>1. Paranna koskemattomuutta: Frankincense eteerinen \u00f6ljy voi parantaa immuunij\u00e4rjestelm\u00e4\u00e4 ja parantaa kyky\u00e4 vastustaa sairauksia, est\u00e4\u00e4 sairauksien, kuten suun sairauksien, esiintymist\u00e4. Ja sill\u00e4 on potentiaalisia sy\u00f6p\u00e4\u00e4 est\u00e4vi\u00e4 vaikutuksia.<\/p>\n\n\n\n<p>2. Suojaa ihoa: Se ei voi vain edist\u00e4\u00e4 solujen uusiutumista ja korjata vaurioituneita kudoksia, vaan my\u00f6s nopeuttaa haavan paranemista. Se voi my\u00f6s kosteuttaa ihoasi, v\u00e4hent\u00e4\u00e4 entisest\u00e4\u00e4n ryppyj\u00e4 ja arpia, kipeit\u00e4 kohtia ja muita ongelmia, suojata ihoa ja est\u00e4\u00e4 ihon ik\u00e4\u00e4ntymist\u00e4.<\/p>\n\n\n\n<p>3. Hiustenhoito: Eteeriset \u00f6ljymme stimuloivat p\u00e4\u00e4nahan verenkiertoa, mik\u00e4 nopeuttaa hiusten kasvua. Ne voivat my\u00f6s lievitt\u00e4\u00e4 p\u00e4\u00e4nahan kutinaa ja ep\u00e4mukavuutta, v\u00e4hent\u00e4\u00e4 p\u00e4\u00e4nahan rasitusta ja tehd\u00e4 hiuksista terveempi\u00e4. Samalla niill\u00e4 on vahva kosteutuskyky, ne voivat ravita hiuksia ja tehd\u00e4 hiuksista sile\u00e4mpi\u00e4.<\/p>\n\n\n\n<p>4. Lievitt\u00e4\u00e4 stressi\u00e4: Ainutlaatuinen suitsukkeen eteerisen \u00f6ljyn tuoksu ei vain voi edist\u00e4\u00e4 rentoutumista, lievitt\u00e4\u00e4 stressi\u00e4, s\u00e4\u00e4dell\u00e4 huonoja tunteita ja siten v\u00e4hent\u00e4\u00e4 masennusta. Se my\u00f6s stimuloi hermoja ja parantaa muistia.<\/p>\n\n\n\n<p>5. Kipu ja turvotus: K\u00e4ytett\u00e4ess\u00e4 suitsukkeen eteerisen \u00f6ljyn antibakteeriset ja anti-inflammatoriset komponentit voivat tehokkaasti tappaa bakteerien lis\u00e4\u00e4ntymisen ja v\u00e4hent\u00e4\u00e4 tulehdusoireita, kuten punoitusta ja turvotusta, ja se voi my\u00f6s lievitt\u00e4\u00e4 niveltulehdusta, lihaskipua ja saavuttaa edelleen kivun ja turvotuksen roolia.<\/p>\n\n\n\n<h2 class=\"wp-block-heading\">Kuinka k\u00e4ytt\u00e4\u00e4 Frankincense eteerist\u00e4 \u00f6ljy\u00e4?<\/h2>\n\n\n\n<p>Frankincense eteerist\u00e4 \u00f6ljy\u00e4 voidaan k\u00e4ytt\u00e4\u00e4 eri tavoin eri skenaarioiden ja tarpeiden mukaan. Olemme my\u00f6s suunnitelleet erilaisia formulaatioita ja testannut valmiiden tuotteiden tehokkuutta varmistaaksemme, ett\u00e4 saamiasi tuotteita voidaan k\u00e4ytt\u00e4\u00e4 luotettavasti. N\u00e4in k\u00e4yt\u00e4t hiustenhoitoainetta:<\/p>\n\n\n\n<p>1. P\u00e4\u00e4nahan hieronta: Lis\u00e4\u00e4 ensin 4 tippaa suitsukkeen eteerist\u00e4 \u00f6ljy\u00e4 1 ruokalusikalliseen jojoba\u00f6ljy\u00e4 laimentaakseen, sitten levit\u00e4 tasaisesti laimennettua eteerist\u00e4 \u00f6ljy\u00e4 p\u00e4\u00e4nahalle ja hiero hell\u00e4varaisesti. Voit sitten k\u00e4\u00e4ri\u00e4 p\u00e4\u00e4si kuumaan pyyhkeeseen ja odottaa 30 minuuttia, jolloin \u00f6ljy p\u00e4\u00e4see tunkeutumaan. Kun aika on kulunut, huuhtele se pois l\u00e4mpim\u00e4ll\u00e4 vedell\u00e4 varmistaaksesi, ettei siin\u00e4 ole j\u00e4\u00e4mi\u00e4.<\/p>\n\n\n\n<p>2. Sekoitus: Hiusten pesun aikana voit tiputtaa 3 tippaa eteerist\u00e4 \u00f6ljy\u00e4mme shampoon tai hoitoaineeseen, jotta se sekoittuu hyvin, ja sitten pest\u00e4 hiukset normaalin prosessin mukaisesti. Sit\u00e4 voidaan hieroa hell\u00e4varaisesti t\u00e4m\u00e4n prosessin aikana, etenkin jos hiukset ovat voimakkaasti vaurioituneet ja kuivat, mik\u00e4 edist\u00e4\u00e4 imeytymist\u00e4.<\/p>\n\n\n\n<p>3. Tuoksuterapia: Se voidaan hengitt\u00e4\u00e4 suoraan tai hajusteiden diffuusorien avulla stressin lievitt\u00e4miseksi, kehon ja mielen rentouttamiseksi ja ep\u00e4suorasti stressiin liittyv\u00e4n hiustenl\u00e4hd\u00f6n v\u00e4hent\u00e4miseksi.<\/p>\n\n\n\n<h2 class=\"wp-block-heading\">Varoitus<\/h2>\n\n\n\n<p>1. Valitse sopiva suitsukkeen eteerinen \u00f6ljy iho- tai hiustyyppisi ja tarpeidesi mukaan;<\/p>\n\n\n\n<p>2. Allergiatestit tulee tehd\u00e4 ensimm\u00e4ist\u00e4 kertaa. Jos ep\u00e4mukavuutta ilmenee, lopeta k\u00e4ytt\u00f6 v\u00e4litt\u00f6m\u00e4sti;<\/p>\n\n\n\n<p>3. V\u00e4lt\u00e4 kosketusta silmiin ja muihin herkkiin osiin. Jos on kosketusta, huuhtele perus\u00f6ljyll\u00e4 (ei vedell\u00e4) ja tarkkaile, jos ep\u00e4mukavuus jatkuu, ota yhteys l\u00e4\u00e4k\u00e4riin;<\/p>\n\n\n\n<p>4. Kiinnit\u00e4 huomiota k\u00e4ytt\u00f6tiheyteen, on suositeltavaa k\u00e4ytt\u00e4\u00e4 1-2 kertaa viikossa, jotta v\u00e4ltet\u00e4\u00e4n p\u00e4\u00e4nahan rasituksesta johtuva liiallinen k\u00e4ytt\u00f6;<\/p>\n\n\n\n<p>5. Kiinnit\u00e4 huomiota sopivan m\u00e4\u00e4r\u00e4n periaatteeseen, liiallinen eteerinen \u00f6ljy saa p\u00e4\u00e4nahan rasvaiseksi, tukkeutumaan huokoset;<\/p>\n\n\n\n<p>6. On suositeltavaa s\u00e4ilytt\u00e4\u00e4 viile\u00e4ss\u00e4 ja kuivassa paikassa suoran auringonvalon ja korkeiden l\u00e4mp\u00f6tilojen v\u00e4ltt\u00e4miseksi.<\/p>\n\n\n\n<h2 class=\"wp-block-heading\">Johtop\u00e4\u00e4t\u00f6s<\/h2>\n\n\n\n<p>Kokeneena suitsukkeen eteeristen \u00f6ljyjen tuottajana ymm\u00e4rr\u00e4mme toiveesi laadusta ja tehokkuudesta. Siksi jokainen prosessimme on l\u00e4pik\u00e4ynyt tiukan laadunvalvonnan sek\u00e4 tarkan ajan ja l\u00e4mp\u00f6tilan valvonnan sen varmistamiseksi, ett\u00e4 jokainen pullo sis\u00e4lt\u00e4\u00e4 runsaasti ainesosia ja tuottaa maksimaalisen tehokkuuden.<\/p>\n\n\n\n<p>Tietysti meill\u00e4 on my\u00f6s erinomaiset r\u00e4\u00e4t\u00e4l\u00f6intipalvelut, joiden avulla voit luoda eteeristen \u00f6ljyjen br\u00e4ndisi tarpeidesi mukaan ja auttaa sinua saamaan kilpailuetua markkinoilla. Ota yhteytt\u00e4, jos olet kiinnostunut.<\/p>","protected":false},"excerpt":{"rendered":"Frankincense Essential Oil Manufacturing Common Formulas In the production process, we have designed a variety of formulations according to your different needs to ensure that they can play their respective effects. If the concentration of frankincense essential oil is higher, you usually need to dilute the base oil, to better care for your health. 1. [&hellip;]","protected":false},"featured_media":2292,"menu_order":0,"template":"","meta":[],"product-tag":[],"products":[53],"class_list":["post-2291","product","type-product","status-publish","has-post-thumbnail","hentry","products-essential-oil"],"acf":[],"_links":{"self":[{"href":"https:\/\/www.ruiqigo.com\/fi\/wp-json\/wp\/v2\/product\/2291","targetHints":{"allow":["GET"]}}],"collection":[{"href":"https:\/\/www.ruiqigo.com\/fi\/wp-json\/wp\/v2\/product"}],"about":[{"href":"https:\/\/www.ruiqigo.com\/fi\/wp-json\/wp\/v2\/types\/product"}],"version-history":[{"count":0,"href":"https:\/\/www.ruiqigo.com\/fi\/wp-json\/wp\/v2\/product\/2291\/revisions"}],"wp:featuredmedia":[{"embeddable":true,"href":"https:\/\/www.ruiqigo.com\/fi\/wp-json\/wp\/v2\/media\/2292"}],"wp:attachment":[{"href":"https:\/\/www.ruiqigo.com\/fi\/wp-json\/wp\/v2\/media?parent=2291"}],"wp:term":[{"taxonomy":"product-tag","embeddable":true,"href":"https:\/\/www.ruiqigo.com\/fi\/wp-json\/wp\/v2\/product-tag?post=2291"},{"taxonomy":"products","embeddable":true,"href":"https:\/\/www.ruiqigo.com\/fi\/wp-json\/wp\/v2\/products?post=2291"}],"curies":[{"name":"wp","href":"https:\/\/api.w.org\/{rel}","templated":true}]}}