{"id":232,"date":"2024-06-30T23:25:32","date_gmt":"2024-06-30T15:25:32","guid":{"rendered":"https:\/\/ruiqigo.com\/?post_type=product&#038;p=232"},"modified":"2024-09-25T15:08:28","modified_gmt":"2024-09-25T07:08:28","slug":"biotin-shampoo","status":"publish","type":"product","link":"https:\/\/www.ruiqigo.com\/fi\/product\/biotin-shampoo","title":{"rendered":"Biotiini shampoo"},"content":{"rendered":"<h3 class=\"wp-block-heading\">Biotiinishampoon valmistus yleiset kaavat<\/h3>\n\n\n\n<p>Biotin Shampoosissa on erityisi\u00e4 puhdistusapuaineita nimelt\u00e4 natriummetyylikokoyylitauraatti ja natriumkokoyyliglysinaatti. Ne puhdistavat todella hyvin ja pit\u00e4v\u00e4t p\u00e4\u00e4nahan luonnollisen tasapainon. Shampoo sis\u00e4lt\u00e4\u00e4 my\u00f6s Cocamidopropyl Betaiinia, joka muodostaa paljon kuplia ja auttaa pit\u00e4m\u00e4\u00e4n p\u00e4\u00e4nahan ja hiukset kosteutettuina samalla kun se puhdistaa niit\u00e4. Lis\u00e4ksi shampoon on lis\u00e4tty avainainesosaa Biotin VB7, joka osallistuu hiusten ja kynsien p\u00e4\u00e4proteiinin, keratiinin, synteesiin. Siksi biotiinin l\u00e4sn\u00e4olo auttaa lis\u00e4\u00e4m\u00e4\u00e4n hiusten vahvuutta ja joustavuutta, ja se sopii ihmisille, jotka ovat alttiita hiustenl\u00e4ht\u00f6\u00f6n ja katkeilulle parantamaan hiusten terveytt\u00e4.<\/p>\n\n\n\n<h3 class=\"wp-block-heading\">Biotiini shampoo Soveltuvat skenaariot<\/h3>\n\n\n\n<p>Biotiini shampoot toimivat hyvin erilaisissa ilmastoissa, erityisesti kuivissa ja kosteissa, ravitsevien ja vahvistavien etujensa ansiosta. Kuivissa ilmastoissa, joissa hiusten kunto on taipumus huonontua, Biotin Shampoosissa oleva VB7 parantaa hiusten kuntoa sis\u00e4lt\u00e4 ulosp\u00e4in. Liian kosteassa ilmastossa hiukset rasvoittuvat ja muuttuvat litteiksi. Biotiini shampoot s\u00e4\u00e4telev\u00e4t hiuspohjan rasvan erityst\u00e4 pit\u00e4en hiukset raikkaina ja volyymin\u00e4. Voit my\u00f6s yhdist\u00e4\u00e4 sen a <a href=\"https:\/\/www.ruiqigo.com\/fi\/products\/conditioner\/\">luonnollinen hoitoaine <\/a>viel\u00e4 parempiin tuloksiin.<\/p>\n\n\n\n<h3 class=\"wp-block-heading\">Kenelle biotiini shampoot sopivat<\/h3>\n\n\n\n<p>Biotiini shampoot sopivat ihmisille, joilla on hiustenl\u00e4ht\u00f6ongelmia ja hauraita hiusongelmia ja jotka k\u00e4ytt\u00e4v\u00e4t t\u00e4t\u00e4 shampoota hiusten rakenteen parantamiseen. Lis\u00e4ksi shampoo sopii my\u00f6s ihmisille, joilla on biotiinin puutteen vuoksi ep\u00e4terveet hiukset. Biotiinishampoot voivat auttaa parantamaan hiusten yleist\u00e4 terveytt\u00e4 ihmisille, joiden hiukset eiv\u00e4t ole kiilt\u00e4vi\u00e4 tai n\u00e4ytt\u00e4v\u00e4t ep\u00e4terveilt\u00e4. Lis\u00e4\u00e4 <a href=\"https:\/\/www.ruiqigo.com\/fi\/products\/shampoo\/\">luonnollisia ainesosia sis\u00e4lt\u00e4v\u00e4t shampoot<\/a> voit valita 3TOPista.<\/p>\n\n\n\n<h3 class=\"wp-block-heading\">Biotiini shampoon valmistusprosessi<\/h3>\n\n\n\n<p>Biotiini shampooiden valmistuksessa k\u00e4yt\u00e4mme mikrobifermentaatiota biotiinin tuottamiseksi. T\u00e4m\u00e4 biotiinin tuotantomenetelm\u00e4 johtaa aktiivisempaan ja tehokkaampaan biotiiniin sek\u00e4 ymp\u00e4rist\u00f6yst\u00e4v\u00e4llisemp\u00e4\u00e4n tuotantoprosessiin.<\/p>","protected":false},"excerpt":{"rendered":"Biotin shampoo manufacturing Common Formulas Biotin Shampoos has special cleaning helpers called Sodium Methyl Cocoyl Taurate and Sodium Cocoyl Glycinate. They clean really well and keep your scalp&#8217;s natural balance. The shampoo also has Cocamidopropyl Betaine, which makes lots of bubbles and helps to keep your scalp and hair moisturized while it cleans them. In [&hellip;]","protected":false},"featured_media":233,"menu_order":0,"template":"","meta":[],"product-tag":[],"products":[51],"class_list":["post-232","product","type-product","status-publish","has-post-thumbnail","hentry","products-shampoo"],"acf":[],"_links":{"self":[{"href":"https:\/\/www.ruiqigo.com\/fi\/wp-json\/wp\/v2\/product\/232","targetHints":{"allow":["GET"]}}],"collection":[{"href":"https:\/\/www.ruiqigo.com\/fi\/wp-json\/wp\/v2\/product"}],"about":[{"href":"https:\/\/www.ruiqigo.com\/fi\/wp-json\/wp\/v2\/types\/product"}],"version-history":[{"count":0,"href":"https:\/\/www.ruiqigo.com\/fi\/wp-json\/wp\/v2\/product\/232\/revisions"}],"wp:featuredmedia":[{"embeddable":true,"href":"https:\/\/www.ruiqigo.com\/fi\/wp-json\/wp\/v2\/media\/233"}],"wp:attachment":[{"href":"https:\/\/www.ruiqigo.com\/fi\/wp-json\/wp\/v2\/media?parent=232"}],"wp:term":[{"taxonomy":"product-tag","embeddable":true,"href":"https:\/\/www.ruiqigo.com\/fi\/wp-json\/wp\/v2\/product-tag?post=232"},{"taxonomy":"products","embeddable":true,"href":"https:\/\/www.ruiqigo.com\/fi\/wp-json\/wp\/v2\/products?post=232"}],"curies":[{"name":"wp","href":"https:\/\/api.w.org\/{rel}","templated":true}]}}