{"id":2322,"date":"2024-12-19T14:17:49","date_gmt":"2024-12-19T06:17:49","guid":{"rendered":"https:\/\/ruiqigo.com\/?post_type=product&#038;p=2322"},"modified":"2024-12-19T17:21:20","modified_gmt":"2024-12-19T09:21:20","slug":"best-body-lotion-for-dry-skin","status":"publish","type":"product","link":"https:\/\/www.ruiqigo.com\/fi\/product\/best-body-lotion-for-dry-skin","title":{"rendered":"Paras vartalovoide kuivalle iholle"},"content":{"rendered":"<h2 class=\"wp-block-heading\">Paras vartalovoide kuivalle iholle Yleisten kaavojen valmistus<\/h2>\n\n\n\n<p>Koko tuotantoprosessin ajan k\u00e4yt\u00e4mme edistyneit\u00e4 tuotantolaitoksia ja tiukkoja testausj\u00e4rjestelmi\u00e4 varmistaaksemme tuotteiden turvallisuuden ja tehokkuuden. Olemme suunnitelleet erilaisia koostumuksia eri ihotyypeillesi ja mieltymyksillesi vastataksemme useimpien ihmisten tarpeisiin.<\/p>\n\n\n\n<p>1. Hyaluronihappo: hyaluronihappo on yleinen kosteusvoide, jolla on voimakas kyky kosteuttaa ja ime\u00e4 vett\u00e4. Se ei ainoastaan kosteuttaa ihoa ja auttaa poistamaan kuolleita ihosoluja, vaan my\u00f6s muodostaa ihon pinnalle suojaavan kerroksen, joka est\u00e4\u00e4 veden haihtumisen ja pit\u00e4\u00e4 ihon kosteutettuna.<\/p>\n\n\n\n<p>2. Vaseliini: Er\u00e4\u00e4nlaisena okklusiivisena aineena vaseliini voi auttaa lukitsemaan vett\u00e4, v\u00e4hent\u00e4m\u00e4\u00e4n veden haihtumista ihossa, lievitt\u00e4m\u00e4\u00e4n entisest\u00e4\u00e4n kuivan ihon ja hilseilyn ongelmaa ja pit\u00e4m\u00e4\u00e4n ihon kosteutettuna pitk\u00e4\u00e4n.<\/p>\n\n\n\n<p>3. Sheavoi: Sheavoi on erinomainen pehment\u00e4v\u00e4 aine. Kosteuttavan vaikutuksensa lis\u00e4ksi sheavoi voi my\u00f6s korjata kuivumisen vaurioittamia kudossoluja, edist\u00e4en siten solujen uudistumista, auttaen v\u00e4hent\u00e4m\u00e4\u00e4n ryppyj\u00e4 ja juonteita sek\u00e4 tehden ihostasi sile\u00e4mm\u00e4n ja pehme\u00e4mm\u00e4n.<\/p>\n\n\n\n<p>4. C-vitamiini: C-vitamiinilla on antioksidanttinen vaikutus, ja se voi vastustaa vapaita radikaaleja ulkoisen ymp\u00e4rist\u00f6n aiheuttamilta vaurioilta. Samalla se voi my\u00f6s edist\u00e4\u00e4 kollageenin tuotantoa, mik\u00e4 tekee ihosta kiinte\u00e4n ja ehk\u00e4isee ik\u00e4\u00e4ntymist\u00e4.<\/p>\n\n\n\n<p>5. Nikotinamidi: Nikotinamidi voi parantaa ihon suojamuuria, kosteuttaa ihoa, supistaa ihohuokosia, silottaa ryppyj\u00e4 ja parantaa ihon kimmoisuutta.<\/p>\n\n\n\n<h2 class=\"wp-block-heading\">Parhaan vartalovoiteen toiminnot kuivalle iholle<\/h2>\n\n\n\n<p>Ammattimaisena vartalovoidevalmistajana ymm\u00e4rr\u00e4mme syv\u00e4llisesti kuivan ihon ominaisuudet ennen tuotteen kehitt\u00e4mist\u00e4. Ymm\u00e4rryksemme siit\u00e4, ett\u00e4 kuivan ihon luonnollisten \u00f6ljyjen puute ihon kosteussuojan yll\u00e4pit\u00e4miseksi voi johtaa moniin ongelmiin. Olemme luoneet t\u00e4m\u00e4n tuotteen juuri t\u00e4m\u00e4n ongelman pohjalta, jotta ihosi olisi j\u00e4lleen kosteutettu ja sile\u00e4.<\/p>\n\n\n\n<p>1. Kosteuttava ja kosteuttava: Paras vartalovoide kuivalle iholle imeytyy helposti, t\u00e4ydent\u00e4\u00e4 syv\u00e4kudosta ja ravinteita sek\u00e4 imeytyy nopeasti. Samalla se lukitsee kosteuden, saavuttaa pitk\u00e4kestoisen kosteuttavan vaikutuksen, korjaa kuivaa ja vaurioitunutta ihoa, ja pitk\u00e4aikainen k\u00e4ytt\u00f6 tekee ihosta kosteutetun ja pehme\u00e4n.<\/p>\n\n\n\n<p>2. Kuorinta: Voit hieroa tuotetta hell\u00e4varaisesti levitt\u00e4ess\u00e4si, mik\u00e4 poistaa tehokkaasti likaa ja rasvaa sek\u00e4 kuorii ihoa. Se auttaa my\u00f6s avaamaan ihohuokosia, ehk\u00e4isem\u00e4\u00e4n aknea ja yll\u00e4pit\u00e4m\u00e4\u00e4n ihon terveytt\u00e4.<\/p>\n\n\n\n<p>3. Paranna ihon laatua: Vartalovoiteellamme on my\u00f6s tietty ihoa kirkastava vaikutus, mik\u00e4 voi parantaa ihon sameutta, silottaa ryppyj\u00e4 ja tehd\u00e4 ihosta joustavamman, sile\u00e4mm\u00e4n ja herkemm\u00e4n.<\/p>\n\n\n\n<p>4. Rauhoittava ja rentouttava: Tuotteeseen on lis\u00e4tty luonnollista kasviuutetta, jolla on ainutlaatuinen tuoksu, joka voi rauhoittaa kehoa ja mielt\u00e4, lievitt\u00e4\u00e4 mielialaa ja stressi\u00e4.<\/p>\n\n\n\n<p>5. Ihon suojakerroksen korjaus: Paras vartalovoide kuivalle iholle korjaa ihon suojakerrosta, vahvistaa vastustuskyky\u00e4 ja korjaa vaurioitunutta kudosta, suojaten siten ihoa ulkoisilta ymp\u00e4rist\u00f6vaikutuksilta ja pit\u00e4en sen ihollasi terveellisemmin.<\/p>\n\n\n\n<h2 class=\"wp-block-heading\">Kuinka k\u00e4ytt\u00e4\u00e4 parasta vartalovoidetta kuivalle iholle?<\/h2>\n\n\n\n<p>Parhaan vartalovoiteen s\u00e4\u00e4nn\u00f6llinen k\u00e4ytt\u00f6 kuivalle iholle voi parantaa ihoa ja palauttaa terveyden. Tietenkin on my\u00f6s t\u00e4rke\u00e4\u00e4 valita itsellesi sopiva tuote. N\u00e4in sit\u00e4 k\u00e4ytet\u00e4\u00e4n:<\/p>\n\n\n\n<p>1. Puhdista iho: Suihkuta normaalisti ennen k\u00e4ytt\u00f6\u00e4 poistaaksesi lian ja rasvan ihon pinnalta. Puhdista iho huolellisesti, jotta kehomme maito imeytyy paremmin.<\/p>\n\n\n\n<p>2. Levit\u00e4 tasaisesti: Kylvyn j\u00e4lkeen kuivaa varovasti pyyhkeell\u00e4, mutta pid\u00e4 se hieman kosteana, ja levit\u00e4 sitten sopiva m\u00e4\u00e4r\u00e4 vartalovoidetta tasaisesti koko vartalolle, erityisesti paikkoihin, jotka on helppo j\u00e4tt\u00e4\u00e4 huomaamatta. Sarveiskerroksen paksuutta voidaan lis\u00e4t\u00e4 sopivasti levitett\u00e4v\u00e4n voiteen m\u00e4\u00e4r\u00e4n parantamiseksi.<\/p>\n\n\n\n<p>3. Hieronnan teho: Hiero k\u00e4sin hell\u00e4varaisesti koko vartaloa py\u00f6rivin liikkein, mik\u00e4 edist\u00e4\u00e4 imeytymist\u00e4. Erityisesti kuivat tai paksut kynsinauhat voivat lis\u00e4t\u00e4 hieronnan voimakkuutta.<\/p>\n\n\n\n<p>4. Odota imeytymist\u00e4: Hieronnan j\u00e4lkeen voit odottaa muutaman minuutin, jotta voide imeytyy kokonaan ihoon, ja lopuksi voit pukea vaatteet.<\/p>\n\n\n\n<h2 class=\"wp-block-heading\">Varoitus<\/h2>\n\n\n\n<p>1. Allergiatestit tulee tehd\u00e4 ensimm\u00e4isell\u00e4 k\u00e4ytt\u00f6kerralla. Jos ilmenee ep\u00e4mukavuutta, lopeta k\u00e4ytt\u00f6 v\u00e4litt\u00f6m\u00e4sti.<\/p>\n\n\n\n<p>2. V\u00e4lt\u00e4 kosketusta silmiin ja muihin herkkiin osiin. Jos ainetta joutuu silmiin, huuhtele v\u00e4litt\u00f6m\u00e4sti vedell\u00e4.<\/p>\n\n\n\n<p>3. Pid\u00e4 poissa lasten ulottuvilta v\u00e4\u00e4rink\u00e4yt\u00f6n v\u00e4ltt\u00e4miseksi;<\/p>\n\n\n\n<p>4. Kiinnit\u00e4 huomiota k\u00e4ytt\u00f6tiheyteen, on suositeltavaa k\u00e4ytt\u00e4\u00e4 joka aamu ja ilta. Jos ymp\u00e4rist\u00f6 on erityisen kuiva, k\u00e4ytt\u00f6tiheytt\u00e4 voidaan lis\u00e4t\u00e4 asianmukaisesti.<\/p>\n\n\n\n<p>5. Kiinnit\u00e4 huomiota m\u00e4\u00e4r\u00e4\u00e4n, liiallinen vartalovoide voi tehd\u00e4 ihosta rasvaisen ja tukkeutua ihohuokosista, jotka eiv\u00e4t imeydy helposti;<\/p>\n\n\n\n<p>6. On suositeltavaa s\u00e4ilytt\u00e4\u00e4 viile\u00e4ss\u00e4 ja kuivassa paikassa v\u00e4ltt\u00e4en suoraa auringonvaloa ja korkeita l\u00e4mp\u00f6tiloja.<\/p>\n\n\n\n<h2 class=\"wp-block-heading\">Johtop\u00e4\u00e4t\u00f6s<\/h2>\n\n\n\n<p>Paras vartalovoide kuivalle iholle sopii useimmille ihotyypeille. Se on helppok\u00e4ytt\u00f6inen ja kevyt, joten se on ihanteellinen valinta tehokkaaseen kosteutukseen ja hell\u00e4varaiseen ravitsemiseen. Lis\u00e4ksi meill\u00e4 on my\u00f6s t\u00e4ysi valikoima r\u00e4\u00e4t\u00e4l\u00f6intipalveluita, joiden avulla voimme luoda ainutlaatuisen ja br\u00e4ndin arvoisen tuotteen tarpeidesi mukaan. Ota yhteytt\u00e4, jos haluat tehd\u00e4 itsellesi nime\u00e4 vartalovoidemarkkinoilla.<\/p>\n\n\n\n<p><\/p>","protected":false},"excerpt":{"rendered":"Best Body Lotion For Dry Skin Manufacturing Common Formulas Throughout the entire production process, we use advanced production facilities and strict testing systems to ensure the safety and effectiveness of products. And we&#8217;ve designed different formulas for your different skin types and preferences to meet the needs of most people. 1. Hyaluronic acid: hyaluronic acid [&hellip;]","protected":false},"featured_media":2323,"menu_order":0,"template":"","meta":[],"product-tag":[],"products":[56],"class_list":["post-2322","product","type-product","status-publish","has-post-thumbnail","hentry","products-body-lotion"],"acf":[],"_links":{"self":[{"href":"https:\/\/www.ruiqigo.com\/fi\/wp-json\/wp\/v2\/product\/2322","targetHints":{"allow":["GET"]}}],"collection":[{"href":"https:\/\/www.ruiqigo.com\/fi\/wp-json\/wp\/v2\/product"}],"about":[{"href":"https:\/\/www.ruiqigo.com\/fi\/wp-json\/wp\/v2\/types\/product"}],"version-history":[{"count":0,"href":"https:\/\/www.ruiqigo.com\/fi\/wp-json\/wp\/v2\/product\/2322\/revisions"}],"wp:featuredmedia":[{"embeddable":true,"href":"https:\/\/www.ruiqigo.com\/fi\/wp-json\/wp\/v2\/media\/2323"}],"wp:attachment":[{"href":"https:\/\/www.ruiqigo.com\/fi\/wp-json\/wp\/v2\/media?parent=2322"}],"wp:term":[{"taxonomy":"product-tag","embeddable":true,"href":"https:\/\/www.ruiqigo.com\/fi\/wp-json\/wp\/v2\/product-tag?post=2322"},{"taxonomy":"products","embeddable":true,"href":"https:\/\/www.ruiqigo.com\/fi\/wp-json\/wp\/v2\/products?post=2322"}],"curies":[{"name":"wp","href":"https:\/\/api.w.org\/{rel}","templated":true}]}}