{"id":2328,"date":"2024-12-20T16:51:35","date_gmt":"2024-12-20T08:51:35","guid":{"rendered":"https:\/\/ruiqigo.com\/?post_type=product&#038;p=2328"},"modified":"2024-12-20T16:52:31","modified_gmt":"2024-12-20T08:52:31","slug":"color-depositing-conditioner","status":"publish","type":"product","link":"https:\/\/www.ruiqigo.com\/fi\/product\/color-depositing-conditioner","title":{"rendered":"Color Depositing Conditioner"},"content":{"rendered":"<h2 class=\"wp-block-heading\">Color Depositing Conditioner Manufacturing Common Formuls<\/h2>\n\n\n\n<p>Ammattimaisena v\u00e4ri\u00e4 levitt\u00e4vien hoitoaineiden valmistajana olemme sitoutuneet luomaan korkealaatuisia tuotteita. Siksi valitsemme korkealaatuiset raaka-aineet, kuten luonnolliset kasviuutteet ja edistykselliset hiustenhoitoaineet, ja k\u00e4yt\u00e4mme edistynytt\u00e4 tuotantotekniikkaa s\u00e4ilytt\u00e4\u00e4ksemme niiden vaikuttavat aineet mahdollisimman hyvin.<\/p>\n\n\n\n<p>1. Argan\u00f6ljy: Argan\u00f6ljyll\u00e4 on antioksidanttisia vaikutuksia, jotka voivat est\u00e4\u00e4 hapettumisen aiheuttamia hiusvaurioita ja s\u00e4ilytt\u00e4\u00e4 hiusten v\u00e4rin v\u00e4rj\u00e4yksen j\u00e4lkeen. Se my\u00f6s syv\u00e4ravitsee hiuksia, auttaa korjaamaan vaurioituneita hiuksia ja tekee hiuksista sile\u00e4mm\u00e4t ja pehme\u00e4mm\u00e4t.<\/p>\n\n\n\n<p>2. Manteli\u00f6ljy: Manteli\u00f6ljy ei voi vain kosteuttaa hiuksia, vaan my\u00f6s pehment\u00e4\u00e4 hiuksia ja v\u00e4hent\u00e4\u00e4 p\u00f6rr\u00f6isen staattisen s\u00e4hk\u00f6n ongelmaa. Samalla se voi korjata vaurioituneita hiuksia ja parantaa hiusten joustavuutta ja sitkeytt\u00e4. Lis\u00e4ksi se edist\u00e4\u00e4 my\u00f6s p\u00e4\u00e4nahan verenkiertoa ja tarjoaa riitt\u00e4v\u00e4sti ravinteita hiusrakkuloille edist\u00e4en entisest\u00e4\u00e4n tervett\u00e4 hiusten kasvua.<\/p>\n\n\n\n<p>3. V\u00e4riaine: V\u00e4riaine levi\u00e4\u00e4 hiusten pinnalle tai tunkeutuu hiuksiin t\u00e4ydent\u00e4\u00e4kseen kadonnutta v\u00e4ri\u00e4, mik\u00e4 parantaa v\u00e4rivaikutusta hiusten v\u00e4rj\u00e4yksen j\u00e4lkeen.<\/p>\n\n\n\n<p>4. Pinta-aktiivinen aine: Se toimii emulgaattorina auttamaan muita hiustenhoitoaineosia paremmin hajaantumaan ja liukenemaan veteen ja jakautumaan tasaisesti hiuksiin.<\/p>\n\n\n\n<p>5. Aurinkosuojavoide: Aurinkosuojavoide voi suojata hiuksia UV-vaurioilta, mik\u00e4 hidastaa hiusten v\u00e4rin haalistumista.<\/p>\n\n\n\n<h2 class=\"wp-block-heading\">Color Depositing Conditionerin toiminnot<\/h2>\n\n\n\n<p>Tuotantoprosessissa huomioimme, ett\u00e4 normaali hiusten v\u00e4rj\u00e4ys on eritt\u00e4in haitallista hiuksille, joten kehitimme t\u00e4m\u00e4n hiusten v\u00e4rj\u00e4yksen ja hiustenhoitotoimintojen yhdistelm\u00e4n. Se ei ainoastaan t\u00e4yt\u00e4 hiusv\u00e4ritarpeitasi, vaan my\u00f6s suojaa hiuksiasi, mill\u00e4 on useita vaikutuksia.<\/p>\n\n\n\n<p>1. T\u00e4ydent\u00e4\u00e4 ja tehostaa v\u00e4ri\u00e4: V\u00e4ri\u00e4 levitt\u00e4v\u00e4 hoitoaine voi t\u00e4ydent\u00e4\u00e4 tai lis\u00e4t\u00e4 halutun v\u00e4rin hiuksiin, se kiinnittyy vain hell\u00e4sti hiusten pintaan, ei avaa kynsinauhoja, joten se ei vahingoita hiuksia.<\/p>\n\n\n\n<p>2. Ravitseva ja korjaava: V\u00e4ri\u00e4 levitt\u00e4v\u00e4 hoitoaineemme sis\u00e4lt\u00e4\u00e4 runsaasti erilaisia eritt\u00e4in tehokkaita hiustenhoitoaineita korjaamaan vaurioituneita hiuksia. Se my\u00f6s lis\u00e4\u00e4 kosteutta ja ravinteita syv\u00e4lle hiusten ytimeen pit\u00e4\u00e4kseen hiuksesi kosteutettuina, kiilt\u00e4vin\u00e4 ja joustavina.<\/p>\n\n\n\n<p>3. Est\u00e4\u00e4 kellastumista: V\u00e4ri\u00e4 ker\u00e4\u00e4v\u00e4 hoitoaine voi poistaa punaisen v\u00e4rin, lukita hiusten kirkkauden ja s\u00e4vyn sek\u00e4 est\u00e4\u00e4 kellastumista ja kuivumista. Esimerkiksi pitk\u00e4n auringonpaisteen j\u00e4lkeen kellastuneiden hiusten valkaisun j\u00e4lkeen voit k\u00e4ytt\u00e4\u00e4 violettia otsan tummaa hoitoainetta saadaksesi hiusten v\u00e4rist\u00e4 kirkkaamman ja t\u00e4ytel\u00e4isemm\u00e4n.<\/p>\n\n\n\n<p>4. Hiuspohjan hoito: K\u00e4ytt\u00e4m\u00e4mme koostumus on hell\u00e4varainen eik\u00e4 sis\u00e4ll\u00e4 \u00e4rsytt\u00e4vi\u00e4 ainesosia, kuten piit\u00e4, joten se on yst\u00e4v\u00e4llisempi p\u00e4\u00e4nahalle. Se my\u00f6s ravitsee, pehment\u00e4\u00e4 ja suojaa p\u00e4\u00e4nahkaa hiusten v\u00e4rj\u00e4yksen aikana.<\/p>\n\n\n\n<p>5. Muoti hiusv\u00e4ri: Olemme luoneet erilaisia kirkkaita, ainutlaatuisia v\u00e4rej\u00e4, joista voit valita, vastaamaan useimpien ihmisten hiusv\u00e4rin tavoitteluihin.<\/p>\n\n\n\n<h2 class=\"wp-block-heading\">Kuinka k\u00e4ytt\u00e4\u00e4 Color Depositing Conditioner -hoitoainetta?<\/h2>\n\n\n\n<p>V\u00e4ri\u00e4 levitt\u00e4v\u00e4ll\u00e4 hoitoaineella on helpompi ty\u00f6skennell\u00e4 kuin tavallisella hiusten v\u00e4rj\u00e4yksell\u00e4, ja aika on nopeampi. Se sopii paremmin tummille v\u00e4reille tai neutraloi messingin s\u00e4vyj\u00e4 ja antaa hiuksille l\u00e4mpim\u00e4n s\u00e4vyn. N\u00e4in se toimii:<\/p>\n\n\n\n<p>1. Pese hiuksesi: Pese ensin hiukset normaalin prosessin mukaisesti ja pese hiukset shampoolla \u00f6ljyn ja lian puhdistamiseksi. Kuivaa hiuksesi varovasti pyyhkeell\u00e4 pesun j\u00e4lkeen.<\/p>\n\n\n\n<p>2. Levit\u00e4 tasaisesti: Jaa hiukset kahteen osaan, jos hiuksia on paljon, voit jakaa ne nelj\u00e4\u00e4n osaan ja levit\u00e4 sitten hiuksiin tasaisesti v\u00e4ri\u00e4 levitt\u00e4v\u00e4 hoitoaine keskittyen v\u00e4rj\u00e4tt\u00e4v\u00e4lle alueelle ja yhdist\u00e4m\u00e4ll\u00e4 se sormillasi tai p\u00e4\u00e4kammalla varmistaaksesi, ett\u00e4 kaikki hiukset levitet\u00e4\u00e4n.<\/p>\n\n\n\n<p>3. Odota v\u00e4ri\u00e4: Anna v\u00e4ri\u00e4 levitt\u00e4v\u00e4n hoitoaineen istua hiuksissasi 5-10 minuuttia riippuen siit\u00e4, kuinka vahvasti haluat v\u00e4rj\u00e4t\u00e4;<\/p>\n\n\n\n<p>4. Huuhtelu: Kun aika on kulunut, huuhtele hiuksesi vedell\u00e4, varmista, ettei hoitoainetta ole j\u00e4ljell\u00e4, ja kiinnit\u00e4 huomiota siihen, ett\u00e4 veden l\u00e4mp\u00f6tila ei ole liian korkea. Huuhtelun j\u00e4lkeen voit k\u00e4ytt\u00e4\u00e4 hoitoainetta s\u00e4ilytt\u00e4\u00e4ksesi hiustesi v\u00e4rin.<\/p>\n\n\n\n<h2 class=\"wp-block-heading\">Varoitus<\/h2>\n\n\n\n<p>1. Suorita ihotesti korvan taakse ennen k\u00e4ytt\u00f6\u00e4 varmistaaksesi, ettei sinulla ole allergiaa;<\/p>\n\n\n\n<p>2. K\u00e4yt\u00e4 k\u00e4sineit\u00e4 v\u00e4ltt\u00e4\u00e4ksesi k\u00e4sien v\u00e4rj\u00e4ytymisen;<\/p>\n\n\n\n<p>3. V\u00e4lt\u00e4 kosketusta silmiin. Jos ainetta joutuu silmiin, huuhtele v\u00e4litt\u00f6m\u00e4sti puhtaalla vedell\u00e4.<\/p>\n\n\n\n<p>4. V\u00e4lt\u00e4 hiusten v\u00e4rj\u00e4yksen j\u00e4lkeen k\u00e4ytt\u00e4m\u00e4st\u00e4 korkeita l\u00e4mp\u00f6tiloja, kuten hiustenkuivaajia ja suoraa auringonvaloa jonkin aikaa nopean v\u00e4rin haihtumisen est\u00e4miseksi.<\/p>\n\n\n\n<p>5. On suositeltavaa k\u00e4ytt\u00e4\u00e4 shampoota ja hoitoainetta hiusten v\u00e4rj\u00e4ykseen s\u00e4\u00e4nn\u00f6llisesti hiusten v\u00e4rin s\u00e4ilytt\u00e4miseksi ja hiusten ravitsemiseksi;<\/p>\n\n\n\n<p>6. V\u00e4ri\u00e4 levitt\u00e4v\u00e4 hoitoaine voi kest\u00e4\u00e4 jopa 6 kuukautta, ja sit\u00e4 suositellaan k\u00e4ytett\u00e4v\u00e4ksi muutaman viikon v\u00e4lein hiusten v\u00e4rin s\u00e4ilytt\u00e4miseksi;<\/p>\n\n\n\n<p>7. Vaaleammat hiukset ja huokoiset tai hieman vaurioituneet hiukset kest\u00e4v\u00e4t pidemp\u00e4\u00e4n v\u00e4ri\u00e4 levitt\u00e4v\u00e4ll\u00e4 hoitoaineella<\/p>\n\n\n\n<h2 class=\"wp-block-heading\">Johtop\u00e4\u00e4t\u00f6s<\/h2>\n\n\n\n<p>Huolellisesti tutkittu v\u00e4ri\u00e4 levitt\u00e4v\u00e4 hoitoaine on hell\u00e4varainen koostumus, joka voi helposti lis\u00e4t\u00e4 v\u00e4ri\u00e4 hiuksiisi samalla kun se syv\u00e4ravitsee hiuksia, korjaa vahingoittuneita s\u00e4ikeit\u00e4 ja tekee hiuksista silkkisempi\u00e4 ja kiilt\u00e4v\u00e4mpi\u00e4. Lis\u00e4ksi tuotteemme ovat helppok\u00e4ytt\u00f6isi\u00e4, ei ammattik\u00e4ytt\u00f6\u00e4, seuraa vain ohjeita saadaksesi hiuksesi kiilt\u00e4m\u00e4\u00e4n. Jatkamme my\u00f6s innovointia, jotta voit kehitt\u00e4\u00e4 laadukkaampia, tehokkaita hiustenhoitoratkaisuja, jos olet kiinnostunut, ota yhteytt\u00e4.<\/p>","protected":false},"excerpt":{"rendered":"Color Depositing Conditioner Manufacturing Common Formulas As a professional color depositing conditioner manufacturer, we are committed to creating high-quality products. Therefore, we select high-quality raw materials, such as natural plant extracts and advanced hair care ingredients, and use advanced production technology to retain their active ingredients to the maximum extent. 1. Argan oil: Argan oil [&hellip;]","protected":false},"featured_media":2329,"menu_order":0,"template":"","meta":[],"product-tag":[],"products":[52],"class_list":["post-2328","product","type-product","status-publish","has-post-thumbnail","hentry","products-conditioner"],"acf":[],"_links":{"self":[{"href":"https:\/\/www.ruiqigo.com\/fi\/wp-json\/wp\/v2\/product\/2328","targetHints":{"allow":["GET"]}}],"collection":[{"href":"https:\/\/www.ruiqigo.com\/fi\/wp-json\/wp\/v2\/product"}],"about":[{"href":"https:\/\/www.ruiqigo.com\/fi\/wp-json\/wp\/v2\/types\/product"}],"version-history":[{"count":0,"href":"https:\/\/www.ruiqigo.com\/fi\/wp-json\/wp\/v2\/product\/2328\/revisions"}],"wp:featuredmedia":[{"embeddable":true,"href":"https:\/\/www.ruiqigo.com\/fi\/wp-json\/wp\/v2\/media\/2329"}],"wp:attachment":[{"href":"https:\/\/www.ruiqigo.com\/fi\/wp-json\/wp\/v2\/media?parent=2328"}],"wp:term":[{"taxonomy":"product-tag","embeddable":true,"href":"https:\/\/www.ruiqigo.com\/fi\/wp-json\/wp\/v2\/product-tag?post=2328"},{"taxonomy":"products","embeddable":true,"href":"https:\/\/www.ruiqigo.com\/fi\/wp-json\/wp\/v2\/products?post=2328"}],"curies":[{"name":"wp","href":"https:\/\/api.w.org\/{rel}","templated":true}]}}