{"id":2348,"date":"2024-12-25T11:35:04","date_gmt":"2024-12-25T03:35:04","guid":{"rendered":"https:\/\/ruiqigo.com\/?post_type=product&#038;p=2348"},"modified":"2024-12-25T11:35:42","modified_gmt":"2024-12-25T03:35:42","slug":"sandalwood-essential-oil","status":"publish","type":"product","link":"https:\/\/www.ruiqigo.com\/fi\/product\/sandalwood-essential-oil","title":{"rendered":"Santelipuun eteerinen \u00f6ljy"},"content":{"rendered":"<h2 class=\"wp-block-heading\">Santelipuun eteeristen \u00f6ljyjen valmistuksen yleiset kaavat<\/h2>\n\n\n\n<p>Ammattimaisena santelipuun eteeristen \u00f6ljyjen valmistajana valitsemme raaka-aineiksi korkealaatuisen santelipuun ja k\u00e4yt\u00e4mme tarkkoja tislauslaitteita eteeristen \u00f6ljyjen puhdistamiseen varmistaaksemme tuotteiden korkean laadun ja stabiilisuuden. T\u00e4ss\u00e4 ovat t\u00e4rkeimm\u00e4t hiustenhoitovalmisteet:<\/p>\n\n\n\n<p>1. Santelipuun eteerinen \u00f6ljy: Santelipuun eteerisell\u00e4 \u00f6ljyll\u00e4 on t\u00e4rke\u00e4 rooli p\u00e4\u00e4ainesosana, joka on rakenteeltaan kevyt ja voi syv\u00e4sti ravita ja kosteuttaa hiuksia, jolloin se tasoittaa p\u00f6rr\u00f6isyytt\u00e4 ja tekee hiuksistasi kiilt\u00e4v\u00e4mpi\u00e4. Sill\u00e4 on my\u00f6s antibakteerisia ja anti-inflammatorisia ominaisuuksia, se voi est\u00e4\u00e4 p\u00e4\u00e4nahan sient\u00e4 hilseen muodostumisen v\u00e4hent\u00e4miseksi ja poistaa tehokkaasti p\u00e4\u00e4nahan \u00f6ljyn ja lian pit\u00e4\u00e4kseen p\u00e4\u00e4nahan puhtaana ja terveen\u00e4. Lis\u00e4ksi sen ainutlaatuinen aromi voi rauhoittaa kehoa, mielt\u00e4 ja p\u00e4\u00e4nahkaa sek\u00e4 stimuloida p\u00e4\u00e4nahan verenkiertoa, mik\u00e4 edist\u00e4\u00e4 hiusten kasvua.<\/p>\n\n\n\n<p>2. Manteli\u00f6ljy: Manteli\u00f6ljyss\u00e4 on runsaasti ravinteita, jotka voivat ravita hiuksia ja parantaa kuivia ja karkeita hiuksia. Se on rakenteeltaan kevyt, hyvin samanlainen kuin tali, ja sit\u00e4 voidaan k\u00e4ytt\u00e4\u00e4 perus\u00f6ljyn\u00e4 sekoitettuna santelipuun eteeriseen \u00f6ljyyn ilman, ett\u00e4 se tuntuu raskaalta.<\/p>\n\n\n\n<p>3. Sininen kamomilla: Sinisen kamomillan anti-inflammatoriset ja rauhoittavat ominaisuudet voivat entisest\u00e4\u00e4n vahvistaa rauhoittavaa vaikutusta ja tehd\u00e4 sinusta rauhallisemman ja rennomman k\u00e4yt\u00f6n. Sit\u00e4 k\u00e4ytet\u00e4\u00e4n my\u00f6s tulehduksen, kuten iho\u00e4rsytyksen tai tulehduksen, hoitoon.<\/p>\n\n\n\n<p>4. Argan Oil: Argan\u00f6ljyn kosteuttavat ominaisuudet pehment\u00e4v\u00e4t hiuksia entisest\u00e4\u00e4n ja t\u00e4ydent\u00e4v\u00e4t kosteutta. Samalla sill\u00e4 on my\u00f6s tietty antioksidanttitoiminto, joka voi vastustaa vapaiden radikaalien vaurioita ja siten hidastaa ik\u00e4\u00e4ntymisprosessia, erityisesti harvoille tai hauraille hiuksille.<\/p>\n\n\n\n<h2 class=\"wp-block-heading\">Santelipuun eteerisen \u00f6ljyn toiminnot<\/h2>\n\n\n\n<p>Santelipuun eteerisell\u00e4 \u00f6ljyll\u00e4mme on useita teht\u00e4vi\u00e4, jotka eiv\u00e4t ainoastaan hoitoa ihoa ja hiuksia, vaan my\u00f6s rauhoittaa hermoja ja rentouttaa. Se on ihanteellinen valinta nykyaikaiseen tehokkuuteen, yksinkertaistamiseen ja terveyteen.<\/p>\n\n\n\n<p>1. Ravitse hiuksia: Santelipuun eteerinen \u00f6ljy tunkeutuu helposti, se voi syv\u00e4kosteuttaa kuivia hiuksia ja antaa kest\u00e4v\u00e4n kosteuttavan vaikutuksen, tasoittaa p\u00f6rr\u00f6isyytt\u00e4 ja antaa hiusten muuttaa kiiltoa ja palauttaa kiiltoa.<\/p>\n\n\n\n<p>2. Edist\u00e4 hiusten kasvua ja paranemista: Santelipuun vieh\u00e4tt\u00e4v\u00e4 tuoksu voi edist\u00e4\u00e4 hiusten kasvua hierottaessa p\u00e4\u00e4nahkaa. Samaan aikaan sen antibakteeriset ominaisuudet eiv\u00e4t voi vain v\u00e4hent\u00e4\u00e4 hilseen muodostumista, vaan my\u00f6s pit\u00e4\u00e4 p\u00e4\u00e4nahan puhtaana, mik\u00e4 on hy\u00f6dyllist\u00e4 korjata vahingoittuneita hiuksia, edist\u00e4\u00e4 paranemista ja tekee hiuksista terveempi\u00e4.<\/p>\n\n\n\n<p>3. Rauhoittava ja rauhoittava: Santelipuun eteerisell\u00e4 \u00f6ljyll\u00e4mme on rauhoittava ja rauhoittava vaikutus, joka ei vain s\u00e4\u00e4tele mielialaa, vaan my\u00f6s rentouttaa kehoa ja mielt\u00e4, lievitt\u00e4\u00e4 stressi\u00e4 ja alentaa verenpainetta. Se auttaa my\u00f6s unettomuuteen ja parantaa unen laatua.<\/p>\n\n\n\n<p>4. Hoitaa tulehdusta: Anti-inflammatoriset ominaisuudet auttavat puhdistamaan hengitysteit\u00e4 ja v\u00e4hent\u00e4m\u00e4\u00e4n tulehdusta, mik\u00e4 lievitt\u00e4\u00e4 ysk\u00e4\u00e4, keuhkoputkentulehdusta ja paljon muuta. Sen lis\u00e4ksi sen paikallinen k\u00e4ytt\u00f6 auttaa my\u00f6s parantamaan kehon immuunitoimintaa, mik\u00e4 lis\u00e4\u00e4 entisest\u00e4\u00e4n kyky\u00e4 vastustaa tartuntatauteja.<\/p>\n\n\n\n<p>5. Tasainen ihon s\u00e4vy: Santelipuun eteerinen \u00f6ljy voi tehokkaasti v\u00e4hent\u00e4\u00e4 pigmentaatiota ja vaalentaa tummia l\u00e4iski\u00e4, mik\u00e4 tasoittaa ja kirkastaa ihon s\u00e4vy\u00e4.<\/p>\n\n\n\n<p>6. V\u00e4henn\u00e4 ryppyj\u00e4: Eteeristen \u00f6ljyjemme antioksidanttivaikutus auttaa est\u00e4m\u00e4\u00e4n hienojen juonteiden muodostumista, viiv\u00e4stytt\u00e4\u00e4 ik\u00e4\u00e4ntymisprosessia ja korjaa jo kyps\u00e4\u00e4 ihoa, mik\u00e4 v\u00e4hent\u00e4\u00e4 ryppyjen ja juonteiden muodostumista sek\u00e4 tekee ihostasi kiinte\u00e4mm\u00e4n ja nuoremman.<\/p>\n\n\n\n<h2 class=\"wp-block-heading\">Kuinka k\u00e4ytt\u00e4\u00e4 santelipuun eteerist\u00e4 \u00f6ljy\u00e4?<\/h2>\n\n\n\n<p>Santelipuun eteerisen \u00f6ljyn tuotantoprosessissa otamme huomioon erilaiset hius- ja ihotyypit ja suunnittelemme erilaisia kaavoja. Ennen kuin k\u00e4yt\u00e4t sit\u00e4, sinun on valittava sinulle sopiva tuote tilanteeseesi ja tarpeisiisi. Tietenkin on olemassa erilaisia tapoja hoitaa eri osia, ja yleisi\u00e4 k\u00e4ytt\u00f6tapoja ovat paikallinen k\u00e4ytt\u00f6, yhdistelm\u00e4k\u00e4ytt\u00f6 ja aromaterapia. Merkitsemme yksityiskohtaisen toimintatavan pakkaukseen, seuraava on esimerkki kollokaatiomenetelm\u00e4st\u00e4:<\/p>\n\n\n\n<p>1. Hiustenhoito:<\/p>\n\n\n\n<p>Menetelm\u00e4 1: Sekoita hiuksia puhdistaessasi santelipuun eteerist\u00e4 \u00f6ljy\u00e4mme suhteessa shampoon tai hoitoaineeseen ja pese sitten hiukset normaalin prosessin mukaisesti, pesun j\u00e4lkeen, kuivaa hell\u00e4sti pyyhkeell\u00e4 ja f\u00f6\u00f6nill\u00e4 tai luonnollisesti ilmakuivaamalla.<\/p>\n\n\n\n<p>Menetelm\u00e4 2: Normaalin prosessin mukaisen shampoopesun j\u00e4lkeen sekoita santelipuun eteerinen \u00f6ljy ja perus\u00f6ljy suhteessa ja levit\u00e4 tasaisesti hiuksiin hiusten keskiosasta latvaan v\u00e4ltt\u00e4en kosketusta p\u00e4\u00e4nahan kanssa. Levityksen j\u00e4lkeen voit hieroa hiuksia varovasti sormillasi imeytymisen edist\u00e4miseksi ja antaa hiusten kuivua ilmassa tai f\u00f6\u00f6nata hiustenkuivaajalla.<\/p>\n\n\n\n<p>2. Ihonhoito:<\/p>\n\n\n\n<p>K\u00e4y suihkussa normaalin prosessin mukaisesti, puhdista \u00f6ljy ja lika vartalolta ja sekoita sitten santelipuun eteerinen \u00f6ljy perus\u00f6ljyyn suhteessa ja levit\u00e4 tasaisesti hierottaviin osiin. Hieroessasi hiero py\u00f6rivin liikkein ihon rakenteen suuntaan edist\u00e4\u00e4ksesi verenkiertoa ja eteeristen \u00f6ljyjen imeytymist\u00e4.<\/p>\n\n\n\n<h2 class=\"wp-block-heading\">Varoitus<\/h2>\n\n\n\n<p>1. Ihotyypin mukaan valita tuotteensa;<\/p>\n\n\n\n<p>2. Ensimm\u00e4ist\u00e4 kertaa tulee tehd\u00e4 allergiatesti ja lopettaa k\u00e4ytt\u00f6 v\u00e4litt\u00f6m\u00e4sti, jos sopeutumista ei ole;<\/p>\n\n\n\n<p>3. Santelipuun eteerisess\u00e4 \u00f6ljyss\u00e4 on korkea pitoisuus, ja se on suositeltavaa sekoittaa perus\u00f6ljyn kanssa suhteessa k\u00e4ytt\u00e4ess\u00e4;<\/p>\n\n\n\n<p>4. On suositeltavaa k\u00e4ytt\u00e4\u00e4 sit\u00e4 1-2 kertaa viikossa, jotta v\u00e4ltet\u00e4\u00e4n toistuva k\u00e4ytt\u00f6, joka vaikuttaa santelipuun eteerisen \u00f6ljyn imeytymisvaikutukseen;<\/p>\n\n\n\n<p>5. V\u00e4lt\u00e4 aineen joutumista iholle ja silmiin. Jos ainetta joutuu kosketuksiin, huuhtele vedell\u00e4.<\/p>\n\n\n\n<p>6. Raskaana olevien naisten ja lasten tulee k\u00e4ytt\u00e4\u00e4 sit\u00e4 l\u00e4\u00e4k\u00e4rin ohjauksessa;<\/p>\n\n\n\n<p>7. Santelipuun eteerinen \u00f6ljy on syttyv\u00e4\u00e4 ja r\u00e4j\u00e4ht\u00e4v\u00e4\u00e4, on suositeltavaa s\u00e4ilytt\u00e4\u00e4 ja k\u00e4ytt\u00e4\u00e4 viile\u00e4ss\u00e4 ja kuivassa paikassa, v\u00e4ltt\u00e4\u00e4 korkeita l\u00e4mp\u00f6tiloja ja kaukana l\u00e4hteest\u00e4.<\/p>\n\n\n\n<h2 class=\"wp-block-heading\">Johtop\u00e4\u00e4t\u00f6s<\/h2>\n\n\n\n<p>Korkeaan laatuun keskittyneen\u00e4 santelipuun eteeristen \u00f6ljyjen valmistajana k\u00e4yt\u00e4mme nykyaikaisia tuotantolaitoksia ja valitsemme laadukkaat raaka-aineet varmistaaksemme, ett\u00e4 jokaisesta eteeristen \u00f6ljyjen pullosta saat parhaan ihonhoitokokemuksen. Tarjoamme erilaisia r\u00e4\u00e4t\u00e4l\u00f6ityj\u00e4 formulaatioita, jotka auttavat sinua rakentamaan erottuvan, monipuolisen br\u00e4ndin ja saavuttamaan ainutlaatuisen edun kilpailluilla markkinoilla. Jos olet my\u00f6s kiinnostunut tuotteistamme, ota heti yhteytt\u00e4.<\/p>","protected":false},"excerpt":{"rendered":"Sandalwood Essential Oil Manufacturing Common Formulas As a professional sandalwood essential oil manufacturer, we select high-quality sandalwood as raw materials and use precision distillation equipment to purify essential oils to ensure the high quality and stability of products. Here are the main formulations for hair care: 1. Sandalwood essential oil: Sandalwood essential oil plays an [&hellip;]","protected":false},"featured_media":2349,"menu_order":0,"template":"","meta":[],"product-tag":[],"products":[53],"class_list":["post-2348","product","type-product","status-publish","has-post-thumbnail","hentry","products-essential-oil"],"acf":[],"_links":{"self":[{"href":"https:\/\/www.ruiqigo.com\/fi\/wp-json\/wp\/v2\/product\/2348","targetHints":{"allow":["GET"]}}],"collection":[{"href":"https:\/\/www.ruiqigo.com\/fi\/wp-json\/wp\/v2\/product"}],"about":[{"href":"https:\/\/www.ruiqigo.com\/fi\/wp-json\/wp\/v2\/types\/product"}],"version-history":[{"count":0,"href":"https:\/\/www.ruiqigo.com\/fi\/wp-json\/wp\/v2\/product\/2348\/revisions"}],"wp:featuredmedia":[{"embeddable":true,"href":"https:\/\/www.ruiqigo.com\/fi\/wp-json\/wp\/v2\/media\/2349"}],"wp:attachment":[{"href":"https:\/\/www.ruiqigo.com\/fi\/wp-json\/wp\/v2\/media?parent=2348"}],"wp:term":[{"taxonomy":"product-tag","embeddable":true,"href":"https:\/\/www.ruiqigo.com\/fi\/wp-json\/wp\/v2\/product-tag?post=2348"},{"taxonomy":"products","embeddable":true,"href":"https:\/\/www.ruiqigo.com\/fi\/wp-json\/wp\/v2\/products?post=2348"}],"curies":[{"name":"wp","href":"https:\/\/api.w.org\/{rel}","templated":true}]}}