{"id":237,"date":"2024-06-30T23:30:38","date_gmt":"2024-06-30T15:30:38","guid":{"rendered":"https:\/\/ruiqigo.com\/?post_type=product&#038;p=237"},"modified":"2024-09-25T15:06:45","modified_gmt":"2024-09-25T07:06:45","slug":"keratin-shampoo","status":"publish","type":"product","link":"https:\/\/www.ruiqigo.com\/fi\/product\/keratin-shampoo","title":{"rendered":"Keratiini shampoo"},"content":{"rendered":"<h3 class=\"wp-block-heading\">Keratiini shampoon valmistuksen yleiset kaavat<\/h3>\n\n\n\n<p>Keratiini-shampoot sis\u00e4lt\u00e4v\u00e4t runsaasti keratiinia, proteiinia, joka on samanlainen kuin hiusten luonnollinen rakenne. Keratiini muodostaa hiuksiin suojaavan kalvon, joka suojaa hiuksia ylikuumenemisvaurioilta ja ep\u00e4puhtauksilta. Shampoo on my\u00f6s rikastettu hydrolysoidulla keratiinilla, joka on kemiallisesti tai entsymaattisesti prosessoitu keratiinin muoto pienemmiss\u00e4 molekyyleiss\u00e4, jotka p\u00e4\u00e4sev\u00e4t helpommin tunkeutumaan hiusten sis\u00e4\u00e4n ja tarjoavat syv\u00e4korjausta ja ravitsemusta. Lis\u00e4ksi shampoo sis\u00e4lt\u00e4\u00e4 runsaasti aminohappoja sis\u00e4lt\u00e4v\u00e4\u00e4 hoitoainetta. Aminohapot ovat hiuskeratiinin perusrakennuspalikoita ja voivat nopeasti t\u00e4ydent\u00e4\u00e4 hiuksia tarvitsemillaan ravinteilla.<\/p>\n\n\n\n<h3 class=\"wp-block-heading\">Keratiini shampoo Sovellettavat skenaariot<\/h3>\n\n\n\n<p>Keratiini-shampoot toimivat hyvin s\u00e4\u00e4st\u00e4 riippumatta, koska ne ovat t\u00e4ynn\u00e4 hyvi\u00e4 ainesosia hiuksillesi. Ne sopivat t\u00e4ydellisesti kuiviin paikkoihin, joissa hiukset kuivuvat, haurastuvat ja elottomat. Shampoon keratiini ja muut ravintoaineet imeytyv\u00e4t syv\u00e4lle hiuksiin antaen niille tarvitsemaansa ravintoa, tehden niist\u00e4 taas terveet ja kimmoisat. Voit my\u00f6s yhdist\u00e4\u00e4 sen\u2026 <a href=\"https:\/\/www.ruiqigo.com\/fi\/products\/conditioner\/\">luonnollinen hoitoaine<\/a> viel\u00e4 parempiin tuloksiin.<\/p>\n\n\n\n<h3 class=\"wp-block-heading\">Kenelle keratiini shampoo sopii<\/h3>\n\n\n\n<p>Keratiini-shampoot sopivat ihmisille, jotka tarvitsevat hiustensa korjaamista. Keratiini-shampoo voi auttaa korjaamaan ja vahvistamaan hiuksia, jotka ovat aiheutuneet kemiallisista k\u00e4sittelyist\u00e4, kuten permanentista ja v\u00e4rj\u00e4yksest\u00e4, p\u00e4ivitt\u00e4isist\u00e4 ymp\u00e4rist\u00f6tekij\u00f6ist\u00e4 tai kitkasta. Lis\u00e4ksi niille, joilla on p\u00f6rr\u00f6iset ja vaikeasti hallittavat hiukset sek\u00e4 niille, jotka k\u00e4ytt\u00e4v\u00e4t usein kuumia muotoiluv\u00e4lineit\u00e4, Keratiini-shampoo voi auttaa silottamaan p\u00f6rr\u00f6isyytt\u00e4 ja tekem\u00e4\u00e4n hiuksista helpommin k\u00e4sitelt\u00e4v\u00e4t, samalla suojaten l\u00e4mp\u00f6vaurioilta, joita aiheuttavat kuumailmakuivaajien, permanenttirautojen ja muiden laitteiden usein toistuva k\u00e4ytt\u00f6. Lis\u00e4\u00e4 <a href=\"https:\/\/www.ruiqigo.com\/fi\/products\/shampoo\/\">luonnollisia ainesosia sis\u00e4lt\u00e4v\u00e4t shampoot<\/a> voit valita 3TOPista.<\/p>\n\n\n\n<h3 class=\"wp-block-heading\">Keratiini shampoon tuotantoprosessi<\/h3>\n\n\n\n<p>Keratiini-shampoiden valmistus alkaa keratiinin valmistuksesta. K\u00e4yt\u00e4mme erityist\u00e4 tieteellist\u00e4 menetelm\u00e4\u00e4, jota kutsutaan yhdistelm\u00e4-DNA-tekniikaksi. Se sis\u00e4lt\u00e4\u00e4 vaiheita, kuten valmistelut k\u00e4ymiseen, oikeiden aineiden lis\u00e4\u00e4minen, k\u00e4yminen, n\u00e4ytteiden ottaminen, testaus, bakteerien hajottaminen ja puhdistaminen. Voimme my\u00f6s valmistaa hajotettua keratiinia k\u00e4ytt\u00e4m\u00e4ll\u00e4 kemikaaleja tai erityisi\u00e4 entsyymej\u00e4. T\u00e4m\u00e4 tekee pienist\u00e4 keratiinipaloista juuri sopivia hius- ja vartalotuotteisiin.<\/p>","protected":false},"excerpt":{"rendered":"Keratin shampoo manufacturing Common Formulas Keratin shampoos are rich in keratin, a protein similar to the natural structure of hair Keratin forms a protective film on the hair, which is good for protecting the hair from overheating damage and pollutants. The shampoo is also enriched with hydrolyzed keratin, which is a chemically or enzymatically processed [&hellip;]","protected":false},"featured_media":238,"menu_order":0,"template":"","meta":[],"product-tag":[],"products":[51],"class_list":["post-237","product","type-product","status-publish","has-post-thumbnail","hentry","products-shampoo"],"acf":[],"_links":{"self":[{"href":"https:\/\/www.ruiqigo.com\/fi\/wp-json\/wp\/v2\/product\/237","targetHints":{"allow":["GET"]}}],"collection":[{"href":"https:\/\/www.ruiqigo.com\/fi\/wp-json\/wp\/v2\/product"}],"about":[{"href":"https:\/\/www.ruiqigo.com\/fi\/wp-json\/wp\/v2\/types\/product"}],"version-history":[{"count":0,"href":"https:\/\/www.ruiqigo.com\/fi\/wp-json\/wp\/v2\/product\/237\/revisions"}],"wp:featuredmedia":[{"embeddable":true,"href":"https:\/\/www.ruiqigo.com\/fi\/wp-json\/wp\/v2\/media\/238"}],"wp:attachment":[{"href":"https:\/\/www.ruiqigo.com\/fi\/wp-json\/wp\/v2\/media?parent=237"}],"wp:term":[{"taxonomy":"product-tag","embeddable":true,"href":"https:\/\/www.ruiqigo.com\/fi\/wp-json\/wp\/v2\/product-tag?post=237"},{"taxonomy":"products","embeddable":true,"href":"https:\/\/www.ruiqigo.com\/fi\/wp-json\/wp\/v2\/products?post=237"}],"curies":[{"name":"wp","href":"https:\/\/api.w.org\/{rel}","templated":true}]}}