{"id":2373,"date":"2024-12-27T16:46:51","date_gmt":"2024-12-27T08:46:51","guid":{"rendered":"https:\/\/ruiqigo.com\/?post_type=product&#038;p=2373"},"modified":"2024-12-27T16:48:31","modified_gmt":"2024-12-27T08:48:31","slug":"shampoo-and-conditioner-sulphate-free","status":"publish","type":"product","link":"https:\/\/www.ruiqigo.com\/fi\/product\/shampoo-and-conditioner-sulphate-free","title":{"rendered":"Sulfaattiton shampoo ja hoitoaine"},"content":{"rendered":"<h2 class=\"wp-block-heading\">Shampoo ja hoitoaine Sulfaatiton Manufacturing Common Formuls<\/h2>\n\n\n\n<p>Sulfaatittoman shampoon ja hoitoaineen valmistuksessa k\u00e4yt\u00e4mme erilaisia luonnollisia ainesosia yll\u00e4pit\u00e4m\u00e4\u00e4n luonnollista kosteussuojaa p\u00e4\u00e4nahalle. N\u00e4m\u00e4 ainesosat yhdess\u00e4 puhdistavat, hoitavat ja kosteuttavat.<\/p>\n\n\n\n<p>1. Aloe vera: Aloe vera voi nopeasti t\u00e4ytt\u00e4\u00e4 p\u00e4\u00e4nahan ja hiusten tarvitseman kosteuden ja ravintoaineet ja lukita sen tiukasti, jotta hiukset pysyv\u00e4t kosteutettuina ja kiilt\u00e4vin\u00e4. Mutta se auttaa my\u00f6s lievitt\u00e4m\u00e4\u00e4n \u00e4rsytyst\u00e4 ja tulehdusta, parantaa p\u00e4\u00e4nahan ongelmaa ja s\u00e4\u00e4telee p\u00e4\u00e4nahan \u00f6ljyntuotantoa, mik\u00e4 auttaa hiuksia yll\u00e4pit\u00e4m\u00e4\u00e4n \u00f6ljy-vesitasapainoa. Se my\u00f6s puhdistaa hell\u00e4varaisesti p\u00e4\u00e4nahan ilman luonnollista kosteutta.<\/p>\n\n\n\n<p>2. Kookos\u00f6ljy: Kookos\u00f6ljy on luonnollinen SPF, joka suojaa hiuksia UV-vaurioilta. Se imeytyy my\u00f6s helposti kynsinauhoon, mik\u00e4 tarjoaa pitk\u00e4kestoisen kosteuttavan vaikutuksen hiuksille ja v\u00e4hent\u00e4\u00e4 veden menetyst\u00e4. Lis\u00e4ksi se voi my\u00f6s auttaa korjaamaan vaurioituneita hiuksia ja parantamaan ongelmia, kuten haaroittuneita hiuksia ja katkeiluja.<\/p>\n\n\n\n<p>3. Pinta-aktiiviset aineet: K\u00e4yt\u00e4mme mietoja pinta-aktiivisia aineita, joilla on liev\u00e4 puhdistusteho ja jotka voivat v\u00e4hent\u00e4\u00e4 p\u00e4\u00e4nahan \u00e4rsytyst\u00e4, yleens\u00e4 v\u00e4hemm\u00e4n vaahtoa, sopivampia kuiville hiuksille herkille ihmisille.<\/p>\n\n\n\n<p>4. E-vitamiini: on antioksidantti, joka suojaa hiuksia vapaiden radikaalien vaurioilta.<\/p>\n\n\n\n<p>5.pH:n s\u00e4\u00e4telij\u00e4: Se voi s\u00e4\u00e4t\u00e4\u00e4 pH:ta niin, ett\u00e4 tuote on l\u00e4hemp\u00e4n\u00e4 hiusten pH:ta, mik\u00e4 v\u00e4hent\u00e4\u00e4 \u00e4rsytyst\u00e4.<\/p>\n\n\n\n<h2 class=\"wp-block-heading\">Shampoon ja hoitoaineen toiminnot Sulfaattiton<\/h2>\n\n\n\n<p>Ammattimaisena sulfaattittomana shampoo- ja hoitoaineen valmistajana yhdist\u00e4mme shampooiden puhdistavan tehon hoitoaineiden ravitsevaan tehoon, samalla v\u00e4ltt\u00e4en sulfaattien \u00e4rsytyst\u00e4 hiuksissasi, jotta saat kokonaisvaltaisen, hell\u00e4varaisen, \u00e4rsytt\u00e4m\u00e4tt\u00f6m\u00e4n tuotteen. T\u00e4ss\u00e4 ovat sen p\u00e4\u00e4toiminnot:<\/p>\n\n\n\n<p>1. Kosteuttava ja kosteuttava: Tuotteemme eiv\u00e4t vain lis\u00e4\u00e4 kosteutta syv\u00e4lle hiusten ytimeen, vaan my\u00f6s tekev\u00e4t hiuksista kosteutettuja. Se s\u00e4ilytt\u00e4\u00e4 my\u00f6s luonnollisen kosteuden p\u00e4\u00e4nahassa ja hiuksissa, mik\u00e4 on hy\u00f6dyllist\u00e4 hiustesi yleiselle terveydelle ja parantaa haaroittuneiden latvojen ja katkeilujen ongelmia.<\/p>\n\n\n\n<p>2. Luonnollinen rakenne: Sulfaatittomat shampoot ja hoitoaineet ovat hell\u00e4varaisempia, s\u00e4ilytt\u00e4v\u00e4t luonnollisen \u00f6ljyosan, est\u00e4v\u00e4t hiusten kuivumista ja p\u00f6rr\u00f6isyytt\u00e4, tekev\u00e4t hiuksista pehme\u00e4mpi\u00e4 ja terveempi\u00e4, eik\u00e4 kiharat hiukset vaadi erityist\u00e4 hoitoa.<\/p>\n\n\n\n<p>3. Hell\u00e4varainen puhdistus: K\u00e4yt\u00e4mme erilaisia luonnollisia kasviper\u00e4isi\u00e4 ainesosia ja hell\u00e4varaisia hiustenhoitoaineita v\u00e4hent\u00e4m\u00e4\u00e4n hiusten ja p\u00e4\u00e4nahan \u00e4rsytyst\u00e4 ja johtamaan p\u00f6rr\u00f6isyyteen ja kuiviin hiuksiin, erityisesti herkille lihaksille.<\/p>\n\n\n\n<p>4. S\u00e4ilyt\u00e4 hiusten v\u00e4ri: Se ei avaa kynsinauhoja k\u00e4yt\u00f6n aikana, ja se voi my\u00f6s auttaa yll\u00e4pit\u00e4m\u00e4\u00e4n hiusv\u00e4ripigmentin vahvuutta, mik\u00e4 pident\u00e4\u00e4 hiusv\u00e4rin k\u00e4ytt\u00f6ik\u00e4\u00e4.<\/p>\n\n\n\n<p>5. Korjaa ja ravitse: Sulfaatittomat shampoot ja hoitoaineet voivat korjata vaurioituneet hiukset ja luoda suojaavan pinnoitteen pintaan, mik\u00e4 v\u00e4hent\u00e4\u00e4 veden menetyst\u00e4 ja ravitsee hiuksiasi entisest\u00e4\u00e4n.<\/p>\n\n\n\n<p>6. Ymp\u00e4rist\u00f6yst\u00e4v\u00e4llinen ja k\u00e4tev\u00e4: Verrattuna sulfaattiaineisiin, ainesosamme ovat ymp\u00e4rist\u00f6yst\u00e4v\u00e4llisempi\u00e4 ja terveellisempi\u00e4, ja se ei vain tarjoa syv\u00e4puhdistusta vaan my\u00f6s syv\u00e4hoitoa, mik\u00e4 tekee hiuksista terveellisempi\u00e4. Kaksoisvaikutelma on k\u00e4ytt\u00f6\u00f6si k\u00e4tev\u00e4mpi, ja se my\u00f6s v\u00e4ltt\u00e4\u00e4 raskasta tunnetta, joka voi aiheutua useiden tuotteiden p\u00e4\u00e4llekk\u00e4isest\u00e4 k\u00e4yt\u00f6st\u00e4.<\/p>\n\n\n\n<h2 class=\"wp-block-heading\">Kuinka k\u00e4ytt\u00e4\u00e4 shampoota ja hoitoainetta sulfaatittomalla?<\/h2>\n\n\n\n<p>Sulfaattittomassa shampoo- ja hoitoaineessamme yhdistyv\u00e4t useita toimintoja tehd\u00e4kseen niist\u00e4 helpompia k\u00e4ytt\u00e4\u00e4, helppok\u00e4ytt\u00f6isi\u00e4 ja sopivia useimpiin tilanteisiin.<\/p>\n\n\n\n<p>1. M\u00e4r\u00e4t hiukset: Kostuta ensin hiukset l\u00e4mpim\u00e4ll\u00e4 vedell\u00e4 varmistaaksesi, ett\u00e4 jokainen hius on kostea;<\/p>\n\n\n\n<p>2. Puhdistus ja hoito: Levit\u00e4 ensimm\u00e4isell\u00e4 puhdistuksella sopiva m\u00e4\u00e4r\u00e4 sulfaattitonta shampoota ja hoitoainetta k\u00e4mmenelle. Hiero kuplia ja levit\u00e4 sitten vaahtoa tasaisesti hiuksiin ja p\u00e4\u00e4nahkaan. Voit hieroa p\u00e4\u00e4nahkaa hell\u00e4varaisesti edist\u00e4\u00e4ksesi verenkiertoa ja huuhdella pois vedell\u00e4 hieronnan j\u00e4lkeen. Toinen puhdistus on sama kuin ensimm\u00e4inen puhdistusvaihe. T\u00e4m\u00e4 prosessi voi auttaa poistamaan hiuksista j\u00e4\u00e4neen lian ja \u00f6ljyn, mik\u00e4 edist\u00e4\u00e4 perusteellista puhdistusta.<\/p>\n\n\n\n<p>3. Huuhtele pois: Huuhtele vaahto pois vedell\u00e4, varmista, ettei vaahtoa ole j\u00e4ljell\u00e4, ja kuivaa varovasti pyyhkeell\u00e4. Hiustenpesun j\u00e4lkeen voit hoitaa hiukset syv\u00e4sti eteerisell\u00e4 \u00f6ljyll\u00e4 henkil\u00f6kohtaisten tarpeidesi mukaan ja antaa hiusten kuivua ilmassa tai f\u00f6\u00f6nata hiustenkuivaajalla.<\/p>\n\n\n\n<h2 class=\"wp-block-heading\">Varoitus<\/h2>\n\n\n\n<p>1. Valitse hiuksillesi sopivat tuotteet omien hiusten tarpeidesi mukaan;<\/p>\n\n\n\n<p>2. Ensimm\u00e4ist\u00e4 kertaa tulee tehd\u00e4 allergiatesti ja lopettaa k\u00e4ytt\u00f6, jos sopeutumista ei ole;<\/p>\n\n\n\n<p>3. V\u00e4lt\u00e4 liiallista k\u00e4ytt\u00f6\u00e4, ota sopiva m\u00e4\u00e4r\u00e4 hiustesi pituuden mukaan ja v\u00e4lt\u00e4 liiallista hiusten kuormitusta;<\/p>\n\n\n\n<p>4. V\u00e4lt\u00e4 toistuvaa k\u00e4ytt\u00f6\u00e4, on suositeltavaa k\u00e4ytt\u00e4\u00e4 1-2 kertaa viikossa, jos hiukset ovat harvat tai rasvaiset, voit lis\u00e4t\u00e4 k\u00e4ytt\u00f6kertoja sopivasti;<\/p>\n\n\n\n<p>5. On suositeltavaa s\u00e4ilytt\u00e4\u00e4 viile\u00e4ss\u00e4 ja kuivassa paikassa, v\u00e4ltt\u00e4\u00e4 suoraa auringonvaloa ja korkeita l\u00e4mp\u00f6tiloja.<\/p>\n\n\n\n<h2 class=\"wp-block-heading\">Johtop\u00e4\u00e4t\u00f6s<\/h2>\n\n\n\n<p>Tuotteissamme k\u00e4ytet\u00e4\u00e4n erilaisia luonnollisia kasviper\u00e4isi\u00e4 ainesosia ja eritt\u00e4in tehokkaita hiustenhoitoaineosia korvaamaan sulfaattia, ei vain tuotteesi terveyden, turvallisuuden ja ymp\u00e4rist\u00f6nsuojelutavoitteiden t\u00e4ytt\u00e4miseksi, shampoo ja hiustenhoitotuotteet haluavat yhdist\u00e4\u00e4 br\u00e4ndisi ominaisuudet saadakseen erottuvan kilpailuedun. Tietenkin tarjoamme my\u00f6s t\u00e4yden valikoiman r\u00e4\u00e4t\u00e4l\u00f6intipalveluita, olipa kyseess\u00e4 kaavan s\u00e4\u00e4t\u00f6 tai pakkaussuunnittelu, voimme luoda ainutlaatuisen tuotemerkin tarpeidesi mukaan. Jos olet kiinnostunut my\u00f6s sulfaatittomista shampoistamme ja hoitoaineistamme, ota yhteytt\u00e4.<\/p>","protected":false},"excerpt":{"rendered":"Shampoo And Conditioner Sulphate Free Manufacturing Common Formulas In the production of shampoo and conditioner sulphate free, we use a variety of natural ingredients to maintain a natural moisturizing barrier for the scalp. These ingredients work together to cleanse, care, and moisturize. 1. Aloe vera: Aloe vera can quickly replenish the moisture and nutrients needed [&hellip;]","protected":false},"featured_media":2374,"menu_order":0,"template":"","meta":[],"product-tag":[],"products":[54],"class_list":["post-2373","product","type-product","status-publish","has-post-thumbnail","hentry","products-shampoo-and-conditioner"],"acf":[],"_links":{"self":[{"href":"https:\/\/www.ruiqigo.com\/fi\/wp-json\/wp\/v2\/product\/2373","targetHints":{"allow":["GET"]}}],"collection":[{"href":"https:\/\/www.ruiqigo.com\/fi\/wp-json\/wp\/v2\/product"}],"about":[{"href":"https:\/\/www.ruiqigo.com\/fi\/wp-json\/wp\/v2\/types\/product"}],"version-history":[{"count":0,"href":"https:\/\/www.ruiqigo.com\/fi\/wp-json\/wp\/v2\/product\/2373\/revisions"}],"wp:featuredmedia":[{"embeddable":true,"href":"https:\/\/www.ruiqigo.com\/fi\/wp-json\/wp\/v2\/media\/2374"}],"wp:attachment":[{"href":"https:\/\/www.ruiqigo.com\/fi\/wp-json\/wp\/v2\/media?parent=2373"}],"wp:term":[{"taxonomy":"product-tag","embeddable":true,"href":"https:\/\/www.ruiqigo.com\/fi\/wp-json\/wp\/v2\/product-tag?post=2373"},{"taxonomy":"products","embeddable":true,"href":"https:\/\/www.ruiqigo.com\/fi\/wp-json\/wp\/v2\/products?post=2373"}],"curies":[{"name":"wp","href":"https:\/\/api.w.org\/{rel}","templated":true}]}}