{"id":242,"date":"2024-06-30T23:36:11","date_gmt":"2024-06-30T15:36:11","guid":{"rendered":"https:\/\/ruiqigo.com\/?post_type=product&#038;p=242"},"modified":"2024-09-20T09:56:45","modified_gmt":"2024-09-20T01:56:45","slug":"herbal-essences-shampoo","status":"publish","type":"product","link":"https:\/\/www.ruiqigo.com\/fi\/product\/herbal-essences-shampoo","title":{"rendered":"Yrttiesanssien shampoo"},"content":{"rendered":"<h3 class=\"wp-block-heading\">Yrtti-essenssien shampoiden valmistuksen yleiset kaavat<\/h3>\n\n\n\n<p>Herbal Essence -shampooomme on lis\u00e4tty laaja valikoima yrttiuutteita, kuten v\u00e4in\u00f6nputki, laventeli, ylang-ylang, patsuli, vehn\u00e4proteiini ja muita yrttiuutteita, sek\u00e4 eteerisi\u00e4 \u00f6ljyj\u00e4, kananuutetta (Melaleuca alternifolia), inkiv\u00e4\u00e4rin juuriuutetta, sapindus-lehtiuutetta, polygonatum odoratum -uutetta ja polygonum multiflorum -uutetta. N\u00e4ist\u00e4 v\u00e4in\u00f6nputkiuutteen uskotaan lis\u00e4\u00e4v\u00e4n verenkiertoa p\u00e4\u00e4nahassa, mik\u00e4 edist\u00e4\u00e4 hiusten kasvua ja v\u00e4hent\u00e4\u00e4 hiustenl\u00e4ht\u00f6\u00e4. Laventeli\u00f6ljy on tunnettu p\u00e4\u00e4nahan rauhoittamisesta ja bakteerien tappamisesta, ja se antaa my\u00f6s miellytt\u00e4v\u00e4n tuoksun. Inkiv\u00e4\u00e4rin juuri, siperianlehti ja polygonum multiflorum ovat luonnollisia herkkuja, joiden uskotaan auttavan hiuksia pysym\u00e4\u00e4n tervein\u00e4 ja kasvamaan paremmin.<\/p>\n\n\n\n<h3 class=\"wp-block-heading\">Herbal Essences -shampoon k\u00e4ytt\u00f6tarkoitukset<\/h3>\n\n\n\n<p>Herbal essences -shampoo sopii kaikkiin s\u00e4\u00e4olosuhteisiin, koska se on valmistettu luonnonmukaisista ainesosista ja on hell\u00e4varainen. Se toimii erinomaisesti sek\u00e4 kuivissa ett\u00e4 kosteissa paikoissa. Kuivalla s\u00e4\u00e4ll\u00e4 shampoon ainesosat, kuten vehn\u00e4proteiini, est\u00e4v\u00e4t hiuksia kuivumasta ja s\u00e4hk\u00f6isyydest\u00e4. Kostealla s\u00e4\u00e4ll\u00e4 yrtit, kuten shampoon ylang-ylang-\u00f6ljy, auttavat est\u00e4m\u00e4\u00e4n p\u00e4\u00e4nahan rasvoittumista, joten hiuksesi eiv\u00e4t n\u00e4yt\u00e4 rasvaisilta tai litteilt\u00e4. Voit my\u00f6s yhdist\u00e4\u00e4 sen\u2026 <a href=\"https:\/\/www.ruiqigo.com\/fi\/products\/conditioner\/\">luonnollinen hoitoaine <\/a>viel\u00e4 parempiin tuloksiin.<\/p>\n\n\n\n<h3 class=\"wp-block-heading\">Kenelle Herbal Essences -shampoo sopii?<\/h3>\n\n\n\n<p>Herbal Essence -shampoo on t\u00e4ydellinen niille, jotka suosivat luonnonmukaisia tuotteita ja v\u00e4litt\u00e4v\u00e4t ainesosien alkuper\u00e4st\u00e4. Se sopii my\u00f6s erinomaisesti ihmisille, joilla on p\u00e4\u00e4nahan ongelmia, kuten hilse, rasvainen tai kuiva p\u00e4\u00e4nahka tai herkk\u00e4 p\u00e4\u00e4nahka. Shampoon luonnolliset ainesosat voivat auttaa lievitt\u00e4m\u00e4\u00e4n n\u00e4it\u00e4 ongelmia. Lis\u00e4\u00e4 <a href=\"https:\/\/www.ruiqigo.com\/fi\/products\/shampoo\/\">luonnollisia ainesosia sis\u00e4lt\u00e4v\u00e4t shampoot<\/a> voit valita 3TOPista.<\/p>\n\n\n\n<h3 class=\"wp-block-heading\">Yrtti-essenssien shampoon tuotantoprosessi<\/h3>\n\n\n\n<p>Herbal Essence -shampoossa k\u00e4ytet\u00e4\u00e4n useita erityisi\u00e4 tuotantoprosesseja. Herbal Essence -shampoo valmistetaan kahdella erityisell\u00e4 tavalla. Ensinn\u00e4kin keitt\u00e4m\u00e4ll\u00e4 k\u00e4sin, mik\u00e4 on vanha tapa valmistaa aineksia perinteisill\u00e4 ty\u00f6kaluilla ja tekniikoilla, joissa kasvinosat sekoitetaan yhteen. Toiseksi h\u00f6yrytislaamalla kasveista saadaan tuoksuvat osat. N\u00e4it\u00e4 voidaan k\u00e4ytt\u00e4\u00e4 shampoon ainesosina. N\u00e4m\u00e4 erityiset tuotantoprosessit takaavat yrttiuutteisiin perustuvien shampooidemme luonnollisen laadun.<\/p>","protected":false},"excerpt":{"rendered":"Herbal essences shampoo manufacturing common formulas In our Herbal Essence Shampoo, we have added a very wide variety of herbal extracts, including Angelica, Lavender, Ylang Ylang, Patchouli, Wheat Protein and other herbal extracts, as well as essential oils, Channellus Extract (Melaleuca alternifolia), Ginger Root Extract, Sapindus Leaf Extract, Polygonatum odoratum Extract, and Polygonum multiflorum Extract. [&hellip;]","protected":false},"featured_media":243,"menu_order":0,"template":"","meta":[],"product-tag":[],"products":[51],"class_list":["post-242","product","type-product","status-publish","has-post-thumbnail","hentry","products-shampoo"],"acf":[],"_links":{"self":[{"href":"https:\/\/www.ruiqigo.com\/fi\/wp-json\/wp\/v2\/product\/242","targetHints":{"allow":["GET"]}}],"collection":[{"href":"https:\/\/www.ruiqigo.com\/fi\/wp-json\/wp\/v2\/product"}],"about":[{"href":"https:\/\/www.ruiqigo.com\/fi\/wp-json\/wp\/v2\/types\/product"}],"version-history":[{"count":0,"href":"https:\/\/www.ruiqigo.com\/fi\/wp-json\/wp\/v2\/product\/242\/revisions"}],"wp:featuredmedia":[{"embeddable":true,"href":"https:\/\/www.ruiqigo.com\/fi\/wp-json\/wp\/v2\/media\/243"}],"wp:attachment":[{"href":"https:\/\/www.ruiqigo.com\/fi\/wp-json\/wp\/v2\/media?parent=242"}],"wp:term":[{"taxonomy":"product-tag","embeddable":true,"href":"https:\/\/www.ruiqigo.com\/fi\/wp-json\/wp\/v2\/product-tag?post=242"},{"taxonomy":"products","embeddable":true,"href":"https:\/\/www.ruiqigo.com\/fi\/wp-json\/wp\/v2\/products?post=242"}],"curies":[{"name":"wp","href":"https:\/\/api.w.org\/{rel}","templated":true}]}}