{"id":2576,"date":"2025-01-07T13:52:35","date_gmt":"2025-01-07T05:52:35","guid":{"rendered":"https:\/\/ruiqigo.com\/?post_type=product&#038;p=2576"},"modified":"2025-01-07T13:52:38","modified_gmt":"2025-01-07T05:52:38","slug":"hydrating-facial-cleanser","status":"publish","type":"product","link":"https:\/\/www.ruiqigo.com\/fi\/product\/hydrating-facial-cleanser","title":{"rendered":"Kosteuttava kasvojen puhdistusaine"},"content":{"rendered":"<h2 class=\"wp-block-heading\">Kosteuttavien kasvojenpuhdistusaineiden valmistuksen yleiset kaavat<\/h2>\n\n\n\n<p>Tuotantoprosessissa olemme yhdist\u00e4neet useiden ihotyyppien ongelmat ja ottaneet k\u00e4ytt\u00f6\u00f6n suhteellisia ratkaisuja kehitt\u00e4\u00e4ksemme kosteuttavan puhdistusaineen, jota herk\u00e4t lihakset voivat k\u00e4ytt\u00e4\u00e4 turvallisesti. T\u00e4ss\u00e4 ovat sen t\u00e4rkeimm\u00e4t ainesosat:<\/p>\n\n\n\n<p>1. Hyaluronihappo: hyaluronihapolla on eritt\u00e4in kosteuttava komponentti, joka voi tarjota iholle riitt\u00e4v\u00e4sti kosteutta ja lukita veden tiukasti yll\u00e4pit\u00e4\u00e4kseen kosteustasapainoa. Lis\u00e4ksi se ehk\u00e4isee ihon karheutta ja kuivuutta ja auttaa ihoa palauttamaan kimmoisuuden ja kiillon.<\/p>\n\n\n\n<p>2. Keramidi: Keramidilla on voimakas kyky sitoa vett\u00e4. Se voi tunkeutua nopeasti ihon sarveiskerrokseen ja muodostaa verkostomaisen rakenteen, joka sitoo vett\u00e4 ja est\u00e4\u00e4 veden haihtumisen. Samalla se voi my\u00f6s korjata vaurioitunutta ihon suojakerrosta ja parantaa ihon puolustuskyky\u00e4 v\u00e4hent\u00e4\u00e4kseen ulkoisten \u00e4rsykkeiden aiheuttamia vaurioita iholle.<\/p>\n\n\n\n<p>3. Pinta-aktiiviset aineet: K\u00e4yt\u00e4mme mietoja pinta-aktiivisia aineita, jotka puhdistavat ihoa hell\u00e4varaisesti \u00e4rsytt\u00e4m\u00e4tt\u00e4 sit\u00e4, jopa herkiss\u00e4 lihaksissa.<\/p>\n\n\n\n<p>4. Kamomillauute: Kamomillalla on rauhoittava ja tulehdusta est\u00e4v\u00e4 vaikutus, joka voi rauhoittaa ihoa, auttaa lievitt\u00e4m\u00e4\u00e4n oireita, kuten punoitusta, kuivuutta ja kutinaa, sek\u00e4 palauttaa rauhan. Sill\u00e4 on luonnollisia antibakteerisia ja tulehdusta est\u00e4vi\u00e4 ominaisuuksia, se voi v\u00e4hent\u00e4\u00e4 ihon tulehdusta, edist\u00e4\u00e4 ihon korjausta ja paranemista sek\u00e4 v\u00e4hent\u00e4\u00e4 edelleen aknen esiintymist\u00e4. Pitk\u00e4aikainen k\u00e4ytt\u00f6 voi parantaa ihon kuntoa.<\/p>\n\n\n\n<p>5. Salisyylihappo: Salisyylihappo voi est\u00e4\u00e4 kasvojen ihon \u00f6ljyn erityst\u00e4, mik\u00e4 auttaa s\u00e4\u00e4telem\u00e4\u00e4n \u00f6ljytasapainoa ja tekem\u00e4\u00e4n ihosta raikkaamman. Sill\u00e4 on my\u00f6s antibakteerisia ominaisuuksia, jotka voivat v\u00e4hent\u00e4\u00e4 aknen esiintymist\u00e4. Samalla se voi my\u00f6s pehment\u00e4\u00e4 sarveiskerrosta, poistaa hell\u00e4varaisesti kuolleita ihosoluja, edist\u00e4\u00e4 epidermaalisten solujen uusiutumista ja tehd\u00e4 ihosta sile\u00e4mm\u00e4n ja herkemm\u00e4n.<\/p>\n\n\n\n<h2 class=\"wp-block-heading\">Kosteuttavan kasvojenpuhdistusaineen toiminnot<\/h2>\n\n\n\n<p>Kosteuttava puhdistusaineemme k\u00e4ytt\u00e4\u00e4 edistyneit\u00e4 valmistusprosesseja ja yhdist\u00e4\u00e4 useita eritt\u00e4in tehokkaita kosteuttavia ainesosia tarjotakseen sinulle miellytt\u00e4v\u00e4n ja turvallisen puhdistuskokemuksen. Katsotaanpa, mit\u00e4 se tekee:<\/p>\n\n\n\n<p>1. Hell\u00e4varainen puhdistus: Kosteuttava puhdistusaine k\u00e4ytt\u00e4\u00e4 hell\u00e4varaista koostumusta, joka ei ainoastaan poista tehokkaasti likaa, \u00f6ljy\u00e4 ja kosmetiikkaj\u00e4\u00e4mi\u00e4 ihon pinnalta, vaan ei my\u00f6sk\u00e4\u00e4n aiheuta kuivaa ja kire\u00e4\u00e4 ihoa, mik\u00e4 voi v\u00e4hent\u00e4\u00e4 ihon \u00e4rsytyst\u00e4 ja soveltuu my\u00f6s herkille lihaksille.<\/p>\n\n\n\n<p>2. Syv\u00e4kosteutus: Puhdistusaineemme sis\u00e4lt\u00e4\u00e4 useita luonnollisia kosteuttavia ainesosia, jotka voivat kosteuttaa syv\u00e4lt\u00e4 ihossa puhdistuksen aikana ja lukita kosteuden est\u00e4en kosteuden haihtumisen. Rasvoittuvalle iholle se voi my\u00f6s s\u00e4\u00e4dell\u00e4 \u00f6ljyn erityst\u00e4 yll\u00e4pit\u00e4en ihon vesi- ja \u00f6ljytasapainoa, jolloin iho on kosteutettumpi ja joustavampi.<\/p>\n\n\n\n<p>3. Rauhoittava ja korjaava vaikutus: Kamomilla ja muut kosteuttavan puhdistusaineen ainesosat rauhoittavat ja pehment\u00e4v\u00e4t ihoa, mik\u00e4 voi lievitt\u00e4\u00e4 ulkoisten ymp\u00e4rist\u00f6tekij\u00f6iden aiheuttamaa ep\u00e4mukavuutta ja v\u00e4hent\u00e4\u00e4 ihon herkkyytt\u00e4. Samalla se voi auttaa korjaamaan vaurioitunutta ihon suojakerrosta, parantaa ihon puolustuskyky\u00e4 ja tehd\u00e4 ihosta terveemm\u00e4n.<\/p>\n\n\n\n<p>5. Paranna ihoa: Kosteuttavat puhdistusaineet eiv\u00e4t ainoastaan v\u00e4henn\u00e4 aknen esiintymist\u00e4, vaan my\u00f6s vahvistavat ihon suojakerrosta. Pitk\u00e4kestoinen kosteuttava vaikutus tekee ihostasi herkemm\u00e4n, sile\u00e4mm\u00e4n ja joustavamman. Samalla ne kuorivat ihoa, tehden siit\u00e4 tasaisemman ja kirkkaamman. Siksi ne voivat parantaa ihon kuntoa ja pit\u00e4\u00e4 ihon terveen\u00e4.<\/p>\n\n\n\n<h2 class=\"wp-block-heading\">Kuinka k\u00e4ytt\u00e4\u00e4 kosteuttavaa kasvojenpuhdistusainetta?<\/h2>\n\n\n\n<p>Tuotteemme ovat helppok\u00e4ytt\u00f6isi\u00e4 ja turvallisia k\u00e4ytt\u00e4\u00e4, mik\u00e4 tekee niist\u00e4 erinomaisen puhdistusaineen. L\u00e4het\u00e4mme tuotteemme tiukkoihin dermatologisiin testeihin varmistaaksemme, ettei niiss\u00e4 ole lis\u00e4tty\u00e4 alkoholia, makuaineita, v\u00e4riaineita tai muita \u00e4rsytt\u00e4vi\u00e4 ainesosia, ja hoitaaksemme ihoasi hell\u00e4varaisesti.<\/p>\n\n\n\n<p>1. Kastele kasvosi ensin edist\u00e4\u00e4ksesi niiden puhtautta;<\/p>\n\n\n\n<p>2. Levit\u00e4 oikea m\u00e4\u00e4r\u00e4 kosteuttavaa kasvojenpuhdistusainetta k\u00e4mmenelle ja lis\u00e4\u00e4 hieman vett\u00e4 vaahdottaaksesi;<\/p>\n\n\n\n<p>3. Levit\u00e4 vaahto tasaisesti kasvoille ja hiero kevyesti;<\/p>\n\n\n\n<p>4. Huuhtele huolellisesti puhtaalla vedell\u00e4 varmistaaksesi, ettei vaahtoa j\u00e4\u00e4 j\u00e4ljelle;<\/p>\n\n\n\n<p>5. Kuivaa iho varovasti pyyhkeell\u00e4 ja k\u00e4yt\u00e4 sitten saman sarjan kosteuttavia tuotteita kosteutuksen tehostamiseksi.<\/p>\n\n\n\n<h2 class=\"wp-block-heading\">Varoitus<\/h2>\n\n\n\n<p>1. Valitse ihotyypillesi sopiva kosteuttava puhdistusaine;<\/p>\n\n\n\n<p>2. Ensimm\u00e4ist\u00e4 kertaa tulee tehd\u00e4 allergiatesti ja lopettaa k\u00e4ytt\u00f6 v\u00e4litt\u00f6m\u00e4sti, jos sopeutumista ei ole;<\/p>\n\n\n\n<p>3. On suositeltavaa k\u00e4ytt\u00e4\u00e4 kerran aamulla ja kerran illalla, jotta v\u00e4ltet\u00e4\u00e4n ihon suojakerroksen vaurioituminen usein toistuvan k\u00e4yt\u00f6n seurauksena;<\/p>\n\n\n\n<p>4. Kiinnit\u00e4 huomiota asianmukaisen m\u00e4\u00e4r\u00e4n periaatteeseen k\u00e4ytett\u00e4ess\u00e4, jotta v\u00e4lt\u00e4t liiallisen vaahdon, joka johtaa rasvaiseen ja paksuuntuneeseen ihoon;<\/p>\n\n\n\n<p>5. Kosteuttavien puhdistusaineiden k\u00e4ytt\u00f6\u00e4 on suositeltavaa s\u00e4\u00e4t\u00e4\u00e4 vuodenaikojen vaihteluiden mukaan;<\/p>\n\n\n\n<p>6. On suositeltavaa s\u00e4ilytt\u00e4\u00e4 viile\u00e4ss\u00e4 ja kuivassa paikassa, jotta suora auringonvalo ja korkeat l\u00e4mp\u00f6tilat eiv\u00e4t vaikuta tuotteen tehoon.<\/p>\n\n\n\n<h2 class=\"wp-block-heading\">Johtop\u00e4\u00e4t\u00f6s<\/h2>\n\n\n\n<p>Ammattimaisena kosteuttavien kasvojenpuhdistusaineiden valmistajana olemme luoneet jokaiselle ihotyypille erityisesti tarpeidesi ja iho-olosuhteidesi mukaan suunnitellun tuotteen. Tehokkuuden tutkimuksen lis\u00e4ksi kiinnit\u00e4mme suurta huomiota my\u00f6s tuotantoprosessin laatuun raaka-aineiden seulonnasta valmiin tuotteen pakkaukseen. Meill\u00e4 on tiukka laadunvalvontaj\u00e4rjestelm\u00e4 varmistaaksemme, ett\u00e4 jokainen kosteuttava puhdistusainepullo on turvallinen k\u00e4ytt\u00e4\u00e4. Samalla tarjoamme my\u00f6s t\u00e4yden valikoiman r\u00e4\u00e4t\u00e4l\u00f6ityj\u00e4 palveluita tarpeidesi mukaan, jotta voit luoda ainutlaatuisia, vahvasti br\u00e4nd\u00e4ttyj\u00e4 tuotteita ja saada kilpailuetua. Jos olet my\u00f6s kiinnostunut, ota meihin yhteytt\u00e4.<\/p>\n\n\n\n<p><\/p>","protected":false},"excerpt":{"rendered":"Hydrating Facial Cleanser Manufacturing Common Formulas In the production process, we have combined the problems of multiple skin types and adopted relative solutions to develop a moisturizing cleanser that sensitive muscles can safely use. Here are its main ingredients: 1. Hyaluronic acid: hyaluronic acid has a highly moisturizing component, which can provide adequate water for [&hellip;]","protected":false},"featured_media":2577,"menu_order":0,"template":"","meta":[],"product-tag":[],"products":[65],"class_list":["post-2576","product","type-product","status-publish","has-post-thumbnail","hentry","products-facial-cleanser"],"acf":[],"_links":{"self":[{"href":"https:\/\/www.ruiqigo.com\/fi\/wp-json\/wp\/v2\/product\/2576","targetHints":{"allow":["GET"]}}],"collection":[{"href":"https:\/\/www.ruiqigo.com\/fi\/wp-json\/wp\/v2\/product"}],"about":[{"href":"https:\/\/www.ruiqigo.com\/fi\/wp-json\/wp\/v2\/types\/product"}],"version-history":[{"count":0,"href":"https:\/\/www.ruiqigo.com\/fi\/wp-json\/wp\/v2\/product\/2576\/revisions"}],"wp:featuredmedia":[{"embeddable":true,"href":"https:\/\/www.ruiqigo.com\/fi\/wp-json\/wp\/v2\/media\/2577"}],"wp:attachment":[{"href":"https:\/\/www.ruiqigo.com\/fi\/wp-json\/wp\/v2\/media?parent=2576"}],"wp:term":[{"taxonomy":"product-tag","embeddable":true,"href":"https:\/\/www.ruiqigo.com\/fi\/wp-json\/wp\/v2\/product-tag?post=2576"},{"taxonomy":"products","embeddable":true,"href":"https:\/\/www.ruiqigo.com\/fi\/wp-json\/wp\/v2\/products?post=2576"}],"curies":[{"name":"wp","href":"https:\/\/api.w.org\/{rel}","templated":true}]}}