{"id":2591,"date":"2025-01-09T10:16:02","date_gmt":"2025-01-09T02:16:02","guid":{"rendered":"https:\/\/ruiqigo.com\/?post_type=product&#038;p=2591"},"modified":"2025-01-09T10:16:37","modified_gmt":"2025-01-09T02:16:37","slug":"salicylic-acid-facial-cleanser","status":"publish","type":"product","link":"https:\/\/www.ruiqigo.com\/fi\/product\/salicylic-acid-facial-cleanser","title":{"rendered":"Salisyylihappo kasvojen puhdistusaine"},"content":{"rendered":"<h2 class=\"wp-block-heading\">Salisyylihappoa sis\u00e4lt\u00e4vien kasvojenpuhdistusaineiden valmistuksen yleiset kaavat<\/h2>\n\n\n\n<p>Salisyylihappopuhdistusprosessi voi olla \u00e4rsytt\u00e4v\u00e4, joten lis\u00e4simme koostumuksen tutkimusvaiheessa erilaisia mietoja pinta-aktiivisia aineita ja luonnollisia kosteuttavia ainesosia. T\u00e4m\u00e4n tavoitteena on v\u00e4hent\u00e4\u00e4 iho\u00e4rsytyst\u00e4 ja tehd\u00e4 tuotteesta sopiva useimmille ihotyypeille.<\/p>\n\n\n\n<p>1. Salisyylihappo: Salisyylihappo on tuotteen ydinainesosa ja my\u00f6s kuoriva aine. Se ei ainoastaan tunkeudu syv\u00e4lle ihohuokosiin, liuota niihin kertynytt\u00e4 \u00f6ljy\u00e4 ja likaa ja est\u00e4 ihohuokosten tukkeutumista, mik\u00e4 v\u00e4hent\u00e4\u00e4 finnien ja mustap\u00e4iden muodostumista. Se voi my\u00f6s v\u00e4hent\u00e4\u00e4 ylim\u00e4\u00e4r\u00e4ist\u00e4 \u00f6ljy\u00e4 ja tasapainottaa \u00f6ljyn erityst\u00e4, mik\u00e4 edist\u00e4\u00e4 liiallisen \u00f6ljyn aiheuttamien iho-ongelmien, kuten aknen ja aknen, v\u00e4hent\u00e4mist\u00e4. Samalla salisyylihappo voi my\u00f6s edist\u00e4\u00e4 uusien solujen kasvua, parantaa ihon ik\u00e4\u00e4ntymisen ongelmia ja tehd\u00e4 ihosta sile\u00e4mm\u00e4n ja herkemm\u00e4n.<\/p>\n\n\n\n<p>2. Niasiiniamidi: niasiiniamidi voi parantaa ihon suojakerrosta ja sill\u00e4 on tietty antioksidanttinen vaikutus, joka voi vastustaa ulkoisen ymp\u00e4rist\u00f6n iholle aiheuttamia vaurioita. Sen lis\u00e4ksi sill\u00e4 on rooli ihon kirkastamisessa, tahrojen ja sameuden v\u00e4hent\u00e4misess\u00e4 sek\u00e4 ihon l\u00e4pin\u00e4kyvyyden parantamisessa.<\/p>\n\n\n\n<p>3. Hyaluronihappo: Hyaluronihappo on yleinen kosteuttava ainesosa, joka antaa iholle pitk\u00e4kestoisen kosteuttavan vaikutuksen. Yhdess\u00e4 salisyylihapon kanssa k\u00e4ytettyn\u00e4 se tasapainottaa salisyylihapon aiheuttamaa kuivuutta ja lievitt\u00e4\u00e4 ihon \u00e4rsytyst\u00e4 pit\u00e4en ihon kosteutettuna.<\/p>\n\n\n\n<p>4. Retinoli: Retinolilla on voimakas ik\u00e4\u00e4ntymist\u00e4 ehk\u00e4isev\u00e4 vaikutus, se voi edist\u00e4\u00e4 solujen uusiutumista ja kollageenin tuotantoa, mik\u00e4 palauttaa ihon kimmoisuuden ja kimmoisuuden. Samalla se voi my\u00f6s v\u00e4hent\u00e4\u00e4 \u00f6ljyn erityst\u00e4 ja parantaa \u00f6ljynhallintaa.<\/p>\n\n\n\n<h2 class=\"wp-block-heading\">Salisyylihappokasvojenpuhdistusaineen toiminnot<\/h2>\n\n\n\n<p>Ammattimaisena salisyylihappoa sis\u00e4lt\u00e4vien kasvojenpuhdistusaineiden valmistajana olemme sitoutuneet tarjoamaan sinulle eritt\u00e4in tehokkaita ihonhoitoratkaisuja. Siksi k\u00e4yt\u00e4mme edistynytt\u00e4 tuotantoteknologiaa varmistaaksemme, ett\u00e4 sen vaikutus s\u00e4ilyy mahdollisimman tehokkaasti ja ett\u00e4 sill\u00e4 on suurin mahdollinen vaikutus. T\u00e4ss\u00e4 ovat sen p\u00e4\u00e4toiminnot:<\/p>\n\n\n\n<p>1. Kuorinta: K\u00e4yt\u00e4 salisyylihappopuhdistusainetta kuolleiden ihosolujen poistamiseen, suuren m\u00e4\u00e4r\u00e4n kertyneen ik\u00e4\u00e4ntyneen ihon liuottamiseen ja poistamiseen hell\u00e4varaisesti, mik\u00e4 edist\u00e4\u00e4 uusien solujen kasvua ja j\u00e4tt\u00e4\u00e4 ihon sile\u00e4mm\u00e4ksi ja herkemm\u00e4ksi.<\/p>\n\n\n\n<p>2. \u00d6ljytasapaino: Puhdistusaineemme voi avata tukkeutuneita ihohuokosia ja poistaa samalla ylim\u00e4\u00e4r\u00e4ist\u00e4 \u00f6ljy\u00e4, mik\u00e4 kontrolloi erityisesti \u00f6ljyrokkolihasten \u00f6ljytasapainoa. Kiillon v\u00e4hent\u00e4minen pit\u00e4\u00e4 kasvot raikkaina ja kireiden tunteiden poissa.<\/p>\n\n\n\n<p>3. Puhdistaa aknen: Salisyylihappo on l\u00e4p\u00e4isev\u00e4\u00e4 ja voi puhdistaa ihohuokoset syv\u00e4lt\u00e4 ja est\u00e4\u00e4 huokosten tukkeutumisen. Se my\u00f6s hidastaa ihosolujen irtoamista karvatupista, mik\u00e4 v\u00e4hent\u00e4\u00e4 mustap\u00e4iden ja finnien muodostumista.<\/p>\n\n\n\n<p>4. Paranna ihon laatua: salisyylihappoa sis\u00e4lt\u00e4v\u00e4 puhdistusaine voi edist\u00e4\u00e4 epidermaalisten solujen uusiutumista, mik\u00e4 voi paitsi est\u00e4\u00e4 pigmentaatiota my\u00f6s hidastaa ihon ik\u00e4\u00e4ntymist\u00e4 ja tehd\u00e4 ihosta kiinte\u00e4mm\u00e4n. Samalla kasvojenpuhdistusaineen valkaisevat ainesosat auttavat my\u00f6s vaalentamaan ihoa ja h\u00e4ivytt\u00e4m\u00e4\u00e4n l\u00e4iski\u00e4.<\/p>\n\n\n\n<p>5. Antibakteerinen ja tulehdusta est\u00e4v\u00e4: Puhdistusaineellamme on antibakteerisia ja tulehdusta est\u00e4vi\u00e4 vaikutuksia, jotka voivat lievitt\u00e4\u00e4 kasvojen punoitusta ja \u00e4rsytyst\u00e4, v\u00e4hent\u00e4\u00e4 aknea ja tulehdusta sek\u00e4 nopeuttaa aknen paranemista.<\/p>\n\n\n\n<h2 class=\"wp-block-heading\">Kuinka k\u00e4ytt\u00e4\u00e4 salisyylihappoa sis\u00e4lt\u00e4v\u00e4\u00e4 kasvojenpuhdistusainetta?<\/h2>\n\n\n\n<p>Valmistamme eri pitoisuuksia salisyylihappoa sis\u00e4lt\u00e4vi\u00e4 kasvojenpuhdistusaineita, joista voit valita itsellesi sopivan. Aloittelijat suosittelevat aloittamaan pienemm\u00e4ll\u00e4 pitoisuudella, jotta toleranssi kasvaa v\u00e4hitellen, jotta kasvojen iho ei \u00e4rsyynny. Samalla merkitsemme my\u00f6s pakkauksen k\u00e4ytt\u00f6ohjeet:<\/p>\n\n\n\n<p>1. Kostuta kasvot ensin l\u00e4mpim\u00e4ll\u00e4 vedell\u00e4 vaahtoamisen helpottamiseksi;<\/p>\n\n\n\n<p>2. Levit\u00e4 sopiva m\u00e4\u00e4r\u00e4 salisyylihappoa sis\u00e4lt\u00e4v\u00e4\u00e4 kasvojenpuhdistusainetta k\u00e4mmenelle ja hiero sit\u00e4 vaahtoamaan. Levit\u00e4 vaahto tasaisesti kasvoille ja hiero hell\u00e4varaisesti py\u00f6rivin liikkein kahta kohtaa. Huomaa, ett\u00e4 T-alueen \u00f6ljyyntyneit\u00e4 alueita voi hieroa jonkin aikaa \u00f6ljyn ja lian poistamiseksi.<\/p>\n\n\n\n<p>3. Huuhtele vaahto puhtaalla vedell\u00e4 hieronnan j\u00e4lkeen varmistaaksesi, ettei siihen j\u00e4\u00e4 j\u00e4\u00e4mi\u00e4;<\/p>\n\n\n\n<p>4. Kuivaa iho varovasti pyyhkeell\u00e4 ja k\u00e4yt\u00e4 sit\u00e4 sitten saman sarjan kosteuttavien tuotteiden kanssa p\u00e4iv\u00e4ll\u00e4 yhdess\u00e4 aurinkosuojatuotteiden kanssa. Koska salisyylihappo tekee ihosta herkemm\u00e4n auringolle, aurinkovoidetta voidaan k\u00e4ytt\u00e4\u00e4 suojaamaan UV-s\u00e4teilt\u00e4.<\/p>\n\n\n\n<h2 class=\"wp-block-heading\">Varoitus<\/h2>\n\n\n\n<p>1. Valitse ihotyypillesi sopiva salisyylihappoa sis\u00e4lt\u00e4v\u00e4 kasvojenpuhdistusaine k\u00e4yt\u00f6n aikana;<\/p>\n\n\n\n<p>2. Allergiatesti on teht\u00e4v\u00e4 ensimm\u00e4isell\u00e4 k\u00e4ytt\u00f6kerralla, ja k\u00e4ytt\u00f6 on lopetettava v\u00e4litt\u00f6m\u00e4sti, jos ilmenee ep\u00e4mukavuutta;<\/p>\n\n\n\n<p>3. Kiinnit\u00e4 huomiota k\u00e4ytt\u00f6tiheyteen, on suositeltavaa k\u00e4ytt\u00e4\u00e4 kerran aamulla ja illalla. Aloittelijat voivat v\u00e4hitellen lis\u00e4t\u00e4 k\u00e4ytt\u00f6\u00e4 2\u20133 kerrasta viikossa p\u00e4ivitt\u00e4iseen k\u00e4ytt\u00f6\u00f6n iho-olosuhteiden mukaan.<\/p>\n\n\n\n<p>4. Jos sinulla on erityisi\u00e4 iho-ongelmia, sit\u00e4 tulee k\u00e4ytt\u00e4\u00e4 l\u00e4\u00e4k\u00e4rin ohjeiden mukaan;<\/p>\n\n\n\n<p>5. Raskaana olevien ja imett\u00e4vien naisten tulee neuvotella l\u00e4\u00e4k\u00e4rin kanssa ennen k\u00e4ytt\u00f6\u00e4;<\/p>\n\n\n\n<p>6. On suositeltavaa s\u00e4ilytt\u00e4\u00e4 viile\u00e4ss\u00e4 ja kuivassa paikassa suoran auringonvalon ja korkeiden l\u00e4mp\u00f6tilojen v\u00e4ltt\u00e4miseksi.<\/p>\n\n\n\n<h2 class=\"wp-block-heading\">Johtop\u00e4\u00e4t\u00f6s<\/h2>\n\n\n\n<p>Korkealaatuiseen tuotantoon keskittyv\u00e4n\u00e4 salisyylihapon valmistajana meill\u00e4 on ammattitaitoinen tutkimus- ja kehitystiimi, jolla on runsaasti kokemusta ihonhoitotuotteiden kehitt\u00e4misest\u00e4 ja tuotannosta. Samalla meill\u00e4 on tiukka laadunvalvontaj\u00e4rjestelm\u00e4 jokaisessa vaiheessa raaka-aineiden hankinnasta tuotantoon ja pakkaamiseen varmistaaksemme jokaisen tuotteen tehokkuuden ja turvallisuuden. Lis\u00e4ksi tarjoamme kattavia r\u00e4\u00e4t\u00e4l\u00f6intipalveluita ja pyrimme t\u00e4ydellisyyteen varmistaaksemme, ett\u00e4 br\u00e4ndisi erottuu markkinoilla. Jos olet my\u00f6s kiinnostunut, ota meihin yhteytt\u00e4.<\/p>","protected":false},"excerpt":{"rendered":"Salicylic Acid Facial Cleanser Manufacturing Common Formulas The salicylic acid cleansing process can be irritating, so we added a variety of mild surfactants and natural moisturizing ingredients during formulation research. This aim is to reduce skin irritation and make the product suitable for most skin types. 1. Salicylic acid: Salicylic acid is the core ingredient [&hellip;]","protected":false},"featured_media":2592,"menu_order":0,"template":"","meta":[],"product-tag":[],"products":[65],"class_list":["post-2591","product","type-product","status-publish","has-post-thumbnail","hentry","products-facial-cleanser"],"acf":[],"_links":{"self":[{"href":"https:\/\/www.ruiqigo.com\/fi\/wp-json\/wp\/v2\/product\/2591","targetHints":{"allow":["GET"]}}],"collection":[{"href":"https:\/\/www.ruiqigo.com\/fi\/wp-json\/wp\/v2\/product"}],"about":[{"href":"https:\/\/www.ruiqigo.com\/fi\/wp-json\/wp\/v2\/types\/product"}],"version-history":[{"count":0,"href":"https:\/\/www.ruiqigo.com\/fi\/wp-json\/wp\/v2\/product\/2591\/revisions"}],"wp:featuredmedia":[{"embeddable":true,"href":"https:\/\/www.ruiqigo.com\/fi\/wp-json\/wp\/v2\/media\/2592"}],"wp:attachment":[{"href":"https:\/\/www.ruiqigo.com\/fi\/wp-json\/wp\/v2\/media?parent=2591"}],"wp:term":[{"taxonomy":"product-tag","embeddable":true,"href":"https:\/\/www.ruiqigo.com\/fi\/wp-json\/wp\/v2\/product-tag?post=2591"},{"taxonomy":"products","embeddable":true,"href":"https:\/\/www.ruiqigo.com\/fi\/wp-json\/wp\/v2\/products?post=2591"}],"curies":[{"name":"wp","href":"https:\/\/api.w.org\/{rel}","templated":true}]}}