{"id":2598,"date":"2025-01-10T15:23:06","date_gmt":"2025-01-10T07:23:06","guid":{"rendered":"https:\/\/ruiqigo.com\/?post_type=product&#038;p=2598"},"modified":"2025-01-10T15:23:54","modified_gmt":"2025-01-10T07:23:54","slug":"jasmine-essential-oil","status":"publish","type":"product","link":"https:\/\/www.ruiqigo.com\/fi\/product\/jasmine-essential-oil","title":{"rendered":"Jasmiinin eteerinen \u00f6ljy"},"content":{"rendered":"<h2 class=\"wp-block-heading\">Jasmiinin eteeristen \u00f6ljyjen valmistuksen yleiset kaavat<\/h2>\n\n\n\n<p>Jasmiinin eteerisen \u00f6ljyn tuotannossa k\u00e4yt\u00e4mme kehittynytt\u00e4 matalan l\u00e4mp\u00f6tilan uuttoteknologiaa maksimoidaksemme sen luonnollisten aktiivisten ainesosien s\u00e4ilymisen. Samaan aikaan eteerisen \u00f6ljyn pitoisuus on liian korkea, ja perus\u00f6ljy\u00e4 lis\u00e4t\u00e4\u00e4n yleens\u00e4 laimentamaan levitett\u00e4ess\u00e4. Ja voimme auttaa sinua sovittamaan \u00f6ljyn hoidon eri osiin.<\/p>\n\n\n\n<p>1. Jasmiinin eteerinen \u00f6ljy: Ydinainesosana sill\u00e4 ei ole vain vahva kosteuttava kyky, vaan se voi my\u00f6s t\u00e4ydent\u00e4\u00e4 kosteutta p\u00e4\u00e4nahalle ja iholle tarjoten kest\u00e4v\u00e4n kosteuttavan vaikutuksen. Se sis\u00e4lt\u00e4\u00e4 my\u00f6s runsaasti antioksidantteja, jotka voivat hidastaa ik\u00e4\u00e4ntymist\u00e4 ja edist\u00e4\u00e4 hiusten kasvua. Lis\u00e4ksi sill\u00e4 on antibakteerisia ominaisuuksia, jotka voivat v\u00e4hent\u00e4\u00e4 hilsett\u00e4, lievitt\u00e4\u00e4 p\u00e4\u00e4nahan kutinaa ja tulehdusta sek\u00e4 pit\u00e4\u00e4 hiukset tuoreina.<\/p>\n\n\n\n<p>2. Kookos\u00f6ljy: Kookos\u00f6ljy sis\u00e4lt\u00e4\u00e4 E-vitamiinia ja antioksidantteja, jotka voivat auttaa korjaamaan vaurioituneita hiuksia, v\u00e4hent\u00e4m\u00e4\u00e4n katkeilua ja haaroittuneita hiuksia sek\u00e4 tekem\u00e4\u00e4n hiuksista vahvemmat ja terveemm\u00e4t. Se tarjoaa my\u00f6s ravinteita hiuksille, edist\u00e4\u00e4 hiusten kasvua ja lis\u00e4\u00e4 kiiltoa.<\/p>\n\n\n\n<p>3. Aloe Vera: Aloe Vera sis\u00e4lt\u00e4\u00e4 runsaasti luonnollisia kosteuttavia tekij\u00f6it\u00e4, jotka voivat kosteuttaa ihoa syv\u00e4sti ja est\u00e4\u00e4 ihon kuivumista. Se sis\u00e4lt\u00e4\u00e4 my\u00f6s suuren m\u00e4\u00e4r\u00e4n vitamiineja, jotka auttavat edist\u00e4m\u00e4\u00e4n solujen uusiutumista ja korjaamista, korjaaen siten vaurioitunutta ihoa ja tarjoavat pehme\u00e4n silkkisen koostumuksen.<\/p>\n\n\n\n<p>4. Oliivi\u00f6ljy: Oliivi\u00f6ljy voi hallita \u00f6ljy\u00e4 ja lievitt\u00e4\u00e4 p\u00e4\u00e4nahan \u00f6ljyn ja kutinan oireita. Se auttaa my\u00f6s vaalentamaan hiusten kiiltoa, ehk\u00e4isem\u00e4\u00e4n hiusten katkeilua ja hoitamaan hiuksia, joissa on halkeamat hiukset. Lis\u00e4ksi oliivi\u00f6ljyss\u00e4 on runsaasti rasvahappoja, jotka voivat tehokkaasti kosteuttaa ihoa ja tehd\u00e4 ihosta sile\u00e4mm\u00e4n. Sill\u00e4 on my\u00f6s tietty antioksidanttivaikutus, joka voi edist\u00e4\u00e4 kollageenin tuotantoa, hidastaa ihon ik\u00e4\u00e4ntymist\u00e4 ja lis\u00e4t\u00e4 ihon joustavuutta.<\/p>\n\n\n\n<p>5. Muskottip\u00e4hkin\u00e4n eteerinen \u00f6ljy: Muskottip\u00e4hkin\u00e4n eteerinen \u00f6ljy sis\u00e4lt\u00e4\u00e4 tulehdusta est\u00e4vi\u00e4 yhdisteit\u00e4, se voi lievitt\u00e4\u00e4 ihon kutinaa, \u00e4rsytyst\u00e4 ja muuta ep\u00e4mukavuutta ja jopa ihon s\u00e4vy\u00e4. Samalla se sis\u00e4lt\u00e4\u00e4 runsaasti vitamiineja, jotka voivat edist\u00e4\u00e4 ihon aineenvaihduntaa parantaen ihon kuivumista, hilseily\u00e4 ja muita ongelmia.<\/p>\n\n\n\n<h2 class=\"wp-block-heading\">Jasmiinin eteerisen \u00f6ljyn toiminnot<\/h2>\n\n\n\n<p>Ammattimaisena jasmiinin eteeristen \u00f6ljyjen valmistajana olemme sitoutuneet luomaan korkealaatuisia tuotteita. Raaka-aineita ei ole valittu huolella, vaan my\u00f6s tiukka laadunhallintaj\u00e4rjestelm\u00e4 on asetettu jokaiselle tuotantolinkille, jotta jokainen pisara eteerist\u00e4 \u00f6ljy\u00e4 voi tuoda sinulle mukavan kokemuksen.<\/p>\n\n\n\n<p>1. Ravitse hiuksia: Jasmiinin eteerinen \u00f6ljy voi tarjota hiuksille tarvittavaa kosteutta ja ravintoa, jotta hiukset kiilt\u00e4v\u00e4t. Se on my\u00f6s hyv\u00e4 korjaamaan kuivia ja vaurioituneita hiuksia, tasoittamaan p\u00f6rr\u00f6isyytt\u00e4 ja ehk\u00e4isem\u00e4\u00e4n p\u00e4iden katkeilua ja katkeilua.<\/p>\n\n\n\n<p>2. Suojaa p\u00e4\u00e4nahan terveytt\u00e4: Jasmiinin antibakteeriset ominaisuudet voivat rauhoittaa kutiavaa p\u00e4\u00e4nahkaa ja est\u00e4\u00e4 hilsett\u00e4 ja p\u00e4\u00e4nahan tulehdusta pit\u00e4en n\u00e4in p\u00e4\u00e4nahan raikkaana ja terveen\u00e4. Lis\u00e4ksi sill\u00e4 on my\u00f6s tietty vaikutus p\u00e4\u00e4t\u00e4iden hillitsemiseen.<\/p>\n\n\n\n<p>3. Kosteuttava ihonhoito: Jasmiinin eteerisess\u00e4 \u00f6ljyss\u00e4 oleva kosteuttava tekij\u00e4 voi parantaa ihon kuivaa tilaa, tarjota kest\u00e4v\u00e4n kosteuttavan vaikutuksen ja tehd\u00e4 ihostasi kosteutetun ja sile\u00e4mm\u00e4n.<\/p>\n\n\n\n<p>4. Korjaa akne: Eteerinen \u00f6ljymme vaikuttaa my\u00f6s akneen, sen antibakteeriset ja anti-inflammatoriset ominaisuudet edist\u00e4v\u00e4t aknen punoituksen, kivun ja muun ep\u00e4mukavuuden aiheuttamaa ihon pintaa, korjaavat vaurioitunutta ihoa, vahvistavat ihon suojakerrosta ja tekev\u00e4t ihostasi terveemm\u00e4n.<\/p>\n\n\n\n<p>5. Lievitt\u00e4\u00e4 stressi\u00e4: Jasmiinin ainutlaatuinen aromi ei ainoastaan rauhoittaa tunnetiloja ja hermotoimintaa, vaan my\u00f6s lievitt\u00e4\u00e4 stressi\u00e4 ja masennusta sek\u00e4 rentouttaa kehoa ja mielt\u00e4. Samalla se voi my\u00f6s lis\u00e4t\u00e4 valppautta, mik\u00e4 parantaa keskittymiskyky\u00e4.<\/p>\n\n\n\n<h2 class=\"wp-block-heading\">Kuinka k\u00e4ytt\u00e4\u00e4 jasmiinin eteerist\u00e4 \u00f6ljy\u00e4?<\/h2>\n\n\n\n<p>Jasmiinin eteerist\u00e4 \u00f6ljy\u00e4 k\u00e4ytet\u00e4\u00e4n laajalti, joten sit\u00e4 k\u00e4ytet\u00e4\u00e4n eri tavoin. Merkitsemme sen toiminnan pakkaukseen, jotta voit k\u00e4ytt\u00e4\u00e4 sit\u00e4 turvallisesti.<\/p>\n\n\n\n<p>1. Aromaterapian k\u00e4ytt\u00f6: Tiputa 1-2 tippaa jasmiinin eteerist\u00e4 \u00f6ljy\u00e4 aromaterapialamppuun tai diffuusoriin t\u00e4ytt\u00e4\u00e4ksesi koko huoneen aromilla. Luotu tuoksu on hyv\u00e4 rauhoittamaan kehoa ja mielt\u00e4, v\u00e4hent\u00e4m\u00e4\u00e4n stressi\u00e4 ja v\u00e4symyst\u00e4.<\/p>\n\n\n\n<p>2. Hierontak\u00e4ytt\u00f6: Sekoita eteerinen \u00f6ljymme suhteessa muihin perus\u00f6ljyihin ja levit\u00e4 vartalolle tai kasvoille. Se ei vain edist\u00e4 verenkiertoa, vaan my\u00f6s parantaa veden puutetta ja kuivaa ihoa.<\/p>\n\n\n\n<p>3. K\u00e4ytt\u00f6: Hiusten pesussa eteerist\u00e4 jasmiini\u00f6ljy\u00e4 voidaan sekoittaa shampoon tai hoitoaineeseen k\u00e4yt\u00f6n suhteessa, mik\u00e4 voi vahvistaa hiusten hoitavaa vaikutusta.<\/p>\n\n\n\n<h2 class=\"wp-block-heading\">Varoitus<\/h2>\n\n\n\n<p>1. Advanced allerginen testi ennen k\u00e4ytt\u00f6\u00e4, jos on haittavaikutuksia tulee v\u00e4litt\u00f6m\u00e4sti lopettaa k\u00e4ytt\u00f6;<\/p>\n\n\n\n<p>2. Jasmiinin eteerisen \u00f6ljyn pitoisuus on korkea, joten se on suositeltavaa laimentaa perus\u00f6ljyll\u00e4 v\u00e4ltt\u00e4\u00e4ksesi \u00e4rsytyst\u00e4 aiheuttavan suoran k\u00e4yt\u00f6n;<\/p>\n\n\n\n<p>3. Raskaana olevien naisten, lasten ja mielenterveysongelmista k\u00e4rsivien tulee v\u00e4ltt\u00e4\u00e4 k\u00e4ytt\u00f6\u00e4, jos tarpeen, k\u00e4yt\u00e4 l\u00e4\u00e4k\u00e4rin opastuksella;<\/p>\n\n\n\n<p>4. Kiinnit\u00e4 huomiota annostukseen k\u00e4yt\u00f6n aikana v\u00e4ltt\u00e4\u00e4ksesi liiallisen ep\u00e4mukavuuden iholle;<\/p>\n\n\n\n<p>5. On suositeltavaa s\u00e4ilytt\u00e4\u00e4 viile\u00e4ss\u00e4 ja kuivassa paikassa ja v\u00e4ltt\u00e4\u00e4 suoraa auringonvaloa ja korkeita l\u00e4mp\u00f6tiloja.<\/p>\n\n\n\n<h2 class=\"wp-block-heading\">Johtop\u00e4\u00e4t\u00f6s<\/h2>\n\n\n\n<p>Jasmiinin eteeristen \u00f6ljyjen markkinoilla tuotteemme tuovat asiakkailleen ainutlaatuisen hoitokokemuksen ainutlaatuisilla vaikutuksilla, ja niist\u00e4 tulee yksi monien ihonhoitobr\u00e4ndien ja SPA-keskusten yhteisty\u00f6kumppaneista. Huippuluokan tuotannon valmistajana emme vain valitse korkealaatuisia jasmiinikukkia, vaan my\u00f6s integroimme nykyaikaisen teknologian puhdistusprosesseja varmistaaksemme, ett\u00e4 jokainen pullo voi tarjota sinulle tehokkaan hoidon. Lis\u00e4ksi tarjoamme my\u00f6s r\u00e4\u00e4t\u00e4l\u00f6ityj\u00e4 palveluja luodaksesi Jasmine eteerisen \u00f6ljyn br\u00e4ndisi tarpeidesi mukaan. Jos olet my\u00f6s kiinnostunut, ota yhteytt\u00e4.<\/p>","protected":false},"excerpt":{"rendered":"Jasmine Essential Oil Manufacturing Common Formulas In the production of jasmine essential oil, we use advanced low-temperature extraction technology to maximize the retention of its natural active ingredients. At the same time, the concentration of essential oil is too high, and the base oil is usually added to dilute when applied. And we can help [&hellip;]","protected":false},"featured_media":2599,"menu_order":0,"template":"","meta":[],"product-tag":[],"products":[53],"class_list":["post-2598","product","type-product","status-publish","has-post-thumbnail","hentry","products-essential-oil"],"acf":[],"_links":{"self":[{"href":"https:\/\/www.ruiqigo.com\/fi\/wp-json\/wp\/v2\/product\/2598","targetHints":{"allow":["GET"]}}],"collection":[{"href":"https:\/\/www.ruiqigo.com\/fi\/wp-json\/wp\/v2\/product"}],"about":[{"href":"https:\/\/www.ruiqigo.com\/fi\/wp-json\/wp\/v2\/types\/product"}],"version-history":[{"count":0,"href":"https:\/\/www.ruiqigo.com\/fi\/wp-json\/wp\/v2\/product\/2598\/revisions"}],"wp:featuredmedia":[{"embeddable":true,"href":"https:\/\/www.ruiqigo.com\/fi\/wp-json\/wp\/v2\/media\/2599"}],"wp:attachment":[{"href":"https:\/\/www.ruiqigo.com\/fi\/wp-json\/wp\/v2\/media?parent=2598"}],"wp:term":[{"taxonomy":"product-tag","embeddable":true,"href":"https:\/\/www.ruiqigo.com\/fi\/wp-json\/wp\/v2\/product-tag?post=2598"},{"taxonomy":"products","embeddable":true,"href":"https:\/\/www.ruiqigo.com\/fi\/wp-json\/wp\/v2\/products?post=2598"}],"curies":[{"name":"wp","href":"https:\/\/api.w.org\/{rel}","templated":true}]}}