{"id":269,"date":"2024-07-05T16:45:37","date_gmt":"2024-07-05T08:45:37","guid":{"rendered":"https:\/\/ruiqigo.com\/?post_type=product&#038;p=269"},"modified":"2024-11-15T16:39:48","modified_gmt":"2024-11-15T08:39:48","slug":"peppermint-essential-oil","status":"publish","type":"product","link":"https:\/\/www.ruiqigo.com\/fi\/product\/peppermint-essential-oil","title":{"rendered":"Piparmintun eteerinen \u00f6ljy"},"content":{"rendered":"<h2 class=\"wp-block-heading\">Piparmintun eteerisen \u00f6ljyn valmistuksen yleiset kaavat<\/h2>\n\n\n\n<p>Piparminttu\u00f6ljyn valmistus tapahtuu p\u00e4\u00e4asiassa piparminttukasvin lehtien ja varsien korjaamisen ja sitten uutteen uuttamisen h\u00f6yrytislauksella. Tislausprosessin aikana, kuten kest\u00e4v\u00e4n piparminttu\u00f6ljyn valmistajan, kasvimateriaali kuumennetaan ja vapautunut piparminttu\u00f6ljyh\u00f6yry j\u00e4\u00e4hdytet\u00e4\u00e4n ja tiivistet\u00e4\u00e4n nesteeksi, joka sitten erotetaan vedest\u00e4 puhtaan piparmintun eteerisen \u00f6ljyn saamiseksi. T\u00e4m\u00e4 prosessi vaatii tiukkaa l\u00e4mp\u00f6tilan ja ajan valvontaa \u00f6ljyn puhtauden ja aktiivisten ainesosien eheyden varmistamiseksi.<\/p>\n\n\n\n<h2 class=\"wp-block-heading\">Piparmintun eteerisen \u00f6ljyn k\u00e4ytt\u00f6mahdollisuudet<\/h2>\n\n\n\n<p>Piparmintun eteerist\u00e4 \u00f6ljy\u00e4 voidaan k\u00e4ytt\u00e4\u00e4 monissa eri tilanteissa: aromaterapiassa mielen virkist\u00e4miseen ja stressin lievitt\u00e4miseen, paikallisesti lihaskipujen ja iho-oireiden lievitt\u00e4miseen, luonnollisena hy\u00f6nteiskarkotteena hyttysi\u00e4 vastaan, ihonhoitotuotteisiin lis\u00e4ttyn\u00e4 rasvaisen ihon hoitoon ja sis\u00e4tilojen aromaterapiana ilman puhdistamiseen. Monipuoliset vaikutuksensa tekev\u00e4t siit\u00e4 sopivan p\u00e4ivitt\u00e4iseen terveydenhuoltoon ja ensiapuun.<\/p>\n\n\n\n<h2 class=\"wp-block-heading\">Kenelle piparmintun eteerinen \u00f6ljy sopii<\/h2>\n\n\n\n<p>Piparmintun eteerinen \u00f6ljy sopii toimistoty\u00f6ntekij\u00f6ille, jotka tarvitsevat piristyst\u00e4, urheilijoille, jotka haluavat lievitt\u00e4\u00e4 lihaskipuja, kauneudenhoidon harrastajille, jotka haluavat parantaa rasvaista ihoa, ja niille, jotka etsiv\u00e4t luonnollisia hoitokeinoja ruoansulatusvaivojen lievitt\u00e4miseen. Raskaana olevien naisten, lasten tai herkk\u00e4ihoisten tulisi kuitenkin k\u00e4ytt\u00e4\u00e4 sit\u00e4 varoen, ja on parasta kysy\u00e4 ammattilaisen neuvoa ennen k\u00e4ytt\u00f6\u00e4.<\/p>\n\n\n\n<h2 class=\"wp-block-heading\">Piparmintun eteerisen \u00f6ljyn tuotantoprosessi<\/h2>\n\n\n\n<p>Piparminttu\u00f6ljyn erityinen valmistusprosessi perustuu matalan l\u00e4mp\u00f6tilan h\u00f6yrytislaukseen. T\u00e4ss\u00e4 menetelm\u00e4ss\u00e4 eteerinen \u00f6ljy uutetaan hell\u00e4varaisesti piparmintunlehdist\u00e4 v\u00e4ltt\u00e4en korkeiden l\u00e4mp\u00f6tilojen mahdollisesti aiheuttamaa komponenttien tuhoutumista. Rehellisen\u00e4 piparminttu\u00f6ljyn valmistajana tislausprosessin tarkka hallinta varmistaa \u00f6ljyn puhtauden, sen aktiivisten ainesosien ja luonnollisen aromin s\u00e4ilymisen, mik\u00e4 takaa sen korkean suorituskyvyn ja turvallisuuden aromaterapiassa ja p\u00e4ivitt\u00e4isess\u00e4 k\u00e4yt\u00f6ss\u00e4.<\/p>","protected":false},"excerpt":{"rendered":"Peppermint essential oil manufacturing common formulas Making peppermint essential oil mainly involves harvesting the leaves and stems of the peppermint plant and then extracting the essence through steam distillation. During the distillation process, as a durable Peppermint essential oil manufacturer, the plant material is heated and the released peppermint oil vapor is cooled and condensed [&hellip;]","protected":false},"featured_media":271,"menu_order":0,"template":"","meta":[],"product-tag":[],"products":[53],"class_list":["post-269","product","type-product","status-publish","has-post-thumbnail","hentry","products-essential-oil"],"acf":[],"_links":{"self":[{"href":"https:\/\/www.ruiqigo.com\/fi\/wp-json\/wp\/v2\/product\/269","targetHints":{"allow":["GET"]}}],"collection":[{"href":"https:\/\/www.ruiqigo.com\/fi\/wp-json\/wp\/v2\/product"}],"about":[{"href":"https:\/\/www.ruiqigo.com\/fi\/wp-json\/wp\/v2\/types\/product"}],"version-history":[{"count":0,"href":"https:\/\/www.ruiqigo.com\/fi\/wp-json\/wp\/v2\/product\/269\/revisions"}],"wp:featuredmedia":[{"embeddable":true,"href":"https:\/\/www.ruiqigo.com\/fi\/wp-json\/wp\/v2\/media\/271"}],"wp:attachment":[{"href":"https:\/\/www.ruiqigo.com\/fi\/wp-json\/wp\/v2\/media?parent=269"}],"wp:term":[{"taxonomy":"product-tag","embeddable":true,"href":"https:\/\/www.ruiqigo.com\/fi\/wp-json\/wp\/v2\/product-tag?post=269"},{"taxonomy":"products","embeddable":true,"href":"https:\/\/www.ruiqigo.com\/fi\/wp-json\/wp\/v2\/products?post=269"}],"curies":[{"name":"wp","href":"https:\/\/api.w.org\/{rel}","templated":true}]}}