{"id":275,"date":"2024-07-05T16:23:28","date_gmt":"2024-07-05T08:23:28","guid":{"rendered":"https:\/\/ruiqigo.com\/?post_type=product&#038;p=275"},"modified":"2024-11-15T16:43:01","modified_gmt":"2024-11-15T08:43:01","slug":"lavender-essential-oil","status":"publish","type":"product","link":"https:\/\/www.ruiqigo.com\/fi\/product\/lavender-essential-oil","title":{"rendered":"Laventelin eteerinen \u00f6ljy"},"content":{"rendered":"<h2 class=\"wp-block-heading\">Laventelin eteerinen \u00f6ljy valmistaa yleisi\u00e4 kaavoja<\/h2>\n\n\n\n<p>Laventelin eteerisen \u00f6ljyn valmistukseen k\u00e4ytt\u00e4m\u00e4mme korkealaatuiset raaka-aineet tulevat valikoiduista laventeista, jotka on kasvatettu sopivissa ilmasto- ja maaper\u00e4olosuhteissa ja jotka on valittu aurinkoisilta, hyvin ojitetuilta alueilta. Laventelin eteerinen korkealuokkainen \u00f6ljy edellytt\u00e4\u00e4, ett\u00e4 kukat poimitaan k\u00e4sin t\u00e4yden kukinnan aikana, jotta ne s\u00e4ilytt\u00e4v\u00e4t korkeimman aromin ja aktiiviset ainesosat. Johtavana Laventelin eteeristen \u00f6ljyjen valmistajana raaka-aineen tuoreus ja puhtaus vaikuttavat suoraan eteerisen \u00f6ljyn laatuun, joten valvomme tarkasti prosessin jokaista vaihetta istutuksesta ja sadonkorjuusta louhintaan.<\/p>\n\n\n\n<h2 class=\"wp-block-heading\">Laventelin eteerinen \u00f6ljy soveltuvat skenaariot<\/h2>\n\n\n\n<p>Laventelin eteerinen \u00f6ljy soveltuu k\u00e4ytett\u00e4v\u00e4ksi monenlaisissa ilmasto-olosuhteissa, erityisesti kuivina tai kuumina vuodenaikoina, jolloin sen j\u00e4\u00e4hdytt\u00e4v\u00e4t ja rauhoittavat ominaisuudet lievitt\u00e4v\u00e4t tehokkaasti auringonpolttamaa ja ihon tulehdusta. Kylm\u00e4ss\u00e4 tai kosteassa ilmastossa se auttaa rentouttamaan lihaksia ja lievitt\u00e4m\u00e4\u00e4n nivelkipuja. Laventelin eteerinen \u00f6ljy edist\u00e4\u00e4 solujen uusiutumista ja tasapainottaa talintuotantoa. Siksi se sopii kaikille ihotyypeille. Laventelin eteerinen \u00f6ljy tunnetaan hyvin tehokkuudestaan palovammojen ja auringonpolttamien hoidossa. Se my\u00f6s parantaa rakkuloita, ekseemaa, est\u00e4\u00e4 bakteerien kasvua ja minimoi turvotusta ja arpia.<\/p>\n\n\n\n<h2 class=\"wp-block-heading\">Kenelle eteerinen laventelin \u00f6ljy sopii<\/h2>\n\n\n\n<p>Laventelin eteerinen \u00f6ljy sopii ihmisille, jotka etsiv\u00e4t luonnollisia keinoja stressin lievitt\u00e4miseen ja unen parantamiseen, mukaan lukien stressaantuneet toimistoty\u00f6ntekij\u00e4t, rentoutumisen tarpeessa olevat el\u00e4kel\u00e4iset ja henkil\u00f6t, joilla on lievi\u00e4 iho-ongelmia, kuten akne ja ekseema. Se on hy\u00f6dyllinen my\u00f6s ihmisille, joilla on ahdistuneisuutta tai unettomuuden oireita. Sit\u00e4 tulee kuitenkin k\u00e4ytt\u00e4\u00e4 varoen raskaana oleville, imett\u00e4ville naisille, lapsille tai herkk\u00e4ihoisille, ja on parasta kysy\u00e4 neuvoa ammattilaiselta ennen k\u00e4ytt\u00f6\u00e4 mahdollisten allergisten reaktioiden v\u00e4ltt\u00e4miseksi. \u00c4l\u00e4 k\u00e4yt\u00e4 suuria pitoisuuksia, punaisia ja turvonneita haavoja tulee k\u00e4ytt\u00e4\u00e4 kylm\u00e4pakkauksen kanssa. \u00c4l\u00e4 sekoita mugwort eteerinen \u00f6ljy (sama v\u00e4ri), alhainen verenpaine ihmiset laventeli eteerinen \u00f6ljy, helppo tapahtua j\u00e4lkeen ilmi\u00f6 pys\u00e4htyneisyyden.<\/p>\n\n\n\n<h2 class=\"wp-block-heading\">Laventelin eteerisen \u00f6ljyn valmistusprosessi<\/h2>\n\n\n\n<p>Laventelin eteerisen \u00f6ljyn valmistuksen tekee erikoisen sen tiukat vaatimukset kukkakorjuun ajoituksesta ja uuttoprosessin hienosta hallinnasta. Rehellisen\u00e4 laventelin eteeristen \u00f6ljyjen valmistajana kukat poimitaan yleens\u00e4 k\u00e4sin t\u00e4ydess\u00e4 kukassa, jotta varmistetaan korkein aktiivisten ainesosien ja aromien pitoisuus. \u00d6ljyt uutetaan hell\u00e4varaisissa olosuhteissa k\u00e4ytt\u00e4m\u00e4ll\u00e4 perinteist\u00e4 h\u00f6yrytislausta eteeristen \u00f6ljyjen puhtauden ja terapeuttisten ominaisuuksien s\u00e4ilytt\u00e4miseksi. Johtavana laventelin eteeristen \u00f6ljyjen valmistajana t\u00e4m\u00e4n prosessin tarkka l\u00e4mp\u00f6tilan ja ajoituksen hallinta takaa laventelin eteerisen \u00f6ljyn korkean laadun ja ainutlaatuiset terapeuttiset hy\u00f6dyt.<\/p>\n\n\n\n<p><\/p>","protected":false},"excerpt":{"rendered":"Lavender essential oil manufacturing common formulas The high quality raw materials we use to produce lavender essential oil come from selected lavenders that are grown in suitable climatic and soil conditions, chosen from sunny, well-drained areas. Premium lavender essential oil requires the flowers to be hand-picked during full bloom to retain the highest aroma and [&hellip;]","protected":false},"featured_media":276,"menu_order":0,"template":"","meta":[],"product-tag":[],"products":[53],"class_list":["post-275","product","type-product","status-publish","has-post-thumbnail","hentry","products-essential-oil"],"acf":[],"_links":{"self":[{"href":"https:\/\/www.ruiqigo.com\/fi\/wp-json\/wp\/v2\/product\/275","targetHints":{"allow":["GET"]}}],"collection":[{"href":"https:\/\/www.ruiqigo.com\/fi\/wp-json\/wp\/v2\/product"}],"about":[{"href":"https:\/\/www.ruiqigo.com\/fi\/wp-json\/wp\/v2\/types\/product"}],"version-history":[{"count":0,"href":"https:\/\/www.ruiqigo.com\/fi\/wp-json\/wp\/v2\/product\/275\/revisions"}],"wp:featuredmedia":[{"embeddable":true,"href":"https:\/\/www.ruiqigo.com\/fi\/wp-json\/wp\/v2\/media\/276"}],"wp:attachment":[{"href":"https:\/\/www.ruiqigo.com\/fi\/wp-json\/wp\/v2\/media?parent=275"}],"wp:term":[{"taxonomy":"product-tag","embeddable":true,"href":"https:\/\/www.ruiqigo.com\/fi\/wp-json\/wp\/v2\/product-tag?post=275"},{"taxonomy":"products","embeddable":true,"href":"https:\/\/www.ruiqigo.com\/fi\/wp-json\/wp\/v2\/products?post=275"}],"curies":[{"name":"wp","href":"https:\/\/api.w.org\/{rel}","templated":true}]}}