{"id":281,"date":"2024-07-05T16:29:32","date_gmt":"2024-07-05T08:29:32","guid":{"rendered":"https:\/\/ruiqigo.com\/?post_type=product&#038;p=281"},"modified":"2024-11-15T16:40:52","modified_gmt":"2024-11-15T08:40:52","slug":"lemongrass-essential-oil","status":"publish","type":"product","link":"https:\/\/www.ruiqigo.com\/fi\/product\/lemongrass-essential-oil","title":{"rendered":"Sitruunaruohon eteerinen \u00f6ljy"},"content":{"rendered":"<h2 class=\"wp-block-heading\">Sitruunaruohon eteerisen \u00f6ljyn valmistuksen yleiset kaavat<\/h2>\n\n\n\n<p>Sitruunaruohon eteerinen \u00f6ljy on per\u00e4isin huolellisesti viljellyst\u00e4 sitruunaruohokasvista, joka tunnetaan korkeasta sitraalipitoisuudestaan. Parhaat ainesosat ovat per\u00e4isin valikoivasta viljelyst\u00e4, joka varmistaa, ett\u00e4 kasvi kasvaa t\u00e4ydess\u00e4 auringonvalossa ja oikeassa ilmastossa sen intensiivisen sitruunaisen aromin ja eritt\u00e4in terapeuttisten ainesosien saavuttamiseksi. Korjattaessa k\u00e4ytet\u00e4\u00e4n vain kypsi\u00e4 lehti\u00e4 eteerisen \u00f6ljyn puhtauden ja aktiivisuuden varmistamiseksi. Ammattimaisena sitruunaruohon eteeristen \u00f6ljyjen valmistajana n\u00e4m\u00e4 huolellisesti valitut raaka-aineet uutetaan h\u00f6yrytislauksella sitruunaruohon eteerisen \u00f6ljyn korkean ja tasaisen laadun varmistamiseksi.<\/p>\n\n\n\n<h2 class=\"wp-block-heading\">Sitruunaruohon eteerisen \u00f6ljyn sovellettavissa olevat skenaariot<\/h2>\n\n\n\n<p>Sitruunaruohon eteerinen \u00f6ljy sopii k\u00e4ytett\u00e4v\u00e4ksi l\u00e4mpim\u00e4ss\u00e4 ja trooppisessa ilmastossa, jossa sen virkist\u00e4v\u00e4 sitruunainen tuoksu ja antimikrobiset ominaisuudet virkist\u00e4v\u00e4t ja kohottavat mielialaa kuumana vuodenaikana. Se sopii my\u00f6s k\u00e4ytett\u00e4v\u00e4ksi kosteissa ymp\u00e4rist\u00f6iss\u00e4 hyttysten karkottamiseen ja ep\u00e4mukavuuden v\u00e4hent\u00e4miseen. Lis\u00e4ksi sis\u00e4tiloissa k\u00e4ytettyn\u00e4 sitruunaruohon eteerinen \u00f6ljy puhdistaa ilmaa ja tuo raikkaan tunnelman asuintiloihin kaikissa ilmastoissa.<\/p>\n\n\n\n<h2 class=\"wp-block-heading\">Kenelle sitruunaruohon eteerinen \u00f6ljy sopii<\/h2>\n\n\n\n<p>Sitruunaruohon eteerinen \u00f6ljy sopii ihmisille, jotka etsiv\u00e4t fyysist\u00e4 ja henkist\u00e4 helpotusta ja mielialan kohottamista, erityisesti nykyaikaisille ihmisille, jotka ovat stressaantuneita ja ahdistuneita. Sen virkist\u00e4v\u00e4 tuoksu kohottaa mielialaa ja auttaa lievitt\u00e4m\u00e4\u00e4n j\u00e4nnityst\u00e4, joten se on ihanteellinen terveellisi\u00e4 el\u00e4m\u00e4ntapoja noudattaville.<\/p>\n\n\n\n<h2 class=\"wp-block-heading\">Sitruunaruohon eteerisen \u00f6ljyn tuotantoprosessi<\/h2>\n\n\n\n<p>Tehokkaana sitruunaruoho\u00f6ljyn valmistajana tied\u00e4mme, mik\u00e4 tekee sitruunaruoho\u00f6ljyn valmistuksesta erityist\u00e4: sen herkk\u00e4 uuttoprosessi ja raaka-aineiden tarkka valinta. Ensinn\u00e4kin eteerinen \u00f6ljy uutetaan koko sitruunaruohokasvista h\u00f6yrytislaustekniikalla uutteen puhtauden ja aktiivisuuden varmistamiseksi. Toiseksi raaka-aineiden valinnassa noudatetaan korkeita standardeja sen varmistamiseksi, ett\u00e4 raaka-aineet ovat korkealaatuisia ja luonnollisia. Tehokkaana sitruunaruoho\u00f6ljyn valmistajana n\u00e4m\u00e4 erityisominaisuudet edist\u00e4v\u00e4t sitruunaruoho\u00f6ljyn korkeaa laatua ja ainutlaatuisia terapeuttisia hy\u00f6tyj\u00e4.<\/p>\n\n\n\n<p><\/p>","protected":false},"excerpt":{"rendered":"Lemongrass essential oil manufacturing common formulas Lemongrass essential oil is derived from the carefully cultivated lemongrass plant, which is known for its high citral content. The best ingredients come from selective cultivation, ensuring that the plant grows in full sunlight and the right climate for its intense lemony aroma and highly therapeutic ingredients. When harvested, [&hellip;]","protected":false},"featured_media":375,"menu_order":0,"template":"","meta":[],"product-tag":[],"products":[53],"class_list":["post-281","product","type-product","status-publish","has-post-thumbnail","hentry","products-essential-oil"],"acf":[],"_links":{"self":[{"href":"https:\/\/www.ruiqigo.com\/fi\/wp-json\/wp\/v2\/product\/281","targetHints":{"allow":["GET"]}}],"collection":[{"href":"https:\/\/www.ruiqigo.com\/fi\/wp-json\/wp\/v2\/product"}],"about":[{"href":"https:\/\/www.ruiqigo.com\/fi\/wp-json\/wp\/v2\/types\/product"}],"version-history":[{"count":0,"href":"https:\/\/www.ruiqigo.com\/fi\/wp-json\/wp\/v2\/product\/281\/revisions"}],"wp:featuredmedia":[{"embeddable":true,"href":"https:\/\/www.ruiqigo.com\/fi\/wp-json\/wp\/v2\/media\/375"}],"wp:attachment":[{"href":"https:\/\/www.ruiqigo.com\/fi\/wp-json\/wp\/v2\/media?parent=281"}],"wp:term":[{"taxonomy":"product-tag","embeddable":true,"href":"https:\/\/www.ruiqigo.com\/fi\/wp-json\/wp\/v2\/product-tag?post=281"},{"taxonomy":"products","embeddable":true,"href":"https:\/\/www.ruiqigo.com\/fi\/wp-json\/wp\/v2\/products?post=281"}],"curies":[{"name":"wp","href":"https:\/\/api.w.org\/{rel}","templated":true}]}}