{"id":2838,"date":"2025-01-14T11:22:00","date_gmt":"2025-01-14T03:22:00","guid":{"rendered":"https:\/\/ruiqigo.com\/?post_type=product&#038;p=2838"},"modified":"2025-01-14T11:22:33","modified_gmt":"2025-01-14T03:22:33","slug":"vetiver-essential-oil","status":"publish","type":"product","link":"https:\/\/www.ruiqigo.com\/fi\/product\/vetiver-essential-oil","title":{"rendered":"Eteerinen vetiveri\u00f6ljy"},"content":{"rendered":"<h2 class=\"wp-block-heading\">Vetiver eteeristen \u00f6ljyjen valmistuksen yleiset kaavat<\/h2>\n\n\n\n<p>Ammattimaisena vetiver-eteeristen \u00f6ljyjen valmistajana valvomme tiukasti tuotannon laatua raaka-aineiden hankinnasta valmiin tuotteen tarkastukseen sen korkean laadun varmistamiseksi. Lis\u00e4ksi sen pitoisuus on korkeampi, joten sovitamme vastaavan kaavan hoidon eri osien mukaan.<\/p>\n\n\n\n<p>1. Vetiver eteerinen \u00f6ljy: Ydinainesosana sill\u00e4 on useita etuja. Se ei ainoastaan v\u00e4henn\u00e4 tulehdusta ja tehosta immuunij\u00e4rjestelm\u00e4\u00e4, vaan se my\u00f6s parantaa verenkiertoa ja lievitt\u00e4\u00e4 oireita, kuten nivelkipuja. Samalla se voi my\u00f6s v\u00e4hent\u00e4\u00e4 hilsett\u00e4, edist\u00e4\u00e4 tervett\u00e4 hiusten kasvua ja kiinteytt\u00e4\u00e4 ihoa syv\u00e4kosteuttamalla. Lis\u00e4ksi sen puumainen ja savuinen aromi lievitt\u00e4\u00e4 stressi\u00e4 ja huonoa mielialaa sek\u00e4 rentouttaa edelleen kehoa ja mielt\u00e4.<\/p>\n\n\n\n<p>2. Laventelin eteerinen \u00f6ljy: Laventelin eteerisell\u00e4 \u00f6ljyll\u00e4 on rauhoittavia ja tulehdusta ehk\u00e4isevi\u00e4 vaikutuksia. Yhdess\u00e4 k\u00e4ytettyn\u00e4 se voi lievitt\u00e4\u00e4 ihon herkkyytt\u00e4 ja korjata ihoa. Ja sen tuoksu auttaa my\u00f6s henkisesti lievitt\u00e4m\u00e4\u00e4n stressi\u00e4 ja edist\u00e4m\u00e4\u00e4n unta.<\/p>\n\n\n\n<p>3. Teepuu\u00f6ljy: Teepuulla on antibakteerisia ja anti-inflammatorisia ominaisuuksia, jotka voivat torjua bakteereja ja tulehdusta iholla ja v\u00e4hent\u00e4\u00e4 aknen ja aknen tuotantoa.<\/p>\n\n\n\n<p>4. Oliivi\u00f6ljy: Oliivi\u00f6ljyll\u00e4 on hyv\u00e4t kosteuttavat ominaisuudet, se voi tarjota hiuksille kosteutta ja ravintoa pitk\u00e4ksi aikaa ja korjaa jatkuvasti vaurioituneita hiuksia, mik\u00e4 parantaa hiusten laatua.<\/p>\n\n\n\n<p>5. Ruusun eteerinen \u00f6ljy: Ruusun eteerisell\u00e4 \u00f6ljyll\u00e4 on ravitseva ja kosteuttava vaikutus, se voi parantaa ihon joustavuutta ja kiiltoa ja edist\u00e4\u00e4 hormonitoiminnan s\u00e4\u00e4tely\u00e4.<\/p>\n\n\n\n<p>6. Makean appelsiinin eteerinen \u00f6ljy: Makean appelsiinin eteerinen \u00f6ljy on miellytt\u00e4vi\u00e4 ja kohottavia vaikutuksia, jotka voivat parantaa mielialaa, lievitt\u00e4\u00e4 ahdistusta ja masennusta ja lis\u00e4t\u00e4 onnellisuutta.<\/p>\n\n\n\n<h2 class=\"wp-block-heading\">Vetiverien eteerisen \u00f6ljyn toiminnot<\/h2>\n\n\n\n<p>Vetiver-eteerinen \u00f6ljy on niin monipuolinen, ett\u00e4 tutkimus- ja kehitystiimimme on testannut sit\u00e4 eri skenaarioissa ja tehnyt yhteenvedon sen monista eduista.<\/p>\n\n\n\n<p>1. Syv\u00e4puhdistus: Vetiver-eteerinen \u00f6ljy voi puhdistaa ihohuokoset syv\u00e4sti, poistaa \u00f6ljyn ja lian ihon pinnalta, avata huokoset ja v\u00e4hent\u00e4\u00e4 musta- ja valkop\u00e4iden muodostumista.<\/p>\n\n\n\n<p>2. V\u00e4henn\u00e4 hilsett\u00e4: Eteeriset \u00f6ljymme sis\u00e4lt\u00e4v\u00e4t antibakteerisia, anti-inflammatorisia ainesosia, jotka v\u00e4hent\u00e4v\u00e4t p\u00e4\u00e4nahan tulehdusten ja infektioiden riski\u00e4 tappamalla p\u00e4\u00e4nahan haitallisia mikro-organismeja, mik\u00e4 v\u00e4hent\u00e4\u00e4 hilsett\u00e4 ja hiustenl\u00e4ht\u00f6\u00e4. Lis\u00e4ksi se parantaa verenkiertoa hiusrakkuloissa ja edist\u00e4\u00e4 kollageenin muodostumista edist\u00e4en entisest\u00e4\u00e4n hiusten kasvua.<\/p>\n\n\n\n<p>3. Anti-aging: Tuotteemme voivat vastustaa vapaiden radikaalien vaurioita ja v\u00e4hent\u00e4\u00e4 ihon ik\u00e4\u00e4ntymisen ilmi\u00f6t\u00e4. Samalla se my\u00f6s rauhoittaa ja t\u00e4ydent\u00e4\u00e4 kuivaa ihoa, parantaa ihon kyky\u00e4 lukita vett\u00e4, kiinteytt\u00e4\u00e4 ihoa entisest\u00e4\u00e4n, tiivist\u00e4\u00e4 huokosia ja palauttaa ihon elastisuuden.<\/p>\n\n\n\n<p>4. Edist\u00e4 paranemista: Antioksidanttiset ja tulehdusta ehk\u00e4isev\u00e4t ominaisuudet voivat auttaa hoitamaan ihosairauksia, kuten ekseemaa, sek\u00e4 edist\u00e4m\u00e4\u00e4n ihohaavojen paranemista ja v\u00e4hent\u00e4m\u00e4\u00e4n arpien muodostumista. Lis\u00e4ksi se auttaa hoitamaan ongelmia, kuten nivelkipuja ja lihaskipuja.<\/p>\n\n\n\n<p>5. Rauhoittava ja rauhoittava: Vetiver-eteerisen \u00f6ljyn tuoksulla on rauhoittava ja rauhoittava vaikutus, joka voi lievitt\u00e4\u00e4 j\u00e4nnityst\u00e4 ja ahdistusta, v\u00e4hent\u00e4\u00e4 stressi\u00e4 ja edist\u00e4\u00e4 unta. Se tekee hyv\u00e4\u00e4 my\u00f6s keskittymiselle.<\/p>\n\n\n\n<p>6. Luonnollinen hy\u00f6nteiskarkote: Sen ainutlaatuinen tuoksu karkottaa my\u00f6s hyttysi\u00e4 ja muita tuholaisia.<\/p>\n\n\n\n<h2 class=\"wp-block-heading\">Kuinka k\u00e4ytt\u00e4\u00e4 eteerist\u00e4 vetiveri\u00f6ljy\u00e4?<\/h2>\n\n\n\n<p>Vetiveeria eteerist\u00e4 \u00f6ljy\u00e4 voi k\u00e4ytt\u00e4\u00e4 monipuolisesti, voit k\u00e4ytt\u00e4\u00e4 tarpeidesi mukaan, merkitsemme my\u00f6s tuotteen pakkauksen k\u00e4yt\u00f6n.<\/p>\n\n\n\n<p>1. Suora k\u00e4ytt\u00f6: Vetiver-eteerinen \u00f6ljy voidaan valmistaa suhteessa muihin perus\u00f6ljyihin ja levitt\u00e4\u00e4 sitten paikallisesti hoitoa tarvitsevalle iholle.<\/p>\n\n\n\n<p>2. Suitsukkeen k\u00e4ytt\u00f6: Pudota vetiveria\u00f6ljy\u00e4 diffuusoriin ja pysy tuoksuilmapiiriss\u00e4, joka rentouttaa kehoa ja mielt\u00e4 sek\u00e4 edist\u00e4\u00e4 unta.<\/p>\n\n\n\n<p>3. Yhdistelm\u00e4k\u00e4ytt\u00f6: Voit sekoittaa eteerisi\u00e4 \u00f6ljyj\u00e4mme shampoon, hoitoaineeseen, kasvovoiteeseen, kosteusvoiteeseen ja muihin ihonhoitoaineisiin edist\u00e4\u00e4ksesi ihonhoitoa.<\/p>\n\n\n\n<p>4. Hierontak\u00e4ytt\u00f6: K\u00e4ytet\u00e4\u00e4n usein SPA-hoidossa, voidaan yhdist\u00e4\u00e4 muuhun perus\u00f6ljyhierontaan, vahvasti kosteuttavaan ihoon ja lievitt\u00e4\u00e4 lihaskipuja.<\/p>\n\n\n\n<h2 class=\"wp-block-heading\">Varoitus<\/h2>\n\n\n\n<p>1. Valitse ennen k\u00e4ytt\u00f6\u00e4 sopiva vetiver-eteerinen \u00f6ljy omien tarpeidesi ja ihotyyppisi mukaan;<\/p>\n\n\n\n<p>2. Allergiset testit tulee tehd\u00e4 ensimm\u00e4ist\u00e4 kertaa. Jos ep\u00e4mukavuutta ilmenee, lopeta k\u00e4ytt\u00f6 v\u00e4litt\u00f6m\u00e4sti;<\/p>\n\n\n\n<p>3. Vaniljajuuren pitoisuus on korkea, ja se on laimennettava perus\u00f6ljyll\u00e4;<\/p>\n\n\n\n<p>4. Koska vetiveria\u00f6ljyll\u00e4 on kuukautiskierto, raskaana olevien naisten tulee v\u00e4ltt\u00e4\u00e4 sen k\u00e4ytt\u00f6\u00e4;<\/p>\n\n\n\n<p>5. Lasten ja imett\u00e4vien naisten tulee k\u00e4ytt\u00e4\u00e4 l\u00e4\u00e4k\u00e4rin valvonnassa;<\/p>\n\n\n\n<p>6. On suositeltavaa s\u00e4ilytt\u00e4\u00e4 viile\u00e4ss\u00e4 ja kuivassa paikassa ja v\u00e4ltt\u00e4\u00e4 suoraa auringonvaloa ja korkean l\u00e4mp\u00f6tilan ymp\u00e4rist\u00f6\u00e4;<\/p>\n\n\n\n<h2 class=\"wp-block-heading\">Johtop\u00e4\u00e4t\u00f6s<\/h2>\n\n\n\n<p>Olemme sitoutuneet tarjoamaan korkealaatuisia vetiveria\u00f6ljyn eteerisi\u00e4 \u00f6ljyratkaisuja ja vastaamaan terveyteen ja kauneuteen. Edistyksellisen tuotantotislausteknologian k\u00e4yt\u00f6n lis\u00e4ksi tiukka laadunvalvonta varmistaa jokaisen eteerisen \u00f6ljypisaran turvallisuuden ja tehokkuuden. Samaan aikaan meill\u00e4 on my\u00f6s kattava r\u00e4\u00e4t\u00e4l\u00f6intipalvelu, joka vastaa erilaisiin skenaarioihin ja kaavatarpeisiisi, auttaa sinua luomaan ainutlaatuisia tuotteita ja saavuttamaan kilpailuetua markkinoilla. Ota yhteytt\u00e4, jos olet kiinnostunut.<\/p>","protected":false},"excerpt":{"rendered":"Vetiver Essential Oil Manufacturing Common Formulas As a professional vetiver essential oil manufacturer, we strictly control the quality of production, from raw material procurement to finished product inspection to ensure its high quality. In addition, its concentration is higher, so we will match the corresponding formula according to the different parts of the care. 1. [&hellip;]","protected":false},"featured_media":2841,"menu_order":0,"template":"","meta":[],"product-tag":[],"products":[53],"class_list":["post-2838","product","type-product","status-publish","has-post-thumbnail","hentry","products-essential-oil"],"acf":[],"_links":{"self":[{"href":"https:\/\/www.ruiqigo.com\/fi\/wp-json\/wp\/v2\/product\/2838","targetHints":{"allow":["GET"]}}],"collection":[{"href":"https:\/\/www.ruiqigo.com\/fi\/wp-json\/wp\/v2\/product"}],"about":[{"href":"https:\/\/www.ruiqigo.com\/fi\/wp-json\/wp\/v2\/types\/product"}],"version-history":[{"count":0,"href":"https:\/\/www.ruiqigo.com\/fi\/wp-json\/wp\/v2\/product\/2838\/revisions"}],"wp:featuredmedia":[{"embeddable":true,"href":"https:\/\/www.ruiqigo.com\/fi\/wp-json\/wp\/v2\/media\/2841"}],"wp:attachment":[{"href":"https:\/\/www.ruiqigo.com\/fi\/wp-json\/wp\/v2\/media?parent=2838"}],"wp:term":[{"taxonomy":"product-tag","embeddable":true,"href":"https:\/\/www.ruiqigo.com\/fi\/wp-json\/wp\/v2\/product-tag?post=2838"},{"taxonomy":"products","embeddable":true,"href":"https:\/\/www.ruiqigo.com\/fi\/wp-json\/wp\/v2\/products?post=2838"}],"curies":[{"name":"wp","href":"https:\/\/api.w.org\/{rel}","templated":true}]}}