{"id":2853,"date":"2025-01-17T17:00:37","date_gmt":"2025-01-17T09:00:37","guid":{"rendered":"https:\/\/ruiqigo.com\/?post_type=product&#038;p=2853"},"modified":"2025-01-17T17:00:40","modified_gmt":"2025-01-17T09:00:40","slug":"clove-essential-oil","status":"publish","type":"product","link":"https:\/\/www.ruiqigo.com\/fi\/product\/clove-essential-oil","title":{"rendered":"Neilikan eteerinen \u00f6ljy"},"content":{"rendered":"<h2 class=\"wp-block-heading\">Neilikka\u00f6ljyn valmistuksen yleiset kaavat<\/h2>\n\n\n\n<p>Tuotantoprosessissa emme ainoastaan valitse huolellisesti korkealaatuisia raaka-aineita, vaan k\u00e4yt\u00e4mme my\u00f6s edistynytt\u00e4 uuttoteknologiaa ja tiukkaa laadunvalvontaj\u00e4rjestelm\u00e4\u00e4, jonka tavoitteena on s\u00e4ilytt\u00e4\u00e4 neilikan eteerisen \u00f6ljyn maksimaalinen vaikuttava aine. T\u00e4ss\u00e4 ovat sen t\u00e4rkeimm\u00e4t ainesosat:<\/p>\n\n\n\n<p>1. E-vitamiini: Antioksidanttina E-vitamiini voi torjua vapaiden radikaalien aiheuttamia vaurioita ja yll\u00e4pit\u00e4\u00e4 solujen eheytt\u00e4, mik\u00e4 parantaa p\u00e4\u00e4nahan verenkiertoa. Samalla se voi my\u00f6s edist\u00e4\u00e4 ihon aineenvaihduntaa ja parantaa ihon kosteuskyky\u00e4. T\u00e4m\u00e4 ei ainoastaan auta v\u00e4hent\u00e4m\u00e4\u00e4n ryppyjen muodostumista ja tekem\u00e4\u00e4n ihosta kimmoisamman, vaan my\u00f6s parantaa karhean ja kuivan ihon tilannetta, jolloin siit\u00e4 tulee sile\u00e4mpi ja herkempi.<\/p>\n\n\n\n<p>2. Eugenoli: Eugenoli on p\u00e4\u00e4komponentti, jolla on merkitt\u00e4vi\u00e4 antibakteerisia ja tulehdusta ehk\u00e4isevi\u00e4 vaikutuksia, se voi est\u00e4\u00e4 bakteerien kasvua ja sit\u00e4 voidaan k\u00e4ytt\u00e4\u00e4 suun ongelmien, kuten suun infektioiden, ehk\u00e4isyyn. Sen tulehdusta ehk\u00e4isev\u00e4t ominaisuudet lievitt\u00e4v\u00e4t lihas- ja nivelkipuja ja est\u00e4v\u00e4t hermojen johtumista v\u00e4hent\u00e4en suun kipua, joten sit\u00e4 k\u00e4ytet\u00e4\u00e4n usein kipua lievitt\u00e4v\u00e4n\u00e4 puudutusaineena. Lis\u00e4ksi sill\u00e4 on my\u00f6s ruoansulatusta edist\u00e4v\u00e4 ja suolistobakteeristoa parantava vaikutus, mik\u00e4 voi entisest\u00e4\u00e4n parantaa ruoansulatuskanavan toimintaa.<\/p>\n\n\n\n<p>3. Beetakaroteeni: Keho muuntaa beetakaroteenin A-vitamiiniksi, joka s\u00e4\u00e4telee talin tuotantoa hiusnystyr\u00e4sykliss\u00e4 ja tarjoaa p\u00e4\u00e4nahalle runsaasti ravintoaineita. Pitk\u00e4aikainen k\u00e4ytt\u00f6 voi siis ehk\u00e4ist\u00e4 hiusten kuivuutta, haurautta ja hiustenl\u00e4ht\u00f6\u00e4 sek\u00e4 pit\u00e4\u00e4 hiukset tervein\u00e4 ja kiilt\u00e4vin\u00e4. Samalla se voi my\u00f6s edist\u00e4\u00e4 kasvua ja kehityst\u00e4 sek\u00e4 vahvistaa vastustuskyky\u00e4.<\/p>\n\n\n\n<p>4. Rasvahapot: Rasvahapoilla on tiettyj\u00e4 antibakteerisia ominaisuuksia, ne voivat vahvistaa neilikan eteerisen \u00f6ljyn tehoa ja auttaa ehk\u00e4isem\u00e4\u00e4n hiustenl\u00e4ht\u00f6\u00e4 ja p\u00e4\u00e4nahan \u00e4rsytyst\u00e4, tehden hiuksista vahvemmat ja terveemm\u00e4t.<\/p>\n\n\n\n<h2 class=\"wp-block-heading\">Neilikka\u00f6ljyn toiminnot<\/h2>\n\n\n\n<p>Tunnemme neilikan eteerisen \u00f6ljyn arvon ja potentiaalin, ja jatkuvan tutkimus- ja kehitysty\u00f6n sek\u00e4 innovaatioiden ansiosta olemme luoneet t\u00e4m\u00e4n puhtaan ja kaiken kattavan tuotteen.<\/p>\n\n\n\n<p>1. Antibakteerinen ja tulehdusta est\u00e4v\u00e4: Neilikan eteerinen \u00f6ljy on suosittu erinomaisten antibakteeristen ja tulehdusta est\u00e4vien ominaisuuksiensa ansiosta, jotka voivat nopeasti est\u00e4\u00e4 bakteerien kasvua ja v\u00e4hent\u00e4\u00e4 tulehdusta. Siksi se voi puhdistaa hiuksia, v\u00e4hent\u00e4\u00e4 ihohuokosten tukkeutumista, ehk\u00e4ist\u00e4 erilaisia ihosairauksia ja sieni-infektioita, ja sit\u00e4 voidaan k\u00e4ytt\u00e4\u00e4 my\u00f6s luonnollisena puudutusaineena lievitt\u00e4m\u00e4\u00e4n \u00e4rsytyst\u00e4 ja turvotusta tulehtuneilla alueilla.<\/p>\n\n\n\n<p>2. Edist\u00e4\u00e4 ruoansulatuskanavan terveytt\u00e4: Eteeriset \u00f6ljymme voivat edist\u00e4\u00e4 mahalaukun liman tuotantoa suojaten ruoansulatuskanavan limakalvoa ja siten edist\u00e4\u00e4 ruoansulatuskanavan liikkuvuutta, mik\u00e4 edist\u00e4\u00e4 ruoansulatusta ja imeytymist\u00e4. Ne voivat my\u00f6s hoitaa erilaisia suolisto-ongelmia, kuten matkapahoinvointia, turvotusta, ruoansulatush\u00e4iri\u00f6it\u00e4, turvotusta ja pahoinvointia.<\/p>\n\n\n\n<p>3. Ehk\u00e4ise suun sairauksia: Neilikan eteerist\u00e4 \u00f6ljy\u00e4 voidaan laimentaa kurlausta varten, mik\u00e4 voi paitsi poistaa pahanhajuista hengityst\u00e4 ja lievitt\u00e4\u00e4 hammass\u00e4rky\u00e4 ja hampaiden eroosiota, my\u00f6s tehokkaasti est\u00e4\u00e4 hampaiden reikiintymist\u00e4 ja ientulehdusta.<\/p>\n\n\n\n<p>4. Edist\u00e4 terveytt\u00e4: Neilikan eteerisess\u00e4 \u00f6ljyss\u00e4 on useita vaikuttavia aineita, jotka voivat parantaa kehon immuunij\u00e4rjestelm\u00e4\u00e4 ja edist\u00e4\u00e4 hyv\u00e4\u00e4 terveytt\u00e4. Se voi lis\u00e4t\u00e4 solujen verensokerin saantia ja edist\u00e4\u00e4 insuliinin erityst\u00e4, mik\u00e4 parantaa insuliinia tuottavia soluja, auttaa laajentamaan aorttaa, lievitt\u00e4\u00e4 kohonnutta verenpainetta ja parantaa maksan toimintaa ja muita oireita.<\/p>\n\n\n\n<p>5. Rauhoittava keho ja mieli: Neilikan ainutlaatuinen tuoksu on sek\u00e4 mausteinen ett\u00e4 l\u00e4mmin, ja sit\u00e4 voidaan k\u00e4ytt\u00e4\u00e4 suitsuketerapiassa. T\u00e4m\u00e4 prosessi voi lievitt\u00e4\u00e4 emotionaalisen masennuksen aiheuttamaa rintakeh\u00e4n kireytt\u00e4 sek\u00e4 rentouttaa kehoa ja mielt\u00e4 ja stressi\u00e4, lievitt\u00e4\u00e4 ahdistusta. Se on my\u00f6s hyv\u00e4ksi keskittymiselle ja muistille.<\/p>\n\n\n\n<p>6. hiustenhoito: Yhdess\u00e4 hiustenhoitotuotteiden kanssa k\u00e4ytettyn\u00e4 tuotteemme hy\u00f6dynt\u00e4v\u00e4t t\u00e4ysim\u00e4\u00e4r\u00e4isesti niiden antibakteerisia ja antioksidanttisia ominaisuuksia, mik\u00e4 v\u00e4hent\u00e4\u00e4 hilsett\u00e4 ja p\u00e4\u00e4nahan kutinaa. Ne poistavat my\u00f6s tehokkaasti hiuksista \u00f6ljy\u00e4 ja likaa, ravitsemalla hiuksia t\u00e4ydellisesti terveen hiustenkasvun edist\u00e4miseksi.<\/p>\n\n\n\n<p>7. Paranna ihon laatua: Neilikan eteerinen \u00f6ljy voi ehk\u00e4ist\u00e4 erilaisia ihosairauksia ja sieni-infektioita, v\u00e4hent\u00e4\u00e4 ihon tulehdusta ja punoitusta, parantaa ihon laatua ja tehd\u00e4 ihosta sile\u00e4mm\u00e4n ja herkemm\u00e4n. Se my\u00f6s v\u00e4hent\u00e4\u00e4 ihon kosteuden menetyst\u00e4, ehk\u00e4isee kuivumista ja suojaa ihoa.<\/p>\n\n\n\n<h2 class=\"wp-block-heading\">Kuinka k\u00e4ytt\u00e4\u00e4 neilikka\u00f6ljy\u00e4?<\/h2>\n\n\n\n<p>Neilikan eteerist\u00e4 \u00f6ljy\u00e4 k\u00e4ytet\u00e4\u00e4n laajalti, se sopii useimpiin tilanteisiin ja sit\u00e4 voidaan k\u00e4ytt\u00e4\u00e4 monin tavoin. Merkitsemme k\u00e4ytt\u00f6tavan valmiin tuotteen pakkaukseen, ja sinun tulee my\u00f6s valita ihosi kunnon mukaan ostaessasi.<\/p>\n\n\n\n<p>1. Paikallinen k\u00e4ytt\u00f6: Neilikan eteerinen \u00f6ljy ja muut perus\u00f6ljyt sekoitetaan ja laimennetaan suhteessa ja levitet\u00e4\u00e4n sitten paikallisesti hoitoa tarvitseville alueille, joita voidaan hieroa kevyesti ja imeytt\u00e4\u00e4.<\/p>\n\n\n\n<p>2. Aromaterapia: Tiputa muutama tippa neilikan eteerist\u00e4 \u00f6ljy\u00e4 diffuusoriin ja aromaterapiaa, aromaterapiaa 1-2 kertaa p\u00e4iv\u00e4ss\u00e4, joka kerta on suositeltavaa aromaterapiaa 30 minuutista 1 tuntiin.<\/p>\n\n\n\n<p>3. Suunhoito: Sekoita neilikan eteerinen \u00f6ljy veteen suhteessa ja k\u00e4yt\u00e4 kurlausta varten. Huuhtele suusi noin 30 sekuntia kolme kertaa p\u00e4iv\u00e4ss\u00e4.<\/p>\n\n\n\n<p>4. H\u00f6yryinhalaatio: Sekoita neilikan eteerist\u00e4 \u00f6ljy\u00e4 setripuun eteeriseen \u00f6ljyyn, eukalyptuksen eteeriseen \u00f6ljyyn jne. ja lis\u00e4\u00e4 seos h\u00f6yryinhalaattoriin h\u00f6yryinhalaatiota varten. Jokainen inhalaatio 10\u201315 minuuttia, 2\u20133 kertaa p\u00e4iv\u00e4ss\u00e4. T\u00e4m\u00e4 prosessi edist\u00e4\u00e4 sterilointia ja ilman puhdistusta ja voi lievitt\u00e4\u00e4 hengitystieinfektioita.<\/p>\n\n\n\n<h2 class=\"wp-block-heading\">Varoitus<\/h2>\n\n\n\n<p>1. Valitse ihotyypillesi sopiva neilikan eteerinen \u00f6ljy ennen k\u00e4ytt\u00f6\u00e4;<\/p>\n\n\n\n<p>2 Neilikan eteerisen \u00f6ljyn pitoisuus on eritt\u00e4in korkea, joten jos haluat k\u00e4ytt\u00e4\u00e4 sit\u00e4, se on laimennettava perus\u00f6ljyll\u00e4 suhteessa k\u00e4ytt\u00f6\u00f6n.<\/p>\n\n\n\n<p>3. Allergiatestit on teht\u00e4v\u00e4 ennen k\u00e4ytt\u00f6\u00e4. Jos ilmenee ep\u00e4mukavuutta, lopeta k\u00e4ytt\u00f6 v\u00e4litt\u00f6m\u00e4sti.<\/p>\n\n\n\n<p>4. V\u00e4lt\u00e4 kosketusta herkkien alueiden, kuten silmien, kanssa. Jos ainetta joutuu silmiin, huuhtele v\u00e4litt\u00f6m\u00e4sti vedell\u00e4 ja hakeudu l\u00e4\u00e4k\u00e4rin hoitoon.<\/p>\n\n\n\n<p>5. Pid\u00e4 neilikan eteerinen \u00f6ljy poissa lasten ulottuvilta nielemisen tai v\u00e4\u00e4rink\u00e4yt\u00f6n v\u00e4ltt\u00e4miseksi;<\/p>\n\n\n\n<p>6. On suositeltavaa s\u00e4ilytt\u00e4\u00e4 viile\u00e4ss\u00e4 ja kuivassa paikassa, poissa suorasta auringonvalosta ja kosteasta korkean l\u00e4mp\u00f6tilan ymp\u00e4rist\u00f6st\u00e4.<\/p>\n\n\n\n<h2 class=\"wp-block-heading\">Johtop\u00e4\u00e4t\u00f6s<\/h2>\n\n\n\n<p>Korkealaatuisen neilikan tuotantoon keskittyv\u00e4n\u00e4 valmistajana varmistamme, ett\u00e4 jokainen pisara eteerist\u00e4 \u00f6ljy\u00e4 t\u00e4ytt\u00e4\u00e4 teht\u00e4v\u00e4ns\u00e4. T\u00e4m\u00e4 ei rajoitu pelk\u00e4st\u00e4\u00e4n luonnollisten, puhtaiden ja saasteettomien raaka-aineiden hankintaan, vaan my\u00f6s edistyneiden tuotantolaitteiden k\u00e4ytt\u00f6\u00f6n eteerisen \u00f6ljyn uuttamiseksi. Koko prosessissa on k\u00e4yt\u00f6ss\u00e4 t\u00e4ydellinen laadunvalvontaj\u00e4rjestelm\u00e4 tuotteen turvallisuuden ja tehokkuuden varmistamiseksi. Tarjoamme luonnollisesti my\u00f6s t\u00e4yden valikoiman r\u00e4\u00e4t\u00e4l\u00f6ityj\u00e4 palveluita ja voimme tarjota r\u00e4\u00e4t\u00e4l\u00f6ityj\u00e4 ratkaisuja tarpeidesi mukaan, jotta voit nopeasti avata markkinat ja saada kilpailuedun. Jos olet kiinnostunut, ota meihin yhteytt\u00e4 v\u00e4litt\u00f6m\u00e4sti.<\/p>","protected":false},"excerpt":{"rendered":"Clove Essential Oil Manufacturing Common Formulas In the production process, we not only carefully select high-quality raw materials, but also use advanced extraction technology and a strict quality control system, aiming to retain the maximum active ingredient of clove essential oil. Here are its main ingredients: 1. Vitamin E: As an antioxidant, vitamin E can [&hellip;]","protected":false},"featured_media":2854,"menu_order":0,"template":"","meta":[],"product-tag":[],"products":[53],"class_list":["post-2853","product","type-product","status-publish","has-post-thumbnail","hentry","products-essential-oil"],"acf":[],"_links":{"self":[{"href":"https:\/\/www.ruiqigo.com\/fi\/wp-json\/wp\/v2\/product\/2853","targetHints":{"allow":["GET"]}}],"collection":[{"href":"https:\/\/www.ruiqigo.com\/fi\/wp-json\/wp\/v2\/product"}],"about":[{"href":"https:\/\/www.ruiqigo.com\/fi\/wp-json\/wp\/v2\/types\/product"}],"version-history":[{"count":0,"href":"https:\/\/www.ruiqigo.com\/fi\/wp-json\/wp\/v2\/product\/2853\/revisions"}],"wp:featuredmedia":[{"embeddable":true,"href":"https:\/\/www.ruiqigo.com\/fi\/wp-json\/wp\/v2\/media\/2854"}],"wp:attachment":[{"href":"https:\/\/www.ruiqigo.com\/fi\/wp-json\/wp\/v2\/media?parent=2853"}],"wp:term":[{"taxonomy":"product-tag","embeddable":true,"href":"https:\/\/www.ruiqigo.com\/fi\/wp-json\/wp\/v2\/product-tag?post=2853"},{"taxonomy":"products","embeddable":true,"href":"https:\/\/www.ruiqigo.com\/fi\/wp-json\/wp\/v2\/products?post=2853"}],"curies":[{"name":"wp","href":"https:\/\/api.w.org\/{rel}","templated":true}]}}