{"id":286,"date":"2024-07-05T16:24:54","date_gmt":"2024-07-05T08:24:54","guid":{"rendered":"https:\/\/ruiqigo.com\/?post_type=product&#038;p=286"},"modified":"2024-11-15T16:42:19","modified_gmt":"2024-11-15T08:42:19","slug":"cinnamon-essential-oil","status":"publish","type":"product","link":"https:\/\/www.ruiqigo.com\/fi\/product\/cinnamon-essential-oil","title":{"rendered":"Kaneli eteerinen \u00f6ljy"},"content":{"rendered":"<h2 class=\"wp-block-heading\">Kaneli\u00f6ljyn valmistuksen yleiset kaavat<\/h2>\n\n\n\n<p>Kaneli\u00f6ljy valmistetaan omilla tiloillamme kasvatetuista kanelipuista. Ihanteellisen subtrooppisen ilmaston, hedelm\u00e4llisen maaper\u00e4n ja ammattimaisten istutustekniikoiden ansiosta kanelipuiden kuori on korkealaatuista. Sadonkorjuuprosessin aikana ty\u00f6ntekij\u00e4t ovat omistautuneita ja huolellisia varmistaakseen, ett\u00e4 jokainen raaka-aine-er\u00e4 saavuttaa halutun aromi-intensiteetin ja vaikuttavien aineiden pitoisuuden. Monimutkaisen uutto- ja tislausprosessin j\u00e4lkeen lopullisessa uutetussa kaneliaromissa on voimakas kaneliaromi, puhdas v\u00e4ri ja hienojakoinen rakenne, jotka heijastavat t\u00e4ysin raaka-aineen laatuominaisuuksia. Kest\u00e4v\u00e4n\u00e4 kanelia sis\u00e4lt\u00e4v\u00e4n eteerisen \u00f6ljyn valmistajana t\u00e4m\u00e4 korkealaatuinen luonnollinen kasvimateriaali luo vankan perustan kaneli\u00f6ljyn erinomaiselle laadulle.<\/p>\n\n\n\n<h2 class=\"wp-block-heading\">\u00a0Kaneli\u00f6ljyn sovellettavissa olevat skenaariot<\/h2>\n\n\n\n<p>Kaneli\u00f6ljy sopii parhaiten k\u00e4ytett\u00e4v\u00e4ksi subtrooppisissa tai trooppisissa ilmastoissa. Kuumina ja kosteina kes\u00e4kuukausina kanelin eteerinen \u00f6ljy tuo k\u00e4ytt\u00e4j\u00e4lleen virkist\u00e4v\u00e4n kokemuksen ja auttaa lievitt\u00e4m\u00e4\u00e4n kuumia ja \u00e4rtyneit\u00e4 mielialoja. Talvikuukausina kanelin eteerisen \u00f6ljyn lempe\u00e4 tuoksu voi lis\u00e4t\u00e4 ripauksen l\u00e4mp\u00f6\u00e4 kylmiin ymp\u00e4rist\u00f6ihin, auttaen rentoutumaan ja rauhoittamaan mielt\u00e4 ja kehoa. Olipa kyseess\u00e4 sitten aromaterapiadiffuusori kotona tai ulkoilman hyvinvointihoito, kanelin eteerinen \u00f6ljy sopii ainutlaatuisen hyvin erilaisiin ilmastoihin. Voimakkaan \u00e4rsytyksen vuoksi se on kuitenkin laimennettava turvalliseen pitoisuuteen. Imev\u00e4isten ja pienten lasten sek\u00e4 raskaana olevien ja raskaana olevien naisten k\u00e4ytt\u00f6\u00e4 on v\u00e4ltett\u00e4v\u00e4.<\/p>\n\n\n\n<h2 class=\"wp-block-heading\">Kenelle kanelin eteerinen \u00f6ljy sopii<\/h2>\n\n\n\n<p>Kaneli\u00f6ljy sopii kaikenik\u00e4isille k\u00e4ytt\u00e4jille. Teini-ik\u00e4isill\u00e4 se voi tehokkaasti parantaa aknea ja muita iho-ongelmia, lievitt\u00e4\u00e4 emotionaalista ahdistusta ja edist\u00e4\u00e4 hyvi\u00e4 y\u00f6unia. Keski-ik\u00e4isill\u00e4 ja vanhuksilla kanelin eteerinen \u00f6ljy voi auttaa lievitt\u00e4m\u00e4\u00e4n nivelkipuja, vahvistamaan immuunij\u00e4rjestelm\u00e4\u00e4 ja ehk\u00e4isem\u00e4\u00e4n syd\u00e4n- ja verisuonitauteja. Voimakkaan \u00e4rsytyksen vuoksi se on kuitenkin laimennettava turvalliseen pitoisuuteen ennen k\u00e4ytt\u00f6\u00e4, ja imev\u00e4isten ja raskaana olevien naisten tulisi v\u00e4ltt\u00e4\u00e4 sen k\u00e4ytt\u00f6\u00e4.<\/p>\n\n\n\n<h2 class=\"wp-block-heading\">Kaneli\u00f6ljyn tuotantoprosessi<\/h2>\n\n\n\n<p>Kaneli\u00f6ljyn tuotantoprosessi on melko monimutkainen ja vaatii huolellista istutusta, sadonkorjuuta ja k\u00e4sittely\u00e4, uuttamista ja tislausta. Ensinn\u00e4kin maanviljelij\u00e4t leikkaavat puita s\u00e4\u00e4nn\u00f6llisesti varmistaakseen, ett\u00e4 puut kasvavat vahvoiksi ja tuottavat runsaasti satoa. Sadonkorjuukauden aikana he poimivat huolellisesti puiden kuoren vaurioiden v\u00e4ltt\u00e4miseksi. Ymp\u00e4rist\u00f6yst\u00e4v\u00e4llisen\u00e4 kaneli\u00f6ljyn valmistajana raaka-aine siirtyy sitten uuttolaitokseen, jossa se h\u00f6yrytislataan korkeissa l\u00e4mp\u00f6tiloissa puhtaan ja rikkaan kaneli\u00f6ljyn erottamiseksi.<\/p>","protected":false},"excerpt":{"rendered":"Cinnamon essential oil manufacturing common formulas Cinnamon essential oil is made from cinnamon trees grown on our own farms. With the ideal subtropical climate, fertile soil and professional planting techniques, the bark of cinnamon trees is of high quality. During the harvesting process, workers are dedicated and careful to ensure that each batch of raw [&hellip;]","protected":false},"featured_media":287,"menu_order":0,"template":"","meta":[],"product-tag":[],"products":[53],"class_list":["post-286","product","type-product","status-publish","has-post-thumbnail","hentry","products-essential-oil"],"acf":[],"_links":{"self":[{"href":"https:\/\/www.ruiqigo.com\/fi\/wp-json\/wp\/v2\/product\/286","targetHints":{"allow":["GET"]}}],"collection":[{"href":"https:\/\/www.ruiqigo.com\/fi\/wp-json\/wp\/v2\/product"}],"about":[{"href":"https:\/\/www.ruiqigo.com\/fi\/wp-json\/wp\/v2\/types\/product"}],"version-history":[{"count":0,"href":"https:\/\/www.ruiqigo.com\/fi\/wp-json\/wp\/v2\/product\/286\/revisions"}],"wp:featuredmedia":[{"embeddable":true,"href":"https:\/\/www.ruiqigo.com\/fi\/wp-json\/wp\/v2\/media\/287"}],"wp:attachment":[{"href":"https:\/\/www.ruiqigo.com\/fi\/wp-json\/wp\/v2\/media?parent=286"}],"wp:term":[{"taxonomy":"product-tag","embeddable":true,"href":"https:\/\/www.ruiqigo.com\/fi\/wp-json\/wp\/v2\/product-tag?post=286"},{"taxonomy":"products","embeddable":true,"href":"https:\/\/www.ruiqigo.com\/fi\/wp-json\/wp\/v2\/products?post=286"}],"curies":[{"name":"wp","href":"https:\/\/api.w.org\/{rel}","templated":true}]}}