{"id":2899,"date":"2025-01-21T16:29:00","date_gmt":"2025-01-21T08:29:00","guid":{"rendered":"https:\/\/ruiqigo.com\/?post_type=product&#038;p=2899"},"modified":"2025-01-21T16:29:31","modified_gmt":"2025-01-21T08:29:31","slug":"mens-body-wash","status":"publish","type":"product","link":"https:\/\/www.ruiqigo.com\/fi\/product\/mens-body-wash","title":{"rendered":"Miesten vartalopesu"},"content":{"rendered":"<h2 class=\"wp-block-heading\">Miesten vartalosaippuoiden valmistuksen yleiset kaavat<\/h2>\n\n\n\n<p>Miesten vartalosaippuoiden tuotannossa ja kehityksess\u00e4 olemme suunnitelleet erilaisia koostumuksia eri ihotyypeille ja ihonhoitotarpeille, ja eri koostumuksien ainesosat ovat erilaisia. Ennen k\u00e4ytt\u00f6\u00e4 sinun tulee valita ihotyypillesi sopiva tuote.<\/p>\n\n\n\n<p>1. Laventeli\u00f6ljy: Laventelin l\u00e4mmin ja elegantti tuoksu ei ainoastaan rentouta kehoa ja mielt\u00e4 ja lievit\u00e4 stressi\u00e4, vaan my\u00f6s kest\u00e4\u00e4 pitk\u00e4\u00e4n ja auttaa poistamaan hajuja. Samalla sen tulehdusta est\u00e4v\u00e4t ominaisuudet voivat my\u00f6s v\u00e4hent\u00e4\u00e4 ihon punoitusta ja finnej\u00e4 sek\u00e4 s\u00e4\u00e4dell\u00e4 ihon \u00f6ljyntuotantoa, mik\u00e4 v\u00e4hent\u00e4\u00e4 rasvaisen tunteen tunnetta.<\/p>\n\n\n\n<p>2. Moringa-siemen\u00f6ljy: Moringa-siemen\u00f6ljy on runsaasti antioksidantteja sis\u00e4lt\u00e4v\u00e4, jotka voivat torjua vapaiden radikaalien aiheuttamia vaurioita, yll\u00e4pit\u00e4\u00e4 kollageenin ja hyaluronihapon tasoja ja hidastaa ihon ik\u00e4\u00e4ntymist\u00e4. Sen ravinteet auttavat korjaamaan vaurioitunutta ihoa, parantamaan ihon rakennetta ja ravitsemaan ihoa samalla suojaten sit\u00e4 auringon aiheuttamilta vaurioilta.<\/p>\n\n\n\n<p>3. Argan\u00f6ljy: Argan\u00f6ljy on kevytt\u00e4 ja helposti imeytyv\u00e4\u00e4, j\u00e4tt\u00e4en ihon pehme\u00e4ksi ja herk\u00e4ksi k\u00e4yt\u00f6n j\u00e4lkeen. My\u00f6s miehet tuottavat yleens\u00e4 enemm\u00e4n \u00f6ljy\u00e4, ja liiallinen \u00f6ljy iholla voi johtaa tukkeutuneisiin ihohuokosiin ja kipeisiin kohtiin. Argan\u00f6ljymme auttaa s\u00e4\u00e4telem\u00e4\u00e4n talintuotantoa ja kosteuttaa ihoa syv\u00e4lt\u00e4.<\/p>\n\n\n\n<p>4. Aloe vera: Luonnollinen aloe vera sis\u00e4lt\u00e4\u00e4 useita vitamiineja sek\u00e4 ihonhoitoaineita, jotka paitsi edist\u00e4v\u00e4t kollageenin tuotantoa ja suojaavat ihoa vaurioilta, my\u00f6s rauhoittavat \u00e4rtynytt\u00e4 ja auringonpolttamaa ihoa ja edist\u00e4v\u00e4t haavan paranemista. Lis\u00e4ksi sen entsyymit auttavat kuorimaan ja poistamaan kuolleita ihosoluja ja muodostavat suojakalvon, joka est\u00e4\u00e4 veden haihtumisen.<\/p>\n\n\n\n<p>5. Salisyylihappo: Salisyylihappo voi tunkeutua ihohuokosiin, poistaa tehokkaasti ihon pinnalta \u00f6ljyn ja lian ja edist\u00e4\u00e4 ihon aineenvaihduntaa v\u00e4hent\u00e4en liiallista \u00f6ljyn erityst\u00e4.<\/p>\n\n\n\n<h2 class=\"wp-block-heading\">Miesten vartalosaippuan toiminnot<\/h2>\n\n\n\n<p>Tarjoamme sinulle parhaan mahdollisen kylpykokemuksen k\u00e4ytt\u00e4m\u00e4ll\u00e4 luonnollisia, puhtaita ja saasteettomia ainesosia. Tarvitsetpa sitten kosteuttavaa ihoa, rasvan erityst\u00e4, n\u00e4ppyj\u00e4 tai muita erityistarpeitasi varten, suihkugeelimme hoitaa ihoasi ja jopa herkki\u00e4 lihaksia huolellisesti.<\/p>\n\n\n\n<p>1. Syv\u00e4puhdistus: Miesten vartalosaippualla on voimakas puhdistuskyky, se tunkeutuu ihohuokosiin ja tuottaa runsaasti vaahtoa poistaakseen lian, \u00f6ljyn ja ep\u00e4puhtaudet iholta, jotta ihosi pysyy raikkaana eik\u00e4 rasvaisena.<\/p>\n\n\n\n<p>2. Kosteuttava ja kosteuttava: Suihkugeelimme sis\u00e4lt\u00e4\u00e4 useita kosteuttavia ainesosia, jotka t\u00e4ydent\u00e4v\u00e4t ihon kosteutta ja lukitsevat sen tiukasti ihoon est\u00e4en kuivumisen. Se tarjoaa my\u00f6s ravinteita, jotka auttavat parantamaan ihon rakennetta ja palauttamaan ihon kimmoisuuden.<\/p>\n\n\n\n<p>3. \u00d6ljyntuotantoa s\u00e4\u00e4telev\u00e4 ja raikastava vaikutus: Suihkugeelin \u00f6ljyntuotantoa s\u00e4\u00e4telev\u00e4t ainesosat voivat s\u00e4\u00e4dell\u00e4 \u00f6ljyntuotantoa ja v\u00e4hent\u00e4\u00e4 rasvaista tunnetta. Pitk\u00e4aikainen k\u00e4ytt\u00f6 auttaa v\u00e4hent\u00e4m\u00e4\u00e4n \u00f6ljyntuotantoa ja saavuttamaan \u00f6ljyntuotannon hallinnan tehon.<\/p>\n\n\n\n<p>4. Istuinhaavojen poisto: S\u00e4\u00e4nn\u00f6llinen k\u00e4ytt\u00f6 voi v\u00e4hent\u00e4\u00e4 ihon bakteereja ja tulehdusta sek\u00e4 kuolleiden ihosolujen kertymist\u00e4, mik\u00e4 ehk\u00e4isee aknea ja istuinhaavoja ja edist\u00e4\u00e4 ihon yleist\u00e4 terveytt\u00e4.<\/p>\n\n\n\n<p>5. Pitk\u00e4kestoinen tuoksu: Miesten suihkugeelin tuoksuaineilla on pitk\u00e4kestoinen tuoksunpid\u00e4tyskyky, mik\u00e4 auttaa v\u00e4hent\u00e4m\u00e4\u00e4n hajua, lis\u00e4\u00e4m\u00e4\u00e4n henkil\u00f6kohtaista vieh\u00e4tysvoimaa ja lis\u00e4\u00e4m\u00e4\u00e4n itseluottamusta.<\/p>\n\n\n\n<h2 class=\"wp-block-heading\">Kuinka k\u00e4ytt\u00e4\u00e4 miesten vartalosaippuaa?<\/h2>\n\n\n\n<p>Oikea k\u00e4ytt\u00f6tapa auttaa sinua nauttimaan kylvyst\u00e4si paremmin ja johtaa parempaan ihonhoitoon. Merkitsemme tuotteen k\u00e4ytt\u00f6tarkoituksen my\u00f6s pakkaukseen.<\/p>\n\n\n\n<p>1. Kosteuta ihoa: Kastele vartalo ennen suihkugeelin k\u00e4ytt\u00f6\u00e4. Voit k\u00e4ytt\u00e4\u00e4 l\u00e4mmint\u00e4 vett\u00e4 ihohuokosten avaamiseen.<\/p>\n\n\n\n<p>2. Hiero ja vaahdota: Levit\u00e4 sopiva m\u00e4\u00e4r\u00e4 miesten suihkugeeli\u00e4 k\u00e4mmenelle tai kylpypallolle ja hiero vaahdoksi;<\/p>\n\n\n\n<p>3. Hieronta: levit\u00e4 vaahtoa tasaisesti koko vartalolle ja hiero kevyesti, erityisesti kyyn\u00e4rp\u00e4\u00e4t\u00e4, polvea ja muita paksun kynsinauhan omaavia osia voi pident\u00e4\u00e4 hieronta-aikaa asianmukaisesti;<\/p>\n\n\n\n<p>4. Huuhtele vedell\u00e4: Hieronnan j\u00e4lkeen huuhtele vaahto vedell\u00e4 varmistaaksesi, ettei siihen ole j\u00e4\u00e4nyt vaahtoj\u00e4\u00e4mi\u00e4, ja kuivaa se varovasti pyyhkeell\u00e4;<\/p>\n\n\n\n<p>5. J\u00e4lkihoito: Kylvyn j\u00e4lkeen voit k\u00e4ytt\u00e4\u00e4 vartalovoidetta tai kosteusvoidetta pit\u00e4\u00e4ksesi ihon kosteutettuna ja pehme\u00e4n\u00e4, erityisesti kuivissa ja kylmiss\u00e4 olosuhteissa.<\/p>\n\n\n\n<h2 class=\"wp-block-heading\">Varoitus<\/h2>\n\n\n\n<p>1. Valitse ihotyypillesi sopiva miesten suihkugeeli ennen k\u00e4ytt\u00f6\u00e4;<\/p>\n\n\n\n<p>2. Allergiatestit on teht\u00e4v\u00e4 ennen k\u00e4ytt\u00f6\u00e4. Jos ilmenee ep\u00e4mukavuutta, lopeta k\u00e4ytt\u00f6 v\u00e4litt\u00f6m\u00e4sti ja ota yhteytt\u00e4 l\u00e4\u00e4k\u00e4riin.<\/p>\n\n\n\n<p>3. V\u00e4lt\u00e4 liiallista puhdistamista, on suositeltavaa k\u00e4ytt\u00e4\u00e4 kerran p\u00e4iv\u00e4ss\u00e4. Jos iho on herkk\u00e4, voit k\u00e4ytt\u00e4\u00e4 2\u20133 kertaa viikossa.<\/p>\n\n\n\n<p>4. Kiinnit\u00e4 huomiota ainesosien turvallisuuteen, tarkista ainesosaluettelo valitessasi ja v\u00e4lt\u00e4 \u00e4rsytt\u00e4vi\u00e4 tai allergisoivia ainesosia sis\u00e4lt\u00e4vien tuotteiden k\u00e4ytt\u00f6\u00e4;<\/p>\n\n\n\n<p>5. On suositeltavaa s\u00e4ilytt\u00e4\u00e4 viile\u00e4ss\u00e4 ja kuivassa paikassa, v\u00e4ltt\u00e4\u00e4 suoraa auringonvaloa ja korkeita l\u00e4mp\u00f6tiloja ja kiinnitt\u00e4\u00e4 huomiota tiivistykseen.<\/p>\n\n\n\n<h2 class=\"wp-block-heading\">Johtop\u00e4\u00e4t\u00f6s<\/h2>\n\n\n\n<p>Niille teist\u00e4, jotka etsiv\u00e4t laatua ja tehokkuutta, miesten suihkugeelimme on paras valinta. Yhdist\u00e4mme syv\u00e4puhdistuksen ja syv\u00e4kosteutuksen kaksoisvaikutuksen, ja meill\u00e4 on my\u00f6s edistyneet tuotantolaitteet ja laajamittainen tuotantopaja, jotka pystyv\u00e4t vastaamaan laajamittaisen tuotannon tarpeisiin. Pakkaussuunnittelumme korostaa kaupunkilaisten miesten makua ja tyyli\u00e4, auttaen sinua erottumaan kilpailluilla markkinoilla. Ota yhteytt\u00e4, jos olet kiinnostunut.<\/p>\n\n\n\n<p><\/p>","protected":false},"excerpt":{"rendered":"Men\u2019s Body Wash Manufacturing Common Formulas In the production and development of men&#8217;s body wash, we have designed a variety of formulas according to different skin types and skin care needs, and the ingredients of different formulas are different. Before you use it, you should choose a product that is suitable for your skin type. [&hellip;]","protected":false},"featured_media":2900,"menu_order":0,"template":"","meta":[],"product-tag":[],"products":[57],"class_list":["post-2899","product","type-product","status-publish","has-post-thumbnail","hentry","products-body-wash"],"acf":[],"_links":{"self":[{"href":"https:\/\/www.ruiqigo.com\/fi\/wp-json\/wp\/v2\/product\/2899","targetHints":{"allow":["GET"]}}],"collection":[{"href":"https:\/\/www.ruiqigo.com\/fi\/wp-json\/wp\/v2\/product"}],"about":[{"href":"https:\/\/www.ruiqigo.com\/fi\/wp-json\/wp\/v2\/types\/product"}],"version-history":[{"count":0,"href":"https:\/\/www.ruiqigo.com\/fi\/wp-json\/wp\/v2\/product\/2899\/revisions"}],"wp:featuredmedia":[{"embeddable":true,"href":"https:\/\/www.ruiqigo.com\/fi\/wp-json\/wp\/v2\/media\/2900"}],"wp:attachment":[{"href":"https:\/\/www.ruiqigo.com\/fi\/wp-json\/wp\/v2\/media?parent=2899"}],"wp:term":[{"taxonomy":"product-tag","embeddable":true,"href":"https:\/\/www.ruiqigo.com\/fi\/wp-json\/wp\/v2\/product-tag?post=2899"},{"taxonomy":"products","embeddable":true,"href":"https:\/\/www.ruiqigo.com\/fi\/wp-json\/wp\/v2\/products?post=2899"}],"curies":[{"name":"wp","href":"https:\/\/api.w.org\/{rel}","templated":true}]}}