{"id":291,"date":"2024-07-05T16:27:41","date_gmt":"2024-07-05T08:27:41","guid":{"rendered":"https:\/\/ruiqigo.com\/?post_type=product&#038;p=291"},"modified":"2024-11-15T16:41:32","modified_gmt":"2024-11-15T08:41:32","slug":"organic-essential-oil","status":"publish","type":"product","link":"https:\/\/www.ruiqigo.com\/fi\/product\/organic-essential-oil","title":{"rendered":"Luomu eteerinen \u00f6ljy"},"content":{"rendered":"<h2 class=\"wp-block-heading\">Orgaanisten eteeristen \u00f6ljyjen valmistuksen yleiset kaavat<\/h2>\n\n\n\n<p>Luomueteeriset \u00f6ljyt hankitaan sertifioiduilta luomutiloilta, jotka k\u00e4ytt\u00e4v\u00e4t luonnollisia ja saasteettomia viljelymenetelmi\u00e4 varmistaakseen, ett\u00e4 raaka-aineet eiv\u00e4t sis\u00e4ll\u00e4 kemikaaleja. Ty\u00f6ntekij\u00e4t ovat eritt\u00e4in varovaisia sadonkorjuun aikana v\u00e4ltt\u00e4\u00e4kseen kasvien vahingoittumisen. Ammattimaisen uuttoprosessin j\u00e4lkeen uutetut luomueteeriset \u00f6ljyt s\u00e4ilytt\u00e4v\u00e4t kasvien alkuper\u00e4isen aromaattisen aktiivisuuden, mik\u00e4 varmistaa parhaan laadun ja tehokkuuden. Erinomaisena luomueteeristen \u00f6ljyjen valmistajana t\u00e4m\u00e4 standardoitu viljelyn ja uuton valvonta antaa vankan takuun luomueteeristen \u00f6ljyjen laadusta.<\/p>\n\n\n\n<h2 class=\"wp-block-heading\">Luomulaatuisten eteeristen \u00f6ljyjen k\u00e4ytt\u00f6kohteet<\/h2>\n\n\n\n<p>Luonnonkasvien ydinsanoina orgaaniset eteeriset \u00f6ljyt voivat toimia hyvin monenlaisissa ymp\u00e4rist\u00f6iss\u00e4. Kuumina kes\u00e4kuukausina orgaanisten eteeristen \u00f6ljyjen virkist\u00e4v\u00e4 tuoksu voi auttaa lievitt\u00e4m\u00e4\u00e4n kuumuutta ja lis\u00e4\u00e4m\u00e4\u00e4n rentouttavan ja miellytt\u00e4v\u00e4n kokemuksen. Kylmin\u00e4 talvikuukausina orgaanisten eteeristen \u00f6ljyjen lempe\u00e4 tuoksu voi tuoda k\u00e4ytt\u00e4j\u00e4lle l\u00e4mp\u00f6\u00e4 ja helpotusta sek\u00e4 parantaa emotionaalista ahdistusta. Olipa kyseess\u00e4 sitten sis\u00e4aromaterapia tai ulkoaktiviteetit, orgaaniset eteeriset \u00f6ljyt tarjoavat ainutlaatuisen luonnollisen kokemuksen. Monipuolisuuden ansiosta ne sopivat erinomaisesti monenlaisiin tilaisuuksiin.<\/p>\n\n\n\n<h2 class=\"wp-block-heading\">Kenelle orgaaninen eteerinen \u00f6ljy sopii<\/h2>\n\n\n\n<p>Luomulaatuiset eteeriset \u00f6ljyt sopivat monenlaisille ihmisille, mukaan lukien niille, jotka etsiv\u00e4t luonnollisia hoitokeinoja ihon ongelmien parantamiseen, stressin lievitt\u00e4miseen, mielialan kohottamiseen tai aromaterapiakokemuksesta nauttimiseen. Olitpa sitten herkk\u00e4ihoinen, rentoutumista kaipaava toimistoty\u00f6ntekij\u00e4, el\u00e4m\u00e4nlaatuaan parantava kotirouva tai terveydest\u00e4\u00e4n huolissaan oleva luontaisl\u00e4\u00e4ketieteen harrastaja, luomulaatuiset eteeriset \u00f6ljyt voivat tarjota sinulle luonnollisia, puhtaita hoitoja ja rauhoittavia vaikutuksia. Luomulaatuisia eteerisi\u00e4 \u00f6ljyj\u00e4 tulisi kuitenkin k\u00e4ytt\u00e4\u00e4 varoen raskaana olevien naisten, lasten, tiettyj\u00e4 sairauksia sairastavien ja erityisen herkk\u00e4ihoisten tai fyysist\u00e4 ep\u00e4mukavuutta kokevien ihmisten kohdalla.<\/p>\n\n\n\n<h2 class=\"wp-block-heading\">Orgaanisen eteerisen \u00f6ljyn tuotantoprosessi<\/h2>\n\n\n\n<p>Erinomaisena orgaanisten eteeristen \u00f6ljyjen valmistajana orgaanisten eteeristen \u00f6ljyjen tuotantoprosessi on varsin erikoistunut ja monimutkainen, raaka-aineiden viljelyst\u00e4 lopulliseen uuttamiseen asti, jokainen vaihe on valvottava tarkasti. Yritys on paitsi ottanut k\u00e4ytt\u00f6\u00f6n edistyneit\u00e4 testauslaitteita jokaisen raaka-aine-er\u00e4n t\u00e4ydelliseen valvontaan, my\u00f6s luonut t\u00e4ydellisen laatuj\u00e4rjestelm\u00e4n varmistaakseen, ett\u00e4 tuotteet t\u00e4ytt\u00e4v\u00e4t orgaanisen sertifioinnin standardit. Tarkkuusorgaanisten eteeristen \u00f6ljyjen valmistajana ty\u00f6ntekij\u00e4t k\u00e4ytt\u00e4v\u00e4t uuttamisprosessin aikana matalaa l\u00e4mp\u00f6tilaa ja painetta minimoidakseen kasvinosien vauriot ja s\u00e4ilytt\u00e4\u00e4kseen raaka-aineiden parhaan mahdollisen aktiivisuuden.<\/p>\n\n\n\n<p><\/p>","protected":false},"excerpt":{"rendered":"Organic essential oil manufacturing common formulas Organic essential oil are sourced from certified organic farms, which use natural and pollution-free farming methods to ensure that the raw materials do not contain any chemicals. Workers are extremely careful during the harvesting process to avoid damaging the plants. After a professional extraction process, the extracted organic essential [&hellip;]","protected":false},"featured_media":371,"menu_order":0,"template":"","meta":[],"product-tag":[],"products":[53],"class_list":["post-291","product","type-product","status-publish","has-post-thumbnail","hentry","products-essential-oil"],"acf":[],"_links":{"self":[{"href":"https:\/\/www.ruiqigo.com\/fi\/wp-json\/wp\/v2\/product\/291","targetHints":{"allow":["GET"]}}],"collection":[{"href":"https:\/\/www.ruiqigo.com\/fi\/wp-json\/wp\/v2\/product"}],"about":[{"href":"https:\/\/www.ruiqigo.com\/fi\/wp-json\/wp\/v2\/types\/product"}],"version-history":[{"count":0,"href":"https:\/\/www.ruiqigo.com\/fi\/wp-json\/wp\/v2\/product\/291\/revisions"}],"wp:featuredmedia":[{"embeddable":true,"href":"https:\/\/www.ruiqigo.com\/fi\/wp-json\/wp\/v2\/media\/371"}],"wp:attachment":[{"href":"https:\/\/www.ruiqigo.com\/fi\/wp-json\/wp\/v2\/media?parent=291"}],"wp:term":[{"taxonomy":"product-tag","embeddable":true,"href":"https:\/\/www.ruiqigo.com\/fi\/wp-json\/wp\/v2\/product-tag?post=291"},{"taxonomy":"products","embeddable":true,"href":"https:\/\/www.ruiqigo.com\/fi\/wp-json\/wp\/v2\/products?post=291"}],"curies":[{"name":"wp","href":"https:\/\/api.w.org\/{rel}","templated":true}]}}