{"id":296,"date":"2024-07-05T16:38:45","date_gmt":"2024-07-05T08:38:45","guid":{"rendered":"https:\/\/ruiqigo.com\/?post_type=product&#038;p=296"},"modified":"2024-11-15T16:40:07","modified_gmt":"2024-11-15T08:40:07","slug":"tea-tree-essential-oil","status":"publish","type":"product","link":"https:\/\/www.ruiqigo.com\/fi\/product\/tea-tree-essential-oil","title":{"rendered":"Teepuun eteerinen \u00f6ljy"},"content":{"rendered":"<h2 class=\"wp-block-heading\">Teepuun eteerinen \u00f6ljy valmistaa yleisi\u00e4 kaavoja<\/h2>\n\n\n\n<p>Teepuun eteerinen \u00f6ljy on per\u00e4isin sertifioiduilta luomuviljelmilt\u00e4, joissa teepuut kasvatetaan luonnollisella ja ekologisella tavalla ilman kemiallisia lis\u00e4aineita. Sadonkorjuun aikana ty\u00f6ntekij\u00e4t ovat eritt\u00e4in varovaisia v\u00e4ltt\u00e4\u00e4kseen vahingoittamasta teepuita mahdollisimman paljon. Johtavana teepuun eteeristen \u00f6ljyjen valmistajana teepuu tislataan ja uutetaan, mik\u00e4 s\u00e4ilytt\u00e4\u00e4 t\u00e4ysin teepuun alkuper\u00e4iset aktiiviset ainesosat, kuten monoterpeenit, varmistaakseen eteerisen \u00f6ljyn parhaan laadun.<\/p>\n\n\n\n<h2 class=\"wp-block-heading\">Teepuun eteerinen \u00f6ljy soveltuvat skenaariot<\/h2>\n\n\n\n<p>Teepuun eteerinen \u00f6ljy toimii hyvin erilaisissa ilmastoissa ainutlaatuisen raikkaan aromin ja laajakirjoisten antiseptisten ominaisuuksiensa ansiosta. Kuumina, kosteina kes\u00e4kuukausina se voi auttaa lievitt\u00e4m\u00e4\u00e4n ihon kutinaa ja est\u00e4m\u00e4\u00e4n bakteerien kasvua; kylmin\u00e4 ja kuivina talvikuukausina teepuu\u00f6ljyll\u00e4 voi olla tulehdusta ehk\u00e4isev\u00e4 ja kosteuttava rooli ihon olosuhteiden parantamisessa. Lis\u00e4ksi teepuun eteerinen \u00f6ljy on tehokas ihon puhdistamiseen, vesirokon, herpesin, haavam\u00e4isen, syylien, haavaumien, palovammojen, auringonpolttamien poistamiseen sek\u00e4 silsan, urheilijan jalan, hilseen ja niin edelleen parantamiseen.<\/p>\n\n\n\n<h2 class=\"wp-block-heading\">Kenelle teepuun eteerinen \u00f6ljy sopii<\/h2>\n\n\n\n<p>Teepuu\u00f6ljy\u00e4 voivat k\u00e4ytt\u00e4\u00e4 monenlaiset k\u00e4ytt\u00e4j\u00e4ryhm\u00e4t. Se voi tehokkaasti parantaa aknea, ekseemaa ja muita iho-ongelmia, voi my\u00f6s lievitt\u00e4\u00e4 nivel- ja lihaskipuja ja parantaa immuunitoimintaa. On t\u00e4rke\u00e4\u00e4 huomata, ett\u00e4 jos sit\u00e4 k\u00e4ytet\u00e4\u00e4n kasvoille, ole varovainen, ettet p\u00e4\u00e4se liian l\u00e4helle silm\u00e4nymp\u00e4rysihoa ja aiheuta silmiss\u00e4 ep\u00e4mukavuutta. Ei sovellu k\u00e4ytett\u00e4v\u00e4ksi herkill\u00e4 ihoalueilla.<\/p>\n\n\n\n<h2 class=\"wp-block-heading\">Teepuun eteerisen \u00f6ljyn valmistusprosessi<\/h2>\n\n\n\n<p>Teepuun eteerinen \u00f6ljy tulee p\u00e4\u00e4asiassa useista myrttiperheen, Melaleuca alternifolia, kasvilajeista, joista hallitseva laji, Melaleuca alternifolia, on kotoisin Australiasta. Raaka-ainetta ker\u00e4tt\u00e4ess\u00e4 jokaisen teepuun lehdet ja versot korjataan tarkasti uutetun eteerisen \u00f6ljyn laadun varmistamiseksi. Raaka teepuumateriaali ladataan selkeytyss\u00e4ili\u00f6n kautta tislausastiaan tislausuuttoprosessin aloittamiseksi. Luotettavana teepuun eteeristen \u00f6ljyjen valmistajana t\u00e4ss\u00e4 vaiheessa tuotetaan h\u00f6yry\u00e4 kuumentamalla niin, ett\u00e4 teepuun eteerist\u00e4 \u00f6ljy\u00e4 sis\u00e4lt\u00e4v\u00e4 vesih\u00f6yry ker\u00e4t\u00e4\u00e4n putkeen ja j\u00e4\u00e4hdytet\u00e4\u00e4n nesteeksi. Veden ja eteerisen \u00f6ljyn tiheyseron vuoksi teepuun eteerinen \u00f6ljy erottuu nopeasti ja j\u00e4ljelle j\u00e4\u00e4neest\u00e4 vedest\u00e4 tulee teepuusosetta.<\/p>","protected":false},"excerpt":{"rendered":"Tea tree essential oil manufacturing common formulas Tea tree essential oil is sourced from certified organic plantations, where the tea trees are grown in a natural and ecological way without any chemical additives. During the harvesting process, the workers are very careful to avoid harming the tea trees as much as possible. As a leading [&hellip;]","protected":false},"featured_media":380,"menu_order":0,"template":"","meta":[],"product-tag":[],"products":[53],"class_list":["post-296","product","type-product","status-publish","has-post-thumbnail","hentry","products-essential-oil"],"acf":[],"_links":{"self":[{"href":"https:\/\/www.ruiqigo.com\/fi\/wp-json\/wp\/v2\/product\/296","targetHints":{"allow":["GET"]}}],"collection":[{"href":"https:\/\/www.ruiqigo.com\/fi\/wp-json\/wp\/v2\/product"}],"about":[{"href":"https:\/\/www.ruiqigo.com\/fi\/wp-json\/wp\/v2\/types\/product"}],"version-history":[{"count":0,"href":"https:\/\/www.ruiqigo.com\/fi\/wp-json\/wp\/v2\/product\/296\/revisions"}],"wp:featuredmedia":[{"embeddable":true,"href":"https:\/\/www.ruiqigo.com\/fi\/wp-json\/wp\/v2\/media\/380"}],"wp:attachment":[{"href":"https:\/\/www.ruiqigo.com\/fi\/wp-json\/wp\/v2\/media?parent=296"}],"wp:term":[{"taxonomy":"product-tag","embeddable":true,"href":"https:\/\/www.ruiqigo.com\/fi\/wp-json\/wp\/v2\/product-tag?post=296"},{"taxonomy":"products","embeddable":true,"href":"https:\/\/www.ruiqigo.com\/fi\/wp-json\/wp\/v2\/products?post=296"}],"curies":[{"name":"wp","href":"https:\/\/api.w.org\/{rel}","templated":true}]}}