{"id":2967,"date":"2025-01-23T14:50:43","date_gmt":"2025-01-23T06:50:43","guid":{"rendered":"https:\/\/ruiqigo.com\/?post_type=product&#038;p=2967"},"modified":"2025-01-23T14:51:53","modified_gmt":"2025-01-23T06:51:53","slug":"organic-toothpaste","status":"publish","type":"product","link":"https:\/\/www.ruiqigo.com\/fi\/product\/organic-toothpaste","title":{"rendered":"Orgaaninen hammastahna\u00a0"},"content":{"rendered":"<h2 class=\"wp-block-heading\">Orgaanisen hammastahnan valmistuksen yleiset kaavat<\/h2>\n\n\n\n<p>Luomuhammastahnojen ammattimaisena valmistajana keskitymme raaka-aineiden luonnollisuuteen ja terveellisyyteen. Siksi valitsemme huolellisesti erilaisia luomuainesosia ja yhdist\u00e4mme ne tieteellisesti, jotta jokainen hampaidenpesu on miellytt\u00e4v\u00e4 nautinto.<\/p>\n\n\n\n<p>1. Aloe vera: Aloe veralla on kosteuttavia ja rauhoittavia ominaisuuksia, se ravitsee ikeni\u00e4 ja ehk\u00e4isee ikenien surkastumista ja verenvuotoa. Lis\u00e4ksi sill\u00e4 on tietty antibakteerinen vaikutus, joka voi tappaa haitallisia bakteereja suussa ja siten suojata suun terveytt\u00e4.<\/p>\n\n\n\n<p>2. Minttu: Mintun raikas tuoksu ja viile\u00e4 maku voivat auttaa poistamaan hajuja suusta ja pit\u00e4m\u00e4\u00e4n hengityksen raikkaana. Samalla sill\u00e4 on my\u00f6s tietty tulehdusta ja bakteereja tappava vaikutus, joka auttaa v\u00e4hent\u00e4m\u00e4\u00e4n bakteerien m\u00e4\u00e4r\u00e4\u00e4 suussa ja ehk\u00e4isem\u00e4\u00e4n suun tulehdusta.<\/p>\n\n\n\n<p>3. Ksylitoli: Ksylitoli on luonnollinen ja terveellinen makeutusaine, joka paitsi v\u00e4hent\u00e4\u00e4 plakin muodostumista my\u00f6s ehk\u00e4isee hampaiden reikiintymist\u00e4. Samalla se voi edist\u00e4\u00e4 syljen erityst\u00e4, mik\u00e4 auttaa puhdistamaan ja kosteuttamaan suuta. Lis\u00e4ksi ksylitolin makea maku sopii paremmin lapsille.<\/p>\n\n\n\n<p>4. Ruokasooda: Ruokasoodan pH-arvo on 9\u201311 ja se on em\u00e4ksinen, mik\u00e4 voi neutraloida suun happoja ja v\u00e4hent\u00e4\u00e4 hampaiden herkkyytt\u00e4. Se voi auttaa poistamaan hammaskive\u00e4 ja tahroja hampaiden pinnalta ja saavuttamaan hampaiden valkaisuvaikutuksen. Samalla ruokasoodalla on my\u00f6s antibakteerinen vaikutus, joka voi est\u00e4\u00e4 bakteerien kasvua suussa ja ehk\u00e4ist\u00e4 suun tulehduksia ja infektioita.<\/p>\n\n\n\n<p>5. Teepuu\u00f6ljy: Teepuu\u00f6ljyll\u00e4 on tulehdusta ja bakteereja est\u00e4vi\u00e4 vaikutuksia, jotka voivat lievitt\u00e4\u00e4 ien- ja parodontiitin tulehdusta ja est\u00e4\u00e4 hammasplakin muodostumista. Sill\u00e4 on my\u00f6s virkist\u00e4v\u00e4 vaikutus, joka t\u00e4ytt\u00e4\u00e4 suun kevyell\u00e4 ja makealla tuoksulla.<\/p>\n\n\n\n<h2 class=\"wp-block-heading\">Orgaanisen hammastahnan toiminnot<\/h2>\n\n\n\n<p>Tutkimus- ja kehitystiimimme SOVITTAA koostumuksen useimpien ihmisten suun terveyteen, jotta se voi t\u00e4ysin huolehtia heid\u00e4n suun terveydest\u00e4\u00e4n. Ennen k\u00e4ytt\u00f6\u00e4 sinun tulee valita sinulle sopiva tuote suun kunnon mukaan.<\/p>\n\n\n\n<p>1. Hell\u00e4varainen puhdistus: Hammastahnamme k\u00e4ytt\u00e4v\u00e4t mietoja, luonnollisia hankaavia aineita ja muita ainesosia paitsi puhdistaakseen hampaat tehokkaasti ja poistaakseen plakkia ja fyysisi\u00e4 j\u00e4\u00e4mi\u00e4, my\u00f6s suojatakseen hammaskiillett\u00e4 vaurioilta.<\/p>\n\n\n\n<p>2. Ei haitallisia aineita: orgaaninen hammastahna ei sis\u00e4ll\u00e4 fluoridia, triklosaania tai muita aineita, eik\u00e4 siihen ole lis\u00e4tty kemiallisia vaahdotusaineita, synteettisi\u00e4 essenssej\u00e4 tai muita haitallisia kemikaaleja. T\u00e4m\u00e4 ei ainoastaan est\u00e4 kemiallisten komponenttien j\u00e4\u00e4mi\u00e4 suuhun, vaan my\u00f6s v\u00e4hent\u00e4\u00e4 suun ja kehon mahdollisia vaurioita.<\/p>\n\n\n\n<p>3. Lievitt\u00e4\u00e4 suun ongelmia: Tuotteemme sis\u00e4lt\u00e4v\u00e4t antibakteerisia ja tulehdusta ehk\u00e4isevi\u00e4 ainesosia, jotka voivat lievitt\u00e4\u00e4 suun ongelmia, kuten ientulehdusta ja suun haavaumia, jossain m\u00e4\u00e4rin, ja siten yll\u00e4pit\u00e4\u00e4 suuontelon yleist\u00e4 terveytt\u00e4.<\/p>\n\n\n\n<p>4. Raikas hengitys: Minttu ja muut luomuhammastahnan ainesosat tuoksuvat raikkaasti, mik\u00e4 voi poistaa hajuja, tuoda raikkaan hengityksen suuhun ja tehd\u00e4 olosta itsevarmemman.<\/p>\n\n\n\n<p>5. V\u00e4henn\u00e4 suun herkkyytt\u00e4: Herkille hampaille paras valinta on orgaaninen hammastahna. Se ei sis\u00e4ll\u00e4 \u00e4rsytt\u00e4vi\u00e4 kemikaaleja ja voi v\u00e4hent\u00e4\u00e4 \u00e4rsytyst\u00e4 suun herkill\u00e4 alueilla ja lievitt\u00e4\u00e4 suun ep\u00e4mukavuutta.<\/p>\n\n\n\n<h2 class=\"wp-block-heading\">Kuinka k\u00e4ytt\u00e4\u00e4 orgaanista hammastahnaa?<\/h2>\n\n\n\n<p>Luomuhammastahnaa k\u00e4ytet\u00e4\u00e4n samalla tavalla kuin tavallista hammastahnaa, mutta sinun on valittava sopiva tuote ennen k\u00e4ytt\u00f6\u00e4. Merkitsemme k\u00e4ytt\u00f6tarkoituksen my\u00f6s pakkaukseen.<\/p>\n\n\n\n<p>1. Huuhtele suusi vedell\u00e4 pit\u00e4\u00e4ksesi sen kosteana;<\/p>\n\n\n\n<p>2. Levit\u00e4 hammasharjaan oikea m\u00e4\u00e4r\u00e4 luomuhammastahnaa ja aloita harjaus.<\/p>\n\n\n\n<p>3. Kallista hammasharjaa 45 asteen kulmaan ja harjaa sill\u00e4 varovasti hampaiden ja ikenien liitoskohdasta. Voit harjata hell\u00e4varaisesti py\u00f6rivin liikkein \u00e4l\u00e4k\u00e4 k\u00e4yt\u00e4 liikaa voimaa. Koko prosessi kest\u00e4\u00e4 v\u00e4hint\u00e4\u00e4n kaksi minuuttia, jotta jokainen hampaan pinta harjataan ja suu puhdistetaan perusteellisesti.<\/p>\n\n\n\n<p>4. Huuhtele suusi uudelleen vedell\u00e4 hampaidenpesun j\u00e4lkeen poistaaksesi hammastahnaj\u00e4\u00e4m\u00e4t suustasi ja v\u00e4ltt\u00e4\u00e4ksesi nielemist\u00e4.<\/p>\n\n\n\n<h2 class=\"wp-block-heading\">Varoitus<\/h2>\n\n\n\n<p>1. Tarkista ainesosaluettelo huolellisesti ennen k\u00e4ytt\u00f6\u00e4 varmistaaksesi, ettei siin\u00e4 ole ainesosia, jotka ovat sinulle allergisia tai ep\u00e4mukavia;<\/p>\n\n\n\n<p>2. Oikean harjausmenetelm\u00e4n, kuten Papa-harjauksen, k\u00e4ytt\u00f6 voi varmistaa hampaiden t\u00e4ydellisen puhdistuksen;<\/p>\n\n\n\n<p>3. On suositeltavaa vaihtaa s\u00e4\u00e4nn\u00f6llisesti eri merkkisten ja ominaisuuksiltaan erilaisten orgaanisten hammastahnojen k\u00e4ytt\u00f6\u00e4 suun bakteerien resistenssin v\u00e4hent\u00e4miseksi tietylle ainesosalle;<\/p>\n\n\n\n<p>4. Tarkkaile suun reaktiota tarkasti hammastahnaa k\u00e4ytt\u00e4ess\u00e4si. Jos ilmenee ep\u00e4mukavuutta tai allergisia oireita, lopeta k\u00e4ytt\u00f6 v\u00e4litt\u00f6m\u00e4sti ja kysy neuvoa hammasl\u00e4\u00e4k\u00e4rilt\u00e4.<\/p>\n\n\n\n<p>5. On suositeltavaa s\u00e4ilytt\u00e4\u00e4 viile\u00e4ss\u00e4 ja kuivassa paikassa ja v\u00e4ltt\u00e4\u00e4 suoraa auringonvaloa ja korkeita l\u00e4mp\u00f6tiloja k\u00e4ytt\u00f6i\u00e4n pident\u00e4miseksi.<\/p>\n\n\n\n<h2 class=\"wp-block-heading\">Johtop\u00e4\u00e4t\u00f6s<\/h2>\n\n\n\n<p>Laatuun ja tehokkuuteen keskittyv\u00e4n\u00e4 luomuhammastahnan valmistajana emme ainoastaan valitse korkealaatuisia luomuraaka-aineita ymp\u00e4ri maailmaa, vaan my\u00f6s sekoitamme ne tieteellisesti ja varmistamme, ett\u00e4 jokainen tuote t\u00e4ytt\u00e4\u00e4 korkeimmat standardit modernin tuotantoteknologian ja tiukan laatuj\u00e4rjestelm\u00e4n avulla. Samalla k\u00e4yt\u00e4mme my\u00f6s kierr\u00e4tett\u00e4vi\u00e4 pakkaussuunnitteluja ymp\u00e4rist\u00f6haittojen v\u00e4hent\u00e4miseksi, mik\u00e4 on vastuullista paitsi tuotteesta my\u00f6s ymp\u00e4rist\u00f6st\u00e4. Ota yhteytt\u00e4, jos olet kiinnostunut.<\/p>","protected":false},"excerpt":{"rendered":"Organic Toothpaste Manufacturing Common Formulas As a professional manufacturer of organic toothpaste, we focus on the natural and healthy nature of raw materials. So we carefully select a variety of organic ingredients and scientific matching, so that every time you brush your teeth is a pleasant enjoyment. 1. Aloe Vera: Aloe Vera has moisturizing and [&hellip;]","protected":false},"featured_media":2968,"menu_order":0,"template":"","meta":[],"product-tag":[],"products":[71],"class_list":["post-2967","product","type-product","status-publish","has-post-thumbnail","hentry","products-toothpaste"],"acf":[],"_links":{"self":[{"href":"https:\/\/www.ruiqigo.com\/fi\/wp-json\/wp\/v2\/product\/2967","targetHints":{"allow":["GET"]}}],"collection":[{"href":"https:\/\/www.ruiqigo.com\/fi\/wp-json\/wp\/v2\/product"}],"about":[{"href":"https:\/\/www.ruiqigo.com\/fi\/wp-json\/wp\/v2\/types\/product"}],"version-history":[{"count":0,"href":"https:\/\/www.ruiqigo.com\/fi\/wp-json\/wp\/v2\/product\/2967\/revisions"}],"wp:featuredmedia":[{"embeddable":true,"href":"https:\/\/www.ruiqigo.com\/fi\/wp-json\/wp\/v2\/media\/2968"}],"wp:attachment":[{"href":"https:\/\/www.ruiqigo.com\/fi\/wp-json\/wp\/v2\/media?parent=2967"}],"wp:term":[{"taxonomy":"product-tag","embeddable":true,"href":"https:\/\/www.ruiqigo.com\/fi\/wp-json\/wp\/v2\/product-tag?post=2967"},{"taxonomy":"products","embeddable":true,"href":"https:\/\/www.ruiqigo.com\/fi\/wp-json\/wp\/v2\/products?post=2967"}],"curies":[{"name":"wp","href":"https:\/\/api.w.org\/{rel}","templated":true}]}}