{"id":301,"date":"2024-07-05T16:53:57","date_gmt":"2024-07-05T08:53:57","guid":{"rendered":"https:\/\/ruiqigo.com\/?post_type=product&#038;p=301"},"modified":"2024-11-13T09:35:52","modified_gmt":"2024-11-13T01:35:52","slug":"water-conditioner","status":"publish","type":"product","link":"https:\/\/www.ruiqigo.com\/fi\/product\/water-conditioner","title":{"rendered":"Vedenhoitoaine"},"content":{"rendered":"<h2 class=\"wp-block-heading\">Vedenk\u00e4sittelylaitteiden valmistus yleisi\u00e4 kaavoja<\/h2>\n\n\n\n<p>Water Conditioner koostuu p\u00e4\u00e4asiassa kasvipohjaisista aminohapoista, B5-vitamiinista, merilev\u00e4uutteesta ja muista luonnollisista ainesosista. Aminohapoilla on erinomaiset kosteuttavat ja korjaavat vaikutukset, jotka voivat syv\u00e4sti ravita hiuksia; B5-vitamiini auttaa parantamaan p\u00f6rr\u00f6isyytt\u00e4 ja kuivuutta tehden hiuksista sile\u00e4mpi\u00e4 ja kiilt\u00e4v\u00e4mpi\u00e4; Merilev\u00e4uute sis\u00e4lt\u00e4\u00e4 runsaasti vitamiineja ja kivenn\u00e4isaineita, jotka voivat korjata vaurioituneita hiuksia ja parantaa hiusten joustavuutta. Luotettavana vedenhoitoaineiden valmistajana uskomme, ett\u00e4 n\u00e4m\u00e4 korkealaatuiset luonnolliset ainesosat muodostavat yhdess\u00e4 kosteuttavan, ravitsevan, korjaavan ja terveellisen vedenhoitoaineen.<\/p>\n\n\n\n<h2 class=\"wp-block-heading\">Vedenk\u00e4sittelyaineeseen soveltuvat skenaariot<\/h2>\n\n\n\n<p>Aqua Conditioner sopii kaikkiin vuodenaikoihin ja ilmastoihin. Kuumana kes\u00e4n\u00e4 se kosteuttaa hiuksia ja lievitt\u00e4\u00e4 kuivuutta ja p\u00f6rr\u00f6isyytt\u00e4; kuivana talvena se ravitsee syv\u00e4sti hiuksia ja korjaa vaurioita. Olipa kyse p\u00e4ivitt\u00e4isest\u00e4 huollosta tai vaurioiden korjaamisesta, vesihoitoaine voi t\u00e4ytt\u00e4\u00e4 eri hiustyyppien tarpeet. Samalla se on virkist\u00e4v\u00e4 ja painoton, sopii kaikille hiustyypeille, on ihanteellisia hiustenhoitotuotteita, joihin voi luottaa kaikkina vuodenaikoina.<\/p>\n\n\n\n<h2 class=\"wp-block-heading\">Kenelle vedenhoitoaine sopii<\/h2>\n\n\n\n<p>Water Conditioner sopii kaikille hiustyypeille. Kuivat, hauraat, vaurioituneet hiukset voivat luottaa ravitsevaan ja korjaavaan toimintaansa; rasvaisia hiuksia voidaan hoitaa my\u00f6s sen virkist\u00e4v\u00e4n koostumuksen ansiosta; jopa terveille ja normaaleille hiuksille, Aqua Conditionerin k\u00e4ytt\u00f6 voi my\u00f6s parantaa hiusten p\u00f6rr\u00f6isyytt\u00e4 ja kuivuutta tehden niist\u00e4 joustavampia ja kiilt\u00e4v\u00e4mpi\u00e4. Olipa sinulla heikot hiukset v\u00e4rj\u00e4yksen ja permanentin j\u00e4lkeen, rasvaiset ja hankalia hiukset tai normaalit terveet hiukset, Aqua Conditioner voi olla ihanteellinen hiustenhoitokumppanisi.<\/p>\n\n\n\n<h2 class=\"wp-block-heading\">Vedenk\u00e4sittelyaineen valmistusprosessi<\/h2>\n\n\n\n<p>Water Conditioner hy\u00f6dynt\u00e4\u00e4 tuotantoprosessissaan ainutlaatuista tekniikkaa. Ensinn\u00e4kin raaka-aineet valitaan tiukasti sen varmistamiseksi, ett\u00e4 ne ovat 100% luonnollisia ja saastumattomia; toiseksi useita ravitsevia ja korjaavia ainesosia on integroitu formulaatiokehitykseen synergistisen vaikutuksen aikaansaamiseksi. Lis\u00e4ksi ammattimaisena vedenhoitoaineiden valmistajana tuotantoprosessi on tiukasti valvottu l\u00e4mp\u00f6tila ja paine, jotta v\u00e4ltet\u00e4\u00e4n aktiivisten ainesosien menetys; Lopuksi tuotteen pakkaus on valmistettu ymp\u00e4rist\u00f6yst\u00e4v\u00e4llisist\u00e4 myrkytt\u00f6m\u00e4st\u00e4 materiaalista k\u00e4yt\u00f6n turvallisuuden varmistamiseksi. N\u00e4m\u00e4 harkittuja tuotantoprosessia, laadun varmistamiseksi veden hoitoaine.<\/p>","protected":false},"excerpt":{"rendered":"Water conditioner manufacturing common formulas Water Conditioner is mainly composed of plant-based amino acids, vitamin B5, seaweed extract and other natural ingredients. Amino acids have excellent moisturizing and repairing effects, which can deeply nourish the hair; vitamin B5 helps to improve frizz and dryness, making the hair smoother and shinier; seaweed extract is rich in [&hellip;]","protected":false},"featured_media":388,"menu_order":0,"template":"","meta":[],"product-tag":[],"products":[52],"class_list":["post-301","product","type-product","status-publish","has-post-thumbnail","hentry","products-conditioner"],"acf":[],"_links":{"self":[{"href":"https:\/\/www.ruiqigo.com\/fi\/wp-json\/wp\/v2\/product\/301","targetHints":{"allow":["GET"]}}],"collection":[{"href":"https:\/\/www.ruiqigo.com\/fi\/wp-json\/wp\/v2\/product"}],"about":[{"href":"https:\/\/www.ruiqigo.com\/fi\/wp-json\/wp\/v2\/types\/product"}],"version-history":[{"count":0,"href":"https:\/\/www.ruiqigo.com\/fi\/wp-json\/wp\/v2\/product\/301\/revisions"}],"wp:featuredmedia":[{"embeddable":true,"href":"https:\/\/www.ruiqigo.com\/fi\/wp-json\/wp\/v2\/media\/388"}],"wp:attachment":[{"href":"https:\/\/www.ruiqigo.com\/fi\/wp-json\/wp\/v2\/media?parent=301"}],"wp:term":[{"taxonomy":"product-tag","embeddable":true,"href":"https:\/\/www.ruiqigo.com\/fi\/wp-json\/wp\/v2\/product-tag?post=301"},{"taxonomy":"products","embeddable":true,"href":"https:\/\/www.ruiqigo.com\/fi\/wp-json\/wp\/v2\/products?post=301"}],"curies":[{"name":"wp","href":"https:\/\/api.w.org\/{rel}","templated":true}]}}