{"id":306,"date":"2024-07-05T17:07:54","date_gmt":"2024-07-05T09:07:54","guid":{"rendered":"https:\/\/ruiqigo.com\/?post_type=product&#038;p=306"},"modified":"2024-11-14T21:10:20","modified_gmt":"2024-11-14T13:10:20","slug":"salt-free-water-conditioner","status":"publish","type":"product","link":"https:\/\/www.ruiqigo.com\/fi\/product\/salt-free-water-conditioner","title":{"rendered":"Suolaton vedenhoitoaine"},"content":{"rendered":"<h2 class=\"wp-block-heading\">Suolaton vedenhoitoaine, joka valmistaa yleisi\u00e4 kaavoja<\/h2>\n\n\n\n<p>Suolaton vesihoitoaine on valmistettu hell\u00e4varaisista ainesosista, kuten kasvitieteellisist\u00e4 aminohapoista, glyseriinist\u00e4 ja luonnollisista hedelm\u00e4siemen\u00f6ljyist\u00e4. Aminohapot tarjoavat erinomaisia kosteuttavia ja korjaavia ominaisuuksia syv\u00e4ravitsemaan hiuksia; Glyseriini t\u00e4ydent\u00e4\u00e4 kosteutta ja parantaa p\u00f6rr\u00f6isyytt\u00e4 ja kuivuutta; ja Natural Fruit Seed Oil sis\u00e4lt\u00e4\u00e4 runsaasti vitamiineja, jotka auttavat korjaamaan vaurioituneita hiuksia ja vahvistamaan hiusten joustavuutta. Luotettavana suolattoman vedenhoitoaineen valmistajana n\u00e4m\u00e4 korkealaatuiset luonnolliset ainesosat toimivat synergiassa kesken\u00e4\u00e4n ja luovat \u00e4rsytt\u00e4m\u00e4tt\u00f6m\u00e4n, hell\u00e4varaisen ja ravitsevan suolattoman vedenhoitoaineen.<\/p>\n\n\n\n<h2 class=\"wp-block-heading\">Suolattomaan vedenk\u00e4sittelyyn soveltuvat skenaariot<\/h2>\n\n\n\n<p>Suolaton vesihoitoaine sopii kaikkiin vuodenaikoihin ja ymp\u00e4rist\u00f6ihin. Kes\u00e4n helteell\u00e4 se kosteuttaa hiuksia ja lievitt\u00e4\u00e4 kuivuutta ja p\u00f6rr\u00f6isyytt\u00e4; talvella se ravitsee syv\u00e4sti hiuksia ja korjaa vaurioita. Samalla se on virkist\u00e4v\u00e4 ja painoton, ei rasita p\u00e4\u00e4nahkaa, sopii kaikenlaiseen hiusk\u00e4ytt\u00f6\u00f6n. Olipa kyseess\u00e4 p\u00e4ivitt\u00e4inen huolto tai vaurioiden korjaaminen, suolaton vesihoitoaine voi olla luotettava hiustenhoitoapulainen kaikkina vuodenaikoina.<\/p>\n\n\n\n<h2 class=\"wp-block-heading\">Kenelle suolaton vedenhoitoaine sopii<\/h2>\n\n\n\n<p>Suolaton vesihoitoaine sopii kaikille hiustyypeille. Kuiville, hauraille, vaurioituneille hiuksille se tarjoaa syv\u00e4ravintoa ja korjausta; rasvaisille hiuksille, sen virkist\u00e4v\u00e4, painoton rakenne on t\u00e4ydellinen; ja jopa terveille, normaaleille hiuksille, suolaton Water Conditioner parantaa p\u00f6rr\u00f6isyytt\u00e4 ja kuivuutta j\u00e4tt\u00e4en hiukset pehme\u00e4mmiksi ja kiilt\u00e4v\u00e4mmiksi. Olipa sinulla v\u00e4rj\u00e4tyt hiukset, rasvaiset ja p\u00f6rr\u00f6iset hiukset tai normaalit terveet hiukset, suolaton Water Conditioner voi olla ihanteellinen hiustenhoitokumppanisi.<\/p>\n\n\n\n<h2 class=\"wp-block-heading\">Suolattoman vedenhoitoaineen valmistusprosessi<\/h2>\n\n\n\n<p>Salt Free Water Conditioner hy\u00f6dynt\u00e4\u00e4 tuotantoprosessissaan useita ainutlaatuisia tekniikoita. Ensinn\u00e4kin raaka-aineet valitaan huolellisesti, jotta ne ovat 100% luonnollisia ja saastumattomia. Toiseksi koostumukseen on integroitu erilaisia ravitsevia ja korjaavia ainesosia synergististen vaikutusten luomiseksi. Lis\u00e4ksi tuotantoprosessi on tiukasti l\u00e4mp\u00f6tila- ja paineohjattu aktiivisten ainesosien h\u00e4vi\u00e4misen v\u00e4ltt\u00e4miseksi. Lopuksi tuotteen pakkaus on valmistettu ymp\u00e4rist\u00f6yst\u00e4v\u00e4llisist\u00e4 ja myrkytt\u00f6m\u00e4st\u00e4 materiaalista k\u00e4yt\u00f6n turvallisuuden varmistamiseksi. Tehokkaana suolattomana vedenhoitoaineen valmistajana n\u00e4m\u00e4 harkitut tuotantoprosessit takaavat suolattoman vedenhoitoaineen erinomaisen laadun, jotta kuluttajat voivat k\u00e4ytt\u00e4\u00e4 huoletta nauttiakseen luonnollisen hiustenhoitokokemuksen mukavuudesta.<\/p>","protected":false},"excerpt":{"rendered":"Salt free water conditioner manufacturing common formulas Salt free Water Conditioner is made with gentle ingredients such as botanical amino acids, glycerin, and natural fruit seed oils. Amino Acids provide excellent moisturizing and repairing properties to deeply nourish hair; Glycerin replenishes moisture and improves frizz and dryness; and Natural Fruit Seed Oil is rich in [&hellip;]","protected":false},"featured_media":384,"menu_order":0,"template":"","meta":[],"product-tag":[],"products":[52],"class_list":["post-306","product","type-product","status-publish","has-post-thumbnail","hentry","products-conditioner"],"acf":[],"_links":{"self":[{"href":"https:\/\/www.ruiqigo.com\/fi\/wp-json\/wp\/v2\/product\/306","targetHints":{"allow":["GET"]}}],"collection":[{"href":"https:\/\/www.ruiqigo.com\/fi\/wp-json\/wp\/v2\/product"}],"about":[{"href":"https:\/\/www.ruiqigo.com\/fi\/wp-json\/wp\/v2\/types\/product"}],"version-history":[{"count":0,"href":"https:\/\/www.ruiqigo.com\/fi\/wp-json\/wp\/v2\/product\/306\/revisions"}],"wp:featuredmedia":[{"embeddable":true,"href":"https:\/\/www.ruiqigo.com\/fi\/wp-json\/wp\/v2\/media\/384"}],"wp:attachment":[{"href":"https:\/\/www.ruiqigo.com\/fi\/wp-json\/wp\/v2\/media?parent=306"}],"wp:term":[{"taxonomy":"product-tag","embeddable":true,"href":"https:\/\/www.ruiqigo.com\/fi\/wp-json\/wp\/v2\/product-tag?post=306"},{"taxonomy":"products","embeddable":true,"href":"https:\/\/www.ruiqigo.com\/fi\/wp-json\/wp\/v2\/products?post=306"}],"curies":[{"name":"wp","href":"https:\/\/api.w.org\/{rel}","templated":true}]}}