{"id":311,"date":"2024-07-05T17:20:27","date_gmt":"2024-07-05T09:20:27","guid":{"rendered":"https:\/\/ruiqigo.com\/?post_type=product&#038;p=311"},"modified":"2024-11-14T21:14:32","modified_gmt":"2024-11-14T13:14:32","slug":"curly-hair-shampoo-and-conditioner","status":"publish","type":"product","link":"https:\/\/www.ruiqigo.com\/fi\/product\/curly-hair-shampoo-and-conditioner","title":{"rendered":"Kiharahiuksinen shampoo ja hoitoaine"},"content":{"rendered":"<h2 class=\"wp-block-heading\">Kiharat hiukset shampoo ja hoitoaine valmistaa yleisi\u00e4 kaavoja<\/h2>\n\n\n\n<p>T\u00e4m\u00e4 2-in-1-tuote on valmistettu ensiluokkaisista luonnollisista ainesosista, kuten sheavoista ja kookos\u00f6ljyst\u00e4. Sheavoi sis\u00e4lt\u00e4\u00e4 runsaasti vitamiineja ja rasvahappoja, jotka kosteuttavat hiuksia syv\u00e4sti ja lis\u00e4\u00e4v\u00e4t latvojen joustavuutta, kun taas kookos\u00f6ljyll\u00e4 on erinomaiset tasoittavat ja korjaavat ominaisuudet, jotka tekev\u00e4t kiharoista sile\u00e4mpi\u00e4 ja kiilt\u00e4v\u00e4mpi\u00e4. Lis\u00e4ksi se lis\u00e4\u00e4 my\u00f6s erityisen muotoiluaineen, joka muotoilee ja pit\u00e4\u00e4 kiharat paikoillaan tehokkaasti. N\u00e4m\u00e4 hell\u00e4varaiset mutta tehokkaat luonnolliset ainesosat tekev\u00e4t yhdess\u00e4 tehokkaan kiharat hiusten shampoon ja hoitoaineen valmistajana t\u00e4ydellisen kaavan kiharaisten hiusten hemmotteluun.<\/p>\n\n\n\n<h2 class=\"wp-block-heading\">Kiharat hiukset shampoo ja hoitoaine soveltuvat skenaariot<\/h2>\n\n\n\n<p>Curly Hair Shampoo Conditioner 2-in-1 sopii k\u00e4ytett\u00e4v\u00e4ksi kaikissa ilmastoissa. Kes\u00e4n helteell\u00e4 se kosteuttaa ja korjaa kiharat hiukset, kun taas talvella se syv\u00e4sti ravitsee ja lis\u00e4\u00e4 joustavuutta est\u00e4\u00e4kseen kuivumista ja p\u00f6rr\u00f6isyytt\u00e4. Samalla sen muotoiluominaisuudet auttavat pit\u00e4m\u00e4\u00e4n kiharat kauniisti muotoiltuina kosteissa ymp\u00e4rist\u00f6iss\u00e4. Paistaapa aurinko tai tuuli, t\u00e4m\u00e4 kaksi yhdess\u00e4 -tuote suojaa kiharasi ja pit\u00e4\u00e4 ne kiilt\u00e4v\u00e4n\u00e4.<\/p>\n\n\n\n<h2 class=\"wp-block-heading\">Kenelle sopii kiharahiuksille tarkoitettu shampoo ja hoitoaine<\/h2>\n\n\n\n<p>T\u00e4m\u00e4 kiharahiuksinen shampoohoitoaine 2 in 1 sopii erityisesti niille, joilla on luonnollisesti kiharat tai permed hiukset. Se suojaa hauraita kiharoita p\u00f6rr\u00f6iselt\u00e4 ja kuivumiselta. Samalla sen muotoiluominaisuudet auttavat luomaan kauniita, pitk\u00e4kestoisia kiharoita. Jopa niille, joilla on suorat hiukset, satunnainen k\u00e4ytt\u00f6 lis\u00e4\u00e4 pomppia ja kiiltoa. Olipa sinulla luonnollisesti kiharat hiukset, keinotekoisesti persed hiukset tai suorat hiukset, jotka tarvitsevat satunnaista muotoilua, t\u00e4m\u00e4 2-in-1 -tuote on ihanteellinen hoito sinulle.<\/p>\n\n\n\n<h2 class=\"wp-block-heading\">Kiharahiuksisen shampoon ja hoitoaineen valmistusprosessi<\/h2>\n\n\n\n<p>Ensinn\u00e4kin raaka-aineet valitaan valvontakerrosten kautta, jotta 100% voidaan varmistaa luonnollisesti ja saastevapaasti. Toiseksi muotoilussa tutkimuksen ja kehityksen integrointi erilaisia ravitsevia ja korjaavia ainesosia, pelata synergistinen vaikutus. Lis\u00e4ksi johtavana Curly hair shampoo- ja hoitoainevalmistajana tuotantoprosessi on tiukasti l\u00e4mp\u00f6tila- ja painehallinnassa sen varmistamiseksi, ett\u00e4 aktiiviset ainesosat eiv\u00e4t vaurioidu. Lopuksi k\u00e4ytet\u00e4\u00e4n ammattimaista muotoilutekniikkaa, jotta kiharat kest\u00e4v\u00e4t pidemp\u00e4\u00e4n.<\/p>","protected":false},"excerpt":{"rendered":"Curly hair shampoo and conditioner manufacturing common formulas This 2-in-1 product is made with premium natural ingredients such as shea butter and coconut oil. Shea butter is rich in vitamins and fatty acids that deeply moisturize the hair and increase the elasticity of the ends, while coconut oil has excellent smoothing and repairing properties that [&hellip;]","protected":false},"featured_media":392,"menu_order":0,"template":"","meta":[],"product-tag":[],"products":[54],"class_list":["post-311","product","type-product","status-publish","has-post-thumbnail","hentry","products-shampoo-and-conditioner"],"acf":[],"_links":{"self":[{"href":"https:\/\/www.ruiqigo.com\/fi\/wp-json\/wp\/v2\/product\/311","targetHints":{"allow":["GET"]}}],"collection":[{"href":"https:\/\/www.ruiqigo.com\/fi\/wp-json\/wp\/v2\/product"}],"about":[{"href":"https:\/\/www.ruiqigo.com\/fi\/wp-json\/wp\/v2\/types\/product"}],"version-history":[{"count":0,"href":"https:\/\/www.ruiqigo.com\/fi\/wp-json\/wp\/v2\/product\/311\/revisions"}],"wp:featuredmedia":[{"embeddable":true,"href":"https:\/\/www.ruiqigo.com\/fi\/wp-json\/wp\/v2\/media\/392"}],"wp:attachment":[{"href":"https:\/\/www.ruiqigo.com\/fi\/wp-json\/wp\/v2\/media?parent=311"}],"wp:term":[{"taxonomy":"product-tag","embeddable":true,"href":"https:\/\/www.ruiqigo.com\/fi\/wp-json\/wp\/v2\/product-tag?post=311"},{"taxonomy":"products","embeddable":true,"href":"https:\/\/www.ruiqigo.com\/fi\/wp-json\/wp\/v2\/products?post=311"}],"curies":[{"name":"wp","href":"https:\/\/api.w.org\/{rel}","templated":true}]}}