{"id":3132,"date":"2025-04-17T17:12:46","date_gmt":"2025-04-17T09:12:46","guid":{"rendered":"https:\/\/www.ruiqigo.com\/?post_type=product&#038;p=3132"},"modified":"2025-04-17T17:12:47","modified_gmt":"2025-04-17T09:12:47","slug":"sunburn-relief-gel","status":"publish","type":"product","link":"https:\/\/www.ruiqigo.com\/fi\/product\/sunburn-relief-gel","title":{"rendered":"Auringonpolttaman lievitysgeeli"},"content":{"rendered":"<h2 class=\"wp-block-heading\">Auringonpolttamaa lievitt\u00e4v\u00e4n geelin valmistuksen yleiset kaavat<\/h2>\n\n\n\n<p>Valitsemme luonnollisia rauhoittavia ainesosia, kuten aloe veraa, mentolia ja Centella asiaticaa, ja levit\u00e4mme niit\u00e4 geeliin tarjotaksemme kokonaisvaltaista hoitoa ongelmiin, kuten punoitukseen ja kuumeeseen auringonpolttaman j\u00e4lkeen, tarjoten sinulle tehokkaan ja luotettavan ratkaisun auringonpolttaman j\u00e4lkeiseen korjaavaan toimenpiteeseen. <\/p>\n\n\n\n<p>1. <strong>Aloe vera<\/strong>Aloe vera on yksi auringonpolttaman j\u00e4lkeisen hoidon keskeisist\u00e4 ainesosista. Se on t\u00e4ynn\u00e4 erilaisia vitamiineja ja imeytyy nopeasti ihon pintaan kosteuttaen ja rauhoittaen ihoa, auttaen korjaamaan vaurioitunutta ihoa ja lievitt\u00e4m\u00e4\u00e4n punoitusta, turvotusta ja ep\u00e4mukavuutta. <\/p>\n\n\n\n<p>2. <strong>Mentoli<\/strong>Monet tuntevat mentolin, jolla on my\u00f6s suuri rooli ihon korjaamisessa auringonpolttaman j\u00e4lkeen. Samalla se voi my\u00f6s tuoda v\u00e4litt\u00f6m\u00e4n viilent\u00e4v\u00e4n tunteen, jolloin iho voi &quot;viilenty\u00e4&quot; nopeasti ja lievitt\u00e4\u00e4 tehokkaasti oireita, kuten polttelua ja kirvely\u00e4. <\/p>\n\n\n\n<p>3. <strong>Centella asiatica<\/strong>Centella asiatica on my\u00f6s t\u00e4rke\u00e4 ainesosa auringonpolttamien korjaushoidossa. Se voi stimuloida kollageenin muodostumista, parantaa ihon suojakerroksen toimintaa ja sill\u00e4 on erinomaiset korjaavat ja tulehdusta est\u00e4v\u00e4t vaikutukset. Samalla se voi my\u00f6s v\u00e4hent\u00e4\u00e4 ihon hilseilyn ja pigmentaation riski\u00e4 auringonpolttaman j\u00e4lkeen ja edist\u00e4\u00e4 auringonpolttamien alueiden nopeaa korjausta. <\/p>\n\n\n\n<p>4. <strong>Pantenoli<\/strong>Pantenolilla on eritt\u00e4in hyv\u00e4 vaikutus, eli se voi tunkeutua syv\u00e4lle ihon sarveiskerrokseen, lievitt\u00e4\u00e4 kuoriutumista, halkeilua ja muita auringonpolttaman aiheuttamia tiloja, edist\u00e4\u00e4 ihon itsekorjautumista, parantaa vedenpid\u00e4tyskyky\u00e4 ja tehd\u00e4 ihosta pehme\u00e4mm\u00e4n ja sile\u00e4mm\u00e4n. <\/p>\n\n\n\n<p>5. <strong>keh\u00e4kukkauute<\/strong>T\u00e4m\u00e4 ainesosa on tunnettu antibakteerisista ja tulehdusta ehk\u00e4isevist\u00e4 ominaisuuksistaan. Se voi tehokkaasti lievitt\u00e4\u00e4 tulehdusta, polttavaa kipua ja muita auringonpolttaman j\u00e4lkeisi\u00e4 reaktioita. Sit\u00e4 k\u00e4ytet\u00e4\u00e4n usein punaisilla, turvonneilla ja herkill\u00e4 auringonpolttamilla alueilla ihon korjausvaikutuksen merkitt\u00e4v\u00e4ksi parantamiseksi.<\/p>\n\n\n\n<h2 class=\"wp-block-heading\">Auringonpolttaman lievitysgeelin toiminnot<\/h2>\n\n\n\n<p>Parantaaksemme auringonpolttamien korjausvaikutusta, valitsemme ja kehit\u00e4mme huolellisesti auringonpolttamien hoitogeelin koostumuksen maksimaalisen vaikutuksen varmistamiseksi. Samalla meill\u00e4 on useita prosesseja ainesosien turvallisuuden ja luotettavuuden tarkistamiseksi, jotta voit k\u00e4ytt\u00e4\u00e4 tuotteitamme luottavaisin mielin. Siksi tuotteillamme on monia luotettavia vaikutuksia: <\/p>\n\n\n\n<p>1. <strong>Virkist\u00e4v\u00e4 ja helposti imeytyv\u00e4<\/strong>Auringonpolttamien hoitoon tarkoitettu geelimme on geelim\u00e4inen, kostea ja helposti imeytyv\u00e4, virkist\u00e4v\u00e4 ja rasvaton, eik\u00e4 tuki ihohuokosia. Se imeytyy ihoon muutamassa sekunnissa k\u00e4yt\u00f6n j\u00e4lkeen, mik\u00e4 s\u00e4\u00e4st\u00e4\u00e4 huomattavasti k\u00e4ytt\u00f6aikaa ja mahdollistaa nopean k\u00e4yt\u00f6n, kun aika on tiukassa.<\/p>\n\n\n\n<p>2. <strong>Useita korjausvaikutuksia<\/strong>Auringonpolttamien lievitysgeelill\u00e4 ei ole vain yksi rauhoittava vaikutus, vaan sill\u00e4 on my\u00f6s useita vaikutuksia, kuten tulehdusta est\u00e4v\u00e4, kosteuttava ja korjaava vaikutus, joka voi tehokkaasti korjata ihovaurioita auringonpolttaman j\u00e4lkeen.<\/p>\n\n\n\n<p>3. <strong>Koostumus on luonnollinen, hell\u00e4varainen ja lis\u00e4aineeton<\/strong>Auringonpolttamien hoitoon tarkoitettu geelimme ei sis\u00e4ll\u00e4 alkoholia, hajusteita, s\u00e4il\u00f6nt\u00e4aineita tai muita herkki\u00e4 aineita. Koostumus on mieto, turvallinen ja kyps\u00e4, ja allergioiden todenn\u00e4k\u00f6isyys on pieni. Herkk\u00e4ihoiset, raskaana olevat naiset ja lapset voivat k\u00e4ytt\u00e4\u00e4 sit\u00e4 turvallisesti, ja se sopii laajalle ihmisjoukolle.<\/p>\n\n\n\n<h2 class=\"wp-block-heading\">Kuinka k\u00e4ytt\u00e4\u00e4 auringonpolttaman lievitysgeeli\u00e4?<\/h2>\n\n\n\n<p>Auringonpolttaman hoitoon tarkoitettua geeli\u00e4 on helppo kuljettaa mukana ja se on nopea k\u00e4ytt\u00e4\u00e4. Suosittelemme levitt\u00e4m\u00e4\u00e4n sit\u00e4 mahdollisimman paljon auringonoton j\u00e4lkeen, jotta saat paremman korjaavan vaikutuksen. Huuhtelua ei tarvita k\u00e4yt\u00f6n j\u00e4lkeen. Voit hieroa k\u00e4sitelty\u00e4 aluetta hell\u00e4varaisesti edist\u00e4\u00e4ksesi geelin imeytymist\u00e4. <\/p>\n\n\n\n<p>1. <strong>Puhdista iho<\/strong>Ennen geelin levitt\u00e4mist\u00e4 puhdista auringonpolttama alue ensin l\u00e4mpim\u00e4ll\u00e4 vedell\u00e4 ja v\u00e4lt\u00e4 \u00e4rsytt\u00e4vien puhdistustuotteiden k\u00e4ytt\u00f6\u00e4. <\/p>\n\n\n\n<p>2. <strong>Ota sopiva m\u00e4\u00e4r\u00e4 geeli\u00e4<\/strong>Ota sopiva m\u00e4\u00e4r\u00e4 geeli\u00e4 pullosta (tai muusta astiasta) ja aseta se k\u00e4mmenellesi tai vanulapulle. <\/p>\n\n\n\n<p>3. <strong>Levit\u00e4 varovasti<\/strong>Levit\u00e4 geeli\u00e4 varovasti ja tasaisesti auringonpolttamalle alueelle. \u00c4l\u00e4 ved\u00e4 ihoa voimakkaasti, jotta v\u00e4lt\u00e4t ihovauriot. <\/p>\n\n\n\n<p>4. <strong>Hieronta imeytymisen edist\u00e4miseksi<\/strong>Hiero levitetty\u00e4 aluetta hell\u00e4varaisesti py\u00f6rivin liikkein edist\u00e4\u00e4ksesi geelin imeytymist\u00e4. Huuhtelua ei tarvita, odota vain muutama sekunti, jotta se imeytyy luonnollisesti. <\/p>\n\n\n\n<h2 class=\"wp-block-heading\">Varoitus<\/h2>\n\n\n\n<p>1. Jos k\u00e4yt\u00f6n aikana ilmenee ep\u00e4mukavuutta, kuten punoitusta, turvotusta, kirvely\u00e4 tai muita allergisia reaktioita, lopeta k\u00e4ytt\u00f6 v\u00e4litt\u00f6m\u00e4sti. Jos tilanne on vakava, ota ajoissa yhteytt\u00e4 l\u00e4\u00e4k\u00e4riin.<\/p>\n\n\n\n<p>2. Auringonpolttaman hoitoon tarkoitettu geeli on ulkoisesti k\u00e4ytett\u00e4v\u00e4 tuote. \u00c4l\u00e4 niele sit\u00e4 suun kautta. \u00c4l\u00e4 levit\u00e4 sit\u00e4 suoraan haavoihin tai ihon halkeamiin, sill\u00e4 se voi aiheuttaa \u00e4rsytyst\u00e4, hidastaa haavan paranemista ja jopa tulehdusta.<\/p>\n\n\n\n<p>3. \u00c4l\u00e4 k\u00e4yt\u00e4 t\u00e4t\u00e4 tuotetta samanaikaisesti \u00e4rsytt\u00e4vien tuotteiden, kuten alkoholin, kanssa ep\u00e4mukavuuden v\u00e4ltt\u00e4miseksi.<\/p>\n\n\n\n<p>4. Auringonpolttaman hoitoon tarkoitettua geeli\u00e4 tulee s\u00e4ilytt\u00e4\u00e4 viile\u00e4ss\u00e4 ja kuivassa paikassa. V\u00e4lt\u00e4 suoraa auringonvaloa, jotta se ei pilaa ihoa eik\u00e4 vaikuta sen korjaavaan vaikutukseen. <\/p>\n\n\n\n<h2 class=\"wp-block-heading\">Johtop\u00e4\u00e4t\u00f6s<\/h2>\n\n\n\n<p>Auringonpolttaman hoitoon tarkoitettu geeli on auringonoton j\u00e4lkeen k\u00e4ytett\u00e4v\u00e4 korjausgeeli, jolla on rauhoittavia, korjaavia, kosteuttavia ja muita ominaisuuksia. Se sopii erilaisille ihotyypeille ja k\u00e4ytt\u00f6tilanteille ja on eritt\u00e4in kannettava. Ammattimaisena ODM\/OEM-valmistajana tarjoamme koostumuksen r\u00e4\u00e4t\u00e4l\u00f6inti\u00e4 ja erilaisten pakkausten valmistusta, jotta voimme tarjota sinulle parhaan ratkaisun tarpeisiisi. Jos haluat lis\u00e4tietoja, ota rohkeasti yhteytt\u00e4. <\/p>","protected":false},"excerpt":{"rendered":"Sunburn Relief Gel Manufacturing Common Formulas We select natural soothing ingredients such as aloe vera, menthol, and Centella asiatica, and apply them to the gel to provide comprehensive care for problems such as redness and fever after sunburn, providing you with an efficient and reliable sunburn repair solution. 1. Aloe vera: Aloe vera is one [&hellip;]","protected":false},"featured_media":3137,"menu_order":0,"template":"","meta":[],"product-tag":[],"products":[87],"class_list":["post-3132","product","type-product","status-publish","has-post-thumbnail","hentry","products-sunburn-recovery"],"acf":[],"_links":{"self":[{"href":"https:\/\/www.ruiqigo.com\/fi\/wp-json\/wp\/v2\/product\/3132","targetHints":{"allow":["GET"]}}],"collection":[{"href":"https:\/\/www.ruiqigo.com\/fi\/wp-json\/wp\/v2\/product"}],"about":[{"href":"https:\/\/www.ruiqigo.com\/fi\/wp-json\/wp\/v2\/types\/product"}],"version-history":[{"count":0,"href":"https:\/\/www.ruiqigo.com\/fi\/wp-json\/wp\/v2\/product\/3132\/revisions"}],"wp:featuredmedia":[{"embeddable":true,"href":"https:\/\/www.ruiqigo.com\/fi\/wp-json\/wp\/v2\/media\/3137"}],"wp:attachment":[{"href":"https:\/\/www.ruiqigo.com\/fi\/wp-json\/wp\/v2\/media?parent=3132"}],"wp:term":[{"taxonomy":"product-tag","embeddable":true,"href":"https:\/\/www.ruiqigo.com\/fi\/wp-json\/wp\/v2\/product-tag?post=3132"},{"taxonomy":"products","embeddable":true,"href":"https:\/\/www.ruiqigo.com\/fi\/wp-json\/wp\/v2\/products?post=3132"}],"curies":[{"name":"wp","href":"https:\/\/api.w.org\/{rel}","templated":true}]}}