{"id":3186,"date":"2025-04-24T09:37:21","date_gmt":"2025-04-24T01:37:21","guid":{"rendered":"https:\/\/www.ruiqigo.com\/?post_type=product&#038;p=3186"},"modified":"2025-04-24T09:37:22","modified_gmt":"2025-04-24T01:37:22","slug":"sunburn-lotion","status":"publish","type":"product","link":"https:\/\/www.ruiqigo.com\/fi\/product\/sunburn-lotion","title":{"rendered":"Auringonpolttamavoide"},"content":{"rendered":"<h2 class=\"wp-block-heading\">Aurinkovoiteen valmistuksen yleiset kaavat<\/h2>\n\n\n\n<p>Ammattimaisena auringonpolttamavoiteen valmistajana k\u00e4yt\u00e4mme luonnollisia kasviuutteita ja korjaavia ainesosia, kuten keh\u00e4kukkaa, aloe veraa ja kamomillaa, auttaaksemme ihoasi korjaantumaan ja rauhoittumaan nopeasti auringonpolttaman j\u00e4lkeen, palauttamaan kosteus- ja \u00f6ljytasapainon sek\u00e4 vahvistamaan ihon suojakerrosta. K\u00e4ytt\u00e4m\u00e4mme koostumus on hell\u00e4varainen ja ei-\u00e4rsytt\u00e4v\u00e4, joten se sopii pitk\u00e4aikaiseen k\u00e4ytt\u00f6\u00f6n kaikentyyppisille ihotyypeille.<\/p>\n\n\n\n<p>1. <strong>keh\u00e4kukka<\/strong>Keh\u00e4kukalla on erinomaiset allergiaa ja tulehdusta ehk\u00e4isev\u00e4t ominaisuudet, jotka voivat lievitt\u00e4\u00e4 auringonpolttamien aiheuttamia allergioita ja ep\u00e4mukavuutta sek\u00e4 v\u00e4hent\u00e4\u00e4 auringolle altistumisen j\u00e4lkeist\u00e4 tulehdusta. Samalla keh\u00e4kukalla on tietty vaikutus pienten ihovaurioiden paranemisen edist\u00e4miseen ja se voi parantaa ihon suojakerroksen korjaamisen tehokkuutta. <\/p>\n\n\n\n<p>2.<strong> Aloe vera:<\/strong> Luonnollinen aloe vera on t\u00e4ynn\u00e4 vitamiineja, mineraaleja ja antioksidantteja, ja sill\u00e4 on voimakkaita kosteuttavia, rauhoittavia ja tulehdusta ehk\u00e4isevi\u00e4 vaikutuksia. Se voi nopeasti auttaa ihon sarveiskerrosta lukitsemaan kosteuden, edist\u00e4\u00e4 ihosolujen uusiutumista ja parantaa ihon suojakerrosta. Se voi my\u00f6s auttaa ihoa viilentym\u00e4\u00e4n nopeasti ja v\u00e4hent\u00e4\u00e4 polttavaa tunnetta auringonpolttaman j\u00e4lkeen. <\/p>\n\n\n\n<p>3. <strong>Kamomilla:<\/strong> Aurinkovoide, jonka t\u00e4rke\u00e4n\u00e4 ainesosana on kamomilla, voi olla herkk\u00e4ihoisten k\u00e4ytt\u00e4jien huoletta k\u00e4ytett\u00e4v\u00e4. Koska sill\u00e4 on erinomaiset antiallergiset ja antioksidanttiset ominaisuudet, se voi lievitt\u00e4\u00e4 auringonpolttaman aiheuttamia oireita, kuten allergioita, punoitusta, turvotusta ja kirvely\u00e4, ja se voi my\u00f6s parantaa ihon vastustuskyky\u00e4. <\/p>\n\n\n\n<p>4. <strong>Natriumhyaluronaatti:<\/strong> Natriumhyaluronaatti on tehokas vett\u00e4 sitova ja kosteuttava ainesosa, joka voi nopeasti t\u00e4ydent\u00e4\u00e4 kosteutta syv\u00e4ll\u00e4 ihossa est\u00e4en auringonpolttaman ihon kireytt\u00e4 tai halkeilua ja luoden vankan pohjan seuraavien korjaavien ainesosien imeytymiselle. <\/p>\n\n\n\n<p>5.<strong> Pantenoli<\/strong>Pantenoli on my\u00f6s t\u00e4rke\u00e4 ainesosa auringonpolttamavoiteessa. Sill\u00e4 on voimakkaat kosteuttavat ja korjaavat ominaisuudet. Se voi tunkeutua syv\u00e4lle ihoon ja muodostaa vedenpit\u00e4v\u00e4n kalvon, mik\u00e4 parantaa ihon kimmoisuutta, v\u00e4hent\u00e4\u00e4 auringonpolttaman aiheuttamaa kuivuutta ja kireytt\u00e4 sek\u00e4 auttaa ihoa palauttamaan terveen ja kosteutetun kiillon. <\/p>\n\n\n\n<h2 class=\"wp-block-heading\">Aurinkovoiteen toiminnot<\/h2>\n\n\n\n<p>Auringonpolttamavoideemme sis\u00e4lt\u00e4\u00e4 erilaisia luonnollisia kasviuutteita, jotka paitsi korjaavat toimintoja, my\u00f6s parantavat k\u00e4ytt\u00f6kokemusta ja mukavuutta. <\/p>\n\n\n\n<p>1. <strong>Raikas ja rasvaton koostumus<\/strong>Auringonpolttamavoide on suunniteltu kevyeksi ja imeytyy nopeasti ihoon j\u00e4tt\u00e4m\u00e4tt\u00e4 tahmaista ainetta, joten se ei j\u00e4t\u00e4 j\u00e4\u00e4mi\u00e4 vaatteisiin eik\u00e4 vaikuta k\u00e4ytt\u00e4j\u00e4n p\u00e4ivitt\u00e4isiin toimintoihin. N\u00e4in ollen k\u00e4ytt\u00f6kokemus paranee huomattavasti.<\/p>\n\n\n\n<p>2. <strong>Sopii useille ihotyypeille<\/strong>Auringonpolttamavoide on l\u00e4pik\u00e4ynyt useita herkkyystestej\u00e4, eik\u00e4 se sis\u00e4ll\u00e4 \u00e4rsytt\u00e4vi\u00e4 ja herkki\u00e4 ainesosia, kuten alkoholia. Sit\u00e4 voidaan k\u00e4ytt\u00e4\u00e4 kuivalle, rasvaiselle, sekaiholle ja herk\u00e4lle iholle, ja se sopii monille eri asiakasryhmille.<\/p>\n\n\n\n<p>3. <strong>V\u00e4litt\u00f6m\u00e4t rauhoittavat ja viilent\u00e4v\u00e4t vaikutukset ovat merkitt\u00e4vi\u00e4<\/strong>Auringonpolttamavoide sis\u00e4lt\u00e4\u00e4 luonnollisia ainesosia, kuten aloe veraa ja keh\u00e4kukkaa. K\u00e4yt\u00f6n j\u00e4lkeen se voi viilent\u00e4\u00e4 ihoa nopeasti, lievitt\u00e4\u00e4 punoitusta, turvotusta, polttelua ja muita ep\u00e4mukavuuksia sek\u00e4 v\u00e4hent\u00e4\u00e4 tulehdusreaktioita auringonoton j\u00e4lkeen. Se on yksi ihanteellisista vaihtoehdoista v\u00e4litt\u00f6m\u00e4\u00e4n korjaamiseen auringonpolttaman j\u00e4lkeen.<\/p>\n\n\n\n<p>4. <strong>Jatkuva kosteuttava ja pitk\u00e4aikainen korjaava vaikutus<\/strong>Auringonpolttamavoide, jossa on useiden kosteuttavien tekij\u00f6iden, kuten natriumhyaluronaatin ja pantenolin, synergistinen vaikutus, voi yll\u00e4pit\u00e4\u00e4 ihon kosteustasapainoa pitk\u00e4\u00e4n ja est\u00e4\u00e4 kuivumista ja hilseily\u00e4. Samalla se voi v\u00e4litt\u00f6m\u00e4n rauhoittamisen lis\u00e4ksi my\u00f6s jatkuvasti korjata ihon suojakerrosta, parantaa ihon puolustuskyky\u00e4 ja pident\u00e4\u00e4 korjaavaa vaikutusta auringonpolttaman j\u00e4lkeen. <\/p>\n\n\n\n<h2 class=\"wp-block-heading\">Kuinka k\u00e4ytt\u00e4\u00e4 auringonpolttamavoidetta?<\/h2>\n\n\n\n<p>Auringonpolttamavoiteen k\u00e4ytt\u00f6 on eritt\u00e4in yksinkertaista ja nopeaa. Voit ottaa sen esille milloin tahansa p\u00e4ivitt\u00e4isen hoidon aikana ja matkoilla lievitt\u00e4\u00e4ksesi auringonpolttaman ihon ep\u00e4mukavuutta. Sinun tarvitsee vain levitt\u00e4\u00e4 sit\u00e4 tarpeen mukaan ja hieroa kevyesti imeytymisen edist\u00e4miseksi. Koko prosessi on hell\u00e4varainen eik\u00e4 \u00e4rsyt\u00e4 ihoa, joten se sopii kaikenlaisille k\u00e4ytt\u00e4jille. On suositeltavaa k\u00e4ytt\u00e4\u00e4 voidetta heti auringonoton j\u00e4lkeen parhaan korjaavan vaikutuksen saavuttamiseksi. <\/p>\n\n\n\n<p>1. <strong>Puhdista iho: <\/strong>Ennen tuotteen k\u00e4ytt\u00f6\u00e4 puhdista auringonpolttama alue l\u00e4mpim\u00e4ll\u00e4 vedell\u00e4 hien ja ep\u00e4puhtauksien poistamiseksi, jotka muuten heikent\u00e4isiv\u00e4t korjaavaa vaikutusta. Taputtele sitten kuivaksi pehme\u00e4ll\u00e4 pyyhkeell\u00e4 tai odota, ett\u00e4 vesi haihtuu.<\/p>\n\n\n\n<p>2. <strong>Purista voide ulos: <\/strong>Purista voidetta pakkauksesta tarpeen mukaan.<\/p>\n\n\n\n<p>3. <strong>Levit\u00e4 tasaisesti ja hiero imeytymiseksi: <\/strong>Levit\u00e4 voidetta varovasti ja tasaisesti auringonpolttamalle alueelle v\u00e4ltt\u00e4en hankausta, joka voi aiheuttaa vahinkoa. Hiero sitten voidetta kevyesti k\u00e4sitelty\u00e4 aluetta edist\u00e4\u00e4ksesi sen imeytymist\u00e4 ihoon.<\/p>\n\n\n\n<h2 class=\"wp-block-heading\">Varoitus<\/h2>\n\n\n\n<p>1. <strong>Allergisten reaktioiden testi:<\/strong> Ennen kuin k\u00e4yt\u00e4t auringonpolttamavoidettamme ensimm\u00e4ist\u00e4 kertaa, kokeile sit\u00e4 ranteen sis\u00e4puolella tai korvan takana v\u00e4ltt\u00e4\u00e4ksesi yksil\u00f6llisten erojen aiheuttamat allergiset reaktiot. Jos poikkeavia reaktioita ei ilmene 24 tunnin kuluessa, voit k\u00e4ytt\u00e4\u00e4 voidetta huoletta.<\/p>\n\n\n\n<p>2. <strong>V\u00e4lt\u00e4 k\u00e4ytt\u00f6\u00e4 haavoilla tai vaurioituneella iholla: <\/strong>Jos iholla on selvi\u00e4 haavoja tai vaurioita, kuten rikkoutunut iho, verenvuoto jne., \u00e4l\u00e4 k\u00e4yt\u00e4 t\u00e4t\u00e4 tuotetta haavan \u00e4rsytyksen ja vaurioiden v\u00e4ltt\u00e4miseksi.<\/p>\n\n\n\n<p>3. <strong>V\u00e4lt\u00e4 kosketusta silmiin: <\/strong>K\u00e4ytett\u00e4ess\u00e4 auringonpolttamavoidetta, v\u00e4lt\u00e4 silm\u00e4nymp\u00e4rysihoa. Jos voidetta joutuu vahingossa silmiin, huuhtele ne v\u00e4litt\u00f6m\u00e4sti puhtaalla vedell\u00e4 ja hakeudu tarvittaessa l\u00e4\u00e4k\u00e4rin hoitoon.<\/p>\n\n\n\n<h2 class=\"wp-block-heading\">Johtop\u00e4\u00e4t\u00f6s<\/h2>\n\n\n\n<p>Aurinkovoide on auringonpolttamien korjausvoide, jolla on syv\u00e4kosteuttavia, rauhoittavia ja ihoa korjaavia ominaisuuksia. Se sopii erilaisille ihotyypeille ja k\u00e4ytt\u00f6tilanteille. Tuotteemme on valmistettu useista luonnollisista kasviuutteista, ne ovat virkist\u00e4vi\u00e4 ja rasvattomia, ja ne voivat nopeasti lievitt\u00e4\u00e4 auringonpolttaman aiheuttamaa ep\u00e4mukavuutta ja polttavaa tunnetta. Tarjoamme OEM\/ODM-palveluita vastataksemme eri asiakkaiden monipuolisiin pakkaus- ja markkina-asemointitarpeisiin. Jos tarvitset lis\u00e4tietoja, ota rohkeasti yhteytt\u00e4.<\/p>","protected":false},"excerpt":{"rendered":"Sunburn Lotion Manufacturing Common Formulas As a professional sunburn lotion manufacturer, we use natural plant extracts and repair ingredients, such as calendula, aloe vera, chamomile, etc., to help your skin quickly repair and calm after sunburn, restore the water and oil balance, and strengthen the skin barrier. At the same time, the formula we use [&hellip;]","protected":false},"featured_media":3190,"menu_order":0,"template":"","meta":[],"product-tag":[],"products":[87],"class_list":["post-3186","product","type-product","status-publish","has-post-thumbnail","hentry","products-sunburn-recovery"],"acf":[],"_links":{"self":[{"href":"https:\/\/www.ruiqigo.com\/fi\/wp-json\/wp\/v2\/product\/3186","targetHints":{"allow":["GET"]}}],"collection":[{"href":"https:\/\/www.ruiqigo.com\/fi\/wp-json\/wp\/v2\/product"}],"about":[{"href":"https:\/\/www.ruiqigo.com\/fi\/wp-json\/wp\/v2\/types\/product"}],"version-history":[{"count":0,"href":"https:\/\/www.ruiqigo.com\/fi\/wp-json\/wp\/v2\/product\/3186\/revisions"}],"wp:featuredmedia":[{"embeddable":true,"href":"https:\/\/www.ruiqigo.com\/fi\/wp-json\/wp\/v2\/media\/3190"}],"wp:attachment":[{"href":"https:\/\/www.ruiqigo.com\/fi\/wp-json\/wp\/v2\/media?parent=3186"}],"wp:term":[{"taxonomy":"product-tag","embeddable":true,"href":"https:\/\/www.ruiqigo.com\/fi\/wp-json\/wp\/v2\/product-tag?post=3186"},{"taxonomy":"products","embeddable":true,"href":"https:\/\/www.ruiqigo.com\/fi\/wp-json\/wp\/v2\/products?post=3186"}],"curies":[{"name":"wp","href":"https:\/\/api.w.org\/{rel}","templated":true}]}}