{"id":321,"date":"2024-07-05T17:38:21","date_gmt":"2024-07-05T09:38:21","guid":{"rendered":"https:\/\/ruiqigo.com\/?post_type=product&#038;p=321"},"modified":"2024-11-14T21:11:09","modified_gmt":"2024-11-14T13:11:09","slug":"tea-tree-shampoo-and-conditioner","status":"publish","type":"product","link":"https:\/\/www.ruiqigo.com\/fi\/product\/tea-tree-shampoo-and-conditioner","title":{"rendered":"Teepuushampoo ja hoitoaine"},"content":{"rendered":"<h2 class=\"wp-block-heading\">Teepuushampoo ja hoitoaine valmistavat yleisi\u00e4 kaavoja<\/h2>\n\n\n\n<p>T\u00e4m\u00e4 teepuushampoo ja -hoitoaine 2-in-1 k\u00e4ytt\u00e4\u00e4 puhdasta ja luonnollista teepuuuutetta ydinainesosana. Teepuuuute sis\u00e4lt\u00e4\u00e4 runsaasti vitamiineja ja kivenn\u00e4isaineita, kuten C-vitamiinia, E-vitamiinia, rautaa, sinkki\u00e4 jne., jotka voivat syv\u00e4sti ravita ja korjata vaurioituneita hiuksia sek\u00e4 lis\u00e4t\u00e4 hiusten kiiltoa ja joustavuutta. Lis\u00e4ksi Tea Tree Extract sis\u00e4lt\u00e4\u00e4 luonnollisia antibakteerisia ja anti-inflammatorisia ainesosia, jotka puhdistavat tehokkaasti p\u00e4\u00e4nahan ja est\u00e4v\u00e4t bakteerien kasvua ja hilseen kertymist\u00e4. Innovatiivisena Tea tree shampoo- ja hoitoainevalmistajana n\u00e4m\u00e4 luonnolliset ainesosat toimivat yhdess\u00e4 ja luovat kaksi yhdess\u00e4 puhdistusaineen ja hoitoaineen, jossa yhdistyv\u00e4t puhdistus ja hoito.<\/p>\n\n\n\n<h2 class=\"wp-block-heading\">Teepuushampoolla ja hoitoaine soveltuvat skenaariot<\/h2>\n\n\n\n<p>Tea Tree shampoo ja hoitoaine sopii kaikkiin ilmastoihin. Kuumina kes\u00e4kuukausina teepuuuutteen viilent\u00e4v\u00e4 antibakteerinen vaikutus puhdistaa perusteellisesti p\u00e4\u00e4nahan ja est\u00e4\u00e4 bakteerien kasvua hikoilun j\u00e4lkeen; kylmin\u00e4 talvikuukausina se ravitsee ja korjaa vaurioituneita hiuksia syv\u00e4sti, lis\u00e4\u00e4 joustavuutta ja ehk\u00e4isee kuivumista ja p\u00f6rr\u00f6isyytt\u00e4. Samaan aikaan teepuun luonnollinen ja hell\u00e4varainen koostumus sopii my\u00f6s herk\u00e4lle p\u00e4\u00e4nahalle, ei \u00e4rsyt\u00e4. Olipa ne rasvaiset ja kuumat tai kuivat ja kylm\u00e4t, t\u00e4m\u00e4 kaksi yhdess\u00e4 tuote pit\u00e4\u00e4 hiuksesi raikkaina, joustavina ja mukavina.<\/p>\n\n\n\n<h2 class=\"wp-block-heading\">Kenelle teepuushampoo ja hoitoaine sopii<\/h2>\n\n\n\n<p>T\u00e4m\u00e4 Tea Tree shampoo ja hoitoaine 2-in-1 sopii erityisesti niille, joilla on rasvainen p\u00e4\u00e4nahka tai jotka ovat alttiita hilseelle. Tea Tree Extract on luonnollinen antibakteerinen ja anti-inflammatorinen ainesosa, joka puhdistaa tehokkaasti p\u00e4\u00e4nahan ja est\u00e4\u00e4 bakteerien ja hilseen kertymisen. Samalla se my\u00f6s syv\u00e4sti ravitsee ja korjaa vaurioituneita hiuksia lis\u00e4\u00e4m\u00e4ll\u00e4 hiusten kiiltoa ja joustavuutta. Olipa sinulla rasvainen p\u00e4\u00e4nahka tai kuivat, p\u00f6rr\u00f6iset hiukset tai kemiallisesti vaurioituneet hiukset permingin ja v\u00e4rj\u00e4yksen j\u00e4lkeen, t\u00e4m\u00e4 2-in-1-teepuutuote on t\u00e4ydellinen valinta hiustenhoitotarpeisiisi.<\/p>\n\n\n\n<h2 class=\"wp-block-heading\">Teepuushampoon ja hoitoaineen valmistusprosessi<\/h2>\n\n\n\n<p>T\u00e4m\u00e4 teepuushampoo ja -hoitoaine 2-in-1 on valmistettu useilla edistyneill\u00e4 tekniikoilla. Ensinn\u00e4kin 100% Tea Treen raaka-aineet ovat per\u00e4isin luonnollisista kasveista, ja niille on tehty useita tarkastuksia sen varmistamiseksi, ett\u00e4 niiss\u00e4 ei ole kemiallista kontaminaatiota. Toiseksi, l\u00e4mp\u00f6tilaa ja painetta valvotaan tiukasti kaavan kehitt\u00e4misen aikana, jotta varmistetaan, ett\u00e4 teepuuuutteen aktiiviset ainesosat eiv\u00e4t vaurioidu. Tuote k\u00e4ytt\u00e4\u00e4 ammattimaista erotustekniikkaa teepuuuutteen uuttamiseksi eritt\u00e4in puhtaalla tuotteen erinomaisen tehokkuuden varmistamiseksi. Lopuksi, ammattimaisena teepuushampoon ja hoitoaineen valmistajana koko tuotantoprosessi on vapaa synteettisist\u00e4 kemikaaleista, mik\u00e4 varmistaa, ett\u00e4 tuote on vihre\u00e4 ja ymp\u00e4rist\u00f6yst\u00e4v\u00e4llinen.<\/p>","protected":false},"excerpt":{"rendered":"Tea tree shampoo and conditioner manufacturing common formulas This Tea Tree Shampoo and Conditioner 2-in-1 utilizes pure and natural tea tree extract as the core ingredient. Tea Tree Extract is rich in vitamins and minerals such as Vitamin C, Vitamin E, Iron, Zinc, etc., which can deeply nourish and repair damaged hair, and increase the [&hellip;]","protected":false},"featured_media":322,"menu_order":0,"template":"","meta":[],"product-tag":[],"products":[54],"class_list":["post-321","product","type-product","status-publish","has-post-thumbnail","hentry","products-shampoo-and-conditioner"],"acf":[],"_links":{"self":[{"href":"https:\/\/www.ruiqigo.com\/fi\/wp-json\/wp\/v2\/product\/321","targetHints":{"allow":["GET"]}}],"collection":[{"href":"https:\/\/www.ruiqigo.com\/fi\/wp-json\/wp\/v2\/product"}],"about":[{"href":"https:\/\/www.ruiqigo.com\/fi\/wp-json\/wp\/v2\/types\/product"}],"version-history":[{"count":0,"href":"https:\/\/www.ruiqigo.com\/fi\/wp-json\/wp\/v2\/product\/321\/revisions"}],"wp:featuredmedia":[{"embeddable":true,"href":"https:\/\/www.ruiqigo.com\/fi\/wp-json\/wp\/v2\/media\/322"}],"wp:attachment":[{"href":"https:\/\/www.ruiqigo.com\/fi\/wp-json\/wp\/v2\/media?parent=321"}],"wp:term":[{"taxonomy":"product-tag","embeddable":true,"href":"https:\/\/www.ruiqigo.com\/fi\/wp-json\/wp\/v2\/product-tag?post=321"},{"taxonomy":"products","embeddable":true,"href":"https:\/\/www.ruiqigo.com\/fi\/wp-json\/wp\/v2\/products?post=321"}],"curies":[{"name":"wp","href":"https:\/\/api.w.org\/{rel}","templated":true}]}}