{"id":3243,"date":"2025-04-29T10:51:22","date_gmt":"2025-04-29T02:51:22","guid":{"rendered":"https:\/\/www.ruiqigo.com\/?post_type=product&#038;p=3243"},"modified":"2025-04-29T10:51:23","modified_gmt":"2025-04-29T02:51:23","slug":"stainless-steel-tongue-scraper","status":"publish","type":"product","link":"https:\/\/www.ruiqigo.com\/fi\/product\/stainless-steel-tongue-scraper","title":{"rendered":"Ruostumattomasta ter\u00e4ksest\u00e4 valmistettu kielikaavin"},"content":{"rendered":"<h2 class=\"wp-block-heading\">Ruostumattomasta ter\u00e4ksest\u00e4 valmistetun kielikaapimen ominaisuudet<\/h2>\n\n\n\n<p>1. <strong>Materiaali<\/strong>Ruostumattomasta ter\u00e4ksest\u00e4 valmistettu kielikaavin on valmistettu korkealaatuisesta elintarvikelaatuisesta ruostumattomasta ter\u00e4ksest\u00e4 (kuten 304- tai 316-laatu), jolla on erinomainen korroosionkest\u00e4vyys, ruosteenkest\u00e4vyys ja hyv\u00e4 hygienia. <\/p>\n\n\n\n<p>2. <strong>Rakenne:<\/strong> Ruostumattomasta ter\u00e4ksest\u00e4 valmistettu kielikaavin on yleens\u00e4 U-muotoinen tai litte\u00e4 kaari, joka sopii t\u00e4ydellisesti ihmisen kielen pinnan kaareen ja on kattavampi bakteerien ja kielen pinnoitteen kaapimisessa varmistaen puhdistusvaikutuksen.<\/p>\n\n\n\n<p>3. <strong>Reunojen k\u00e4sittely:<\/strong> Ruostumattomasta ter\u00e4ksest\u00e4 valmistetun kielikaapimen reunat on kiillotettu huolellisesti, ja ne ovat sile\u00e4t ja py\u00f6ristetyt. Ne eiv\u00e4t naarmuta kielt\u00e4 tai suun sis\u00e4puolta k\u00e4yt\u00f6n aikana, mik\u00e4 takaa turvallisuuden. <\/p>\n\n\n\n<p>4. <strong>Pitk\u00e4ik\u00e4inen ja kest\u00e4v\u00e4:<\/strong> Ruostumaton ter\u00e4s on luonnostaan kest\u00e4v\u00e4\u00e4 ja sit\u00e4 voidaan k\u00e4ytt\u00e4\u00e4 pitk\u00e4\u00e4n suorituskykyyn vaikuttamatta. Siksi sill\u00e4 on pitk\u00e4 k\u00e4ytt\u00f6ik\u00e4 eik\u00e4 se rikkoudu tai vanhene helposti.<\/p>\n\n\n\n<p>5. <strong>Helppo puhdistaa: <\/strong>Ruostumattomasta ter\u00e4ksest\u00e4 valmistetun kielikaapimen pinta on sile\u00e4, se voidaan steriloida korkeassa l\u00e4mp\u00f6tilassa ja huuhdella suoraan, mik\u00e4 on eritt\u00e4in k\u00e4tev\u00e4\u00e4. <\/p>\n\n\n\n<p>6. <strong>Ymp\u00e4rist\u00f6yst\u00e4v\u00e4llinen ja uudelleenk\u00e4ytett\u00e4v\u00e4:<\/strong> Ruostumattomasta ter\u00e4ksest\u00e4 valmistettuja tuotteita voidaan k\u00e4ytt\u00e4\u00e4 uudelleen, mik\u00e4 on eritt\u00e4in ymp\u00e4rist\u00f6yst\u00e4v\u00e4llist\u00e4 ja kest\u00e4v\u00e4n kehityksen k\u00e4sitteen mukaista. <\/p>\n\n\n\n<h2 class=\"wp-block-heading\">Ruostumattomasta ter\u00e4ksest\u00e4 valmistetun kielikaapimen edut<\/h2>\n\n\n\n<p>1. <strong>Paranna suuhygieniaa:<\/strong> Ruostumattomasta ter\u00e4ksest\u00e4 valmistettu kielikaavin voi tehokkaasti poistaa kielen pinnalta ja bakteereja suusta, parantaa yleist\u00e4 suun terveytt\u00e4 ja hygieniaa, lievitt\u00e4\u00e4 hengitysvaikeuksia ja ehk\u00e4ist\u00e4 pahanhajuista hengityst\u00e4. Samalla se voi my\u00f6s v\u00e4hent\u00e4\u00e4 iensairauksien esiintyvyytt\u00e4. <\/p>\n\n\n\n<p>2. <strong>Hyv\u00e4 kannettavuus: <\/strong>Ruostumattomasta ter\u00e4ksest\u00e4 valmistettu kielikaavin on kannettava ja kompakti, sopii kannettavaksi ja k\u00e4tev\u00e4ksi k\u00e4ytt\u00e4\u00e4 ulkona, olitpa sitten matkustamassa tai ty\u00f6matkalla. <\/p>\n\n\n\n<p>3. <strong>Hyv\u00e4 kest\u00e4vyys:<\/strong> Ruostumaton ter\u00e4s tunnetaan hyv\u00e4st\u00e4 kest\u00e4vyydest\u00e4\u00e4n, korroosionkest\u00e4vyydest\u00e4\u00e4n ja se s\u00e4ilytt\u00e4\u00e4 erinomaisen suorituskykyns\u00e4 pitk\u00e4aikaisen tai toistuvan k\u00e4yt\u00f6n j\u00e4lkeen. <\/p>\n\n\n\n<p>4. <strong>Helppo huoltaa:<\/strong> Ruostumattomasta ter\u00e4ksest\u00e4 valmistettu kielikaavin tarvitsee vain huuhdella tai steriloida kiehuvalla vedell\u00e4 k\u00e4yt\u00f6n j\u00e4lkeen. Se ei vaadi erityist\u00e4 hoitoa, mik\u00e4 s\u00e4\u00e4st\u00e4\u00e4 paljon energiaa ja aikaa. <\/p>\n\n\n\n<h2 class=\"wp-block-heading\">Ruostumattomasta ter\u00e4ksest\u00e4 valmistettu kielikaavin kohderyhm\u00e4lle<\/h2>\n\n\n\n<p>1. <strong>Pahanhajuisesta hengityksest\u00e4 k\u00e4rsiv\u00e4t ihmiset: <\/strong>Ihmiset, joilla on pahanhajuinen hengitys paksun kielen kerroksen vuoksi. <\/p>\n\n\n\n<p>2. <strong>Tupakoitsijat ja alkoholink\u00e4ytt\u00e4j\u00e4t: <\/strong>Tupakointi ja alkoholink\u00e4ytt\u00f6 aiheuttavat pitk\u00e4aikaisia kiinnittymi\u00e4 kielen pintaan. <\/p>\n\n\n\n<p>3. <strong>Ihmiset, jotka rakastavat juoda kahvia ja maitoteet\u00e4:<\/strong> Kahvi ja maitotee j\u00e4tt\u00e4v\u00e4t pigmenttij\u00e4\u00e4mi\u00e4 kielen pinnalle, mik\u00e4 vaikuttaa kielen pinnan hygieniaan.<\/p>\n\n\n\n<p>4. <strong>Ihmiset, jotka kiinnitt\u00e4v\u00e4t huomiota suunhoitoon:<\/strong> He toivovat yll\u00e4pit\u00e4v\u00e4ns\u00e4 raikasta hengityst\u00e4 ja suun terveytt\u00e4 sek\u00e4 parantavansa s\u00e4\u00e4nn\u00f6llisesti suun hygieniaymp\u00e4rist\u00f6\u00e4.<\/p>\n\n\n\n<h2 class=\"wp-block-heading\">Ruostumattomasta ter\u00e4ksest\u00e4 valmistetun kielikaapimen k\u00e4ytt\u00f6kohteet<\/h2>\n\n\n\n<p>1. <strong>P\u00e4ivitt\u00e4inen kotihoito: <\/strong>Voit k\u00e4ytt\u00e4\u00e4 sit\u00e4 aamulla hampaidenpesun j\u00e4lkeen tai illalla ennen nukkumaanmenoa. Voit puhdistaa sen tarvittaessa my\u00f6s aterioiden j\u00e4lkeen.<\/p>\n\n\n\n<p>2. <strong>Matka- tai ty\u00f6matka: <\/strong>Voit ottaa sen mukaan matkoille tai ty\u00f6matkoille varmistaaksesi hyv\u00e4n suuhygienian poissa ollessasi. <\/p>\n\n\n\n<p>3. <strong>Lahjojen antaminen: <\/strong>Sit\u00e4 voidaan k\u00e4ytt\u00e4\u00e4 suunhoitolahjana sukulaisille ja yst\u00e4ville. <\/p>\n\n\n\n<p>4. <strong>Ammattimaiset suunhoidon laitokset:<\/strong> Hammasklinikat, suunterveyskeskukset jne. k\u00e4ytt\u00e4v\u00e4t ruostumattomasta ter\u00e4ksest\u00e4 valmistettuja kielikaapimia apuv\u00e4linein\u00e4. <\/p>\n\n\n\n<h2 class=\"wp-block-heading\">Ruostumattomasta ter\u00e4ksest\u00e4 valmistetun kielikaapimen k\u00e4ytt\u00f6ohjeet<\/h2>\n\n\n\n<p>1. Ennen k\u00e4ytt\u00f6\u00e4 sinun on huuhdeltava ruostumattomasta ter\u00e4ksest\u00e4 valmistettu kielikaavin vedell\u00e4 varmistaaksesi, ettei siin\u00e4 ole likaa. <\/p>\n\n\n\n<p>2. Avaa suusi ja ty\u00f6nn\u00e4 kielesi ulos. Yrit\u00e4 venytell\u00e4 sit\u00e4 suoraksi.<\/p>\n\n\n\n<p>3. Kaavi ruostumattomasta ter\u00e4ksest\u00e4 valmistettua kielikaapinta varovasti kielen tyvest\u00e4 k\u00e4rkeen. Varo menem\u00e4st\u00e4 liian kauas taaksep\u00e4in, jotta v\u00e4lt\u00e4t oksentamisen.<\/p>\n\n\n\n<p>4. Toista kaapimista 2\u20133 kertaa tarpeen mukaan. Jos haluat kaapia puhtaammin, voit kaapia useammin, mutta varo tekem\u00e4st\u00e4 sit\u00e4 liian monta kertaa, jotta et vahingoita kielt\u00e4si tai suutasi. Huuhtele puhtaalla vedell\u00e4 jokaisen kaapimisen j\u00e4lkeen.<\/p>\n\n\n\n<p>5. Huuhtele ruostumattomasta ter\u00e4ksest\u00e4 valmistettu kielikaavin vedell\u00e4 kaapimisen j\u00e4lkeen. Se voidaan desinfioida kuumalla vedell\u00e4 tai puhdistaa saippuavedell\u00e4. Laita se pois kuivumisen j\u00e4lkeen.<\/p>\n\n\n\n<p>6. <strong>Suositus<\/strong>K\u00e4yt\u00e4 suuveden kanssa parantaaksesi suun terveytt\u00e4 kokonaisvaltaisesti. <\/p>","protected":false},"excerpt":{"rendered":"Stainless steel tongue scraper features 1. Material: Stainless steel tongue scraper is made of high-quality food-grade stainless steel (such as 304 or 316 grade), which has excellent corrosion resistance, rust resistance and good hygiene. 2. Structure: Our stainless steel tongue scraper is generally U-shaped or flat arc-shaped, which perfectly fits the curve of the human [&hellip;]","protected":false},"featured_media":3245,"menu_order":0,"template":"","meta":[],"product-tag":[],"products":[169],"class_list":["post-3243","product","type-product","status-publish","has-post-thumbnail","hentry","products-tongue-scraper"],"acf":[],"_links":{"self":[{"href":"https:\/\/www.ruiqigo.com\/fi\/wp-json\/wp\/v2\/product\/3243","targetHints":{"allow":["GET"]}}],"collection":[{"href":"https:\/\/www.ruiqigo.com\/fi\/wp-json\/wp\/v2\/product"}],"about":[{"href":"https:\/\/www.ruiqigo.com\/fi\/wp-json\/wp\/v2\/types\/product"}],"version-history":[{"count":0,"href":"https:\/\/www.ruiqigo.com\/fi\/wp-json\/wp\/v2\/product\/3243\/revisions"}],"wp:featuredmedia":[{"embeddable":true,"href":"https:\/\/www.ruiqigo.com\/fi\/wp-json\/wp\/v2\/media\/3245"}],"wp:attachment":[{"href":"https:\/\/www.ruiqigo.com\/fi\/wp-json\/wp\/v2\/media?parent=3243"}],"wp:term":[{"taxonomy":"product-tag","embeddable":true,"href":"https:\/\/www.ruiqigo.com\/fi\/wp-json\/wp\/v2\/product-tag?post=3243"},{"taxonomy":"products","embeddable":true,"href":"https:\/\/www.ruiqigo.com\/fi\/wp-json\/wp\/v2\/products?post=3243"}],"curies":[{"name":"wp","href":"https:\/\/api.w.org\/{rel}","templated":true}]}}