{"id":3250,"date":"2025-04-29T10:52:15","date_gmt":"2025-04-29T02:52:15","guid":{"rendered":"https:\/\/www.ruiqigo.com\/?post_type=product&#038;p=3250"},"modified":"2025-04-29T10:52:16","modified_gmt":"2025-04-29T02:52:16","slug":"plastic-tongue-scraper","status":"publish","type":"product","link":"https:\/\/www.ruiqigo.com\/fi\/product\/plastic-tongue-scraper","title":{"rendered":"Muovinen kielikaavin"},"content":{"rendered":"<h2 class=\"wp-block-heading\">Muovisen kielikaapimen ominaisuudet<\/h2>\n\n\n\n<p>1. <strong>Kevyt materiaali: <\/strong>Muovinen kielikaavin on yleens\u00e4 valmistettu elintarvikelaatuisesta PP-, PE- tai PTE-materiaalista, joka on eritt\u00e4in kevytt\u00e4, turvallista ja myrkyt\u00f6nt\u00e4. <\/p>\n\n\n\n<p>2. <strong>Alhainen hinta: <\/strong>Verrattuna metallisiin kielikaapimiin, muoviset kielikaapimet ovat edullisempia ja halvempia, joten ne soveltuvat laajamittaiseen k\u00e4ytt\u00f6\u00f6n. <\/p>\n\n\n\n<p>3. <strong>Monipuolinen ulkon\u00e4k\u00f6:<\/strong> Muovinen kielikaavin on saatavana useissa eri v\u00e4reiss\u00e4, kuten mustana, harmaana, valkoisena jne. Voit valita v\u00e4rin vapaasti.<\/p>\n\n\n\n<p>4. <strong>Hyv\u00e4 joustavuus: <\/strong>Muovinen kielikaavin on eritt\u00e4in joustava, hell\u00e4varaisempi kielen puhdistuksessa ja vahingoittaa kielt\u00e4 ja suun sis\u00e4puolta v\u00e4hemm\u00e4n, joten se sopii erityisesti herkille ihmisille.<\/p>\n\n\n\n<h2 class=\"wp-block-heading\">Muovisen kielikaapimen edut<\/h2>\n\n\n\n<p>1. <strong>Kevyt ja kannettava: <\/strong>Muovinen kielikaavin on eritt\u00e4in kevyt ja helppo kuljettaa mukana. Se on helppo kuljettaa mukana niin matkoilla kuin ty\u00f6matkoillakin. <\/p>\n\n\n\n<p>2. <strong>Korkea kustannustehokkuus:<\/strong> Koska se on valmistettu muovista, kustannukset ovat alhaiset, joten tuotantokustannukset eiv\u00e4t ole korkeat, ja sit\u00e4 voidaan tuottaa suuria m\u00e4\u00e4ri\u00e4, joten se on kustannustehokas.<\/p>\n\n\n\n<p>3. <strong>Pehme\u00e4 ja mukava: <\/strong>Muovinen kielikaavin on joustava ja eritt\u00e4in mukava k\u00e4ytt\u00e4\u00e4, joten se sopii eritt\u00e4in hyvin ensikertalaisille, lapsille ja herkille ihmisille.<\/p>\n\n\n\n<p>4. <strong>Moniv\u00e4rinen muotoilu: <\/strong>V\u00e4rej\u00e4 on monia, ja perheenj\u00e4senet voivat k\u00e4ytt\u00e4\u00e4 niit\u00e4 erikseen varmistaakseen henkil\u00f6kohtaisen suuhygienian ja terveyden sek\u00e4 est\u00e4\u00e4kseen ristiinfektiot.<\/p>\n\n\n\n<h2 class=\"wp-block-heading\">Muovinen kielikaavin kohderyhm\u00e4<\/h2>\n\n\n\n<p>1. Lapset, nuoret ja kielikaapimien materiaaleille herk\u00e4t henkil\u00f6t.<\/p>\n\n\n\n<p>2. Kuten tupakoitsijat, alkoholink\u00e4ytt\u00e4j\u00e4t ja ihmiset, jotka sy\u00f6v\u00e4t mielell\u00e4\u00e4n voimakasmakuista ruokaa ja joita vaivaa pahanhajuinen hengitys.<\/p>\n\n\n\n<p>3. Ihmiset, jotka kiinnitt\u00e4v\u00e4t huomiota henkil\u00f6kohtaiseen suuhygieniaan ja vaihtavat s\u00e4\u00e4nn\u00f6llisesti suunhoitov\u00e4lineit\u00e4.<\/p>\n\n\n\n<p>4. Ihmiset, jotka tarvitsevat suunhoitoa matkustaessaan, ty\u00f6matkoilla tai harrastaessaan kuntoilua pitk\u00e4\u00e4n.<\/p>\n\n\n\n<p>5. Ihmiset, joilla on pigmentaatiota kielell\u00e4 pitk\u00e4aikaisen kahvin tai maitoteen juomisen vuoksi.<\/p>\n\n\n\n<h2 class=\"wp-block-heading\">Muovisen kielikaapimen k\u00e4ytt\u00f6kohteet<\/h2>\n\n\n\n<p>1. <strong>P\u00e4ivitt\u00e4inen suunhoito kotona: <\/strong>Puhdista kielesi kalvo ajoissa joka p\u00e4iv\u00e4 kotona pit\u00e4\u00e4ksesi hengityksesi raikkaana.<\/p>\n\n\n\n<p>2. <strong>Lasten suunhoito:<\/strong> pehme\u00e4 materiaali ja eri v\u00e4rit, sopivat lasten suunhoitotottumusten kehitt\u00e4miseen ja suun terveyteen kiinnitt\u00e4miseen jo varhaisesta i\u00e4st\u00e4 l\u00e4htien.<\/p>\n\n\n\n<p>3. <strong>Matkak\u00e4ytt\u00f6: <\/strong>Muovinen kielikaavin on pieni ja kevyt, eritt\u00e4in k\u00e4tev\u00e4 kuljettaa, sopii ty\u00f6matkoille, matkustamiseen ja retkeilyyn.<\/p>\n\n\n\n<p>4. <strong>Kuntosalit ja toimistot: <\/strong>Puhdista suun sis\u00e4puoli liikunnan j\u00e4lkeen tai ty\u00f6taukojen aikana pit\u00e4\u00e4ksesi hengityksen raikkaana ja yll\u00e4pit\u00e4\u00e4ksesi suun terveytt\u00e4.<\/p>\n\n\n\n<h2 class=\"wp-block-heading\">Kuinka k\u00e4ytt\u00e4\u00e4 muovista kielikaavinta<\/h2>\n\n\n\n<p>1. Huuhtele muovinen kielikaavin l\u00e4mpim\u00e4ll\u00e4 vedell\u00e4 ennen k\u00e4ytt\u00f6\u00e4 varmistaaksesi, ettei lika vaikuta suuhygieniaan.<\/p>\n\n\n\n<p>2. Avaa suusi ja ty\u00f6nn\u00e4 kielesi ulos mahdollisimman litte\u00e4sti paljastaaksesi kielen pinnan.<\/p>\n\n\n\n<p>3. Aseta kielikaavin varovasti kielen tyveen ja kaavi hitaasti ja varovasti kohti kielen k\u00e4rke\u00e4.<\/p>\n\n\n\n<p>4. Toista kaapiminen useita kertoja kielen pinnan kunnon mukaan ja huuhtele kielikaavin puhtaalla vedell\u00e4 jokaisen kaapimisen j\u00e4lkeen.<\/p>\n\n\n\n<p>5. K\u00e4yt\u00f6n j\u00e4lkeen pese kielikaavin huolellisesti puhtaalla vedell\u00e4. Voit k\u00e4ytt\u00e4\u00e4 apuna saippuavett\u00e4 puhdistuksessa.<\/p>\n\n\n\n<p>6. <strong>Huomautus: <\/strong>S\u00e4ilyt\u00e4 kuivassa ja ilmastoidussa paikassa p\u00e4ivitt\u00e4iseen k\u00e4ytt\u00f6\u00f6n hygieenisen\u00e4 pit\u00e4miseksi. Jos kyseess\u00e4 on kertak\u00e4ytt\u00f6tuote, on suositeltavaa h\u00e4vitt\u00e4\u00e4 se k\u00e4yt\u00f6n j\u00e4lkeen.<\/p>","protected":false},"excerpt":{"rendered":"Plastic tongue scraper features 1. Light material: plastic tongue scraper is generally made of food grade PP, PE or PTE material, which is very light, safe and non-toxic. 2. Low cost: Compared with metal tongue scrapers, plastic tongue scrapers are more affordable and cheaper, making them suitable for large-scale popularization. 3. Diverse appearance: plastic tongue [&hellip;]","protected":false},"featured_media":3254,"menu_order":0,"template":"","meta":[],"product-tag":[],"products":[169],"class_list":["post-3250","product","type-product","status-publish","has-post-thumbnail","hentry","products-tongue-scraper"],"acf":[],"_links":{"self":[{"href":"https:\/\/www.ruiqigo.com\/fi\/wp-json\/wp\/v2\/product\/3250","targetHints":{"allow":["GET"]}}],"collection":[{"href":"https:\/\/www.ruiqigo.com\/fi\/wp-json\/wp\/v2\/product"}],"about":[{"href":"https:\/\/www.ruiqigo.com\/fi\/wp-json\/wp\/v2\/types\/product"}],"version-history":[{"count":0,"href":"https:\/\/www.ruiqigo.com\/fi\/wp-json\/wp\/v2\/product\/3250\/revisions"}],"wp:featuredmedia":[{"embeddable":true,"href":"https:\/\/www.ruiqigo.com\/fi\/wp-json\/wp\/v2\/media\/3254"}],"wp:attachment":[{"href":"https:\/\/www.ruiqigo.com\/fi\/wp-json\/wp\/v2\/media?parent=3250"}],"wp:term":[{"taxonomy":"product-tag","embeddable":true,"href":"https:\/\/www.ruiqigo.com\/fi\/wp-json\/wp\/v2\/product-tag?post=3250"},{"taxonomy":"products","embeddable":true,"href":"https:\/\/www.ruiqigo.com\/fi\/wp-json\/wp\/v2\/products?post=3250"}],"curies":[{"name":"wp","href":"https:\/\/api.w.org\/{rel}","templated":true}]}}