{"id":326,"date":"2024-07-05T20:16:31","date_gmt":"2024-07-05T12:16:31","guid":{"rendered":"https:\/\/ruiqigo.com\/?post_type=product&#038;p=326"},"modified":"2024-09-26T17:45:54","modified_gmt":"2024-09-26T09:45:54","slug":"bath-and-body-lotion","status":"publish","type":"product","link":"https:\/\/www.ruiqigo.com\/fi\/product\/bath-and-body-lotion","title":{"rendered":"Kylpy ja vartalovoide"},"content":{"rendered":"<h3 class=\"wp-block-heading\">Kylpy- ja vartalovoiteiden valmistuksen yleiset kaavat<\/h3>\n\n\n\n<p>T\u00e4m\u00e4 voide on valmistettu useista korkealaatuisista luonnollisista ainesosista: natriumhyaluronaatilla on erinomainen kosteuttava vaikutus ja se voi syv\u00e4kosteuttaa ja ravita ihoa; allantoiini vahvistaa ihon suojakerrosta ja parantaa kuivuutta; aloe vera cura\u00e7ao -vesi on t\u00e4ynn\u00e4 vitamiineja ja mineraaleja, jotka tehokkaasti valkaisevat ja pehment\u00e4v\u00e4t ihoa. N\u00e4m\u00e4 ainesosat ovat hell\u00e4varaisia ja turvallisia, ilman kemiallisia lis\u00e4aineita, ja ne voivat tarjota sinulle puhtaan, lis\u00e4aineettoman ihonhoitokokemuksen.<\/p>\n\n\n\n<h3 class=\"wp-block-heading\">Kylpy- ja vartalovoide Sovellettavat skenaariot<\/h3>\n\n\n\n<p>Kylpy- ja vartalovoiteet sopivat kaikkiin ilmastoihin. Kuivina talvikuukausina ne kosteuttavat ja ravitsevat ihoa syv\u00e4lt\u00e4 lievitt\u00e4en kylmyyden aiheuttamaa kuivuutta ja kireytt\u00e4; kuumina kes\u00e4kuukausina niiden virkist\u00e4v\u00e4 ja silkkinen koostumus imeytyy nopeasti j\u00e4tt\u00e4m\u00e4tt\u00e4 tahmaista tunnetta ja antaa iholle pitk\u00e4kestoista kosteutusta. Tai meill\u00e4 on lis\u00e4\u00e4 <a href=\"https:\/\/www.ruiqigo.com\/fi\/products\/body-lotion\/\">vartalovoide<\/a> vaihtoehtoja, joista voit valita.<\/p>\n\n\n\n<h3 class=\"wp-block-heading\">Kenelle kylpy- ja vartalovoide sopii<\/h3>\n\n\n\n<p>Kylpy- ja vartalovoiteet sopivat kaikenik\u00e4isille. Ne parantavat korkean talirauhasten erityksen aiheuttamaa kuivuutta ja auttavat ehk\u00e4isem\u00e4\u00e4n ik\u00e4\u00e4ntymisen merkkej\u00e4 ja ihon veltostumista ja karheutta. Ne sopivat erityisesti luonnostaan kuivalle iholle, sill\u00e4 ne tarjoavat pitk\u00e4kestoisen kosteuttavan ja elvytt\u00e4v\u00e4n ihonhoitokokemuksen. Jos sinulla on muita tarpeita, lue lis\u00e4\u00e4 3TOPista. <a href=\"https:\/\/www.ruiqigo.com\/fi\/products\/body-care\/\">vartalonhoito<\/a> tuotteita.<\/p>\n\n\n\n<h3 class=\"wp-block-heading\">Kylpy- ja vartalovoiteen valmistusprosessi<\/h3>\n\n\n\n<p>Ensinn\u00e4kin valvomme tiukasti raaka-aineiden l\u00e4hdett\u00e4 ja tuotantoprosesseja varmistaaksemme tuotteen turvallisuuden ja vaarattomuuden. Toiseksi k\u00e4yt\u00e4mme ainutlaatuista emulgointiteknologiaa, joka tekee emulsion koostumuksesta tasaisemman ja herkemm\u00e4n, imeytyen paremmin. Lis\u00e4ksi olemme erityisen huolellisia pakkauksen suunnittelussa ja k\u00e4yt\u00e4mme pullon rungon ergonomista muotoilua, jotta sit\u00e4 on helppo pit\u00e4\u00e4 yhdell\u00e4 k\u00e4dell\u00e4. Jos haluat tiet\u00e4\u00e4 lis\u00e4\u00e4, tutustu aiheeseen liittyviin... <a href=\"https:\/\/www.ruiqigo.com\/fi\/body-lotion-manufacturer-elevating-skincare-standards.html\/\">vartalovoide<\/a> valmistustiedot.<\/p>","protected":false},"excerpt":{"rendered":"Bath and body lotion manufacturing Common Formulas This lotion is made with many high quality natural ingredients: Sodium Hyaluronate has excellent moisturizing effect and can deeply hydrate and nourish the skin; Allantoin strengthens the skin barrier and improves dryness; Aloe Vera Cura\u00e7ao Water is rich in vitamins and minerals, which is effective in whitening and [&hellip;]","protected":false},"featured_media":327,"menu_order":0,"template":"","meta":[],"product-tag":[],"products":[56],"class_list":["post-326","product","type-product","status-publish","has-post-thumbnail","hentry","products-body-lotion"],"acf":[],"_links":{"self":[{"href":"https:\/\/www.ruiqigo.com\/fi\/wp-json\/wp\/v2\/product\/326","targetHints":{"allow":["GET"]}}],"collection":[{"href":"https:\/\/www.ruiqigo.com\/fi\/wp-json\/wp\/v2\/product"}],"about":[{"href":"https:\/\/www.ruiqigo.com\/fi\/wp-json\/wp\/v2\/types\/product"}],"version-history":[{"count":0,"href":"https:\/\/www.ruiqigo.com\/fi\/wp-json\/wp\/v2\/product\/326\/revisions"}],"wp:featuredmedia":[{"embeddable":true,"href":"https:\/\/www.ruiqigo.com\/fi\/wp-json\/wp\/v2\/media\/327"}],"wp:attachment":[{"href":"https:\/\/www.ruiqigo.com\/fi\/wp-json\/wp\/v2\/media?parent=326"}],"wp:term":[{"taxonomy":"product-tag","embeddable":true,"href":"https:\/\/www.ruiqigo.com\/fi\/wp-json\/wp\/v2\/product-tag?post=326"},{"taxonomy":"products","embeddable":true,"href":"https:\/\/www.ruiqigo.com\/fi\/wp-json\/wp\/v2\/products?post=326"}],"curies":[{"name":"wp","href":"https:\/\/api.w.org\/{rel}","templated":true}]}}