{"id":3276,"date":"2025-04-29T15:41:35","date_gmt":"2025-04-29T07:41:35","guid":{"rendered":"https:\/\/www.ruiqigo.com\/?post_type=product&#038;p=3276"},"modified":"2025-04-29T15:41:35","modified_gmt":"2025-04-29T07:41:35","slug":"kids-electric-toothbrush","status":"publish","type":"product","link":"https:\/\/www.ruiqigo.com\/fi\/product\/kids-electric-toothbrush","title":{"rendered":"Lasten s\u00e4hk\u00f6hammasharja"},"content":{"rendered":"<h2 class=\"wp-block-heading\">Lasten s\u00e4hk\u00f6hammasharjan ominaisuudet<\/h2>\n\n\n\n<p>1.<strong> Harjakset ja harjasp\u00e4\u00e4t: <\/strong>Lasten s\u00e4hk\u00f6hammasharjamme on suunniteltu erityisesti lapsille, ja siin\u00e4 on pieni harjasp\u00e4\u00e4, joka sopii lasten k\u00e4ytt\u00f6\u00f6n. Harjakset ovat pehme\u00e4t ja hienot, mik\u00e4 hoitaa tehokkaasti lasten herkki\u00e4 ikeni\u00e4 ja ehk\u00e4isee vaurioita.<\/p>\n\n\n\n<p>2. <strong>Ymp\u00e4rist\u00f6yst\u00e4v\u00e4llinen runko: <\/strong>Lasten s\u00e4hk\u00f6hammasharjan runko on valmistettu elintarvikelaatuisista, ymp\u00e4rist\u00f6yst\u00e4v\u00e4llisist\u00e4 materiaaleista, ja se on pieni ja kevyt, sopiva lasten k\u00e4teen. Kahva on ergonominen, mukava ja luistamaton pit\u00e4\u00e4.<\/p>\n\n\n\n<p>3. <strong>S\u00f6p\u00f6 muoto:<\/strong> Lasten s\u00e4hk\u00f6hammasharja on v\u00e4rik\u00e4s ja monipuolinen, usein sarjakuvakuvioilla, mik\u00e4 voi lis\u00e4t\u00e4 lasten kiinnostusta hampaiden harjaamiseen ja kehitt\u00e4\u00e4 hyvi\u00e4 suuhygieniatapoja.<\/p>\n\n\n\n<p>4. <strong>Vedenpit\u00e4v\u00e4 muotoilu:<\/strong> Runko on valmistettu IPX7-luokan materiaalista, joten se on turvallinen k\u00e4ytt\u00e4\u00e4 kosteissa olosuhteissa.<\/p>\n\n\n\n<p>5. <strong>Helppo ladata: <\/strong>Lasten s\u00e4hk\u00f6hammasharja voidaan ladata monella tapaa, kuten USB-latauksella, akun latauksella tai langattomalla latauksella, mik\u00e4 on k\u00e4tev\u00e4\u00e4 k\u00e4ytt\u00e4\u00e4.<\/p>\n\n\n\n<h2 class=\"wp-block-heading\">Lasten s\u00e4hk\u00f6hammasharjan edut<\/h2>\n\n\n\n<p>1.<strong> Vahva puhdistusteho: <\/strong>Lasten s\u00e4hk\u00f6hammasharjamme on varustettu \u00e4lykk\u00e4\u00e4ll\u00e4 \u00e4\u00e4niv\u00e4r\u00e4htelytekniikalla ja py\u00f6riv\u00e4ll\u00e4 puhdistustekniikalla, jotka puhdistavat syv\u00e4lt\u00e4 hammasv\u00e4lit, poistavat helposti plakin ja j\u00e4\u00e4m\u00e4t ja puhdistavat tehokkaasti.<\/p>\n\n\n\n<p>2. <strong>Pitk\u00e4 akunkesto:<\/strong> Lasten s\u00e4hk\u00f6hammasharja voidaan ladata USB-pikalatauksella tai langattomalla induktiolatauksella. Lataus kest\u00e4\u00e4 vain 2 tuntia ja voi kest\u00e4\u00e4 yli 25 p\u00e4iv\u00e4\u00e4. Sinun ei en\u00e4\u00e4 tarvitse huolehtia hammasharjan virran loppumisesta, kun olet poissa.<\/p>\n\n\n\n<p>3. <strong>Suojaa hampaita ja ikeni\u00e4: <\/strong>Lasten s\u00e4hk\u00f6hammasharjan t\u00e4rin\u00e4n voimakkuuden ovat ammattilaisten asettamat. T\u00e4rin\u00e4n voimakkuus on kohtalainen, hell\u00e4varainen ja tehokas, eik\u00e4 se vahingoita herkki\u00e4 ikeni\u00e4. Se sopii eritt\u00e4in hyvin lasten varhaiseen hampaidenhoitoon. Samalla asetamme useita vaihdetiloja, kuten puhdistustilan, herkk\u00e4tilan jne., vastaamaan eri-ik\u00e4isten lasten tarpeisiin.<\/p>\n\n\n\n<p>4. <strong>Harjasp\u00e4\u00e4 on vaihdettavissa: <\/strong>Lasten s\u00e4hk\u00f6hammasharjan harjasp\u00e4\u00e4 voidaan vaihtaa. Kun harjasten puhdistusteho heikkenee, voit vaihtaa uuden harjasp\u00e4\u00e4n, joka on eritt\u00e4in ymp\u00e4rist\u00f6yst\u00e4v\u00e4llinen ja taloudellinen sek\u00e4 k\u00e4tev\u00e4 pitk\u00e4aikaiseen k\u00e4ytt\u00f6\u00f6n.<\/p>\n\n\n\n<p>5. <strong>Mielenkiintoinen muotoilu:<\/strong> Lasten s\u00e4hk\u00f6hammasharjan runko on usein suunniteltu sarjakuvaelementeill\u00e4, mik\u00e4 voi lis\u00e4t\u00e4 lasten aloitteellisuutta ja kiinnostusta hampaiden harjaamiseen, v\u00e4hent\u00e4\u00e4 vastusta ja helpottaa hyvien tapojen kehitt\u00e4mist\u00e4.<\/p>\n\n\n\n<p>6. <strong>Pieni ja kevyt: <\/strong>Lasten s\u00e4hk\u00f6hammasharja on pieni ja kevyt, ja sit\u00e4 voi pit\u00e4\u00e4 yhdell\u00e4 k\u00e4dell\u00e4. Lasten k\u00e4den lihakset eiv\u00e4t ole viel\u00e4 t\u00e4ysin kehittyneet, joten kevyt hammasharja sopii yli 3-vuotiaille lapsille itsen\u00e4iseen k\u00e4ytt\u00f6\u00f6n.<\/p>\n\n\n\n<h2 class=\"wp-block-heading\">Lasten s\u00e4hk\u00f6hammasharjan kohderyhm\u00e4<\/h2>\n\n\n\n<ul class=\"wp-block-list\">\n<li>3-vuotiaat ja sit\u00e4 vanhemmat lapset, erityisesti maitohampaiden ja tekohampaiden puhkeamisvaiheessa olevat, joiden suunhoitoa on tehostettava.<\/li>\n<\/ul>\n\n\n\n<ul class=\"wp-block-list\">\n<li>Lapset, jotka vastustavat perinteisi\u00e4 hammasharjoja eiv\u00e4tk\u00e4 ole kovin motivoituneita harjaamaan hampaitaan.<\/li>\n<\/ul>\n\n\n\n<ul class=\"wp-block-list\">\n<li>Lapset, jotka k\u00e4ytt\u00e4v\u00e4t oikomishoidon aikana hammasrautoja.<\/li>\n<\/ul>\n\n\n\n<ul class=\"wp-block-list\">\n<li>Perheet, jotka kiinnitt\u00e4v\u00e4t huomiota lasten suunterveyteen.<\/li>\n<\/ul>\n\n\n\n<h2 class=\"wp-block-heading\">Lasten s\u00e4hk\u00f6hammasharjan k\u00e4ytt\u00f6sovellukset<\/h2>\n\n\n\n<ul class=\"wp-block-list\">\n<li>Lasten p\u00e4ivitt\u00e4inen suunhoito kotona.<\/li>\n<\/ul>\n\n\n\n<ul class=\"wp-block-list\">\n<li>Kannettavat lasten hammasharjalaitteet perhematkoille.<\/li>\n<\/ul>\n\n\n\n<ul class=\"wp-block-list\">\n<li>Suun hygienian koulutustarvikkeet p\u00e4iv\u00e4kodeille, alakouluille ja muille oppilaitoksille.<\/li>\n<\/ul>\n\n\n\n<h2 class=\"wp-block-heading\">Lasten s\u00e4hk\u00f6hammasharjan valmistustekniikka<\/h2>\n\n\n\n<p>Lasten s\u00e4hk\u00f6hammasharjamme on valmistettu elintarviketurvallisista materiaaleista, kuten PP-muovista ja TPE-pehme\u00e4st\u00e4 kumista. Se k\u00e4ytt\u00e4\u00e4 t\u00e4ysin automaattista ruiskuvalua ja \u00e4lyk\u00e4st\u00e4 kokoonpanotekniikkaa vakaan v\u00e4r\u00e4htelytaajuuden ja alhaisen melun varmistamiseksi. Se on tiukasti vedenpit\u00e4v\u00e4 ja siin\u00e4 k\u00e4ytet\u00e4\u00e4n ultra\u00e4\u00e4nihitsausta tai tiivistysrengasrakennetta yleisen vedenpit\u00e4vyyden varmistamiseksi. Ennen tehtaalta l\u00e4ht\u00f6\u00e4 suoritamme sille useita laatutarkastuksia, kuten pudotuskest\u00e4vyystestin ja vedenpit\u00e4vyystestin, varmistaaksemme, ett\u00e4 se t\u00e4ytt\u00e4\u00e4 kansainv\u00e4liset turvallisuussertifiointistandardit. Lasten s\u00e4hk\u00f6hammasharja tukee OEM\/ODM-r\u00e4\u00e4t\u00e4l\u00f6inti\u00e4, ja harjan kuvio, logo, pakkaus jne. voidaan personoida. <\/p>\n\n\n\n<h2 class=\"wp-block-heading\">Kuinka k\u00e4ytt\u00e4\u00e4 lasten s\u00e4hk\u00f6hammasharjaa<\/h2>\n\n\n\n<p>1. Lataa paristot t\u00e4yteen tai asenna uudet paristot ennen ensimm\u00e4ist\u00e4 k\u00e4ytt\u00f6kertaa.<\/p>\n\n\n\n<p>2. Poista harjasp\u00e4\u00e4n suojus ja purista harjaksiin sopiva m\u00e4\u00e4r\u00e4 lasten hammastahnaa.<\/p>\n\n\n\n<p>3. Aseta harjasp\u00e4\u00e4 suuhun, kosketa hampaiden pintaa ja kytke sitten virta p\u00e4\u00e4lle.<\/p>\n\n\n\n<p>4. Liikuta hammasharjaa varovasti, harjaa yl\u00e4hampaat, alahampaat ja purentapinta j\u00e4rjestyksess\u00e4 noin 2 minuuttia kerrallaan ja harjaa tuntemuksia eri kohdista.<\/p>\n\n\n\n<p>5. Katkaise virta k\u00e4yt\u00f6n j\u00e4lkeen, huuhtele harjasp\u00e4\u00e4 puhtaalla vedell\u00e4, kuivaa sitten runko ja aseta se tuuletettuun ja kuivaan paikkaan.<\/p>\n\n\n\n<p>6. Suositus: Vaihda harjasp\u00e4\u00e4 kolmen kuukauden v\u00e4lein hygienian ja puhdistustehon varmistamiseksi. <\/p>\n\n\n\n<h2 class=\"wp-block-heading\">Johtop\u00e4\u00e4t\u00f6s<\/h2>\n\n\n\n<p>3TOPin lasten s\u00e4hk\u00f6hammasharja on turvallinen, \u00e4lyk\u00e4s ja hauska. Se ei ainoastaan suojaa lasten suun terveytt\u00e4, vaan auttaa heit\u00e4 my\u00f6s kehitt\u00e4m\u00e4\u00e4n hyvi\u00e4 harjaustottumuksia. Tuemme my\u00f6s erilaisia r\u00e4\u00e4t\u00e4l\u00f6ityj\u00e4 ratkaisuja vastataksemme asiakkaiden monipuolisiin tarpeisiin. Jos sinulla on tarpeita, ota rohkeasti yhteytt\u00e4!<\/p>","protected":false},"excerpt":{"rendered":"Kids electric toothbrush features 1. Bristles and brush heads: Our kids electric toothbrush is specially designed for children, with a small brush head, suitable for children to use. The bristles are soft and fine, which can effectively care for children&#8217;s delicate gums and prevent damage. 2. Environmentally friendly body: The body of the kids electric [&hellip;]","protected":false},"featured_media":3277,"menu_order":0,"template":"","meta":[],"product-tag":[],"products":[167],"class_list":["post-3276","product","type-product","status-publish","has-post-thumbnail","hentry","products-toothbrush"],"acf":[],"_links":{"self":[{"href":"https:\/\/www.ruiqigo.com\/fi\/wp-json\/wp\/v2\/product\/3276","targetHints":{"allow":["GET"]}}],"collection":[{"href":"https:\/\/www.ruiqigo.com\/fi\/wp-json\/wp\/v2\/product"}],"about":[{"href":"https:\/\/www.ruiqigo.com\/fi\/wp-json\/wp\/v2\/types\/product"}],"version-history":[{"count":0,"href":"https:\/\/www.ruiqigo.com\/fi\/wp-json\/wp\/v2\/product\/3276\/revisions"}],"wp:featuredmedia":[{"embeddable":true,"href":"https:\/\/www.ruiqigo.com\/fi\/wp-json\/wp\/v2\/media\/3277"}],"wp:attachment":[{"href":"https:\/\/www.ruiqigo.com\/fi\/wp-json\/wp\/v2\/media?parent=3276"}],"wp:term":[{"taxonomy":"product-tag","embeddable":true,"href":"https:\/\/www.ruiqigo.com\/fi\/wp-json\/wp\/v2\/product-tag?post=3276"},{"taxonomy":"products","embeddable":true,"href":"https:\/\/www.ruiqigo.com\/fi\/wp-json\/wp\/v2\/products?post=3276"}],"curies":[{"name":"wp","href":"https:\/\/api.w.org\/{rel}","templated":true}]}}