{"id":331,"date":"2024-07-05T20:22:01","date_gmt":"2024-07-05T12:22:01","guid":{"rendered":"https:\/\/ruiqigo.com\/?post_type=product&#038;p=331"},"modified":"2024-09-26T17:44:36","modified_gmt":"2024-09-26T09:44:36","slug":"retinol-body-lotion","status":"publish","type":"product","link":"https:\/\/www.ruiqigo.com\/fi\/product\/retinol-body-lotion","title":{"rendered":"Retinol vartalovoide"},"content":{"rendered":"<h3 class=\"wp-block-heading\">Retinoli-vartalovoiteen valmistus Yleiset kaavat<\/h3>\n\n\n\n<p>Retinolivartalovoiteemme ydinainesosa on retinoli, rasvaliukoinen vitamiini, jolla on erinomaiset antioksidanttiset ja korjaavat ominaisuudet. Se voi tehokkaasti parantaa kuivaa ja karheaa ihoa. Samalla se edist\u00e4\u00e4 kollageenin synteesi\u00e4, mik\u00e4 parantaa ihon rakennetta ja j\u00e4tt\u00e4\u00e4 ihosta herkemm\u00e4n ja joustavamman. Lis\u00e4ksi tuote sis\u00e4lt\u00e4\u00e4 E-vitamiinia, glyseriini\u00e4 ja muita luonnollisia ravitsevia ainesosia, jotka voivat ravita ihoa syv\u00e4lt\u00e4 ja palauttaa sen kosteuden pehmeyden ja sileyden tunteen.<\/p>\n\n\n\n<h3 class=\"wp-block-heading\">Retinoli-vartalovoide Sovellettavat skenaariot<\/h3>\n\n\n\n<p>Retinolivartalovoiteemme sopivat kaikkiin ilmasto-olosuhteisiin. Kylmin\u00e4 ja kuivina talvikuukausina ne keskittyv\u00e4t ihon kosteuden ja ravinteiden t\u00e4ydent\u00e4miseen, lievitt\u00e4m\u00e4ll\u00e4 kuivan ymp\u00e4rist\u00f6n aiheuttamaa karheutta ja sameutta; kuumina ja hikisin\u00e4 kes\u00e4kuukausina ne imeytyv\u00e4t nopeasti aiheuttamatta tahmaista tunnetta pit\u00e4en ihon kosteutettuna ja kosteutettuna. Tai meill\u00e4 on lis\u00e4\u00e4 <a href=\"https:\/\/www.ruiqigo.com\/fi\/products\/body-lotion\/\">vartalovoide<\/a> vaihtoehtoja, joista voit valita.<\/p>\n\n\n\n<h3 class=\"wp-block-heading\">Kenelle retinolia sis\u00e4lt\u00e4v\u00e4 vartalovoide sopii<\/h3>\n\n\n\n<p>Retinolivartalovoiteemme sopivat kaikille. Nuorilla se parantaa talirauhasten tuotannon aiheuttamaa kuivuutta. Keski-ik\u00e4isill\u00e4 ja vanhuksilla se voi korjata ajan kuluessa syntyneen ihon karheutta ja kuivuutta. Se sopii my\u00f6s kuivaihoisille, sill\u00e4 se tarjoaa pitk\u00e4kestoisen kosteuttavan ja nuorentavan kokemuksen. Jos sinulla on muita tarpeita, ota rohkeasti yhteytt\u00e4 saadaksesi lis\u00e4tietoja 3TOPista. <a href=\"https:\/\/www.ruiqigo.com\/fi\/products\/body-care\/\">vartalonhoito<\/a> tuotteita.<\/p>\n\n\n\n<h3 class=\"wp-block-heading\">Retinoli-vartalovoiteen tuotantoprosessi<\/h3>\n\n\n\n<p>Retinolivartalovoiteiden erityispiirre on aktiivisten ainesosien valinta ja herkk\u00e4 prosessi. Korkealaatuista retinolia, A-vitamiinin johdannaista, joka tunnetaan ik\u00e4\u00e4ntymist\u00e4 ehk\u00e4isevist\u00e4 ominaisuuksistaan, k\u00e4ytet\u00e4\u00e4n v\u00e4hent\u00e4m\u00e4\u00e4n hienoja juonteita ja parantamaan ihon kimmoisuutta. Tuotantoprosessissa kiinnitet\u00e4\u00e4n erityist\u00e4 huomiota retinolin stabiilisuuden ja aktiivisuuden yll\u00e4pit\u00e4miseen hell\u00e4varaisilla koostumuksilla ja matalan l\u00e4mp\u00f6tilan uuttotekniikoilla ainesosien hajoamisen v\u00e4ltt\u00e4miseksi. Lis\u00e4ksi tuote k\u00e4y l\u00e4pi tiukan laadunvalvonnan sen varmistamiseksi, ett\u00e4 jokainen k\u00e4ytt\u00f6kerta ravitsee ja korjaa ihoa hell\u00e4varaisesti mutta tehokkaasti. Jos haluat lis\u00e4tietoja, tutustu aiheeseen liittyviin... <a href=\"https:\/\/www.ruiqigo.com\/fi\/body-lotion-manufacturer-elevating-skincare-standards.html\/\">vartalovoide<\/a> valmistustiedot.<\/p>","protected":false},"excerpt":{"rendered":"Retinol body lotion manufacturing Common Formulas The core ingredient of our retinol body lotion is retinol, a fat-soluble vitamin with excellent antioxidant and restorative properties, which can effectively improve dry and rough skin. At the same time, it also promotes collagen synthesis, thus improving skin texture and leaving you with a more delicate and supple [&hellip;]","protected":false},"featured_media":332,"menu_order":0,"template":"","meta":[],"product-tag":[],"products":[56],"class_list":["post-331","product","type-product","status-publish","has-post-thumbnail","hentry","products-body-lotion"],"acf":[],"_links":{"self":[{"href":"https:\/\/www.ruiqigo.com\/fi\/wp-json\/wp\/v2\/product\/331","targetHints":{"allow":["GET"]}}],"collection":[{"href":"https:\/\/www.ruiqigo.com\/fi\/wp-json\/wp\/v2\/product"}],"about":[{"href":"https:\/\/www.ruiqigo.com\/fi\/wp-json\/wp\/v2\/types\/product"}],"version-history":[{"count":0,"href":"https:\/\/www.ruiqigo.com\/fi\/wp-json\/wp\/v2\/product\/331\/revisions"}],"wp:featuredmedia":[{"embeddable":true,"href":"https:\/\/www.ruiqigo.com\/fi\/wp-json\/wp\/v2\/media\/332"}],"wp:attachment":[{"href":"https:\/\/www.ruiqigo.com\/fi\/wp-json\/wp\/v2\/media?parent=331"}],"wp:term":[{"taxonomy":"product-tag","embeddable":true,"href":"https:\/\/www.ruiqigo.com\/fi\/wp-json\/wp\/v2\/product-tag?post=331"},{"taxonomy":"products","embeddable":true,"href":"https:\/\/www.ruiqigo.com\/fi\/wp-json\/wp\/v2\/products?post=331"}],"curies":[{"name":"wp","href":"https:\/\/api.w.org\/{rel}","templated":true}]}}