{"id":3317,"date":"2025-05-08T10:27:55","date_gmt":"2025-05-08T02:27:55","guid":{"rendered":"https:\/\/www.ruiqigo.com\/?post_type=product&#038;p=3317"},"modified":"2025-05-08T10:27:56","modified_gmt":"2025-05-08T02:27:56","slug":"kids-toothbrush","status":"publish","type":"product","link":"https:\/\/www.ruiqigo.com\/fi\/product\/kids-toothbrush","title":{"rendered":"Lasten hammasharja"},"content":{"rendered":"<h2 class=\"wp-block-heading\">Lasten hammasharjan ominaisuudet<\/h2>\n\n\n\n<p>Lasten hammasharjojen suunnittelussa on t\u00e4ysin otettu huomioon lasten suun rakenne ja k\u00e4ytt\u00f6tottumukset. Niiss\u00e4 on yleens\u00e4 pieni harjasp\u00e4\u00e4, pehme\u00e4t harjakset, liukumaton kahva ja sarjakuvamainen ulkon\u00e4k\u00f6, mik\u00e4 on sek\u00e4 k\u00e4yt\u00e4nn\u00f6llist\u00e4 ett\u00e4 mielenkiintoista.<\/p>\n\n\n\n<p>1. <strong>Pieni harjasp\u00e4\u00e4: <\/strong>Lasten hammasharjan harjasp\u00e4\u00e4 on suunniteltu erityisesti lasten suun rakenteelle. Harjasp\u00e4\u00e4 on kooltaan pienempi, mik\u00e4 helpottaa jokaisen maitohampaan syv\u00e4puhdistusta.<\/p>\n\n\n\n<p>2. <strong>Pehme\u00e4t harjakset: <\/strong>Lasten hammasharjamme on varustettu eritt\u00e4in pehmeill\u00e4 harjaksilla, jotka suojaavat tehokkaasti lasten herkki\u00e4 ikeni\u00e4 ja est\u00e4v\u00e4t verenvuotoa ja kulumista.<\/p>\n\n\n\n<p>3. <strong>Liukumaton kahva: <\/strong>Kahva on suunniteltu ergonomisesti, sopii tiiviisti lasten k\u00e4siin, on mukava pit\u00e4\u00e4 eik\u00e4 luista helposti.<\/p>\n\n\n\n<p>4. <strong>Sarjakuvan ulkon\u00e4k\u00f6: <\/strong>Lasten hammasharjojen ulkon\u00e4\u00f6ss\u00e4 on sarjakuvamainen kuvio, enimm\u00e4kseen el\u00e4in- ja sarjakuvakuvioita, mik\u00e4 lis\u00e4\u00e4 hauskuutta, parantaa lasten innostusta hampaiden harjaamiseen, houkuttelee lapsia ottamaan aloitteen hampaiden harjaamiseen ja kehitt\u00e4\u00e4 hyvi\u00e4 tapoja.<\/p>\n\n\n\n<p>5. <strong>V\u00e4rik\u00e4s v\u00e4rien yhteensovitus: <\/strong>Lasten hammasharjoissa on yleens\u00e4 t\u00e4ytel\u00e4iset ja kirkkaat v\u00e4rit, jotka her\u00e4tt\u00e4v\u00e4t lasten huomion, stimuloivat aloitteellisuutta hampaiden harjaamiseen ja auttavat luomaan hyvi\u00e4 hygieniatottumuksia.<\/p>\n\n\n\n<h2 class=\"wp-block-heading\">Lasten hammasharjan edut<\/h2>\n\n\n\n<p>Perinteisiin hammasharjoihin verrattuna lasten hammasharjan k\u00e4yt\u00f6ll\u00e4 on merkitt\u00e4vi\u00e4 etuja lasten suunhoidossa. Se on paitsi turvallisempi materiaaliltaan ja pehme\u00e4mmill\u00e4 harjaksillaan, my\u00f6s erityisesti lapsille suunniteltu koko ja muoto auttavat lapsia kehitt\u00e4m\u00e4\u00e4n hyvi\u00e4 suuhygieniatottumuksia.<\/p>\n\n\n\n<p>1. <strong>Materiaaliturvallisuus: <\/strong>Lasten hammasharjassa k\u00e4ytet\u00e4\u00e4n elintarvikelaatuista PP-, TPE- tai silikonimateriaalia, joka on ymp\u00e4rist\u00f6yst\u00e4v\u00e4llist\u00e4, turvallista, myrkyt\u00f6nt\u00e4 ja hajutonta ja t\u00e4ytt\u00e4\u00e4 lastentuotteiden turvallisuusstandardit.<\/p>\n\n\n\n<p>2. <strong>Suojaa maitohampaita: <\/strong>Lapsille suunniteltu lasten hammasharja, vaikka siin\u00e4 on pehme\u00e4t harjakset, voi tehokkaasti poistaa hammasplakkia, ehk\u00e4ist\u00e4 hampaiden reikiintymist\u00e4 ja ienongelmia lapsilla sek\u00e4 auttaa lapsia kehitt\u00e4m\u00e4\u00e4n tervett\u00e4 suun terveytt\u00e4.<\/p>\n\n\n\n<p>3. <strong>Opettavainen ja viihdytt\u00e4v\u00e4: <\/strong>Hauska sarjakuvakuvio ja v\u00e4rik\u00e4s v\u00e4rien yhteensopivuus voivat lis\u00e4t\u00e4 lasten innostusta p\u00e4ivitt\u00e4iseen hampaiden harjaamiseen ja kehitt\u00e4\u00e4 hyvi\u00e4 suuhygienian hoitotottumuksia.<\/p>\n\n\n\n<p>4.<strong> Laaja ik\u00e4haarukka:<\/strong> Lasten hammasharjamme sopii 1\u201312-vuotiaille lapsille ja aikuisille eritt\u00e4in laajaan ik\u00e4ryhm\u00e4\u00e4n.<\/p>\n\n\n\n<h2 class=\"wp-block-heading\">Lasten hammasharjan kohderyhm\u00e4<\/h2>\n\n\n\n<p>Lasten hammasharja sopii p\u00e4\u00e4asiassa 1\u201312-vuotiaille vauvoille ja taaperoille. 1\u20133-vuotiaille vauvoille, joilla on juuri puhjenneet hampaat, voit k\u00e4ytt\u00e4\u00e4 lasten hammasharjaa ikenien hell\u00e4varaiseen hierontaan, jotta he tottuvat harjaukseen. 3\u20136-vuotiaille esikoululaisille maitohampaiden kasvuvaiheessa voit k\u00e4ytt\u00e4\u00e4 pehmeit\u00e4 harjaksia ja pieni\u00e4 harjasp\u00e4it\u00e4 hell\u00e4varaiseen ja helppoon suun puhdistukseen. Yli 6-vuotiaille lapsille hampaiden uusiutumisvaiheessa lasten hammasharja voi tehokkaasti yll\u00e4pit\u00e4\u00e4 suuhygieniaa ja terveytt\u00e4.<\/p>\n\n\n\n<p>Lis\u00e4ksi p\u00e4iv\u00e4kodeissa, lasten l\u00e4\u00e4ketieteellisiss\u00e4 laitoksissa ja muissa tilanteissa lasten hammasharja on my\u00f6s v\u00e4ltt\u00e4m\u00e4t\u00f6n osa suun terveydenhuoltoa ja -kasvatusta.<\/p>\n\n\n\n<h2 class=\"wp-block-heading\">Lasten hammasharjojen valmistusprosessi<\/h2>\n\n\n\n<p>Lasten hammasharja valvoo tiukasti jokaisen lenkin laatua valmistusprosessissa, ruiskuvalusta harjasten istutukseen, lopulliseen kiillotukseen ja ulkon\u00e4k\u00f6painatukseen, k\u00e4ytt\u00e4en eritt\u00e4in tarkkoja prosessilaitteita ja ymp\u00e4rist\u00f6yst\u00e4v\u00e4llisi\u00e4 raaka-aineita tuotteen turvallisuuden ja kest\u00e4vyyden varmistamiseksi.&nbsp;<\/p>\n\n\n\n<p>Jokainen lasten hammasharja k\u00e4y l\u00e4pi tiukat tarkastukset ennen tehtaalta l\u00e4ht\u00f6\u00e4, mukaan lukien harjasten kest\u00e4vyystestit, vierasesineiden havaitsemis- ja materiaaliturvallisuustestit jne., jotta varmistetaan, ett\u00e4 tuote t\u00e4ytt\u00e4\u00e4 lastentuotteiden kansainv\u00e4liset turvallisuusstandardit.<\/p>\n\n\n\n<h2 class=\"wp-block-heading\">Lasten hammasharjojen k\u00e4ytt\u00f6sovellukset<\/h2>\n\n\n\n<p>Lasten hammasharjalla on laaja k\u00e4ytt\u00f6alue. Sit\u00e4 voidaan k\u00e4ytt\u00e4\u00e4 lasten p\u00e4ivitt\u00e4isen\u00e4 suunhoitotuotteena kotona, ja se sopii my\u00f6s suun terveydenhuollon koulutukseen lapsille suunnatuissa ymp\u00e4rist\u00f6iss\u00e4, kuten p\u00e4iv\u00e4kodeissa.<\/p>\n\n\n\n<p>K\u00e4yt\u00e4 lasten hammastahnaa p\u00e4ivitt\u00e4isess\u00e4 kotona harjatessasi hampaasi huolellisesti joka aamu ja ilta yll\u00e4pit\u00e4\u00e4ksesi suun terveytt\u00e4. Lis\u00e4ksi lasten hammasharja on kevyt ja helppo s\u00e4ilytt\u00e4\u00e4, ja se sopii my\u00f6s lasten kannettavaksi mukana matkoilla. Esimerkiksi p\u00e4iv\u00e4kodeissa sit\u00e4 voidaan k\u00e4ytt\u00e4\u00e4 havainnollistavana v\u00e4lineen\u00e4 suun terveydenhuollon koulutuksessa, jotta lapset oppivat paremmin harjaamaan hampaitaan.<\/p>\n\n\n\n<h2 class=\"wp-block-heading\">Kuinka k\u00e4ytt\u00e4\u00e4 lasten hammasharjaa<\/h2>\n\n\n\n<p>Ennen hampaiden harjaamista valitse lapsesi ik\u00e4tasolle sopiva hammasharja. Liota lasten hammasharjaa vedess\u00e4, purista siit\u00e4 herneen kokoinen m\u00e4\u00e4r\u00e4 lasten hammastahnaa ja levit\u00e4 sit\u00e4 hammasharjalle. Aloita hampaiden ulkopuolelta ja harjaa hampaiden ulko-, sis\u00e4- ja oklusaalipuolet j\u00e4rjestyksess\u00e4. Harjauksen j\u00e4lkeen huuhtele hammasharja puhtaalla vedell\u00e4 ja aseta se tuuletettuun paikkaan.<\/p>\n\n\n\n<p>On suositeltavaa harjata hampaat kerran aamulla ja illalla joka p\u00e4iv\u00e4 lasten hammastahnalla v\u00e4hint\u00e4\u00e4n kaksi minuuttia kerrallaan hampaiden t\u00e4ydellisen puhdistamisen varmistamiseksi. Huuhtele lasten hammasharja ajoissa hampaidenpesun j\u00e4lkeen ja vaihda hammasharja 2\u20133 kuukauden v\u00e4lein.<\/p>","protected":false},"excerpt":{"rendered":"Kids toothbrush features The design of kids toothbrushes fully considers the oral structure and usage habits of children. It usually has a small brush head, soft bristles, a non-slip handle and a cartoon appearance, which is both practical and interesting. 1. Small brush head: The brush head of kids toothbrush is specially designed for children&#8217;s [&hellip;]","protected":false},"featured_media":3318,"menu_order":0,"template":"","meta":[],"product-tag":[],"products":[167],"class_list":["post-3317","product","type-product","status-publish","has-post-thumbnail","hentry","products-toothbrush"],"acf":[],"_links":{"self":[{"href":"https:\/\/www.ruiqigo.com\/fi\/wp-json\/wp\/v2\/product\/3317","targetHints":{"allow":["GET"]}}],"collection":[{"href":"https:\/\/www.ruiqigo.com\/fi\/wp-json\/wp\/v2\/product"}],"about":[{"href":"https:\/\/www.ruiqigo.com\/fi\/wp-json\/wp\/v2\/types\/product"}],"version-history":[{"count":0,"href":"https:\/\/www.ruiqigo.com\/fi\/wp-json\/wp\/v2\/product\/3317\/revisions"}],"wp:featuredmedia":[{"embeddable":true,"href":"https:\/\/www.ruiqigo.com\/fi\/wp-json\/wp\/v2\/media\/3318"}],"wp:attachment":[{"href":"https:\/\/www.ruiqigo.com\/fi\/wp-json\/wp\/v2\/media?parent=3317"}],"wp:term":[{"taxonomy":"product-tag","embeddable":true,"href":"https:\/\/www.ruiqigo.com\/fi\/wp-json\/wp\/v2\/product-tag?post=3317"},{"taxonomy":"products","embeddable":true,"href":"https:\/\/www.ruiqigo.com\/fi\/wp-json\/wp\/v2\/products?post=3317"}],"curies":[{"name":"wp","href":"https:\/\/api.w.org\/{rel}","templated":true}]}}