{"id":3350,"date":"2025-05-08T17:01:12","date_gmt":"2025-05-08T09:01:12","guid":{"rendered":"https:\/\/www.ruiqigo.com\/?post_type=product&#038;p=3350"},"modified":"2025-05-08T17:01:13","modified_gmt":"2025-05-08T09:01:13","slug":"portable-oral-irrigator","status":"publish","type":"product","link":"https:\/\/www.ruiqigo.com\/fi\/product\/portable-oral-irrigator","title":{"rendered":"Kannettava suun kastelulaite"},"content":{"rendered":"<h2 class=\"wp-block-heading\">Kannettavan suuhuuhtelun ominaisuudet<\/h2>\n\n\n\n<p>Kannettava suun kastelulaite hy\u00f6dynt\u00e4\u00e4 korkeataajuista pulssivesivirtaustekniikkaa yhdistettyn\u00e4 ergonomiseen muotoiluun ja monitoimisiin suuttimiin luoden henkil\u00f6kohtaisen suunhoitoty\u00f6kalun, joka yhdist\u00e4\u00e4 tehokkaan huuhtelun ja puhdistuksen mukavaan k\u00e4ytt\u00f6kokemukseen.<\/p>\n\n\n\n<p>1. <strong>Korkeataajuinen pulssivesivirtaustekniikka: <\/strong>Kannettava suun kastelulaite k\u00e4ytt\u00e4\u00e4 pulssitettuja korkeapainevesipylv\u00e4it\u00e4 puhdistaakseen syv\u00e4lt\u00e4 hampaiden v\u00e4lit ja ienraot poistaen niihin j\u00e4\u00e4neet ruokaj\u00e4\u00e4m\u00e4t ja hammasplakin.<\/p>\n\n\n\n<p>2. <strong>Moninopeuspuhdistustila:<\/strong> Kannettavassa suuhuuhtelulaitteessa on useita eri puhdistus- ja huuhtelutiloja vakiotilasta hell\u00e4varaiseen ja pulssitilaan, jotta k\u00e4ytt\u00e4j\u00e4t voivat valita erilaisista puhdistustarpeista.<\/p>\n\n\n\n<p>3. <strong>Kompakti ja kannettava: <\/strong>Kannettava suuhuuhtelulaitteemme on kompakti ja kevyt, ja se voidaan taittaa kokoon tai irrottaa vesis\u00e4ili\u00f6st\u00e4, mik\u00e4 tekee siit\u00e4 eritt\u00e4in kannettavan ja helposti mahtuvan taskuun tai reppuun matkoille.<\/p>\n\n\n\n<p>4. <strong>Suurikapasiteettisen vesis\u00e4ili\u00f6n suunnittelu: <\/strong>Vaikka se on eritt\u00e4in kannettava, vesis\u00e4ili\u00f6n tilavuus ei ole pieni, noin 120\u2013200 ml, mik\u00e4 riitt\u00e4\u00e4 t\u00e4ydelliseen suun puhdistukseen.<\/p>\n\n\n\n<p>5. <strong>Vaihdettava suutin: <\/strong>Kannettavassa suuhuuhtelulaitteessa on useita suuttimia, kuten oikomishoidon suuttimia, ikenien hoitosuuttimia jne., jotta se sopii eri k\u00e4ytt\u00e4jien erilaisiin hoitotarpeisiin.<\/p>\n\n\n\n<h2 class=\"wp-block-heading\">Kannettavan suuhuuhtelun edut<\/h2>\n\n\n\n<p>Perinteiseen hammaslankaan verrattuna kannettavalla suuhuuhtelulaitteella on syvempi ja hell\u00e4varaisempi puhdistusvaikutus, mik\u00e4 sopii erityisesti ihmisille, joilla on suuret hammasraot ja jotka k\u00e4ytt\u00e4v\u00e4t hammasrautoja. Se voi merkitt\u00e4v\u00e4sti v\u00e4hent\u00e4\u00e4 ienverenvuotoa, plakin kertymist\u00e4 ja ehk\u00e4ist\u00e4 parodontiitia.<\/p>\n\n\n\n<p>1. <strong>V\u00e4henn\u00e4 suunpuhdistuksen sokeapisteit\u00e4: <\/strong>Kannettavan suuhuuhtelun k\u00e4ytt\u00f6 voi tunkeutua vaikeasti puhdistettaviin alueisiin, kuten hammasv\u00e4leihin ja ienrakoihin, v\u00e4hent\u00e4\u00e4 puhdistuskatkoksia ja varmistaa suuhygienian.<\/p>\n\n\n\n<p>2. <strong>Suojaa ikenien terveytt\u00e4: <\/strong>Kannettavan suuhuuhtelun veden virtaus voi hieroa ikeni\u00e4, edist\u00e4\u00e4 verenkiertoa, v\u00e4hent\u00e4\u00e4 ikenien verenvuotoa ja suojata ikenien terveytt\u00e4.<\/p>\n\n\n\n<p>3. <strong>Yksinkertainen k\u00e4ytt\u00f6 ja tehokas puhdistus: <\/strong>Kannettava suuvesi on eritt\u00e4in helppok\u00e4ytt\u00f6inen, ja se voidaan k\u00e4ynnist\u00e4\u00e4 ja k\u00e4ytt\u00e4\u00e4 helposti yhdell\u00e4 painikkeella. Samalla kattava suun puhdistus voidaan suorittaa nopeasti ja lyhyess\u00e4 ajassa.<\/p>\n\n\n\n<p>4. <strong>Energians\u00e4\u00e4st\u00f6 ja ymp\u00e4rist\u00f6nsuojelu: <\/strong>Se on ladattava ja akun k\u00e4ytt\u00f6ik\u00e4 on pitk\u00e4 yhden latauksen j\u00e4lkeen, ja se voi v\u00e4hent\u00e4\u00e4 akun saastumista ja noudattaa ymp\u00e4rist\u00f6nsuojelun k\u00e4sitett\u00e4.<\/p>\n\n\n\n<p>5. <strong>Helppo kuljettaa: <\/strong>Kannettava suuvesi on kooltaan pieni ja kevyt, joten se on hyv\u00e4 kumppani ty\u00f6matkoille ja matkustamiseen.<\/p>\n\n\n\n<h2 class=\"wp-block-heading\">Kannettavan suuhuuhtelun kohderyhm\u00e4<\/h2>\n\n\n\n<p>Kannettava suuhuuhtelulaite sopii kaikenlaisille ihmisille, jotka v\u00e4litt\u00e4v\u00e4t suun terveydest\u00e4, erityisesti niille, joilla on erityisi\u00e4 suunhoitotarpeita, kuten oikomishoidon k\u00e4ytt\u00e4jille, herkille ikenille ja vanhuksille.&nbsp;<\/p>\n\n\n\n<p>Lapset voivat my\u00f6s k\u00e4ytt\u00e4\u00e4 sit\u00e4 vanhempiensa ohjauksessa kehitt\u00e4\u00e4kseen hyvi\u00e4 suuhygieniatottumuksia jo varhaisesta i\u00e4st\u00e4 l\u00e4htien. K\u00e4ytt\u00e4j\u00e4t voivat valita erilaisia puhdistustiloja parhaan puhdistustuloksen saavuttamiseksi erilaisten puhdistustarpeiden mukaan.<\/p>\n\n\n\n<h2 class=\"wp-block-heading\">Kannettavan suuhuuhtelun tuotantoprosessi<\/h2>\n\n\n\n<p>Kannettava suuvesisuihkutin on valmistettu elintarvikelaatuisesta ABS-muovista ja vedenpit\u00e4v\u00e4st\u00e4 silikonitiivistemateriaalista, ruiskuvalulla ja muilla prosesseilla k\u00e4siteltyn\u00e4, ja sill\u00e4 on kompakti rakenne ja kest\u00e4vyys. Se t\u00e4ytt\u00e4\u00e4 kansainv\u00e4liset CE-, RoHS- ja muut standardit varmistaakseen tuotteen turvallisuuden, standardin ja vakauden.&nbsp;<\/p>\n\n\n\n<p>Ennen tehtaalta l\u00e4ht\u00f6\u00e4 se k\u00e4y l\u00e4pi useita tarkastuksia, mukaan lukien akun k\u00e4ytt\u00f6i\u00e4n, painekokeen, vesis\u00e4ili\u00f6n tiiviyden ja kattavan laadunvalvonnan tuotteen laadun varmistamiseksi.<\/p>\n\n\n\n<h2 class=\"wp-block-heading\">Kannettavat suuhuuhtelulaitteet<\/h2>\n\n\n\n<p>Kannettavan suuhuuhtelun kannettava muotoilu ja pitk\u00e4 akunkesto tekev\u00e4t siit\u00e4 sopivan paitsi p\u00e4ivitt\u00e4iseen kotik\u00e4ytt\u00f6\u00f6n hampaiden j\u00e4\u00e4mien puhdistukseen, my\u00f6s laajalti k\u00e4ytettyyn erilaisiin tilanteisiin, kuten ty\u00f6matkoille, lounastauoille jne. Sen pieni ja tyylik\u00e4s runko mahtuu helposti hygienialaukkuun, ja voit k\u00e4ytt\u00e4\u00e4 sit\u00e4 suuhygienian ja terveyden varmistamiseksi liikkeell\u00e4 ollessasi ja v\u00e4hent\u00e4en suuongelmien esiintymist\u00e4.<\/p>\n\n\n\n<h2 class=\"wp-block-heading\">Kuinka k\u00e4ytt\u00e4\u00e4 kannettavaa suuhuuhtelulaitetta<\/h2>\n\n\n\n<p>Kannettava suuhuuhtelulaite on helppok\u00e4ytt\u00f6inen ja k\u00e4ytt\u00f6valmis jopa ensimm\u00e4isell\u00e4 k\u00e4ytt\u00f6kerralla. Tuote tukee toimintoja, kuten \u00e4lyk\u00e4st\u00e4 sammutusta ja muistitoimintoja, jotka parantavat huomattavasti k\u00e4ytt\u00f6mukavuutta ja k\u00e4ytt\u00f6kokemusta.<\/p>\n\n\n\n<p>1. <strong>Asenna suutin: <\/strong>Aseta sopiva suutin kannettavan suuhuuhtelun suuttimeen ja kiinnit\u00e4 se tiukasti.<\/p>\n\n\n\n<p>2. <strong>Lis\u00e4\u00e4 vett\u00e4 vesis\u00e4ili\u00f6\u00f6n: <\/strong>Avaa vesis\u00e4ili\u00f6n vesihana ja kaada s\u00e4ili\u00f6\u00f6n sopiva m\u00e4\u00e4r\u00e4 puhdasta vett\u00e4 tai suuvett\u00e4.<\/p>\n\n\n\n<p>3. <strong>Valitse tila:<\/strong> Kytke virta p\u00e4\u00e4lle ja valitse sopiva vaihde omien tarpeidesi mukaan.<\/p>\n\n\n\n<p>4. <strong>Aloita huuhtelu: <\/strong>Suuntaa suutin hammasv\u00e4liin ja liikuta sit\u00e4 varovasti ikenien ja hampaiden v\u00e4liss\u00e4 varmistaaksesi, ett\u00e4 puhdistus ja huuhtelu ovat kohdallaan.<\/p>\n\n\n\n<p>5. <strong>Puhdista huuhtelun j\u00e4lkeen: <\/strong>Suun huuhtelun j\u00e4lkeen tyhjenn\u00e4 vesis\u00e4ili\u00f6, puhdista p\u00e4\u00e4yksikk\u00f6 ja aseta se tuuletettuun ja kuivaan paikkaan.<\/p>\n\n\n\n<p>Ensimm\u00e4isell\u00e4 k\u00e4ytt\u00f6kerralla on suositeltavaa valita &quot;hell\u00e4varainen&quot; tila ep\u00e4mukavuuden v\u00e4ltt\u00e4miseksi.<\/p>","protected":false},"excerpt":{"rendered":"Portable oral irrigator features The portable oral irrigator uses high-frequency pulse water flow technology, combined with ergonomic design and multi-functional nozzles, to create a personal oral care tool that integrates efficient rinsing and cleaning with a comfortable experience. 1. High-frequency pulse water flow technology: The portable oral irrigator uses pulsed high-pressure water columns to deeply [&hellip;]","protected":false},"featured_media":3351,"menu_order":0,"template":"","meta":[],"product-tag":[],"products":[168],"class_list":["post-3350","product","type-product","status-publish","has-post-thumbnail","hentry","products-oral-irrigator"],"acf":[],"_links":{"self":[{"href":"https:\/\/www.ruiqigo.com\/fi\/wp-json\/wp\/v2\/product\/3350","targetHints":{"allow":["GET"]}}],"collection":[{"href":"https:\/\/www.ruiqigo.com\/fi\/wp-json\/wp\/v2\/product"}],"about":[{"href":"https:\/\/www.ruiqigo.com\/fi\/wp-json\/wp\/v2\/types\/product"}],"version-history":[{"count":0,"href":"https:\/\/www.ruiqigo.com\/fi\/wp-json\/wp\/v2\/product\/3350\/revisions"}],"wp:featuredmedia":[{"embeddable":true,"href":"https:\/\/www.ruiqigo.com\/fi\/wp-json\/wp\/v2\/media\/3351"}],"wp:attachment":[{"href":"https:\/\/www.ruiqigo.com\/fi\/wp-json\/wp\/v2\/media?parent=3350"}],"wp:term":[{"taxonomy":"product-tag","embeddable":true,"href":"https:\/\/www.ruiqigo.com\/fi\/wp-json\/wp\/v2\/product-tag?post=3350"},{"taxonomy":"products","embeddable":true,"href":"https:\/\/www.ruiqigo.com\/fi\/wp-json\/wp\/v2\/products?post=3350"}],"curies":[{"name":"wp","href":"https:\/\/api.w.org\/{rel}","templated":true}]}}