{"id":3359,"date":"2025-05-15T14:12:54","date_gmt":"2025-05-15T06:12:54","guid":{"rendered":"https:\/\/www.ruiqigo.com\/?post_type=product&#038;p=3359"},"modified":"2025-05-15T14:12:54","modified_gmt":"2025-05-15T06:12:54","slug":"moisturizing-face-cream","status":"publish","type":"product","link":"https:\/\/www.ruiqigo.com\/fi\/product\/moisturizing-face-cream","title":{"rendered":"Kosteuttava kasvovoide"},"content":{"rendered":"<h2 class=\"wp-block-heading\">Kosteuttavien kasvovoiteiden valmistuksen yleiset kaavat<\/h2>\n\n\n\n<p>Ammattimaisena kosteuttavien kasvovoiteiden valmistajana valitsemme useita eritt\u00e4in tehokkaita ja hell\u00e4varaisia kosteuttavia ja korjaavia ainesosia, kuten keramidia ja hyaluronihappoa, auttaaksemme ihoa kosteuttamaan syv\u00e4lt\u00e4, korjaamaan ihon suojakerrosta ja parantamaan ihon yleist\u00e4 laatua.<\/p>\n\n\n\n<p>1. <strong>Keramidi:<\/strong> Keramidi voi auttaa v\u00e4hent\u00e4m\u00e4\u00e4n veden haihtumista, korjaamaan tehokkaasti ihon suojakerrosta ja parantamaan ihon kyky\u00e4 vastustaa ulkoisia \u00e4rsykkeit\u00e4. Se sopii kuivalle tai herk\u00e4lle iholle.<\/p>\n\n\n\n<p>2. <strong>Hyaluronihappo: <\/strong>Hyaluronihappo on luonnollinen kosteuttaja, joka voi ime\u00e4 itseens\u00e4 tuhansia kertoja oman painonsa verran vett\u00e4, lukita kosteuden syv\u00e4lle ihoon ja muodostaa kosteuttavan kalvon ihon pinnalle, jolloin iho pysyy kosteutettuna ja t\u00e4ytel\u00e4isen\u00e4 koko p\u00e4iv\u00e4n.<\/p>\n\n\n\n<p>3. <strong>Skvalaani:<\/strong> Skvalaani on my\u00f6s luonnollinen kosteuttaja, jolla on hyv\u00e4 ihoyst\u00e4v\u00e4llisyys. Se imeytyy nopeasti, tuo iholle pitk\u00e4kestoista kosteutusta ja parantaa samalla sileytt\u00e4, eik\u00e4 se j\u00e4t\u00e4 ihoa rasvaiseksi tai aiheuta aknea.<\/p>\n\n\n\n<p>4. <strong>Glyseriini:<\/strong> Glyseriini on luonnollinen hydrofiilinen kosteusvoide, joka imee kosteutta ilmasta ja johtaa sen ihon syvempiin kerroksiin yll\u00e4pit\u00e4en ihon kosteutta ja kimmoisuutta.<\/p>\n\n\n\n<p>5. <strong>Centella asiatica -uute: <\/strong>Sill\u00e4 on hyv\u00e4t rauhoittavat ja korjaavat vaikutukset, se voi lievitt\u00e4\u00e4 ihon ep\u00e4mukavuutta, edist\u00e4\u00e4 kollageenin tuotantoa ja parantaa ihon itseparantumiskyky\u00e4.<\/p>\n\n\n\n<h2 class=\"wp-block-heading\">Kosteuttavan kasvovoiteen toiminnot<\/h2>\n\n\n\n<p>3TOPin kosteuttava kasvovoide ei ole ainoastaan mieto ja luonnollinen ainesosiltaan, vaan sill\u00e4 on my\u00f6s useita toimintoja ja erinomainen mukautuvuus. Se sopii laajasti eri ik\u00e4isille, ihotyypeille ja k\u00e4ytt\u00f6tilanteille. Se on ihonhoitotuote, joka on sek\u00e4 turvallinen ett\u00e4 toimiva.<\/p>\n\n\n\n<p>1. <strong>Pitk\u00e4kestoinen kosteutus: <\/strong>Kosteuttavana kasvovoiteena kosteuttava kasvovoide k\u00e4ytt\u00e4\u00e4 useita vedenpit\u00e4vi\u00e4 mekanismeja yll\u00e4pit\u00e4\u00e4kseen ihon kosteustasapainoa yli 12 tuntia, mik\u00e4 ratkaisee kuivan ja hilseilev\u00e4n ihon ongelman ja sopii erityisesti kylmille, kuiville tai kausiluonteisille ihoherkille ajanjaksoille.<\/p>\n\n\n\n<p>2. <strong>Korjaa ihon suojakerrosta: <\/strong>Kosteuttava kasvovoide on t\u00e4ynn\u00e4 korjaavia ainesosia, kuten keramidia ja Centella asiaticaa, jotka voivat auttaa vaurioitunutta ihoa toipumaan, vakauttaa ihon suojakerrosta ja parantaa ihon yleist\u00e4 sietokyky\u00e4 ja \u00e4rtymyksenestokyky\u00e4.<\/p>\n\n\n\n<p>3. <strong>Nopea imeytyminen ja rasvaton: <\/strong>Kosteuttava kasvovoide on koostumukseltaan kevyt ja ei-tahmea, eik\u00e4 tukki ihohuokosia. Se sopii eritt\u00e4in hyvin p\u00e4ivitt\u00e4iseen kosteutusk\u00e4ytt\u00f6\u00f6n ja sill\u00e4 on hyv\u00e4 vaikutus sekaihoon.<\/p>\n\n\n\n<p>4.<strong> Sopii herk\u00e4lle iholle: <\/strong>Kosteuttava kasvovoiteemme on mietojen ainesosien mukainen eik\u00e4 sis\u00e4ll\u00e4 alkoholia, pigmenttej\u00e4 tai \u00e4rsytt\u00e4vi\u00e4 aineita. Sill\u00e4 on alhainen allergioiden ja punoituksen riski. Sit\u00e4 voidaan k\u00e4ytt\u00e4\u00e4 turvallisesti herk\u00e4ll\u00e4 iholla ihon terveyden suojelemiseksi.<\/p>\n\n\n\n<h2 class=\"wp-block-heading\">Kosteuttavan kasvovoiteen k\u00e4ytt\u00f6ohjeet<\/h2>\n\n\n\n<p>Kosteuttavaa kasvovoidetta suositellaan p\u00e4ivitt\u00e4isen ihonhoitorutiinin viimeiseksi vaiheeksi, jotta edellisiss\u00e4 vaiheissa k\u00e4ytettyjen ihonhoitotuotteiden ravintoaineet s\u00e4ilyisiv\u00e4t ja iho kosteuttuisi pitk\u00e4kestoisesti.<\/p>\n\n\n\n<p>1. <strong>Puhdista kasvot: <\/strong>K\u00e4yt\u00e4 puhdistustuotteita poistaaksesi perusteellisesti lian, \u00f6ljyn ja meikin kasvoilta.<\/p>\n\n\n\n<p>2. <strong>K\u00e4yt\u00e4 voidetta\/kasvovett\u00e4: <\/strong>Hoitaa ihon sarveiskerrosta ja auttaa seuraavia ihonhoitotuotteita imeytym\u00e4\u00e4n.<\/p>\n\n\n\n<p>3. <strong>Ota sopiva m\u00e4\u00e4r\u00e4 voidetta ja levit\u00e4 se kasvoille: <\/strong>Ota soijapavun kokoinen m\u00e4\u00e4r\u00e4 kermaa nimett\u00f6m\u00e4ll\u00e4 tai sormenp\u00e4ill\u00e4.<\/p>\n\n\n\n<p>4. <strong>Levit\u00e4 tasaisesti ja taputtele kevyesti imeyty\u00e4ksesi:<\/strong> Levit\u00e4 kasvojen otsalle, poskille, nen\u00e4lle ja leualle ja hiero tasaisesti py\u00f6rivin liikkein. Voit hieroa tai taputella hell\u00e4varaisesti imeytymisen edist\u00e4miseksi.<\/p>\n\n\n\n<h2 class=\"wp-block-heading\"><strong>Varoitus<\/strong><\/h2>\n\n\n\n<p>1. <strong>Tee ihotesti ensimm\u00e4ist\u00e4 kertaa:<\/strong> Tee pieni m\u00e4\u00e4r\u00e4 testi\u00e4 korvan taakse tai ranteen sis\u00e4puolelle ja k\u00e4yt\u00e4 sit\u00e4 virallisesti 24 tunnin kuluttua ilman poikkeavuuksia allergioiden v\u00e4ltt\u00e4miseksi.<\/p>\n\n\n\n<p>2. <strong>V\u00e4lt\u00e4 k\u00e4ytt\u00f6\u00e4 voimakkaasti \u00e4rsytt\u00e4vien tuotteiden kanssa: <\/strong>V\u00e4lt\u00e4 korkean happopitoisuuden tai retinolia sis\u00e4lt\u00e4vien tuotteiden k\u00e4ytt\u00f6\u00e4 ihon ep\u00e4mukavuuden v\u00e4ltt\u00e4miseksi.<\/p>\n\n\n\n<p>3. <strong>K\u00e4yt\u00e4 mahdollisimman pian avaamisen j\u00e4lkeen: <\/strong>Kosteuttavaa kasvovoidetta suositellaan k\u00e4ytett\u00e4v\u00e4ksi 6\u201312 kuukauden kuluessa avaamisesta, jotta v\u00e4ltyt\u00e4\u00e4n hapettumiselta ja vaikuttavien aineiden tehottomuudelta.<\/p>\n\n\n\n<p>4. <strong>S\u00e4ilyt\u00e4 viile\u00e4ss\u00e4 ja kuivassa paikassa: <\/strong>S\u00e4ilytysymp\u00e4rist\u00f6n tulee v\u00e4ltt\u00e4\u00e4 suoraa auringonvaloa tai korkeaa l\u00e4mp\u00f6tilaa ja kosteutta tuotteen aktiivisuuden ja stabiilisuuden s\u00e4ilytt\u00e4miseksi.<\/p>\n\n\n\n<p>5. <strong>Lopeta k\u00e4ytt\u00f6 v\u00e4litt\u00f6m\u00e4sti, jos tunnet ep\u00e4mukavuutta: <\/strong>Jos k\u00e4yt\u00f6n aikana ilmenee pistely\u00e4, punoitusta tai muuta ep\u00e4mukavuutta, lopeta k\u00e4ytt\u00f6 v\u00e4litt\u00f6m\u00e4sti ja ota yhteytt\u00e4 l\u00e4\u00e4k\u00e4riin ajoissa.<\/p>\n\n\n\n<h2 class=\"wp-block-heading\">Johtop\u00e4\u00e4t\u00f6s<\/h2>\n\n\n\n<p>Kosteuttava kasvovoide on ihonhoitovoide, joka yhdist\u00e4\u00e4 tehokkaan kosteutuksen ja hell\u00e4varaisen korjaavan vaikutuksen. Se sopii monenlaisiin tilanteisiin, kuten henkil\u00f6kohtaiseen p\u00e4ivitt\u00e4iseen ihonhoitoon ja ammattik\u00e4ytt\u00f6\u00f6n. 3TOP valitsee luonnollisia ja turvallisia ainesosia tarjotakseen k\u00e4ytt\u00e4jille pitk\u00e4kestoisen kosteuttavan ja ravitsevan ihokokemuksen. Kosteuttava kasvovoiteemme sopii laajalle joukolle ihmisi\u00e4 ja voi vastata k\u00e4ytt\u00e4jien monipuolisiin ihonhoitotarpeisiin.<\/p>","protected":false},"excerpt":{"rendered":"Moisturizing Face Cream Manufacturing Common Formulas As a professional moisturizing face cream manufacturer, we select a variety of highly effective and gentle moisturizing and repairing ingredients, such as ceramide and hyaluronic acid, to help the skin deeply hydrate, repair the barrier, and improve the overall skin quality. 1. Ceramide: Ceramide can help reduce water loss, [&hellip;]","protected":false},"featured_media":3360,"menu_order":0,"template":"","meta":[],"product-tag":[],"products":[161],"class_list":["post-3359","product","type-product","status-publish","has-post-thumbnail","hentry","products-face-cream"],"acf":[],"_links":{"self":[{"href":"https:\/\/www.ruiqigo.com\/fi\/wp-json\/wp\/v2\/product\/3359","targetHints":{"allow":["GET"]}}],"collection":[{"href":"https:\/\/www.ruiqigo.com\/fi\/wp-json\/wp\/v2\/product"}],"about":[{"href":"https:\/\/www.ruiqigo.com\/fi\/wp-json\/wp\/v2\/types\/product"}],"version-history":[{"count":0,"href":"https:\/\/www.ruiqigo.com\/fi\/wp-json\/wp\/v2\/product\/3359\/revisions"}],"wp:featuredmedia":[{"embeddable":true,"href":"https:\/\/www.ruiqigo.com\/fi\/wp-json\/wp\/v2\/media\/3360"}],"wp:attachment":[{"href":"https:\/\/www.ruiqigo.com\/fi\/wp-json\/wp\/v2\/media?parent=3359"}],"wp:term":[{"taxonomy":"product-tag","embeddable":true,"href":"https:\/\/www.ruiqigo.com\/fi\/wp-json\/wp\/v2\/product-tag?post=3359"},{"taxonomy":"products","embeddable":true,"href":"https:\/\/www.ruiqigo.com\/fi\/wp-json\/wp\/v2\/products?post=3359"}],"curies":[{"name":"wp","href":"https:\/\/api.w.org\/{rel}","templated":true}]}}