{"id":336,"date":"2024-07-05T20:30:17","date_gmt":"2024-07-05T12:30:17","guid":{"rendered":"https:\/\/ruiqigo.com\/?post_type=product&#038;p=336"},"modified":"2024-09-26T17:43:34","modified_gmt":"2024-09-26T09:43:34","slug":"body-lotion-with-spf","status":"publish","type":"product","link":"https:\/\/www.ruiqigo.com\/fi\/product\/body-lotion-with-spf","title":{"rendered":"Vartalovoide spf:ll\u00e4"},"content":{"rendered":"<h3 class=\"wp-block-heading\">Vartalovoide spf-valmistuksen yleisill\u00e4 kaavoilla<\/h3>\n\n\n\n<p>T\u00e4m\u00e4n spf-vartaloveden aurinkosuojan ydinaineosat ovat sinkkioksidi ja titaanidioksidi, jotka tunnetaan eritt\u00e4in tehokkaina fysikaalisina aurinkovoideina, jotka tarjoavat laajan suojan UVA\/UVB-s\u00e4teit\u00e4 vastaan ja luovat luotettavan suojan ihollesi. Lis\u00e4ksi tuote sis\u00e4lt\u00e4\u00e4 E-vitamiinia, voimakasta antioksidanttia, joka neutraloi vapaita radikaaleja ja suojaa ihoa valovaurioilta. Samaan aikaan koostumus sis\u00e4lt\u00e4\u00e4 my\u00f6s glyseriini\u00e4, kasvi\u00f6ljyj\u00e4 ja muita ravitsevia ainesosia, jotka syv\u00e4ravitsevat ihoa, parantavat kuivuutta ja pit\u00e4v\u00e4t ihosi kosteutettuna ja sile\u00e4n\u00e4.<\/p>\n\n\n\n<h3 class=\"wp-block-heading\">Vartalovoide spf:ll\u00e4 Soveltuvat skenaariot<\/h3>\n\n\n\n<p>T\u00e4m\u00e4 spf-vartalovoide on joka s\u00e4\u00e4n hoitotuote, mutta sopii parhaiten k\u00e4ytett\u00e4v\u00e4ksi kuumina, aurinkoisina kes\u00e4kuukausina, koska se suojaa ihoa tehokkaasti auringolta, est\u00e4\u00e4 UVA\/UVB-s\u00e4teet ja ehk\u00e4isee auringonpolttamaa ja hyperpigmentaatiota. Tai meill\u00e4 on enemm\u00e4n <a href=\"https:\/\/www.ruiqigo.com\/fi\/products\/body-lotion\/\">vartalovoide<\/a> vaihtoehtoja, joista voit valita.<\/p>\n\n\n\n<h3 class=\"wp-block-heading\">Kenelle on vartalovoide spf-puvulla<\/h3>\n\n\n\n<p>T\u00e4m\u00e4 kaikille sopiva spf-vartalovoide tarjoaa tehokkaan suojan ruskettumisalttiille iholle ja ehk\u00e4isee hyperpigmentaatiota. Sen runsaat, ravitsevat ainesosat parantavat i\u00e4n mukana tulevaa kuivuutta. Ihanteellinen niille, jotka nauttivat ulkoilusta, t\u00e4m\u00e4 vartalokosteusvoide tarjoaa kattavan auringonoton j\u00e4lkeen ihonhoitoa aina. Jos sinulla on muita tarpeita, ota rohkeasti lis\u00e4tietoja 3TOPista <a href=\"https:\/\/www.ruiqigo.com\/fi\/products\/body-care\/\">vartalonhoito <\/a>tuotteita.<\/p>\n\n\n\n<h3 class=\"wp-block-heading\">Vartalovoide spf-tuotantoprosessilla<\/h3>\n\n\n\n<p>SPF:t\u00e4 sis\u00e4lt\u00e4v\u00e4 vartaloemulsio on valmistettu erityisesti yhdist\u00e4m\u00e4\u00e4n eritt\u00e4in tehokkaat aurinkosuoja-aineet ja kosteuttavat ainesosat. Laajakirjoinen aurinkosuojateknologia takaa t\u00e4yden UVA- ja UVB-suojan, kun taas antioksidanttisia ja kosteuttavia ainesosia, kuten E-vitamiinia ja luonnollisia kasvi\u00f6ljyj\u00e4, on lis\u00e4tty vahvistamaan ihon suojakerrosta. Aurinkosuojavoiteiden stabiilisuutta ja levi\u00e4mist\u00e4 valvotaan tiukasti tuotantoprosessin aikana, ja ihon yhteensopivuustestit l\u00e4p\u00e4ist\u00e4\u00e4n sen varmistamiseksi, ett\u00e4 tuote on turvallinen ja \u00e4rsytt\u00e4m\u00e4t\u00f6n. Lis\u00e4ksi kevyt rakenne on suunniteltu tarjoamaan nopeaa imeytymist\u00e4 ja pitk\u00e4kestoista kosteutta vastaamaan p\u00e4ivitt\u00e4isen aurinkosuojan ja ihonhoidon tarpeisiin. Jos haluat tiet\u00e4\u00e4 lis\u00e4\u00e4, tutustu aiheeseen <a href=\"https:\/\/www.ruiqigo.com\/fi\/body-lotion-manufacturer-elevating-skincare-standards.html\/\">vartalovoide<\/a> valmistustiedot.<\/p>","protected":false},"excerpt":{"rendered":"Body lotion with spf manufacturing Common Formulas The core sunscreen ingredients in this spf body lotion are Zinc Oxide and Titanium Dioxide, which are recognized as highly effective physical sunscreens that provide broad-spectrum protection against UVA\/UVB rays, creating a reliable barrier for your skin. In addition, the product contains Vitamin E, a powerful antioxidant that [&hellip;]","protected":false},"featured_media":337,"menu_order":0,"template":"","meta":[],"product-tag":[],"products":[56],"class_list":["post-336","product","type-product","status-publish","has-post-thumbnail","hentry","products-body-lotion"],"acf":[],"_links":{"self":[{"href":"https:\/\/www.ruiqigo.com\/fi\/wp-json\/wp\/v2\/product\/336","targetHints":{"allow":["GET"]}}],"collection":[{"href":"https:\/\/www.ruiqigo.com\/fi\/wp-json\/wp\/v2\/product"}],"about":[{"href":"https:\/\/www.ruiqigo.com\/fi\/wp-json\/wp\/v2\/types\/product"}],"version-history":[{"count":0,"href":"https:\/\/www.ruiqigo.com\/fi\/wp-json\/wp\/v2\/product\/336\/revisions"}],"wp:featuredmedia":[{"embeddable":true,"href":"https:\/\/www.ruiqigo.com\/fi\/wp-json\/wp\/v2\/media\/337"}],"wp:attachment":[{"href":"https:\/\/www.ruiqigo.com\/fi\/wp-json\/wp\/v2\/media?parent=336"}],"wp:term":[{"taxonomy":"product-tag","embeddable":true,"href":"https:\/\/www.ruiqigo.com\/fi\/wp-json\/wp\/v2\/product-tag?post=336"},{"taxonomy":"products","embeddable":true,"href":"https:\/\/www.ruiqigo.com\/fi\/wp-json\/wp\/v2\/products?post=336"}],"curies":[{"name":"wp","href":"https:\/\/api.w.org\/{rel}","templated":true}]}}