{"id":3386,"date":"2025-05-15T14:17:15","date_gmt":"2025-05-15T06:17:15","guid":{"rendered":"https:\/\/www.ruiqigo.com\/?post_type=product&#038;p=3386"},"modified":"2025-05-15T14:17:15","modified_gmt":"2025-05-15T06:17:15","slug":"dark-circle-eye-cream","status":"publish","type":"product","link":"https:\/\/www.ruiqigo.com\/fi\/product\/dark-circle-eye-cream","title":{"rendered":"Tummien silm\u00e4nalusten voide"},"content":{"rendered":"<h2 class=\"wp-block-heading\">Tumman silm\u00e4nymp\u00e4rysvoiteen valmistuksen yleiset kaavat<\/h2>\n\n\n\n<p>3TOP on ammattimainen tummien silm\u00e4nalusten hoitoon tarkoitettujen voiteiden valmistaja. Vaadimme turvallisia, mietoja ja eritt\u00e4in aktiivisia ainesosia, jotka on erityisesti suunniteltu v\u00e4hent\u00e4m\u00e4\u00e4n tummia silm\u00e4nalusia, kirkastamaan ihon s\u00e4vy\u00e4 ja parantamaan silm\u00e4pusseja. Se korjaa silm\u00e4nymp\u00e4rysihoa silm\u00e4ongelmien, kuten pigmentaation ja heikon verenkierron, osalta ja parantaa ihon kirkkautta ja kiinteytt\u00e4.<\/p>\n\n\n\n<p>1. <strong>Niasiiniamidi: <\/strong>B3-vitamiinin aktiivisena muotona niasiiniamidi voi est\u00e4\u00e4 melaniinin kuljetusta, vaalentaa pigmenttisi\u00e4 tummia silm\u00e4nalusia ja vahvistaa ihon suojakerrosta. Pitk\u00e4aikainen k\u00e4ytt\u00f6 voi kirkastaa silm\u00e4nymp\u00e4rysihoa ja parantaa ihon yleist\u00e4 rakennetta.<\/p>\n\n\n\n<p>2. <strong>Kofeiini:<\/strong> Kofeiini voi edist\u00e4\u00e4 verenkiertoa silmien ymp\u00e4rill\u00e4 ja v\u00e4hent\u00e4\u00e4 turvotusta, mik\u00e4 voi tehokkaasti parantaa verisuonten tummia silm\u00e4nalusia. Se voi my\u00f6s tehostaa solujen aineenvaihduntaa, auttaa kirkastamaan sameaa ihoa ja saamaan silm\u00e4t n\u00e4ytt\u00e4m\u00e4\u00e4n energisemmilt\u00e4.<\/p>\n\n\n\n<p>3. <strong>C-vitamiinijohdannaiset: <\/strong>C-vitamiinijohdannaiset voivat kirkastaa ihoa silm\u00e4nymp\u00e4rysihoa hell\u00e4varaisesti, edist\u00e4\u00e4 kollageenisynteesi\u00e4 ja samalla vastustaa hapettumista, lievitt\u00e4\u00e4 sameutta ja v\u00e4symyst\u00e4 sek\u00e4 parantaa ihon kiiltoa.<\/p>\n\n\n\n<p>4. <strong>Tetrapeptidit:<\/strong> Tetrapeptidit voivat stimuloida kollageenisynteesi\u00e4, parantaa silm\u00e4nymp\u00e4rysihon kimmoisuutta ja v\u00e4hent\u00e4\u00e4 ik\u00e4\u00e4ntymisen aiheuttamaa silm\u00e4ryppyj\u00e4 ja silmien veltostumista. Ne voivat my\u00f6s auttaa hidastamaan ihon tulehdusta, mik\u00e4 tekee silm\u00e4nymp\u00e4rysihosta kiinte\u00e4mm\u00e4n ja nuoremman.<\/p>\n\n\n\n<h2 class=\"wp-block-heading\">Tumman silm\u00e4nymp\u00e4rysvoiteen toiminnot<\/h2>\n\n\n\n<p>1. <strong>Pitk\u00e4kestoinen kosteutus ja kosteutta sitova vaikutus: <\/strong>Dark Circle Eye Cream sis\u00e4lt\u00e4\u00e4 hyaluronihappoa ja useita kosteuttavia ainesosia, jotka voivat kosteuttaa ihoa silm\u00e4nymp\u00e4rysihoa pitk\u00e4kestoisesti, est\u00e4\u00e4 kuivien juonteiden muodostumista ja pit\u00e4\u00e4 silm\u00e4t kosteutettuina ja t\u00e4ytel\u00e4isin\u00e4.<\/p>\n\n\n\n<p>2. <strong>Nopea imeytyminen:<\/strong> Dark Circle Eye Cream on kevyt koostumus, joka imeytyy helposti ja imeytyy nopeasti silm\u00e4nymp\u00e4rysihoon. Se ei ole rasvainen ja sopii k\u00e4ytett\u00e4v\u00e4ksi p\u00e4iv\u00e4ll\u00e4 tai ennen meikki\u00e4 vaikuttamatta meikkiin.<\/p>\n\n\n\n<p>3. <strong>Hell\u00e4varainen ja ei \u00e4rsyt\u00e4: <\/strong>Tummien silm\u00e4nalusten hoitoon tarkoitettu silm\u00e4nymp\u00e4rysvoide ei sis\u00e4ll\u00e4 hajusteita tai alkoholia, ja sen ainesosat ovat mietoja, joten herkk\u00e4ihoiset ja raskaana olevat naiset voivat k\u00e4ytt\u00e4\u00e4 sit\u00e4. Tuotteen turvallisuus silmien iholle on testattu, jotta se ei aiheuta \u00e4rsytyst\u00e4 tai ep\u00e4mukavuutta p\u00e4ivitt\u00e4isess\u00e4 k\u00e4yt\u00f6ss\u00e4.<\/p>\n\n\n\n<p>4. <strong>Useita toimintoja: <\/strong>Kiinteytt\u00e4v\u00e4n, rauhoittavan ja antioksidatiivisen vaikutuksensa lis\u00e4ksi tummien silm\u00e4nalusten voide voi ratkaista monia silm\u00e4ongelmia, kuten h\u00e4ivytt\u00e4\u00e4 tummia silm\u00e4nalusia ja hidastaa hienojen juonteiden n\u00e4kymist\u00e4. Yksi tuote, useita toimintoja, parantaa ihonhoidon tehokkuutta kokonaisuudessaan.<\/p>\n\n\n\n<h2 class=\"wp-block-heading\">Kuinka k\u00e4ytt\u00e4\u00e4 tummaa silm\u00e4nymp\u00e4rysihovoidetta<\/h2>\n\n\n\n<p>Tumman silm\u00e4nymp\u00e4rysvoiteen oikea k\u00e4ytt\u00f6 voi parantaa merkitt\u00e4v\u00e4sti sen imeytymistehokkuutta ja v\u00e4hent\u00e4\u00e4 tummien silm\u00e4nalusten vaikutusta.<\/p>\n\n\n\n<p>1. Puhdistuksen j\u00e4lkeen k\u00e4yt\u00e4 kasvovett\u00e4 ihon hoitamiseen ja kosteuttamiseen.<\/p>\n\n\n\n<p>2. Ota sopiva m\u00e4\u00e4r\u00e4 silm\u00e4nymp\u00e4rysvoidetta ja levit\u00e4 sit\u00e4 silmien alle, silm\u00e4np\u00e4ihin ja kulmakarvalle.<\/p>\n\n\n\n<p>3. Taputtele tuotetta nimett\u00f6m\u00e4ll\u00e4si varovasti, kunnes se on imeytynyt. V\u00e4lt\u00e4 ihon vet\u00e4mist\u00e4, jotta se rentoutuu. Vaikutus on parempi, jos k\u00e4yt\u00e4t tuotetta silm\u00e4nymp\u00e4rysihottuman kanssa.<\/p>\n\n\n\n<p><strong>Suositus:<\/strong> K\u00e4yt\u00e4 kerran aamuin illoin joka p\u00e4iv\u00e4 hell\u00e4varaisesti hieroen, jotta ainesosat p\u00e4\u00e4sev\u00e4t paremmin imeytym\u00e4\u00e4n ihon alimpaan kerrokseen ja aktivoimaan silmien mikroverenkiertoa.<\/p>\n\n\n\n<h2 class=\"wp-block-heading\">Varoitus<\/h2>\n\n\n\n<p>1. <strong>Silm\u00e4hieronnan tulisi olla kohtuullista: <\/strong>Hieronnan tulee olla hell\u00e4varaista, v\u00e4ltt\u00e4\u00e4 voimakasta vet\u00e4mist\u00e4, jotta se ei \u00e4rsyt\u00e4 herkk\u00e4\u00e4 silm\u00e4nymp\u00e4rysihoa ja aiheuta haitallisia vaikutuksia.<\/p>\n\n\n\n<p>2. <strong>V\u00e4lt\u00e4 suoraa kosketusta silm\u00e4munan kanssa: <\/strong>Silm\u00e4nymp\u00e4rysvoidetta k\u00e4ytett\u00e4ess\u00e4 on v\u00e4ltett\u00e4v\u00e4 silm\u00e4munan ja ripsien tyven aluetta. Jos voidetta joutuu vahingossa silmiin, huuhtele ne v\u00e4litt\u00f6m\u00e4sti puhtaalla vedell\u00e4.<\/p>\n\n\n\n<p>3. <strong>Tee herkkyystesti ensimm\u00e4isell\u00e4 k\u00e4ytt\u00f6kerralla: <\/strong>On suositeltavaa kokeilla sit\u00e4 korvien takana tai silmien ymp\u00e4rill\u00e4 24 tunnin ajan ja k\u00e4ytt\u00e4\u00e4 sit\u00e4 sitten normaalisti varmistettuaan, ettei \u00e4rsytyst\u00e4 ole.<\/p>\n\n\n\n<p>4. <strong>K\u00e4ytt\u00f6 aurinkosuojan kanssa: <\/strong>T\u00e4m\u00e4n tuotteen k\u00e4yt\u00f6n j\u00e4lkeen on suositeltavaa k\u00e4ytt\u00e4\u00e4 aurinkosuojatuotteita ultraviolettis\u00e4teiden pigmenttikertymien pahenemisen est\u00e4miseksi ja tummien silm\u00e4nalusten h\u00e4ivytyksen parantamiseksi.<\/p>\n\n\n\n<h2 class=\"wp-block-heading\">Johtop\u00e4\u00e4t\u00f6s<\/h2>\n\n\n\n<p>Dark Circle Eye Cream on eritt\u00e4in tehokas ihonhoitotuote, joka on kehitetty erityisesti silm\u00e4ongelmiin. Se yhdist\u00e4\u00e4 useita aktiivisia ainesosia keskittyen v\u00e4hent\u00e4m\u00e4\u00e4n tummia silm\u00e4nalusia, kiinteytt\u00e4m\u00e4\u00e4n silm\u00e4nymp\u00e4rysihoa ja parantamaan turvotusta. Sen mieto koostumus imeytyy nopeasti, sopii kaikille ihotyypeille ja se l\u00f6yt\u00e4\u00e4 hyv\u00e4n tasapainon tehokkuuden ja ihotuntuman v\u00e4lill\u00e4. 3TOP tukee tuotteiden r\u00e4\u00e4t\u00e4l\u00f6inti\u00e4 auttaakseen asiakkaita luomaan erottuvaa kilpailukyky\u00e4 ja vastaamaan eri markkinoiden tarkkoihin tarpeisiin.<\/p>","protected":false},"excerpt":{"rendered":"Dark Circle Eye Cream Manufacturing Common Formulas 3TOP is a professional dark circle eye cream manufacturer. We insist on using safe and mild, highly active ingredients, which are specially designed to reduce dark circles, brighten skin tone, and improve eye bags. It repairs the skin around the eyes for eye problems such as pigmentation and [&hellip;]","protected":false},"featured_media":3387,"menu_order":0,"template":"","meta":[],"product-tag":[],"products":[162],"class_list":["post-3386","product","type-product","status-publish","has-post-thumbnail","hentry","products-eye-cream"],"acf":[],"_links":{"self":[{"href":"https:\/\/www.ruiqigo.com\/fi\/wp-json\/wp\/v2\/product\/3386","targetHints":{"allow":["GET"]}}],"collection":[{"href":"https:\/\/www.ruiqigo.com\/fi\/wp-json\/wp\/v2\/product"}],"about":[{"href":"https:\/\/www.ruiqigo.com\/fi\/wp-json\/wp\/v2\/types\/product"}],"version-history":[{"count":0,"href":"https:\/\/www.ruiqigo.com\/fi\/wp-json\/wp\/v2\/product\/3386\/revisions"}],"wp:featuredmedia":[{"embeddable":true,"href":"https:\/\/www.ruiqigo.com\/fi\/wp-json\/wp\/v2\/media\/3387"}],"wp:attachment":[{"href":"https:\/\/www.ruiqigo.com\/fi\/wp-json\/wp\/v2\/media?parent=3386"}],"wp:term":[{"taxonomy":"product-tag","embeddable":true,"href":"https:\/\/www.ruiqigo.com\/fi\/wp-json\/wp\/v2\/product-tag?post=3386"},{"taxonomy":"products","embeddable":true,"href":"https:\/\/www.ruiqigo.com\/fi\/wp-json\/wp\/v2\/products?post=3386"}],"curies":[{"name":"wp","href":"https:\/\/api.w.org\/{rel}","templated":true}]}}