{"id":3392,"date":"2025-05-15T14:18:35","date_gmt":"2025-05-15T06:18:35","guid":{"rendered":"https:\/\/www.ruiqigo.com\/?post_type=product&#038;p=3392"},"modified":"2025-05-15T14:18:36","modified_gmt":"2025-05-15T06:18:36","slug":"collagen-eye-mask","status":"publish","type":"product","link":"https:\/\/www.ruiqigo.com\/fi\/product\/collagen-eye-mask","title":{"rendered":"Kollageeni silm\u00e4naamio"},"content":{"rendered":"<h2 class=\"wp-block-heading\">Kollageenisilm\u00e4naamion valmistuksen yleiset kaavat<\/h2>\n\n\n\n<p>Ammattimaisena kollageenisilm\u00e4naamioiden valmistajana valitsemme aktiivisia ainesosia, kuten eritt\u00e4in puhdasta hydrolysoitua kollageenia, natriumhyaluronaattia ja C-vitamiinijohdannaisia, jotka auttavat kiinteytt\u00e4m\u00e4\u00e4n silm\u00e4nymp\u00e4rysihoa, h\u00e4ivytt\u00e4m\u00e4\u00e4n tummia silm\u00e4nalusia, silottamaan juonteita ja tuomaan pitk\u00e4kestoisia kosteuttavia ja rauhoittavia vaikutuksia silmiin.<\/p>\n\n\n\n<p>1.<strong> Hydrolysoitu kollageeni:<\/strong> Hydrolysoitu kollageeni edist\u00e4\u00e4 ihon elastiinin uusiutumista, parantaa silm\u00e4nymp\u00e4rysihon kiinteytt\u00e4, v\u00e4hent\u00e4\u00e4 juonteita ja veltostumista sek\u00e4 tekee silm\u00e4nymp\u00e4rysihosta nuoremman ja t\u00e4ytel\u00e4isemm\u00e4n.<\/p>\n\n\n\n<p>2. <strong>Natriumhyaluronaatti: <\/strong>Natriumhyaluronaatti on eritt\u00e4in tehokas kosteuttava ainesosa, joka kosteuttaa nopeasti silm\u00e4nymp\u00e4rysihoa, lievitt\u00e4\u00e4 kuivuutta silmien ymp\u00e4rill\u00e4, korjaa ihon suojakerrosta ja parantaa tuotteen k\u00e4ytt\u00f6mukavuutta sek\u00e4 pitk\u00e4aikaista kosteuttavaa ja kosteutta sitovaa vaikutusta.<\/p>\n\n\n\n<p>3. <strong>C-vitamiinijohdannaiset: <\/strong>C-vitamiinijohdannaiset ovat mietoja ja pysyvi\u00e4 valkaisevia tekij\u00f6it\u00e4, jotka voivat tehokkaasti est\u00e4\u00e4 melaniinin tuotantoa, kirkastaa silm\u00e4nymp\u00e4rysihon s\u00e4vy\u00e4 ja parantaa pigmenttityyppisi\u00e4 tummia silm\u00e4nalusia.<\/p>\n\n\n\n<p>4. <strong>Kofeiini: <\/strong>Kofeiini voi kiihdytt\u00e4\u00e4 verenkiertoa silmien ymp\u00e4rill\u00e4, auttaa lievitt\u00e4m\u00e4\u00e4n silmien turvotusta ja verisuonten aiheuttamia tummia silm\u00e4nalusia sek\u00e4 tehd\u00e4 silm\u00e4nymp\u00e4rysihosta raikkaamman.<\/p>\n\n\n\n<p>5. <strong>Noitap\u00e4hkin\u00e4uute:<\/strong> Sill\u00e4 on rauhoittava ja supistava vaikutus, se voi auttaa rauhoittamaan silm\u00e4nymp\u00e4rysihoa, v\u00e4hent\u00e4m\u00e4\u00e4n punoitusta ja turvotusta, ja se sopii herkk\u00e4ihoisille.<\/p>\n\n\n\n<h2 class=\"wp-block-heading\">Kollageenisilm\u00e4nymp\u00e4rysnaamion toiminnot<\/h2>\n\n\n\n<p>1. <strong>Kylm\u00e4 kompressi ja rauhoittava kaksoisvaikutus yhdess\u00e4:<\/strong> Kollageenisilm\u00e4naamio on valmistettu hydrogeelimateriaalista, joka ei ole ainoastaan eritt\u00e4in istuva ja helppo kantaa, vaan se my\u00f6s viilent\u00e4\u00e4 jatkuvasti ja lievitt\u00e4\u00e4 silmien v\u00e4symyst\u00e4 k\u00e4yt\u00f6n aikana, saavuttaen kylm\u00e4pakkauksen ja rauhoittavan vaikutuksen.<\/p>\n\n\n\n<p>2. <strong>Nopea korjaus, nopea vaikutus: <\/strong>Kollageenisilm\u00e4nymp\u00e4rysnaamio alkaa vaikuttaa eritt\u00e4in nopeasti k\u00e4yt\u00f6n j\u00e4lkeen. Jo 15 minuutissa huomaat, ett\u00e4 silm\u00e4nymp\u00e4rysihon kosteustaso on parantunut merkitt\u00e4v\u00e4sti. Se on ihanteellinen valinta kosteutusjaksoille, kuten y\u00f6n yli valvomisen j\u00e4lkeen ja ennen meikki\u00e4.<\/p>\n\n\n\n<p>3. <strong>Korkea tunkeutumis- ja imeytymistehokkuus: <\/strong>Kollageenisilm\u00e4nymp\u00e4rysnaamiomme on pehme\u00e4 ja eritt\u00e4in hyvin tarttuva. Se ei luiskahdu helposti pois silm\u00e4nymp\u00e4rysiholta. Hell\u00e4varaisen hieronnan kanssa k\u00e4ytettyn\u00e4 se voi edist\u00e4\u00e4 t\u00e4rkeiden ainesosien imeytymist\u00e4 ja lis\u00e4t\u00e4 imeytymisnopeutta.<\/p>\n\n\n\n<p>4. <strong>Yksi patch useilla tehosteilla:<\/strong> Kollageeninen silm\u00e4naamio ei ainoastaan kohdistu tummiin silm\u00e4naluksiin, vaan lievitt\u00e4\u00e4 samanaikaisesti my\u00f6s ongelmia, kuten juonteita ja silm\u00e4pusseja, parantaen silm\u00e4nymp\u00e4rysihon nuorekkuutta.<\/p>\n\n\n\n<h2 class=\"wp-block-heading\">Kollageenisilm\u00e4nymp\u00e4rysnaamion k\u00e4ytt\u00f6ohjeet<\/h2>\n\n\n\n<p>Kollageenisilm\u00e4nymp\u00e4rysnaamio on helppok\u00e4ytt\u00f6inen ja tehokas, joten se sopii t\u00e4ydellisesti p\u00e4ivitt\u00e4iseen ihonhoitoon ja meikin esihoitoon. Suosittelemme sen k\u00e4ytt\u00f6\u00e4 puhdistuksen j\u00e4lkeen silm\u00e4nymp\u00e4rysnaamion kosteuttavien ja kiinteytt\u00e4vien vaikutusten maksimoimiseksi.<\/p>\n\n\n\n<p>1. <strong>Puhdista silm\u00e4nymp\u00e4rysiho: <\/strong>K\u00e4yt\u00e4 mietoa puhdistusainetta puhdistaaksesi kasvosi huolellisesti ja varmista, ettei silmien ymp\u00e4rille j\u00e4\u00e4 \u00f6ljy\u00e4 tai meikkij\u00e4\u00e4mi\u00e4.<\/p>\n\n\n\n<p>2. <strong>Poista silm\u00e4maski: <\/strong>Avattuasi pakkauksen, poista silm\u00e4naamio varovasti, jotta et vet\u00e4isi sit\u00e4 voimakkaasti ja v\u00e4\u00e4nt\u00e4isi sit\u00e4.<\/p>\n\n\n\n<p>3. <strong>Levit\u00e4 silmiin:<\/strong> Aseta silm\u00e4naamio varovasti silm\u00e4pussien alueelle ja s\u00e4\u00e4d\u00e4 se sopivaksi.<\/p>\n\n\n\n<p>4. <strong>Odota 10\u201320 minuuttia: <\/strong>Odota, ett\u00e4 silm\u00e4nymp\u00e4rysiho imee silm\u00e4naamion sis\u00e4lt\u00e4m\u00e4n voiteen.<\/p>\n\n\n\n<p>5. <strong>Poista ja hiero:<\/strong> Poista silm\u00e4naamio silmilt\u00e4 ja taputtele silm\u00e4nymp\u00e4rysihoa nimett\u00f6m\u00e4ll\u00e4, jotta j\u00e4ljelle j\u00e4\u00e4nyt voide imeytyy paremmin.<\/p>\n\n\n\n<h2 class=\"wp-block-heading\">Varoitus<\/h2>\n\n\n\n<p>1. <strong>V\u00e4lt\u00e4 suoraa kosketusta silmiin:<\/strong> K\u00e4ytett\u00e4ess\u00e4 v\u00e4lt\u00e4 silm\u00e4luomia ja ripsien tyve\u00e4, jotta ainetta ei p\u00e4\u00e4se silmiin. Jos sit\u00e4 joutuu vahingossa silmiin, huuhtele ne v\u00e4litt\u00f6m\u00e4sti puhtaalla vedell\u00e4.<\/p>\n\n\n\n<p>2. <strong>\u00c4l\u00e4 k\u00e4yt\u00e4 voimakkaiden silm\u00e4nymp\u00e4rysihovoiteiden kanssa:<\/strong> V\u00e4lt\u00e4 k\u00e4ytt\u00e4m\u00e4st\u00e4 t\u00e4t\u00e4 tuotetta samanaikaisesti eritt\u00e4in aktiivisten tuotteiden, kuten hedelm\u00e4happojen ja retinolin, kanssa, jotta v\u00e4lt\u00e4t p\u00e4\u00e4llekk\u00e4isen \u00e4rsytyksen tai imeytymisen heikkenemisen.<\/p>\n\n\n\n<p>3. <strong>Tee paikallinen testi ennen ensimm\u00e4ist\u00e4 k\u00e4ytt\u00f6kertaa: <\/strong>Vaikka kollageenisilm\u00e4naamion koostumus on mieto, suosittelemme silti testaamaan sit\u00e4 korvan tai ranteen takana ennen ensimm\u00e4ist\u00e4 k\u00e4ytt\u00f6kertaa \u00e4rsytyksen varmistamiseksi.<\/p>\n\n\n\n<p>4. <strong>S\u00e4ilyt\u00e4 viile\u00e4ss\u00e4 ja kuivassa paikassa:<\/strong> Korkea l\u00e4mp\u00f6tila ja auringonvalo voivat vaikuttaa geelin koostumukseen ja vaikuttavien aineiden s\u00e4ilyvyyteen. On suositeltavaa v\u00e4ltt\u00e4\u00e4 suoraa auringonvaloa ja s\u00e4ilytt\u00e4\u00e4 viile\u00e4ss\u00e4 ja kuivassa paikassa.<\/p>\n\n\n\n<h2 class=\"wp-block-heading\">Johtop\u00e4\u00e4t\u00f6s<\/h2>\n\n\n\n<p>Kollageenisilm\u00e4nymp\u00e4rysnaamio on suosittu silm\u00e4nymp\u00e4rysihonhoitotuote, jossa on yhdistelm\u00e4 tehokkaita ja hell\u00e4varaisia aktiiviaineita, miellytt\u00e4v\u00e4 koostumus ja useita toimintoja. K\u00e4ytettiinp\u00e4 sit\u00e4 sitten p\u00e4ivitt\u00e4iseen korjaamiseen tai ensiapuun ennen meikki\u00e4, se erottuu edukseen merkitt\u00e4vien vaikutustensa ja hyv\u00e4n k\u00e4ytt\u00f6kokemuksensa ansiosta.<\/p>","protected":false},"excerpt":{"rendered":"Collagen Eye Mask Manufacturing Common Formulas As a professional collagen eye mask manufacturer, we select active ingredients such as high-purity hydrolyzed collagen, sodium hyaluronate, and vitamin C derivatives to help tighten the skin around the eyes, fade dark circles, smooth fine lines, and bring long-lasting moisturizing and soothing effects to the eyes. 1. Hydrolyzed collagen: [&hellip;]","protected":false},"featured_media":3393,"menu_order":0,"template":"","meta":[],"product-tag":[],"products":[163],"class_list":["post-3392","product","type-product","status-publish","has-post-thumbnail","hentry","products-eye-mask"],"acf":[],"_links":{"self":[{"href":"https:\/\/www.ruiqigo.com\/fi\/wp-json\/wp\/v2\/product\/3392","targetHints":{"allow":["GET"]}}],"collection":[{"href":"https:\/\/www.ruiqigo.com\/fi\/wp-json\/wp\/v2\/product"}],"about":[{"href":"https:\/\/www.ruiqigo.com\/fi\/wp-json\/wp\/v2\/types\/product"}],"version-history":[{"count":0,"href":"https:\/\/www.ruiqigo.com\/fi\/wp-json\/wp\/v2\/product\/3392\/revisions"}],"wp:featuredmedia":[{"embeddable":true,"href":"https:\/\/www.ruiqigo.com\/fi\/wp-json\/wp\/v2\/media\/3393"}],"wp:attachment":[{"href":"https:\/\/www.ruiqigo.com\/fi\/wp-json\/wp\/v2\/media?parent=3392"}],"wp:term":[{"taxonomy":"product-tag","embeddable":true,"href":"https:\/\/www.ruiqigo.com\/fi\/wp-json\/wp\/v2\/product-tag?post=3392"},{"taxonomy":"products","embeddable":true,"href":"https:\/\/www.ruiqigo.com\/fi\/wp-json\/wp\/v2\/products?post=3392"}],"curies":[{"name":"wp","href":"https:\/\/api.w.org\/{rel}","templated":true}]}}