{"id":3400,"date":"2025-05-15T14:19:58","date_gmt":"2025-05-15T06:19:58","guid":{"rendered":"https:\/\/www.ruiqigo.com\/?post_type=product&#038;p=3400"},"modified":"2025-05-15T14:19:58","modified_gmt":"2025-05-15T06:19:58","slug":"brightening-ampoule","status":"publish","type":"product","link":"https:\/\/www.ruiqigo.com\/fi\/product\/brightening-ampoule","title":{"rendered":"Kirkastava ampulli"},"content":{"rendered":"<h2 class=\"wp-block-heading\">Kirkastavien ampullien valmistuksen yleiset kaavat<\/h2>\n\n\n\n<p>Kirkastava ampulli sis\u00e4lt\u00e4\u00e4 useita ihoa vaalentavia tekij\u00f6it\u00e4, kuten eritt\u00e4in puhdasta niasiiniamidia, traneksaamihappoa, arbutiinia ja natriumhyaluronaattia. Vakaan teknologian ja kehittyneiden prosessien avulla se auttaa vaalentamaan sameutta, kirkastamaan ihon s\u00e4vy\u00e4 ja tuomaan iholle kirkkaan ja l\u00e4pin\u00e4kyv\u00e4n tunteen.<\/p>\n\n\n\n<p>1. <strong>Niasiiniamidi:<\/strong> Niasiiniamidi on laajakirjoinen valkaiseva ainesosa, jolla on erinomaiset melaniinin kuljetuksen est\u00e4miseen liittyv\u00e4t ominaisuudet ja joka voi my\u00f6s parantaa ihon suojakerrosta. Se on mieto eik\u00e4 \u00e4rsyt\u00e4 ihoa ja on tehokas ainesosa erilaisten ihon sameusongelmien parantamiseen.<\/p>\n\n\n\n<p>2. <strong>Traneksaamihappo:<\/strong> Traneksaamihappo voi est\u00e4\u00e4 ultraviolettis\u00e4teiden aiheuttamaa pigmentaatiota, vaalentaa finnej\u00e4 ja aknearpia sek\u00e4 sill\u00e4 on tulehdusta est\u00e4vi\u00e4 vaikutuksia. Se sopii eritt\u00e4in hyvin herk\u00e4lle iholle. Se korjaa ihoa kirkastaen samalla ihon s\u00e4vy\u00e4 ja ehk\u00e4isten pigmentaatiota.<\/p>\n\n\n\n<p>3. <strong>Arbutiini: <\/strong>Arbutiini on turvallinen ja mieto valkaiseva ainesosa, joka voi tehokkaasti v\u00e4hent\u00e4\u00e4 melaniinin tuotantoa ja ehk\u00e4ist\u00e4 ihon sameutta est\u00e4m\u00e4ll\u00e4 tyrosinaasin aktiivisuutta. Se on eritt\u00e4in stabiili ja sopii pitk\u00e4aikaiseen k\u00e4ytt\u00f6\u00f6n. Se voi auttaa tasoittamaan ihon s\u00e4vy\u00e4 ja parantamaan ihon hehkua.<\/p>\n\n\n\n<p>4. <strong>Natriumhyaluronaatti: <\/strong>Klassisena kosteuttavana ainesosana natriumhyaluronaatti voi tehokkaasti lukita kosteuden, lis\u00e4t\u00e4 ihon kosteuspitoisuutta, parantaa valkaisevien ainesosien imeytymistehokkuutta ja ihon mukavuutta sek\u00e4 pit\u00e4\u00e4 ihon kosteutettuna samalla kirkastaen.<\/p>\n\n\n\n<p>5. <strong>Glutationi: <\/strong>Glutationi on voimakas antioksidantti, jota k\u00e4ytet\u00e4\u00e4n usein ihon valkaisussa melaniinin muodostumisen v\u00e4hent\u00e4miseksi. Se voi neutraloida vapaita radikaaleja, edist\u00e4\u00e4 solujen aineenvaihduntaa, auttaa ihoa s\u00e4teilem\u00e4\u00e4n valoa sis\u00e4lt\u00e4p\u00e4in ja hidastaa ihon ik\u00e4\u00e4ntymist\u00e4.<\/p>\n\n\n\n<h2 class=\"wp-block-heading\">Kirkastavan ampullin toiminnot<\/h2>\n\n\n\n<p>1. <strong>Korkean pitoisuuden omaava essenssi: <\/strong>Kirkastava ampulli k\u00e4ytt\u00e4\u00e4 tehokasta aktiiviuutetta sis\u00e4lt\u00e4v\u00e4\u00e4 koostumusta, joka imeytyy tehokkaasti ja saavuttaa nopeasti ihon syvyyksiin. Se voi parantaa samean ja v\u00e4syneen ihon s\u00e4vy\u00e4 lyhyess\u00e4 ajassa ja sopii ihon elvytt\u00e4miseen tai korjaavaan hoitoon.<\/p>\n\n\n\n<p>2. <strong>Sopii useille ihotyypeille:<\/strong> Kirkastava ampulli ei sis\u00e4ll\u00e4 \u00e4rsytt\u00e4vi\u00e4 ainesosia eik\u00e4 alkoholia, sill\u00e4 on virkist\u00e4v\u00e4 ja tahmaamaton koostumus, voimakas kosteuttava vaikutus ja se sopii kuivalle, rasvoittuvalle ja herk\u00e4lle iholle. Sit\u00e4 voidaan k\u00e4ytt\u00e4\u00e4 kaikkina vuodenaikoina.<\/p>\n\n\n\n<p>3. <strong>Puhdas ja kevyt koostumus: <\/strong>Kirkastava ampulli on koostumukseltaan l\u00e4pin\u00e4kyv\u00e4 ja puhdas. Se ei muutu valkoiseksi tai paksuunnu k\u00e4yt\u00f6n j\u00e4lkeen, eik\u00e4 siit\u00e4 irtoa helposti mutaa meikki\u00e4 levitett\u00e4ess\u00e4, mik\u00e4 ei vaikuta my\u00f6hemp\u00e4\u00e4n ihonhoitoon tai meikkiin.<\/p>\n\n\n\n<p>4. <strong>Sopii k\u00e4ytett\u00e4v\u00e4ksi useiden ihonhoitotuotteiden kanssa: <\/strong>Kirkastavaa ampullia voidaan k\u00e4ytt\u00e4\u00e4 yksin\u00e4\u00e4n tai yhdess\u00e4 kauneuslaitteiden, kuten kauneusinstrumenttien ja kylm\u00e4suihkeinstrumenttien, kanssa imeytymistehokkuuden parantamiseksi. Se sopii paitsi kotihoitoon my\u00f6s kauneushoitoloiden k\u00e4ytt\u00f6\u00f6n.<\/p>\n\n\n\n<h2 class=\"wp-block-heading\">Kirkastavan ampullin k\u00e4ytt\u00f6ohjeet<\/h2>\n\n\n\n<p>Kirkastava ampulli on helppok\u00e4ytt\u00f6inen ja sit\u00e4 suositellaan k\u00e4ytett\u00e4v\u00e4ksi kasvoveden j\u00e4lkeen ja ennen voidetta.<\/p>\n\n\n\n<p>1. Puhdistuksen j\u00e4lkeen k\u00e4yt\u00e4 kasvovett\u00e4 hoitamaan ihoasi.<\/p>\n\n\n\n<p>2. Avaa kirkastava ampulli ja tiputa voidetta k\u00e4mmenellesi tai levit\u00e4 sit\u00e4 suoraan kasvoillesi.<\/p>\n\n\n\n<p>3. Hiero ja taputtele hell\u00e4varaisesti sormenp\u00e4ill\u00e4si auttaaksesi ihoasi imeytym\u00e4\u00e4n.<\/p>\n\n\n\n<p>4. Imeytymisen j\u00e4lkeen k\u00e4yt\u00e4 kosteuttavaa ja kosteutta lukitsevaa voidetta tai kermaa.<\/p>\n\n\n\n<p><strong>Suositus: <\/strong>K\u00e4yt\u00e4 kerran aamulla ja kerran illalla.<\/p>\n\n\n\n<h2 class=\"wp-block-heading\">Varoitus<\/h2>\n\n\n\n<p>1. <strong>Tee ihokoe ennen ensimm\u00e4ist\u00e4 k\u00e4ytt\u00f6kertaa:<\/strong> Koska tiivistetyt ainesosat ovat eritt\u00e4in aktiivisia, on suositeltavaa, ett\u00e4 ensikertalaiset tekev\u00e4t ihotestin korvien takana tai leukalinjalla varmistaakseen, ettei ep\u00e4mukavuutta ole ennen k\u00e4ytt\u00f6\u00e4 koko kasvoille.<\/p>\n\n\n\n<p>2. <strong>V\u00e4lt\u00e4 k\u00e4ytt\u00f6\u00e4 vahvojen happojen kanssa: <\/strong>Kirkastava ampulli sis\u00e4lt\u00e4\u00e4 aktiivisia valkaisevia ainesosia. V\u00e4lt\u00e4 k\u00e4ytt\u00e4m\u00e4st\u00e4 hedelm\u00e4happo- tai A-happotuotteita ihon suojakerroksen kuormittumisen v\u00e4ltt\u00e4miseksi.<\/p>\n\n\n\n<p>3. <strong>Kiinnit\u00e4 huomiota aurinkosuojaan k\u00e4yt\u00f6n j\u00e4lkeen: <\/strong>Kirkastavat tuotteet voivat auttaa parantamaan ihon l\u00e4pin\u00e4kyvyytt\u00e4, mutta ne ovat my\u00f6s alttiimpia ultraviolettis\u00e4teille. K\u00e4yt\u00e4 korkeakerrointa aurinkovoidetta t\u00e4m\u00e4n tuotteen k\u00e4yt\u00f6n j\u00e4lkeen tummumisen v\u00e4ltt\u00e4miseksi.<\/p>\n\n\n\n<p>4. <strong>\u00c4l\u00e4 k\u00e4yt\u00e4 vaurioituneilla tai tulehtuneilla alueilla:<\/strong> Jos kasvoissa on selvi\u00e4 haavoja tai tulehduksia, v\u00e4lt\u00e4 tuotteen k\u00e4ytt\u00f6\u00e4 ep\u00e4mukavuuden v\u00e4ltt\u00e4miseksi tai toipumisen vaikuttamiseksi.<\/p>\n\n\n\n<p>5. <strong>S\u00e4ilyt\u00e4 pime\u00e4ss\u00e4 paikassa: <\/strong>Parhaan korjaustuloksen s\u00e4ilytt\u00e4miseksi s\u00e4ilyt\u00e4 t\u00e4t\u00e4 tuotetta viile\u00e4ss\u00e4, kuivassa ja valolta suojatussa paikassa.<\/p>\n\n\n\n<h2 class=\"wp-block-heading\">Johtop\u00e4\u00e4t\u00f6s<\/h2>\n\n\n\n<p>Kirkastava ampulli erottuu monista ihoa kirkastavista hoitotuotteista eritt\u00e4in aktiivisella koostumuksellaan ja tehokkaalla kirkastavalla vaikutuksellaan. Tuote yhdist\u00e4\u00e4 tieteellisesti tutkittuja ja hell\u00e4varaisia ainesosia varmistaakseen turvallisen k\u00e4yt\u00f6n ja vakaan tehon samalla parantaen k\u00e4ytt\u00e4j\u00e4n ihon tunnetta. K\u00e4ytettiinp\u00e4 sit\u00e4 sitten kirkastavana hoitoaineena p\u00e4ivitt\u00e4isess\u00e4 ihonhoidossa tai ihon kirkastusprojektina kauneushoitolassa, se on hyv\u00e4 valinta.<\/p>","protected":false},"excerpt":{"rendered":"Brightening Ampoule Manufacturing Common Formulas The brightening ampoule formula uses multiple skin-lightening factors such as high-purity niacinamide, tranexamic acid, arbutin and sodium hyaluronate. Through stable technology and mature processes, it helps to lighten dullness, brighten skin tone, and bring a bright and transparent feeling to the skin. 1. Niacinamide: Niacinamide is a broad-spectrum whitening ingredient [&hellip;]","protected":false},"featured_media":3401,"menu_order":0,"template":"","meta":[],"product-tag":[],"products":[171],"class_list":["post-3400","product","type-product","status-publish","has-post-thumbnail","hentry","products-ampoule"],"acf":[],"_links":{"self":[{"href":"https:\/\/www.ruiqigo.com\/fi\/wp-json\/wp\/v2\/product\/3400","targetHints":{"allow":["GET"]}}],"collection":[{"href":"https:\/\/www.ruiqigo.com\/fi\/wp-json\/wp\/v2\/product"}],"about":[{"href":"https:\/\/www.ruiqigo.com\/fi\/wp-json\/wp\/v2\/types\/product"}],"version-history":[{"count":0,"href":"https:\/\/www.ruiqigo.com\/fi\/wp-json\/wp\/v2\/product\/3400\/revisions"}],"wp:featuredmedia":[{"embeddable":true,"href":"https:\/\/www.ruiqigo.com\/fi\/wp-json\/wp\/v2\/media\/3401"}],"wp:attachment":[{"href":"https:\/\/www.ruiqigo.com\/fi\/wp-json\/wp\/v2\/media?parent=3400"}],"wp:term":[{"taxonomy":"product-tag","embeddable":true,"href":"https:\/\/www.ruiqigo.com\/fi\/wp-json\/wp\/v2\/product-tag?post=3400"},{"taxonomy":"products","embeddable":true,"href":"https:\/\/www.ruiqigo.com\/fi\/wp-json\/wp\/v2\/products?post=3400"}],"curies":[{"name":"wp","href":"https:\/\/api.w.org\/{rel}","templated":true}]}}