{"id":341,"date":"2024-07-05T21:27:41","date_gmt":"2024-07-05T13:27:41","guid":{"rendered":"https:\/\/ruiqigo.com\/?post_type=product&#038;p=341"},"modified":"2024-09-26T17:43:03","modified_gmt":"2024-09-26T09:43:03","slug":"vitamin-c-body-lotion","status":"publish","type":"product","link":"https:\/\/www.ruiqigo.com\/fi\/product\/vitamin-c-body-lotion","title":{"rendered":"C-vitamiini vartalovoide"},"content":{"rendered":"<h2 class=\"wp-block-heading\">C-vitamiinin vartaloemulsioiden valmistus Yleiset kaavat<\/h2>\n\n\n\n<p>T\u00e4m\u00e4n C-vitamiinivartaloemulsion p\u00e4\u00e4ainesosa on askorbiinihappo (C-vitamiini), joka on voimakas antioksidantti, joka neutraloi vapaita radikaaleja, parantaa sameutta ja pigmentaatiota sek\u00e4 palauttaa ihon hehkun. Lis\u00e4ksi kaava sis\u00e4lt\u00e4\u00e4 my\u00f6s jojobansiemen\u00f6ljy\u00e4 ja tokoferoleja ja muita ravitsevia ainesosia, voi syv\u00e4sti kosteuttaa ja ravitsea ihoa, parantaa ongelman kuivuutta ja karheutta, jolloin iho on pehme\u00e4 ja kosteutettu.<\/p>\n\n\n\n<h2 class=\"wp-block-heading\">C-vitamiinivartalovoide Soveltuvat skenaariot<\/h2>\n\n\n\n<p>Vitamin C Body Lotions on koko p\u00e4iv\u00e4n valkaiseva hoito, joka sopii t\u00e4ydellisesti niille, jotka haluavat vaalentaa ihoaan ja lis\u00e4t\u00e4 sen hehkua ihonhoidon avulla. Kuumina ja kuivina kes\u00e4kuukausina se kosteuttaa ihoa syv\u00e4sti ja parantaa kiiltoa, sameutta, kuivuutta ja karheutta. Kylmin\u00e4 ja kosteina talvikuukausina sen runsaat ravitsevat ainesosat ravitsevat ihoa ja lievitt\u00e4v\u00e4t kylm\u00e4n aiheuttamaa ep\u00e4mukavuutta. Tai meill\u00e4 on enemm\u00e4n <a href=\"https:\/\/www.ruiqigo.com\/fi\/products\/body-lotion\/\">vartalovoide<\/a> vaihtoehtoja, joista voit valita.<\/p>\n\n\n\n<h2 class=\"wp-block-heading\">Kenelle C-vitamiinivartalovoide sopii<\/h2>\n\n\n\n<p>C-vitamiini Body Lotions soveltuu kaiken ik\u00e4isille k\u00e4ytt\u00e4jille. Nuorten kohdalla se voi tehokkaasti parantaa ihon sameutta, karheutta ja muita ongelmia niin, ett\u00e4 iho saa takaisin kiiltonsa; keski-ik\u00e4isille ja vanhuksille se sis\u00e4lt\u00e4\u00e4 runsaasti ravitsevia ainesosia ik\u00e4\u00e4ntymisen aiheuttaman kuivuuden parantamiseksi, jolloin iho on pehme\u00e4 ja kosteutettu; Samalla se sopii my\u00f6s ulkoilusta kiinnostuneille, jotta iho nauttii aina t\u00e4yden valikoiman hoidosta. Jos sinulla on muita tarpeita, ota rohkeasti lis\u00e4tietoja 3TOPista <a href=\"https:\/\/www.ruiqigo.com\/fi\/products\/body-care\/\">vartalonhoito<\/a> tuotteita.<\/p>\n\n\n\n<h2 class=\"wp-block-heading\">C-vitamiinin vartaloemulsioiden valmistusprosessi<\/h2>\n\n\n\n<p>C-vitamiinin vartaloemulsioita tekee erikoisen sen ainutlaatuinen antioksidanttikoostumus ja edistynyt tuotantotekniikka. Valikoima eritt\u00e4in stabiileja C-vitamiinijohdannaisia neutraloi tehokkaasti vapaita radikaaleja ja edist\u00e4\u00e4 ihon kirkkautta ja korjausta. Tuotantoprosessissa k\u00e4ytet\u00e4\u00e4n matalan l\u00e4mp\u00f6tilan kylm\u00e4uuttoa ja happisulkuteknologiaa varmistamaan, ett\u00e4 C-vitamiinin aktiiviset ainesosat eiv\u00e4t tuhoudu, ja samalla integroidaan kosteuttavia ainesosia, kuten hyaluronihappoa, syv\u00e4ravitsemuksen saavuttamiseksi. Tiukka laadunvalvonta ja lis\u00e4aineeton koostumus takaavat tuotteen turvallisuuden ja tehokkuuden, joka sopii kaikille ihotyypeille. Jos haluat tiet\u00e4\u00e4 lis\u00e4\u00e4, tutustu aiheeseen <a href=\"https:\/\/www.ruiqigo.com\/fi\/body-lotion-manufacturer-elevating-skincare-standards.html\/\">vartalovoide <\/a>valmistustiedot.<\/p>","protected":false},"excerpt":{"rendered":"Vitamin C body lotion manufacturing Common Formulas The core ingredient of this Vitamin C Body Lotion is Ascorbic Acid (Vitamin C), a powerful antioxidant that neutralizes free radicals, improves dullness and pigmentation, and restores skin&#8217;s radiance. In addition, the formula also contains jojoba seed oil and tocopherols and other nourishing ingredients, can deeply hydrate and [&hellip;]","protected":false},"featured_media":342,"menu_order":0,"template":"","meta":[],"product-tag":[],"products":[56],"class_list":["post-341","product","type-product","status-publish","has-post-thumbnail","hentry","products-body-lotion"],"acf":[],"_links":{"self":[{"href":"https:\/\/www.ruiqigo.com\/fi\/wp-json\/wp\/v2\/product\/341","targetHints":{"allow":["GET"]}}],"collection":[{"href":"https:\/\/www.ruiqigo.com\/fi\/wp-json\/wp\/v2\/product"}],"about":[{"href":"https:\/\/www.ruiqigo.com\/fi\/wp-json\/wp\/v2\/types\/product"}],"version-history":[{"count":0,"href":"https:\/\/www.ruiqigo.com\/fi\/wp-json\/wp\/v2\/product\/341\/revisions"}],"wp:featuredmedia":[{"embeddable":true,"href":"https:\/\/www.ruiqigo.com\/fi\/wp-json\/wp\/v2\/media\/342"}],"wp:attachment":[{"href":"https:\/\/www.ruiqigo.com\/fi\/wp-json\/wp\/v2\/media?parent=341"}],"wp:term":[{"taxonomy":"product-tag","embeddable":true,"href":"https:\/\/www.ruiqigo.com\/fi\/wp-json\/wp\/v2\/product-tag?post=341"},{"taxonomy":"products","embeddable":true,"href":"https:\/\/www.ruiqigo.com\/fi\/wp-json\/wp\/v2\/products?post=341"}],"curies":[{"name":"wp","href":"https:\/\/api.w.org\/{rel}","templated":true}]}}