{"id":3453,"date":"2025-05-21T10:12:35","date_gmt":"2025-05-21T02:12:35","guid":{"rendered":"https:\/\/www.ruiqigo.com\/?post_type=product&#038;p=3453"},"modified":"2025-05-21T10:12:35","modified_gmt":"2025-05-21T02:12:35","slug":"oral-care-kit","status":"publish","type":"product","link":"https:\/\/www.ruiqigo.com\/fi\/product\/oral-care-kit","title":{"rendered":"Suunhoitosetti"},"content":{"rendered":"<h2 class=\"wp-block-heading\">Suunhoitosetin ominaisuudet<\/h2>\n\n\n\n<p>Suunhoitosarja sis\u00e4lt\u00e4\u00e4 erilaisia suun peruspuhdistusv\u00e4lineit\u00e4, kuten hammasharjat, hammastahnan, hammaslangan jne. Yhdistelm\u00e4 on k\u00e4yt\u00e4nn\u00f6llinen ja t\u00e4ytt\u00e4\u00e4 p\u00e4ivitt\u00e4iset kattavat suunhoitotarpeet. Kaikki komponentit on valmistettu elintarvikelaatuisista tai l\u00e4\u00e4ketieteellisist\u00e4 turvallisuusmateriaaleista, jotka ovat hygieenisi\u00e4 ja terveellisi\u00e4 ja sopivat pitk\u00e4aikaiseen k\u00e4ytt\u00f6\u00f6n. Pakkaus on itsen\u00e4inen ja k\u00e4tev\u00e4 s\u00e4ilytt\u00e4\u00e4.<\/p>\n\n\n\n<p><strong>1. Erilaisten suunhoitov\u00e4lineiden yhdistelm\u00e4: <\/strong>Yleisi\u00e4 kokoonpanoja ovat hammasharjat, hammastahna, hammaslanka, suuvesi, kielikaavin jne. Joitakin settej\u00e4 voidaan my\u00f6s r\u00e4\u00e4t\u00e4l\u00f6id\u00e4 lis\u00e4\u00e4m\u00e4ll\u00e4 lis\u00e4varusteita, kuten hammastarroja ja hampaidenpuhdistusgeeli\u00e4.<\/p>\n\n\n\n<p><strong>2. Kannettava pakkaus: <\/strong>Suunhoitopakkauksissa k\u00e4ytet\u00e4\u00e4n yleens\u00e4 kannettavia laukkuja, suljettuja laukkuja tai itsen\u00e4isi\u00e4 pakkauksia, jotka ovat k\u00e4tevi\u00e4 matkustamiseen, ty\u00f6matkoille tai sairaalahoitoon.<\/p>\n\n\n\n<p><strong>3. Sopeutuu erilaisiin suunhoidon tarpeisiin: <\/strong>Tarjolla on monia ty\u00f6kaluja. Olipa kyseess\u00e4 sitten yksinkertainen suunhoito tai syv\u00e4puhdistus, suunhoitopakkaukset voivat tarjota sinulle hyv\u00e4n kokemuksen.<\/p>\n\n\n\n<p><strong>4. Turvallisuus ja hygienia:<\/strong> Kaikki hoitotarvikkeet ovat kertak\u00e4ytt\u00f6isi\u00e4 tai uudelleenk\u00e4ytett\u00e4vi\u00e4, mutta helposti puhdistettavista materiaaleista valmistettuja, turvallisia ja hygieenisi\u00e4, ja ne t\u00e4ytt\u00e4v\u00e4t l\u00e4\u00e4ketieteellisen tai henkil\u00f6kohtaisen hoidon standardit ja vaatimukset.<\/p>\n\n\n\n<h2 class=\"wp-block-heading\">Suunhoitosetin edut<\/h2>\n\n\n\n<p>Suunhoitosarja mahdollistaa huolellisen puhdistuksen ammattimaisen sovituksen avulla peitt\u00e4m\u00e4ll\u00e4 hampaat, hammasv\u00e4lit, kielen peitteen ja suun sokeat kohdat. Se on eritt\u00e4in kannettava, k\u00e4yt\u00e4nn\u00f6llinen ja hygieeninen, sopii p\u00e4ivitt\u00e4iseen k\u00e4ytt\u00f6\u00f6n ja helppoon mukana kuljetettavaksi. Kokonaissuunnittelussa on otettu huomioon sek\u00e4 toiminnallisuus ett\u00e4 k\u00e4ytt\u00f6kokemus, mink\u00e4 ansiosta k\u00e4ytt\u00e4j\u00e4t voivat saavuttaa korkealaatuista suunhoitoa yksinkertaisella k\u00e4yt\u00f6ll\u00e4.<\/p>\n\n\n\n<p><strong>1. Yksi suuhygieniasetti: <\/strong>Suunhoitosetti tarjoaa perus- ja t\u00e4ydelliset suunhoitotarvikkeet, mik\u00e4 s\u00e4\u00e4st\u00e4\u00e4 aikaa ostoksilla ja on eritt\u00e4in tehokas.<\/p>\n\n\n\n<p><strong>2. Helppo kantaa:<\/strong> Sit\u00e4 on helppo kuljettaa mukana ty\u00f6matkoilla, matkoilla, sairaalahoidossa, ulkoiluaktiviteeteissa jne., jotta suuhygieniasi pysyy hyv\u00e4n\u00e4 koko ajan ja saat t\u00e4ydellisen suunhoitoratkaisun.<\/p>\n\n\n\n<p><strong>3. Kustannuss\u00e4\u00e4st\u00f6t: <\/strong>Verrattuna perinteiseen useiden hoitoty\u00f6kalujen ostamiseen erikseen, koko sarjan hinta on kustannustehokkaampi, kustannukset ovat alhaisemmat ja se on kustannustehokkaampaa.<\/p>\n\n\n\n<p><strong>4. Auttaa kehitt\u00e4m\u00e4\u00e4n hyvi\u00e4 suunhoitotottumuksia:<\/strong> Integroidun suunhoitov\u00e4lineyhdistelm\u00e4n avulla k\u00e4ytt\u00e4j\u00e4t voivat inspiroida p\u00e4ivitt\u00e4isten suunhoitotottumusten luomista ja edist\u00e4\u00e4 suuhygieniaa ja terveytt\u00e4.<\/p>\n\n\n\n<h2 class=\"wp-block-heading\">Suunhoitopakkauksen kohderyhm\u00e4<\/h2>\n\n\n\n<p>Suunhoitosarja on konfiguroitu eri tavoin eri ik\u00e4ryhmille ja hoitotarpeille. Lasten versio korostaa turvallisuutta ja hell\u00e4varaisuutta, kun taas aikuisten versio keskittyy puhdistustehoon ja hengityksen hallintaan. Lis\u00e4ksi t\u00e4t\u00e4 tuotetta voidaan soveltaa my\u00f6s hammasrautojen k\u00e4ytt\u00e4jille, leikkauksen j\u00e4lkeisille hoitajille jne., joten se on harkittu valinta kaikenlaisille k\u00e4ytt\u00e4jille.<\/p>\n\n\n\n<p><strong>1. P\u00e4ivitt\u00e4ist\u00e4 suunhoitoa tarvitsevat ihmiset:<\/strong> Kaikenik\u00e4iset ihmiset, jotka tarvitsevat p\u00e4ivitt\u00e4ist\u00e4 suunhoitoa ja huolehtivat suun terveydest\u00e4.<\/p>\n\n\n\n<p><strong>2. Lapset ja nuoret: <\/strong>Mallit, jotka on suunniteltu erityisesti lasten ja nuorten herkille ikenille suun terveyden varmistamiseksi.<\/p>\n\n\n\n<p><strong>3. Oikomisl\u00e4\u00e4k\u00e4rit: <\/strong>Varustettu hammasv\u00e4liharjoilla ja hammaslangalla, sopii henkil\u00f6ille, joille tehd\u00e4\u00e4n suun korjaustoimenpiteit\u00e4 ja jotka k\u00e4ytt\u00e4v\u00e4t oikomishoitoa.<\/p>\n\n\n\n<p><strong>4. Liikematkailijat: <\/strong>Voit ottaa mukaan kannettavan suunhoitosarjan ty\u00f6matkoille.<\/p>\n\n\n\n<h2 class=\"wp-block-heading\">Suunhoitopakkauksen sovellukset<\/h2>\n\n\n\n<p>Suunhoitosarja sopii useisiin el\u00e4m\u00e4n ja ty\u00f6n tilanteisiin, kuten p\u00e4ivitt\u00e4iseen k\u00e4ytt\u00f6\u00f6n kotona, ty\u00f6matkoille, l\u00e4\u00e4ketieteellisiin hoitosarjoihin jne.<\/p>\n\n\n\n<p><strong>1. Kotihoito suun kautta: <\/strong>K\u00e4yt\u00e4 sit\u00e4 joka aamu ja ilta hyvien suunhoitotottumusten kehitt\u00e4miseksi.<\/p>\n\n\n\n<p><strong>2. Matka- ja ty\u00f6matkan v\u00e4ltt\u00e4m\u00e4tt\u00f6myydet: <\/strong>helppo kuljettaa mukana, v\u00e4ltt\u00e4m\u00e4t\u00f6n matkoilla.<\/p>\n\n\n\n<p><strong>3. L\u00e4\u00e4kint\u00e4pakkaus: <\/strong>Se voi auttaa suuontelon puhdistamisessa leikkauksen j\u00e4lkeisen hoidon tai sairaalahoidon aikana bakteeri-infektioiden ehk\u00e4isemiseksi.<\/p>\n\n\n\n<p><strong>4. Liikelahjat:<\/strong> K\u00e4ytet\u00e4\u00e4n usein yritystoiminnassa terveys- ja l\u00e4\u00e4keteollisuudessa.<\/p>\n\n\n\n<p><strong>5. H\u00e4t\u00e4pakkauksen kokoonpano: <\/strong>Huolehdi perussuuhygieniasta pelastustoimien tai ulkoseikkailujen aikana.<\/p>\n\n\n\n<h2 class=\"wp-block-heading\">Suunhoitosarjan k\u00e4ytt\u00f6ohjeet<\/h2>\n\n\n\n<p>Suunhoitosarja on eritt\u00e4in helppo ja intuitiivinen k\u00e4ytt\u00e4\u00e4. K\u00e4ytt\u00e4j\u00e4t voivat puhdistaa suun sis\u00e4puolen p\u00e4ivitt\u00e4isen suunhoitoprosessin mukaisesti t\u00e4yden hoitoprosessin suorittamiseksi.<\/p>\n\n\n\n<p><strong>1. Harjaa hampaasi kerran aamulla ja kerran illalla: <\/strong>Ota esiin hammasharja ja hammastahna, purista siit\u00e4 herneen kokoinen m\u00e4\u00e4r\u00e4 hammastahnaa, harjaa hampaita eri kohdista 2\u20133 minuuttia ja huuhtele suusi harjauksen j\u00e4lkeen.<\/p>\n\n\n\n<p><strong>2. K\u00e4yt\u00e4 hammaslankaa tai hammaslangan tikkua: <\/strong>Ty\u00f6nn\u00e4 se varovasti hammasv\u00e4leihin ja ved\u00e4 sit\u00e4 hitaasti edestakaisin poistaaksesi hammasplakin.<\/p>\n\n\n\n<p><strong>3. K\u00e4yt\u00e4 hammasv\u00e4liharjoja (tarvittaessa): <\/strong>Aseta se hammasv\u00e4leihin puhdistaaksesi j\u00e4\u00e4mi\u00e4 suuremmista kohdista, mik\u00e4 sopii oikomishoitoa saaville tai niille, joilla on leve\u00e4t hammasv\u00e4lit.<\/p>\n\n\n\n<p><strong>4. Puhdista kielen pinta kielikaapimella (tarvittaessa): <\/strong>Raavi likaa varovasti kielen pinnalta sis\u00e4lt\u00e4 ulosp\u00e4in raikastaaksesi hengityst\u00e4.<\/p>\n\n\n\n<p><strong>5. K\u00e4yt\u00e4 suuvett\u00e4: <\/strong>Kaada sopiva m\u00e4\u00e4r\u00e4 suuvett\u00e4, kurlaa 30 sekuntia ja sylje se pois. Ei tarvitse huuhdella vedell\u00e4.<\/p>\n\n\n\n<p><strong>Suositus: <\/strong>Vaihda s\u00e4\u00e4nn\u00f6llisesti kertak\u00e4ytt\u00f6iset tai helposti kuluvat tarvikkeet, kuten hammasharjat ja hammaslanka, suuhygieniasarjasta.<\/p>\n\n\n\n<h2 class=\"wp-block-heading\">Johtop\u00e4\u00e4t\u00f6s<\/h2>\n\n\n\n<p>Kiihtyv\u00e4n el\u00e4m\u00e4ntahdin ja terveystietoisuuden lis\u00e4\u00e4ntymisen my\u00f6t\u00e4 suunhoito ei en\u00e4\u00e4 rajoitu kylpyhuoneeseen, vaan siit\u00e4 on tullut t\u00e4rke\u00e4 osa jokap\u00e4iv\u00e4ist\u00e4 el\u00e4m\u00e4\u00e4. Suunhoitosetin moniskenaariollinen sovellettavuus ei ainoastaan lis\u00e4\u00e4 suunhoitotuotteiden k\u00e4ytt\u00f6tiheytt\u00e4, vaan tarjoaa k\u00e4ytt\u00e4jille my\u00f6s suuhygienian suojaa eri tilanteissa. Se on ihanteellinen valinta, jossa otetaan huomioon sek\u00e4 k\u00e4yt\u00e4nn\u00f6llisyys ett\u00e4 imago.<\/p>","protected":false},"excerpt":{"rendered":"Oral Care Kit Features The oral care kit integrates a variety of basic oral cleaning tools, including toothbrushes, toothpaste, dental floss, etc. The combination is practical and can meet the daily comprehensive oral care needs. All components are supported by food-grade or medical safety materials, which are hygienic and healthy and suitable for long-term use. [&hellip;]","protected":false},"featured_media":3454,"menu_order":0,"template":"","meta":[],"product-tag":[],"products":[160],"class_list":["post-3453","product","type-product","status-publish","has-post-thumbnail","hentry","products-oral-care-kit"],"acf":[],"_links":{"self":[{"href":"https:\/\/www.ruiqigo.com\/fi\/wp-json\/wp\/v2\/product\/3453","targetHints":{"allow":["GET"]}}],"collection":[{"href":"https:\/\/www.ruiqigo.com\/fi\/wp-json\/wp\/v2\/product"}],"about":[{"href":"https:\/\/www.ruiqigo.com\/fi\/wp-json\/wp\/v2\/types\/product"}],"version-history":[{"count":0,"href":"https:\/\/www.ruiqigo.com\/fi\/wp-json\/wp\/v2\/product\/3453\/revisions"}],"wp:featuredmedia":[{"embeddable":true,"href":"https:\/\/www.ruiqigo.com\/fi\/wp-json\/wp\/v2\/media\/3454"}],"wp:attachment":[{"href":"https:\/\/www.ruiqigo.com\/fi\/wp-json\/wp\/v2\/media?parent=3453"}],"wp:term":[{"taxonomy":"product-tag","embeddable":true,"href":"https:\/\/www.ruiqigo.com\/fi\/wp-json\/wp\/v2\/product-tag?post=3453"},{"taxonomy":"products","embeddable":true,"href":"https:\/\/www.ruiqigo.com\/fi\/wp-json\/wp\/v2\/products?post=3453"}],"curies":[{"name":"wp","href":"https:\/\/api.w.org\/{rel}","templated":true}]}}