{"id":346,"date":"2024-07-08T10:40:04","date_gmt":"2024-07-08T02:40:04","guid":{"rendered":"https:\/\/ruiqigo.com\/?post_type=product&#038;p=346"},"modified":"2024-09-26T17:42:19","modified_gmt":"2024-09-26T09:42:19","slug":"hyaluronic-acid-body-lotion","status":"publish","type":"product","link":"https:\/\/www.ruiqigo.com\/fi\/product\/hyaluronic-acid-body-lotion","title":{"rendered":"Hyaluronihappovartalovoide"},"content":{"rendered":"<h3 class=\"wp-block-heading\">Hyaluronihappovartaloemulsioiden valmistuksen yleiset kaavat<\/h3>\n\n\n\n<p>T\u00e4m\u00e4n hyaluronihappovartalovoiteen ydinainesosa on natriumhyaluronaatti, luonnollinen polymeeripolysakkaridi, jolla on erinomaiset kosteuttavat ominaisuudet. Se tunkeutuu nopeasti ihon l\u00e4pi muodostaen suojakalvon ihon sis\u00e4kerrokseen, pitk\u00e4kestoisen lukkokosteuden, jolloin iho on aina t\u00e4ynn\u00e4 joustavuutta ja kosteutusta. Samaan aikaan kaava sis\u00e4lt\u00e4\u00e4 my\u00f6s glyseriini\u00e4 ja muita ravitsevia ainesosia, voi syv\u00e4sti kosteuttaa ja ravitsea ihoa, parantaa ongelman kuivuutta ja karheutta.<\/p>\n\n\n\n<h3 class=\"wp-block-heading\">Hyaluronihappovartalovoide Soveltuvat skenaariot<\/h3>\n\n\n\n<p>T\u00e4m\u00e4 hyaluronihappovartalovoide on koko p\u00e4iv\u00e4n kest\u00e4v\u00e4 hoito syv\u00e4kosteuttamiseen ja pitk\u00e4kestoiseen kosteutukseen. Kuumina ja kuivina kes\u00e4kuukausina se t\u00e4ydent\u00e4\u00e4 nopeasti kosteutta pit\u00e4\u00e4kseen ihon kosteana ja t\u00e4ytel\u00e4isen\u00e4, kun taas kylmin\u00e4, m\u00e4rkin\u00e4 talvikuukausina sen runsaat ravitsevat ainesosat ravitsevat ihoa ja v\u00e4hent\u00e4v\u00e4t kylm\u00e4n aiheuttaman kuivuuden aiheuttamaa ep\u00e4mukavuutta. Riippumatta siit\u00e4, miss\u00e4 ilmastossa olet, t\u00e4m\u00e4 voide antaa sinulle t\u00e4ydellisen ihonhoidon. Tai meill\u00e4 on enemm\u00e4n <a href=\"https:\/\/www.ruiqigo.com\/fi\/products\/body-lotion\/\">vartalovoide<\/a> vaihtoehtoja, joista voit valita.<\/p>\n\n\n\n<h3 class=\"wp-block-heading\">Kenelle Hyaluronihappovartalovoiteet sopivat<\/h3>\n\n\n\n<p>Hyaluronihappovartaloemulsio on tarkoitettu niille, jotka etsiv\u00e4t syv\u00e4\u00e4 ja pitk\u00e4kestoista kosteutusta. Se sopii erityisen hyvin kuivalle tai ik\u00e4\u00e4ntyv\u00e4lle iholle, koska hyaluronihappo houkuttelee ja s\u00e4ilytt\u00e4\u00e4 suuria m\u00e4\u00e4ri\u00e4 kosteutta v\u00e4hent\u00e4en n\u00e4in kuivuutta ja kireytt\u00e4. T\u00e4m\u00e4 voide on my\u00f6s ihanteellinen valinta henkil\u00f6ille, jotka haluavat parantaa ihonsa joustavuutta ja joustavuutta. Jos sinulla on muita tarpeita, ota rohkeasti lis\u00e4tietoja 3TOPista <a href=\"https:\/\/www.ruiqigo.com\/fi\/products\/body-care\/\">vartalonhoito<\/a> tuotteita.<\/p>\n\n\n\n<h3 class=\"wp-block-heading\">Hyaluronihappovartalovoiteen valmistusprosessi<\/h3>\n\n\n\n<p>Hyaluronihappovartalovoiteiden tuotantoerikoisuuksia ovat sen ainutlaatuinen kaava ja hieno valmistusprosessi. Eritt\u00e4in puhdasta hyaluronihappoa k\u00e4ytet\u00e4\u00e4n varmistamaan sen nopea tunkeutuminen ja syv\u00e4kosteuttava vaikutus ihoon edistyneen molekyylileikkaustekniikan avulla. pH:ta ja l\u00e4mp\u00f6tilaa valvotaan tiukasti tuotantoprosessin aikana hyaluronihapon stabiilisuuden ja aktiivisuuden yll\u00e4pit\u00e4miseksi. Lis\u00e4ksi ei ole lis\u00e4tty tuoksuja ja alkoholia, mik\u00e4 v\u00e4hent\u00e4\u00e4 ep\u00e4mukavuuden riski\u00e4, joka voi aiheuttaa herkk\u00e4\u00e4 ihoa. Jos haluat tiet\u00e4\u00e4 lis\u00e4\u00e4, tutustu aiheeseen <a href=\"https:\/\/www.ruiqigo.com\/fi\/body-lotion-manufacturer-elevating-skincare-standards.html\/\">vartalovoide<\/a> valmistustiedot.<\/p>","protected":false},"excerpt":{"rendered":"Hyaluronic acid body lotion manufacturing Common Formulas The core ingredient of this hyaluronic acid body lotion is sodium hyaluronate, a natural polymer polysaccharide with excellent moisturizing properties. It can quickly penetrate the skin, forming a protective film in the inner layer of the skin, long-lasting lock moisture, so that the skin is always full of [&hellip;]","protected":false},"featured_media":440,"menu_order":0,"template":"","meta":[],"product-tag":[],"products":[56],"class_list":["post-346","product","type-product","status-publish","has-post-thumbnail","hentry","products-body-lotion"],"acf":[],"_links":{"self":[{"href":"https:\/\/www.ruiqigo.com\/fi\/wp-json\/wp\/v2\/product\/346","targetHints":{"allow":["GET"]}}],"collection":[{"href":"https:\/\/www.ruiqigo.com\/fi\/wp-json\/wp\/v2\/product"}],"about":[{"href":"https:\/\/www.ruiqigo.com\/fi\/wp-json\/wp\/v2\/types\/product"}],"version-history":[{"count":0,"href":"https:\/\/www.ruiqigo.com\/fi\/wp-json\/wp\/v2\/product\/346\/revisions"}],"wp:featuredmedia":[{"embeddable":true,"href":"https:\/\/www.ruiqigo.com\/fi\/wp-json\/wp\/v2\/media\/440"}],"wp:attachment":[{"href":"https:\/\/www.ruiqigo.com\/fi\/wp-json\/wp\/v2\/media?parent=346"}],"wp:term":[{"taxonomy":"product-tag","embeddable":true,"href":"https:\/\/www.ruiqigo.com\/fi\/wp-json\/wp\/v2\/product-tag?post=346"},{"taxonomy":"products","embeddable":true,"href":"https:\/\/www.ruiqigo.com\/fi\/wp-json\/wp\/v2\/products?post=346"}],"curies":[{"name":"wp","href":"https:\/\/api.w.org\/{rel}","templated":true}]}}