{"id":3463,"date":"2025-05-21T15:46:41","date_gmt":"2025-05-21T07:46:41","guid":{"rendered":"https:\/\/www.ruiqigo.com\/?post_type=product&#038;p=3463"},"modified":"2025-05-21T15:46:41","modified_gmt":"2025-05-21T07:46:41","slug":"natural-hair-mousse","status":"publish","type":"product","link":"https:\/\/www.ruiqigo.com\/fi\/product\/natural-hair-mousse","title":{"rendered":"Luonnollinen hiusvaahto"},"content":{"rendered":"<h2 class=\"wp-block-heading\">Luonnollisten hiusvaahtojen valmistuksen yleiset kaavat<\/h2>\n\n\n\n<p>3TOPin natural on sitoutunut valitsemaan turvallisia, hell\u00e4varaisia ja tehokkaita kasviper\u00e4isi\u00e4 ainesosia, jotka eiv\u00e4t sis\u00e4ll\u00e4 silikoni\u00f6ljy\u00e4, synteettisi\u00e4 hajusteita jne., suojellakseen hiusten ja p\u00e4\u00e4nahan terveytt\u00e4 muotoilun aikana. Luonnollisten hiusvaahtojen yleinen koostumus sis\u00e4lt\u00e4\u00e4 erilaisia kasviper\u00e4isi\u00e4 aktiiviaineita, joilla on korjaavia, ravitsevia ja antioksidatiivisia ominaisuuksia, auttaen k\u00e4ytt\u00e4ji\u00e4 luomaan virkist\u00e4v\u00e4n ja luonnollisen ilmeen ja parantamaan hiusten kest\u00e4vyytt\u00e4.<\/p>\n\n\n\n<p><strong>1. Ksantaanikumi: <\/strong>Ksantaanikumi uutetaan kasvifermentaatiosta ja se voi antaa hiuksille kevytt\u00e4 tai kohtalaista muotoilutehoa, lis\u00e4t\u00e4 niiden kimmoisuutta ja p\u00f6rr\u00f6isyytt\u00e4.<\/p>\n\n\n\n<p><strong>2. Kookos\u00f6ljy: <\/strong>Kookos\u00f6ljy on runsaasti keskipitk\u00e4ketjuisia rasvahappoja, kuten lauriinihappoa, jotka voivat tunkeutua syv\u00e4lle hiussuomuun, korjata vaurioituneita hiussuomuja, est\u00e4\u00e4 proteiinin menetyst\u00e4 ja tehd\u00e4 hiuksista sile\u00e4t ja vahvat.<\/p>\n\n\n\n<p><strong>3. Glyseriini: <\/strong>Glyseriini on luonnollinen kosteuttaja, joka imee kosteutta ilmasta ja lukitsee sen hiuksiin, auttaen est\u00e4m\u00e4\u00e4n hiusten kuivumista ja yll\u00e4pit\u00e4m\u00e4\u00e4n vaahdon pehme\u00e4\u00e4 rakennetta ja hiusten kimmoisuutta.<\/p>\n\n\n\n<p><strong>4. Aloe vera -mehu: <\/strong>Aloe vera -mehu on my\u00f6s luonnollinen kosteuttaja, joka rauhoittaa p\u00e4\u00e4nahkaa, v\u00e4hent\u00e4\u00e4 punoitusta ja kutinaa sek\u00e4 korjaa vaurioituneita hiuksia. Samalla se voi auttaa lukitsemaan kosteuden ja pit\u00e4m\u00e4\u00e4n hiukset pehmein\u00e4 muotoilun aikana.<\/p>\n\n\n\n<p><strong>5. Sheavoi: <\/strong>Sheavoi on runsaasti rasvahappoja ja E-vitamiinia sis\u00e4lt\u00e4v\u00e4, ja sill\u00e4 on voimakkaita kosteuttavia ja antioksidanttisia ominaisuuksia. Se voi muodostaa luonnollisen suojan hiusten pinnalle, suojata hiuksia kuumien ty\u00f6kalujen aiheuttamilta vaurioilta ja tehokkaasti hillit\u00e4 p\u00f6rr\u00f6isyytt\u00e4 ja staattista s\u00e4hk\u00f6\u00e4.<\/p>\n\n\n\n<h2 class=\"wp-block-heading\">Luonnollisen hiusvaahdon toiminnot<\/h2>\n\n\n\n<p>Luonnollinen hiusvaahto noudattaa &quot;keveyden ja monitehoisuuden&quot; periaatetta ja on suunniteltu luonnolliseen hiusten muotoiluun ja hoitoon. Olivatpa kyseess\u00e4 suorat, kiharat, lyhyet tai pitk\u00e4t hiukset, voit luoda ihanteellisen kampauksen ja samalla huolehtia hiustesi yleisest\u00e4 terveydest\u00e4.<\/p>\n\n\n\n<p><strong>1. Vahva kiinnitysvoima: <\/strong>Kasvien aktiivisuuteen ja mietoon polymeerien vaikutuksesta joustava kiinnitys on luonnollisempi, ei j\u00e4ykk\u00e4 tai m\u00f6ykkyinen, ja sopii p\u00e4ivitt\u00e4iseen muotoiluun ja luonnollisten kiharoiden muokkaamiseen.<\/p>\n\n\n\n<p><strong>2. Kevyt koostumus:<\/strong> Luonnollisessa hiusvaahdossa on hienojakoista ja tasaista vaahtoa, se on kevyt k\u00e4dess\u00e4, imeytyy nopeasti hiuskuituun, ei tuki ihohuokosia, ei j\u00e4t\u00e4 paakkuja ja sopii koko p\u00e4iv\u00e4n k\u00e4ytt\u00f6\u00f6n.<\/p>\n\n\n\n<p><strong>3. Lukitse kosteus ja kosteutta, ehk\u00e4isee p\u00f6rr\u00f6isyytt\u00e4:<\/strong> Luonnollinen hiusvaahto lis\u00e4\u00e4 useita luonnollisia kosteuttavia ainesosia muodostaen hiusten ulkopuolelle n\u00e4kym\u00e4tt\u00f6m\u00e4n vesikalvon, joka torjuu tehokkaasti staattista s\u00e4hk\u00f6\u00e4, kuivuutta ja p\u00f6rr\u00f6isyytt\u00e4 tehden hiuksista pehme\u00e4t, kiilt\u00e4v\u00e4t ja sile\u00e4t.<\/p>\n\n\n\n<p><strong>4. Ihoyst\u00e4v\u00e4llinen ja ei \u00e4rsyt\u00e4 ihoa:<\/strong> Se ei sis\u00e4ll\u00e4 alkoholia, keinotekoisia hajusteita, yleisi\u00e4 allergeeneja s\u00e4il\u00f6nt\u00e4aineita jne. Se auttaa ehk\u00e4isem\u00e4\u00e4n p\u00e4\u00e4nahan punoitusta ja hilseily\u00e4, ja herk\u00e4t ihmiset voivat k\u00e4ytt\u00e4\u00e4 sit\u00e4 huoletta.<\/p>\n\n\n\n<p><strong>5. Ei j\u00e4\u00e4mi\u00e4, helppo huuhdella: <\/strong>Luonnollinen hiusvaahto ei tartu helposti p\u00e4\u00e4nahkaan ja hiussuomuun, ja se on helppo poistaa shampoopesun j\u00e4lkeen, joten voit pit\u00e4\u00e4 hiuksesi raikkaina ja taakottamattomina ilman voimakkaita puhdistusaineita.<\/p>\n\n\n\n<h2 class=\"wp-block-heading\">Kuinka k\u00e4ytt\u00e4\u00e4 luonnollista hiusvaahtoa<\/h2>\n\n\n\n<p>Luonnollisen hiusvaahdon k\u00e4ytt\u00f6 on eritt\u00e4in helppoa. Noudata vain alla olevia ohjeita shampoopesun j\u00e4lkeen.<\/p>\n\n\n\n<p><strong>1. Pese hiuksesi: <\/strong>K\u00e4yt\u00e4 mietoa, \u00e4rsytt\u00e4m\u00e4t\u00f6nt\u00e4 shampoota hiusten pesuun ja varmista, ett\u00e4 ne ovat puhtaat ja rasvattomat.<\/p>\n\n\n\n<p><strong>2. Kuivaa hiuksesi: <\/strong>Kuivaa hiuksesi varovasti kuivalla pyyhkeell\u00e4, j\u00e4tt\u00e4en ne hieman kosteiksi.<\/p>\n\n\n\n<p><strong>3. K\u00e4yt\u00e4 tuotetta: <\/strong>Ravista moussepulloa hyvin ja suihkuta sopiva m\u00e4\u00e4r\u00e4 vaahtoa (noin kananmunan kokoinen) k\u00e4siisi.<\/p>\n\n\n\n<p><strong>4. Levit\u00e4 tasaisesti:<\/strong> Levit\u00e4 vaahtoa tasaisesti hiuksiin tyvest\u00e4 latvoihin varmistaen, ett\u00e4 kaikki osat peittyv\u00e4t.<\/p>\n\n\n\n<p><strong>5. Tyyli: <\/strong>K\u00e4yt\u00e4 hiustenkuivaajaa tai anna kuivua ilmassa viimeistell\u00e4ksesi tyylin tarpeen mukaan.<\/p>\n\n\n\n<h2 class=\"wp-block-heading\">Varoitus<\/h2>\n\n\n\n<p><strong>1. Allergiatesti:<\/strong> Ennen ensimm\u00e4ist\u00e4 k\u00e4ytt\u00f6kertaa testaa pienell\u00e4 alueella korvan takana tai ranteen sis\u00e4puolella varmistaaksesi, ettei ole allergista reaktiota.<\/p>\n\n\n\n<p><strong>2. V\u00e4lt\u00e4 liiallista k\u00e4ytt\u00f6\u00e4: <\/strong>Liiallinen luonnollisen hiusvaahdon k\u00e4ytt\u00f6 voi tehd\u00e4 hiuksista raskaat ja vaikuttaa niiden luonnolliseen, p\u00f6rr\u00f6iseen tunteeseen.<\/p>\n\n\n\n<p><strong>3. V\u00e4lt\u00e4 kosketusta silmiin:<\/strong> V\u00e4lt\u00e4 kosketusta silmiin k\u00e4yt\u00f6n aikana. Jos ainetta joutuu vahingossa silmiin, huuhtele ne v\u00e4litt\u00f6m\u00e4sti puhtaalla vedell\u00e4.<\/p>\n\n\n\n<p><strong>4. Pid\u00e4 poissa lasten ulottuvilta: <\/strong>Pid\u00e4 tuote poissa lasten ulottuvilta v\u00e4\u00e4rink\u00e4yt\u00f6n v\u00e4ltt\u00e4miseksi.<\/p>\n\n\n\n<p><strong>5. S\u00e4ilyt\u00e4 viile\u00e4ss\u00e4 paikassa:<\/strong> S\u00e4ilyt\u00e4 t\u00e4t\u00e4 tuotetta paikassa, joka on suojassa suoralta auringonvalolta ja korkeilta l\u00e4mp\u00f6tiloilta turvallisuusriskien v\u00e4ltt\u00e4miseksi.<\/p>\n\n\n\n<h2 class=\"wp-block-heading\">Johtop\u00e4\u00e4t\u00f6s<\/h2>\n\n\n\n<p>Luonnollisista hiusvaahdoista on tullut ihanteellinen hiustenmuotoilutuote kuluttajille luonnollisten ainesosiensa, erinomaisen muotoiluvaikutuksensa ja monien hoitavien hy\u00f6tyjens\u00e4 ansiosta. Olipa kyseess\u00e4 sitten p\u00e4ivitt\u00e4inen k\u00e4ytt\u00f6 tai ammattimainen muotoilu, se voi tarjota k\u00e4ytt\u00e4jille terveellisen, luonnollisen ja kest\u00e4v\u00e4n hiustenmuotoilukokemuksen.<\/p>","protected":false},"excerpt":{"rendered":"Natural Hair Mousse Manufacturing Common Formulas 3TOP&#8217;s natural is committed to selecting safe, gentle, and effective plant-derived ingredients that do not contain silicone oil, synthetic fragrances, etc., to protect the health of hair and scalp while styling. The common formula of natural hair mousse incorporates a variety of plant active ingredients with repairing, nourishing, and [&hellip;]","protected":false},"featured_media":3464,"menu_order":0,"template":"","meta":[],"product-tag":[],"products":[165],"class_list":["post-3463","product","type-product","status-publish","has-post-thumbnail","hentry","products-hair-mousse"],"acf":[],"_links":{"self":[{"href":"https:\/\/www.ruiqigo.com\/fi\/wp-json\/wp\/v2\/product\/3463","targetHints":{"allow":["GET"]}}],"collection":[{"href":"https:\/\/www.ruiqigo.com\/fi\/wp-json\/wp\/v2\/product"}],"about":[{"href":"https:\/\/www.ruiqigo.com\/fi\/wp-json\/wp\/v2\/types\/product"}],"version-history":[{"count":0,"href":"https:\/\/www.ruiqigo.com\/fi\/wp-json\/wp\/v2\/product\/3463\/revisions"}],"wp:featuredmedia":[{"embeddable":true,"href":"https:\/\/www.ruiqigo.com\/fi\/wp-json\/wp\/v2\/media\/3464"}],"wp:attachment":[{"href":"https:\/\/www.ruiqigo.com\/fi\/wp-json\/wp\/v2\/media?parent=3463"}],"wp:term":[{"taxonomy":"product-tag","embeddable":true,"href":"https:\/\/www.ruiqigo.com\/fi\/wp-json\/wp\/v2\/product-tag?post=3463"},{"taxonomy":"products","embeddable":true,"href":"https:\/\/www.ruiqigo.com\/fi\/wp-json\/wp\/v2\/products?post=3463"}],"curies":[{"name":"wp","href":"https:\/\/api.w.org\/{rel}","templated":true}]}}