{"id":3468,"date":"2025-05-22T11:45:22","date_gmt":"2025-05-22T03:45:22","guid":{"rendered":"https:\/\/www.ruiqigo.com\/?post_type=product&#038;p=3468"},"modified":"2025-05-22T17:49:34","modified_gmt":"2025-05-22T09:49:34","slug":"lavender-laundry-detergent","status":"publish","type":"product","link":"https:\/\/www.ruiqigo.com\/fi\/product\/lavender-laundry-detergent","title":{"rendered":"Laventeli-pyykinpesuaine"},"content":{"rendered":"<h2 class=\"wp-block-heading\">Laventeli-pyykinpesuaineiden valmistuksen yleiset kaavat<\/h2>\n\n\n\n<p>Ammattimaisena pyykinpesuaineiden toimittajana valitsemme mietoja ja \u00e4rsytt\u00e4m\u00e4tt\u00f6mi\u00e4 pinta-aktiivisia aineita, luonnollisia kasvi\u00f6ljyj\u00e4 ja monitoimisia lis\u00e4aineita saavuttaaksemme kolme t\u00e4rkeint\u00e4 vaikutusta: tehokkaan puhdistuksen, v\u00e4rinsuojan ja pehmennyksen sek\u00e4 pitk\u00e4kestoisen tuoksun, jotka t\u00e4ytt\u00e4v\u00e4t k\u00e4ytt\u00e4jien pesutehon ja vaatteiden suojauksen kaksitahoiset tarpeet.<\/p>\n\n\n\n<p><strong>1. Laventelin eteerinen \u00f6ljy: <\/strong>Luonnollisesti uutetulla laventelin eteerisell\u00e4 \u00f6ljyll\u00e4 on aromaattisia ominaisuuksia, jotka rauhoittavat kehoa ja mielt\u00e4. Vaatteiden kuituihin imeytyess\u00e4\u00e4n se voi antaa pitk\u00e4kestoisen luonnollisen tuoksun, sill\u00e4 on tietty antibakteerinen vaikutus ja se parantaa vaatteiden puhtautta ja mukavuutta.<\/p>\n\n\n\n<p><strong>2. Luonnollinen entsyymikompleksi:<\/strong> Se hajottaa proteiini-, t\u00e4rkkelys- ja rasvatahroja biologisten entsyymien avulla. Se sopii erityisesti yleisen p\u00e4ivitt\u00e4isen lian, kuten hiki- ja ruokatahrojen, poistamiseen sek\u00e4 kankaiden toistuvan kitkan v\u00e4hent\u00e4miseen.<\/p>\n\n\n\n<p><strong>3. Kokamidopropyylibetaiini:<\/strong> Luonnollisesta kookos\u00f6ljyst\u00e4 johdettu, mieto ioniton pinta-aktiivinen aine, joka emulgoi tehokkaasti \u00f6ljytahroja ja parantaa puhdistustehoa. Samalla se on eritt\u00e4in hell\u00e4varainen iholle ja tekstiileille eik\u00e4 vahingoita vaatteita.<\/p>\n\n\n\n<p><strong>4. Natriumpolykarboksylaatti: <\/strong>T\u00e4m\u00e4 ainesosa voi pehment\u00e4\u00e4 vett\u00e4 ja est\u00e4\u00e4 kalsium- ja magnesiumionien kertymisen, est\u00e4\u00e4 vaatteiden kovettumisen, poistaa pesuj\u00e4\u00e4mi\u00e4 ja auttaa pident\u00e4m\u00e4\u00e4n vaatteiden k\u00e4ytt\u00f6ik\u00e4\u00e4.<\/p>\n\n\n\n<h2 class=\"wp-block-heading\">Laventeli-pyykinpesuaineen toiminnot<\/h2>\n\n\n\n<p>Laventeli-tyyppinen pyykinpesuaine on tullut asiakkaiden ensisijaiseksi valinnaksi monilla teollisuudenaloilla sen erinomaisen puhdistuskyvyn, hell\u00e4varaisen vaatteidenhoidon ja luonnollisen tuoksun ansiosta. Olipa kyseess\u00e4 sitten p\u00e4ivitt\u00e4inen kodin pyykinpesu ja hoito tai hotellien vuodevaatteiden puhdistus, t\u00e4m\u00e4 tuote t\u00e4ytt\u00e4\u00e4 erilaiset korkeat pesuvaatimukset eduillaan, kuten v\u00e4h\u00e4inen vaahtoaminen, helppo huuhtelu, turvallisuus ja ymp\u00e4rist\u00f6nsuojelu, ja se toteuttaa kolmitehoisen puhdistuksen, vaatteidenhoidon ja tuoksun.<\/p>\n\n\n\n<p><strong>1. Tehokas tahranpoisto: <\/strong>Laventeli-pyykinpesuaine k\u00e4ytt\u00e4\u00e4 tehokkaita tahranpoistoaineita, jotka tunkeutuvat syv\u00e4lle kuituihin ja hajottavat pinttyneit\u00e4 tahroja, kuten hikitahroja, \u00f6ljytahroja jne. Sill\u00e4 on erinomainen puhdistusteho ja se voi parantaa huomattavasti pesutehokkuutta.<\/p>\n\n\n\n<p><strong>2. V\u00e4h\u00e4vaahtoinen ja helppo huuhdella:<\/strong> Laventeli-tyyppisen pyykinpesuaineen v\u00e4h\u00e4vaahtoinen koostumus sopii kaikentyyppisille pesukoneille. Se vaahtoaa kohtalaisesti pesun aikana, ei j\u00e4t\u00e4 j\u00e4\u00e4mi\u00e4 ja on helpompi huuhdella, mik\u00e4 s\u00e4\u00e4st\u00e4\u00e4 tehokkaasti vett\u00e4 ja s\u00e4hk\u00f6\u00e4 ja parantaa kokonaisk\u00e4ytt\u00f6tehokkuutta.<\/p>\n\n\n\n<p><strong>3. Luonnollinen tuoksu:<\/strong> Luonnollinen laventelin tuoksu on raikas ja rauhoittava, ei pist\u00e4v\u00e4, ja vaatteilla on pitk\u00e4kestoinen tuoksu pesun j\u00e4lkeen. Se sopii \u00e4itien ja lasten hoitoon, vaatteiden pesuun ja muihin tilanteisiin.<\/p>\n\n\n\n<p><strong>4. Ymp\u00e4rist\u00f6yst\u00e4v\u00e4llinen ja ei-\u00e4rsytt\u00e4v\u00e4:<\/strong> Laventeli-pyykinpesuaine ei sis\u00e4ll\u00e4 haitallisia ainesosia, kuten fosforia ja fluoresoivia kirkasteita, ja se t\u00e4ytt\u00e4\u00e4 ymp\u00e4rist\u00f6yst\u00e4v\u00e4lliset pesu- ja hoitostandardit. Tuotetta on testattu iho\u00e4rsytyksen varalta, se on hypoallergeeninen ja mieto, ja se sopii herkk\u00e4ihoisten vaatteiden puhdistukseen.<\/p>\n\n\n\n<p><strong>5. Hell\u00e4varaisten vaatteiden hoito:<\/strong> Koostumukseen on lis\u00e4tty tekstiilien pehmennysaineita, jotka suojaavat vaatteiden kuituja tahrojen puhdistamisen aikana, pident\u00e4v\u00e4t vaatteiden k\u00e4ytt\u00f6ik\u00e4\u00e4 ja est\u00e4v\u00e4t haalistumista, muodonmuutoksia ja kutistumista.<\/p>\n\n\n\n<h2 class=\"wp-block-heading\">Laventeli-pyykinpesuaineen k\u00e4ytt\u00f6ohjeet<\/h2>\n\n\n\n<p><strong>1. Konepesu: <\/strong>Lis\u00e4\u00e4 sopiva m\u00e4\u00e4r\u00e4 pyykinpesuainetta pesukoneen kapasiteetin ja vaatteiden likaisuusasteen mukaan, yleens\u00e4 30\u201350 ml\/kerta. Voit kaataa aineen suoraan pyykinpesuainelokeroon tai sekoittaa sen veteen ennen k\u00e4ytt\u00f6\u00e4.<\/p>\n\n\n\n<p><strong>2. K\u00e4sienpesu: <\/strong>Lis\u00e4\u00e4 5\u201310 ml pyykinpesuainetta 1 litraan vett\u00e4, laimenna ja sekoita tasaisesti. Liota vaatteita 5 minuuttia, hankaa sitten varovasti ja huuhtele huolellisesti puhtaalla vedell\u00e4.<\/p>\n\n\n\n<p><strong>Suositus: <\/strong>Voidaan k\u00e4ytt\u00e4\u00e4 huuhteluaineen kanssa parantamaan kankaan pehmeytt\u00e4 ja tuoksun pysyvyytt\u00e4.<\/p>\n\n\n\n<h2 class=\"wp-block-heading\">Varoitus<\/h2>\n\n\n\n<p><strong>1. V\u00e4lt\u00e4 sekoittamista muiden pesuaineiden kanssa: <\/strong>Sekoittaminen muiden korkea-em\u00e4ksisten tai klooria sis\u00e4lt\u00e4vien puhdistusaineiden kanssa voi vaikuttaa pesutehoon tai aiheuttaa tarpeettomia kemiallisia reaktioita. On suositeltavaa k\u00e4ytt\u00e4\u00e4 t\u00e4t\u00e4 tuotetta yksin\u00e4\u00e4n.<\/p>\n\n\n\n<p><strong>2. \u00c4l\u00e4 kaada suoraan vaatteiden p\u00e4\u00e4lle: <\/strong>Est\u00e4\u00e4ksesi tiivistetyn pyykinpesuaineen j\u00e4tt\u00e4m\u00e4st\u00e4 tahroja vaatteiden pintaan, muista laimentaa se ennen k\u00e4ytt\u00f6\u00e4 tai levitt\u00e4\u00e4 se tasaisesti veteen ennen vaatteisiin lis\u00e4\u00e4mist\u00e4.<\/p>\n\n\n\n<p><strong>3. V\u00e4lt\u00e4 suoraa auringonvaloa: <\/strong>Sulje tuote ja s\u00e4ilyt\u00e4 sit\u00e4 viile\u00e4ss\u00e4 ja kuivassa paikassa, jotta ainesosat eiv\u00e4t pilaannu tai tuoksu haihtu.<\/p>\n\n\n\n<p><strong>4. Pid\u00e4 poissa lasten ulottuvilta:<\/strong> Est\u00e4\u00e4ksesi lasten vahingossa nielemisen tai aineen joutumisen silmiin, pid\u00e4 pullo poissa lasten ulottuvilta ja sulje korkki ajoissa k\u00e4yt\u00f6n j\u00e4lkeen.<\/p>\n\n\n\n<h2 class=\"wp-block-heading\">Johtop\u00e4\u00e4t\u00f6s<\/h2>\n\n\n\n<p>Laventeli-tyyppinen pyykinpesuaine on tehokas, syv\u00e4puhdistava ja luonnollisella tuoksulla varustettu pyykinpesuaine, jota k\u00e4ytet\u00e4\u00e4n laajalti jokap\u00e4iv\u00e4isiss\u00e4 vaatteissa, hotellien vuodevaatteissa ja muissa k\u00e4ytt\u00f6tilanteissa. Sen monien etujen, kuten hell\u00e4varaisen vaatteiden suojan ja tehokkaan puhdistuksen, ansiosta se t\u00e4ytt\u00e4\u00e4 k\u00e4ytt\u00e4jien tehokkaan ja turvallisen pesun tarpeet ja on ihanteellinen valinta niille, jotka arvostavat laatua ja syv\u00e4puhdistusta.<\/p>","protected":false},"excerpt":{"rendered":"Lavender Laundry Detergent Manufacturing Common Formulas As a professional laundry detergent supplier, we select mild and non-irritating surfactants, natural plant essential oils and multifunctional additives to achieve the three major effects of powerful cleaning, color protection and softening, and long-lasting fragrance, meeting users&#8217; dual needs for washing power and clothing protection. 1. Lavender essential oil: [&hellip;]","protected":false},"featured_media":3469,"menu_order":0,"template":"","meta":[],"product-tag":[],"products":[180],"class_list":["post-3468","product","type-product","status-publish","has-post-thumbnail","hentry","products-laundry-detergent"],"acf":[],"_links":{"self":[{"href":"https:\/\/www.ruiqigo.com\/fi\/wp-json\/wp\/v2\/product\/3468","targetHints":{"allow":["GET"]}}],"collection":[{"href":"https:\/\/www.ruiqigo.com\/fi\/wp-json\/wp\/v2\/product"}],"about":[{"href":"https:\/\/www.ruiqigo.com\/fi\/wp-json\/wp\/v2\/types\/product"}],"version-history":[{"count":0,"href":"https:\/\/www.ruiqigo.com\/fi\/wp-json\/wp\/v2\/product\/3468\/revisions"}],"wp:featuredmedia":[{"embeddable":true,"href":"https:\/\/www.ruiqigo.com\/fi\/wp-json\/wp\/v2\/media\/3469"}],"wp:attachment":[{"href":"https:\/\/www.ruiqigo.com\/fi\/wp-json\/wp\/v2\/media?parent=3468"}],"wp:term":[{"taxonomy":"product-tag","embeddable":true,"href":"https:\/\/www.ruiqigo.com\/fi\/wp-json\/wp\/v2\/product-tag?post=3468"},{"taxonomy":"products","embeddable":true,"href":"https:\/\/www.ruiqigo.com\/fi\/wp-json\/wp\/v2\/products?post=3468"}],"curies":[{"name":"wp","href":"https:\/\/api.w.org\/{rel}","templated":true}]}}