{"id":3474,"date":"2025-05-22T16:50:37","date_gmt":"2025-05-22T08:50:37","guid":{"rendered":"https:\/\/www.ruiqigo.com\/?post_type=product&#038;p=3474"},"modified":"2025-05-22T16:50:38","modified_gmt":"2025-05-22T08:50:38","slug":"foam-hand-soap","status":"publish","type":"product","link":"https:\/\/www.ruiqigo.com\/fi\/product\/foam-hand-soap","title":{"rendered":"Vaahtok\u00e4sisaippua"},"content":{"rendered":"<h2 class=\"wp-block-heading\">Vaahtok\u00e4sisaippuan valmistuksen yleiset kaavat<\/h2>\n\n\n\n<p>Vaahtok\u00e4sisaippuamme on valmistettu useista luonnollisista ja ihoyst\u00e4v\u00e4llisist\u00e4 ainesosista, kuten kokamidopropyylibetaiinista, luonnollisista kasviuutteista, glyseriinist\u00e4 jne. N\u00e4m\u00e4 ainesosat kosteuttavat tehokkaasti, pehment\u00e4v\u00e4t kynsinauhoja ja est\u00e4v\u00e4t k\u00e4sien kuivumista samalla, kun ne puhdistavat bakteereja ja rasvaa ihon pinnalta.<\/p>\n\n\n\n<p><strong>1. Kokamidopropyylibetaiini: <\/strong>T\u00e4m\u00e4 on mieto kookoksesta johdettu puhdistusaine, joka vaahtoaa runsaasti ja puhdistaa tehokkaasti, mutta \u00e4rsytt\u00e4\u00e4 ihoa v\u00e4h\u00e4n. Se poistaa tehokkaasti bakteereja k\u00e4sist\u00e4 vahingoittamatta ihon luonnollista suojakalvoa. My\u00f6s lapset ja herk\u00e4t ihmiset voivat koskea siihen.<\/p>\n\n\n\n<p><strong>2. Aloe vera -uute:<\/strong> Se on luonnollinen rauhoittava ja korjaava ainesosa, joka auttaa lievitt\u00e4m\u00e4\u00e4n k\u00e4sienpesun aiheuttamaa liev\u00e4\u00e4 \u00e4rsytyst\u00e4 ja on yst\u00e4v\u00e4llinen k\u00e4ytt\u00e4jille, jotka pesev\u00e4t k\u00e4si\u00e4\u00e4n usein.<\/p>\n\n\n\n<p><strong>3. Glyseriini:<\/strong> Klassisena kosteuttavana ainesosana glyseriini imee kosteutta ilmasta ja muodostaa suojaavan kalvon, joka est\u00e4\u00e4 kosteuden haihtumisen iholta. Siksi se voi kosteuttaa ihoa k\u00e4sien puhdistuksen aikana pit\u00e4en ihon pehme\u00e4n\u00e4 ja kire\u00e4n\u00e4.<\/p>\n\n\n\n<p><strong>4. Sitruunahappo: <\/strong>Se voi s\u00e4\u00e4t\u00e4\u00e4 vaahtok\u00e4sisaippuan pH-arvoa l\u00e4helle ihon happo-em\u00e4stasapainoa, auttaa yll\u00e4pit\u00e4m\u00e4\u00e4n ihon suojakerrosta ja v\u00e4hent\u00e4\u00e4 allergioita tai kuivaiho-ongelmia.<\/p>\n\n\n\n<h2 class=\"wp-block-heading\">Vaahtok\u00e4sisaippuan toiminnot<\/h2>\n\n\n\n<p><strong>1. Voimakas puhdistusteho, mutta v\u00e4h\u00e4inen \u00e4rsytys: <\/strong>Vaahtoavan k\u00e4sisaippuan koostumus yhdist\u00e4\u00e4 kasviper\u00e4iset pinta-aktiiviset aineet ja hell\u00e4varaisen happamuudens\u00e4\u00e4t\u00f6j\u00e4rjestelm\u00e4n ottaen huomioon tehokkaan puhdistuksen ja hell\u00e4varaisen ihonhoidon, eik\u00e4 useinkaan k\u00e4ytt\u00f6 vahingoita ihon suojakerrosta.<\/p>\n\n\n\n<p><strong>2. Helppo huuhdella, ei j\u00e4t\u00e4 j\u00e4\u00e4mi\u00e4: <\/strong>Koostumus on kevyt ja rasvaton, ja se voidaan pest\u00e4 puhtaaksi vedell\u00e4 ilman rasvaista j\u00e4\u00e4m\u00e4\u00e4, mik\u00e4 tarjoaa hyv\u00e4n k\u00e4ytt\u00f6kokemuksen.<\/p>\n\n\n\n<p><strong>3. Hieno ja runsas vaahto: <\/strong>Vaahtok\u00e4sisaippuassa on tehokas vaahtoava koostumus ja tarkka vaahtopumppu. Se tuottaa tihe\u00e4\u00e4 vaahtoa kevyell\u00e4 painalluksella, k\u00e4\u00e4rii lian nopeasti ja puhdistaa syv\u00e4lt\u00e4 parantaen k\u00e4ytt\u00f6kokemusta ja puhdistustehokkuutta.<\/p>\n\n\n\n<p><strong>4. Poistaa tehokkaasti yleisimm\u00e4t bakteerit: <\/strong>Vaahtok\u00e4sisaippua lis\u00e4\u00e4 useita turvallisia antibakteerisia ainesosia, jotka voivat v\u00e4hent\u00e4\u00e4 bakteerien kiinnittymisen riski\u00e4 ja poistaa yleisi\u00e4 bakteereja k\u00e4sien tahroja puhdistaessaan.<\/p>\n\n\n\n<p><strong>5. Raikas ja luonnollinen tuoksu: <\/strong>Tuoksuna k\u00e4ytet\u00e4\u00e4n valikoituja luonnollisia eteerisi\u00e4 \u00f6ljyj\u00e4, kuten sitrushedelmi\u00e4 ja laventelia, jotka tuovat miellytt\u00e4v\u00e4n ja ihoyst\u00e4v\u00e4llisen kokemuksen ja sopivat hajuherkille k\u00e4ytt\u00e4jille.<\/p>\n\n\n\n<h2 class=\"wp-block-heading\">Vaahtok\u00e4sisaippuan k\u00e4ytt\u00f6ohjeet<\/h2>\n\n\n\n<p>Vaahtoavan k\u00e4sisaippuan k\u00e4ytt\u00f6 on eritt\u00e4in yksinkertaista ja tehokasta. Sinun tarvitsee vain painaa, jotta saat kuplia puhdistuksen loppuun. Se sopii nopeaan siivoukseen.<\/p>\n\n\n\n<p><strong>1. Kastele k\u00e4tesi: <\/strong>Kostuta k\u00e4mmenesi nopeasti puhtaalla vedell\u00e4.<\/p>\n\n\n\n<p><strong>2. Paina pumpun p\u00e4\u00e4t\u00e4: <\/strong>Paina vaahtok\u00e4sisaippuaa 1\u20132 kertaa, jotta k\u00e4mmenellesi muodostuu paljon vaahtoa.<\/p>\n\n\n\n<p><strong>3. Hiero huolellisesti: <\/strong>Hiero k\u00e4si\u00e4si yli 20 sekunnin ajan puhdistaaksesi k\u00e4mmenen, k\u00e4densel\u00e4n ja sormien v\u00e4lit.<\/p>\n\n\n\n<p><strong>4. Huuhtele vedell\u00e4: <\/strong>Huuhtele vaahto huolellisesti puhtaalla vedell\u00e4 nopeasti.<\/p>\n\n\n\n<p><strong>5. Kuivaa k\u00e4tesi: <\/strong>Kuivaa k\u00e4tesi puhtaalla pyyhkeell\u00e4 tai talouspaperilla.<\/p>\n\n\n\n<h2 class=\"wp-block-heading\">Varoitus<\/h2>\n\n\n\n<p><strong>1. Sopii vaahtomuovipumpun p\u00e4\u00e4h\u00e4n: <\/strong>T\u00e4m\u00e4 tuote on vaahtoava k\u00e4sien desinfiointiaine. On suositeltavaa k\u00e4ytt\u00e4\u00e4 erityist\u00e4 vaahtopumppupulloa, jotta v\u00e4ltet\u00e4\u00e4n k\u00e4ytt\u00f6kokemuksen h\u00e4iriintyminen, koska tavallinen pumppupullo ei vaahtoa.<\/p>\n\n\n\n<p><strong>2. V\u00e4lt\u00e4 kosketusta silmiin:<\/strong> Jos ainetta joutuu vahingossa silmiin, huuhtele ne v\u00e4litt\u00f6m\u00e4sti runsaalla vedell\u00e4. Jos tilanne on vakava, hakeudu v\u00e4litt\u00f6m\u00e4sti l\u00e4\u00e4k\u00e4rin hoitoon.<\/p>\n\n\n\n<p><strong>3. V\u00e4lt\u00e4 suoraa auringonvaloa: <\/strong>S\u00e4ilyt\u00e4 t\u00e4t\u00e4 tuotetta viile\u00e4ss\u00e4 ja kuivassa paikassa, v\u00e4lt\u00e4 suoraa auringonvaloa, jotta vaahto ja ainesosien aktiivisuus s\u00e4ilyv\u00e4t.<\/p>\n\n\n\n<h2 class=\"wp-block-heading\">Johtop\u00e4\u00e4t\u00f6s<\/h2>\n\n\n\n<p>Vaahtosaippua on k\u00e4sienpuhdistusaine, joka yhdist\u00e4\u00e4 tehokkaan puhdistuksen hell\u00e4varaiseen ihonhoitoon. Olitpa sitten kotona tai usein k\u00e4ytetyiss\u00e4 julkisissa paikoissa, se voi tarjota erinomaisen puhdistuskokemuksen ja parantaa k\u00e4ytt\u00e4j\u00e4tyytyv\u00e4isyytt\u00e4.<\/p>","protected":false},"excerpt":{"rendered":"Foam Hand Soap Manufacturing Common Formulas Our foam hand soap selects a variety of natural and skin-friendly ingredients, such as cocamidopropyl betaine, natural plant extracts, glycerin, etc. These ingredients can effectively moisturize, soften cuticles, and prevent hands from drying out while cleaning bacteria and oil on the skin surface. 1. Cocamidopropyl Betaine: This is a [&hellip;]","protected":false},"featured_media":3475,"menu_order":0,"template":"","meta":[],"product-tag":[],"products":[181],"class_list":["post-3474","product","type-product","status-publish","has-post-thumbnail","hentry","products-hand-soap"],"acf":[],"_links":{"self":[{"href":"https:\/\/www.ruiqigo.com\/fi\/wp-json\/wp\/v2\/product\/3474","targetHints":{"allow":["GET"]}}],"collection":[{"href":"https:\/\/www.ruiqigo.com\/fi\/wp-json\/wp\/v2\/product"}],"about":[{"href":"https:\/\/www.ruiqigo.com\/fi\/wp-json\/wp\/v2\/types\/product"}],"version-history":[{"count":0,"href":"https:\/\/www.ruiqigo.com\/fi\/wp-json\/wp\/v2\/product\/3474\/revisions"}],"wp:featuredmedia":[{"embeddable":true,"href":"https:\/\/www.ruiqigo.com\/fi\/wp-json\/wp\/v2\/media\/3475"}],"wp:attachment":[{"href":"https:\/\/www.ruiqigo.com\/fi\/wp-json\/wp\/v2\/media?parent=3474"}],"wp:term":[{"taxonomy":"product-tag","embeddable":true,"href":"https:\/\/www.ruiqigo.com\/fi\/wp-json\/wp\/v2\/product-tag?post=3474"},{"taxonomy":"products","embeddable":true,"href":"https:\/\/www.ruiqigo.com\/fi\/wp-json\/wp\/v2\/products?post=3474"}],"curies":[{"name":"wp","href":"https:\/\/api.w.org\/{rel}","templated":true}]}}